{"id":45949,"date":"2021-09-28T07:38:11","date_gmt":"2021-09-28T07:38:11","guid":{"rendered":"https:\/\/www.ealixir.com\/a-ealixir-event-launch-oferece-as-empresas-uma-oportunidade-unica\/"},"modified":"2026-01-14T18:00:21","modified_gmt":"2026-01-14T18:00:21","slug":"event-launch","status":"publish","type":"page","link":"https:\/\/www.ealixir.com\/pt\/event-launch\/","title":{"rendered":"A Ealixir Event Launch oferece \u00e0s empresas uma oportunidade \u00fanica"},"content":{"rendered":"<p><img loading=\"lazy\" decoding=\"async\" width=\"326\" height=\"118\" src=\"https:\/\/www.ealixir.com\/wp-content\/uploads\/2021\/09\/events_white.svg\" \/>\t\t\t\t<\/p>\n<p>PROMOVEMOS OS SEUS EVENTOS EM TODO O MUNDO<br \/>\n\t\t\t\t\t\t\t\t\t\t\t\t\t\t\t\t\t\t\t\t\t\t\t\t\t\t\t\t\t\t\t\t\t\t\t\t\tCom a Ealixir Event Launch todos ir\u00e3o falar sobre o seu evento<\/p>\n<p><!-- \/row --><\/p>\n<p>COMO TRABALHAMOSA Ealixir Event Launch oferece \u00e0s empresas uma oportunidade \u00fanica de promover o seu evento \u00e0 escala internacional, garantindo a visibilidade em mais de 1200 jornais online em 30 pa\u00edses de todo o mundo.&nbsp;A Ealixir trabalha com jornalistas acreditados e especialistas em rela\u00e7\u00f5es p\u00fablicas que elaborar\u00e3o o plano editorial mais eficaz para promover o seu evento, seja o lan\u00e7amento de um novo produto, um anivers\u00e1rio importante ou a inaugura\u00e7\u00e3o de um novo escrit\u00f3rio e redigem artigos e comunicados de imprensa para circula\u00e7\u00e3o nos pa\u00edses alvo nos jornais mais conceituados.&nbsp;A Ealixir Event Launch \u00e9 a \u00fanica ag\u00eancia que garante conhecer antecipadamente o n\u00famero exacto de comunicados de imprensa que ser\u00e3o produzidos e assegurar uma resson\u00e2ncia medi\u00e1tica que se estender\u00e1 muito para al\u00e9m do evento.\t\t\t\t\t\t\t\t\t\t\t\t\t<\/p>\n<p>Recolhemos informa\u00e7\u00f5es sobre o evento e desenvolvemos um plano editorial dedicado<\/p>\n<p>Publicamos artigos e comunicados de imprensa nos jornais mais conceituados no per\u00edodo que antecede o evento<\/p>\n<p>Garantimos o posicionamento de SEO mais eficaz<\/p>\n<p>Gra\u00e7as \u00e0s liga\u00e7\u00f5es produzidas, criamos uma nuvem de reputa\u00e7\u00e3o positiva para o cliente, que durar\u00e1 mesmo ap\u00f3s o evento<\/p>\n<p><!-- \/row --><\/p>\n<p><a href=\"https:\/\/www.ealixir.com\/it\/contatti\/\"><br \/>\n\t\t\t\t\t\t\t\t\t\t\t\t\t\t\t\t\t\t\t\t\t\t\t\t\t\t\t\t\tCONTACTE-NOS PARA UMA COTA\u00c7\u00c3O\t\t\t\t\t\t\t\t\t\t\t\t\t\t\t\t\t\t\t\t\t\t\t\t\t\t\t\t\t<\/a><\/p>\n<p>Entre em contato conosco para receber informa\u00e7\u00f5es adicionais sobre nossos servi\u00e7os ou um or\u00e7amento personalizado.<br \/>\n\t\t\t\t\t\t\t\t\t\t\t\t\t\t\t\t\t\t\t\t\t\t\t\t\t\t\t\t\t\t\t\t\t\t\t\t\t<a href=\"https:\/\/www.ealixir.com\/it\/contatti\/\"><br \/>\n\t\t\t\t\t\t\t\t\t\t\t\t\t\tFALE CONOSCO\t\t\t\t\t\t\t\t\t\t\t\t\t<\/a><\/p>\n<p><!-- \/row --><\/p>\n<p>Other services\t\t\t\t\t\t\t\t<\/p>\n<p><a href=\"https:\/\/www.ealixir.com\/it\/removal\/\"><br \/>\n\t\t\t\t\t\t\t\t\t\t\t\t\t\t\t\t\t\t\t\t\t\t\t\t\t<img loading=\"lazy\" decoding=\"async\" width=\"326\" height=\"118\" src=\"https:\/\/www.ealixir.com\/wp-content\/uploads\/2019\/08\/removal_gradient.svg\" \/>\t\t\t\t\t\t\t\t\t\t\t\t\t\t\t\t\t\t\t\t\t\t\t\t\t<\/a><\/p>\n<p>Primeiros no mundo na elimina\u00e7\u00e3o de links negativos<\/p>\n<p><a href=\"https:\/\/www.ealixir.com\/it\/newsdelete\/\"><br \/>\n\t\t\t\t\t\t\t\t\t\t\t\t\t\t\t\t\t\t\t\t\t\t\t\t\t<img loading=\"lazy\" decoding=\"async\" width=\"326\" height=\"118\" src=\"https:\/\/www.ealixir.com\/wp-content\/uploads\/2019\/08\/newsdelete_gradient.svg\" \/>\t\t\t\t\t\t\t\t\t\t\t\t\t\t\t\t\t\t\t\t\t\t\t\t\t<\/a><\/p>\n<p>Todos t\u00eam direito a uma nova oportunidade<\/p>\n<p><a href=\"https:\/\/www.ealixir.com\/it\/story\/\"><br \/>\n\t\t\t\t\t\t\t\t\t\t\t\t\t\t\t\t\t\t\t\t\t\t\t\t\t<img loading=\"lazy\" decoding=\"async\" width=\"326\" height=\"118\" src=\"https:\/\/www.ealixir.com\/wp-content\/uploads\/2019\/08\/story_gradient.svg\" \/>\t\t\t\t\t\t\t\t\t\t\t\t\t\t\t\t\t\t\t\t\t\t\t\t\t<\/a><\/p>\n<p>Reescreva a sua hist\u00f3ria digital conosco<\/p>\n<p><a href=\"https:\/\/www.ealixir.com\/it\/webid\/\"><br \/>\n\t\t\t\t\t\t\t\t\t\t\t\t\t\t\t\t\t\t\t\t\t\t\t\t\t<img loading=\"lazy\" decoding=\"async\" width=\"326\" height=\"118\" src=\"https:\/\/www.ealixir.com\/wp-content\/uploads\/2019\/08\/webid_gradient.svg\" \/>\t\t\t\t\t\t\t\t\t\t\t\t\t\t\t\t\t\t\t\t\t\t\t\t\t<\/a><\/p>\n<p>Fazemos um check-up da sua imagem na internet<\/p>\n<p><a href=\"https:\/\/www.ealixir.com\/it\/analytics\/\"><br \/>\n\t\t\t\t\t\t\t\t\t\t\t\t\t\t\t\t\t\t\t\t\t\t\t\t\t<img loading=\"lazy\" decoding=\"async\" width=\"326\" height=\"118\" src=\"https:\/\/www.ealixir.com\/wp-content\/uploads\/2021\/07\/analytics-gradient-1.svg\" \/>\t\t\t\t\t\t\t\t\t\t\t\t\t\t\t\t\t\t\t\t\t\t\t\t\t<\/a><\/p>\n<p>Constru\u00edmos a estrat\u00e9gia de comunica\u00e7\u00e3o ou de neg\u00f3cios mais eficaz para si<\/p>\n<p><!-- \/row --><\/p>\n","protected":false},"excerpt":{"rendered":"<p class=\"excerpt\">PROMOVEMOS OS SEUS EVENTOS EM TODO O MUNDO Com a Ealixir Event Launch todos ir\u00e3o falar sobre o seu evento COMO TRABALHAMOSA Ealixir Event Launch oferece \u00e0s empresas uma oportunidade \u00fanica de promover o seu evento \u00e0 escala internacional, garantindo a visibilidade em mais de 1200 jornais online em 30 pa\u00edses de todo o mundo.&nbsp;A [&hellip;]<\/p>\n","protected":false},"author":24,"featured_media":0,"parent":0,"menu_order":0,"comment_status":"closed","ping_status":"closed","template":"builder.php","meta":{"footnotes":""},"class_list":["post-45949","page","type-page","status-publish","hentry"],"_links":{"self":[{"href":"https:\/\/www.ealixir.com\/pt\/wp-json\/wp\/v2\/pages\/45949","targetHints":{"allow":["GET"]}}],"collection":[{"href":"https:\/\/www.ealixir.com\/pt\/wp-json\/wp\/v2\/pages"}],"about":[{"href":"https:\/\/www.ealixir.com\/pt\/wp-json\/wp\/v2\/types\/page"}],"author":[{"embeddable":true,"href":"https:\/\/www.ealixir.com\/pt\/wp-json\/wp\/v2\/users\/24"}],"replies":[{"embeddable":true,"href":"https:\/\/www.ealixir.com\/pt\/wp-json\/wp\/v2\/comments?post=45949"}],"version-history":[{"count":268,"href":"https:\/\/www.ealixir.com\/pt\/wp-json\/wp\/v2\/pages\/45949\/revisions"}],"predecessor-version":[{"id":62348,"href":"https:\/\/www.ealixir.com\/pt\/wp-json\/wp\/v2\/pages\/45949\/revisions\/62348"}],"wp:attachment":[{"href":"https:\/\/www.ealixir.com\/pt\/wp-json\/wp\/v2\/media?parent=45949"}],"curies":[{"name":"wp","href":"https:\/\/api.w.org\/{rel}","templated":true}]}}