{"id":44958,"date":"2021-07-08T15:08:16","date_gmt":"2021-07-08T15:08:16","guid":{"rendered":"https:\/\/www.ealixir.com\/ealixir-analytics-collects-real-time-big-data\/"},"modified":"2026-01-14T18:00:22","modified_gmt":"2026-01-14T18:00:22","slug":"analytics","status":"publish","type":"page","link":"https:\/\/www.ealixir.com\/pt\/analytics\/","title":{"rendered":"A Ealixir Analytics recolhe em tempo real grandes dados"},"content":{"rendered":"<p><img loading=\"lazy\" decoding=\"async\" width=\"326\" height=\"118\" src=\"https:\/\/www.ealixir.com\/wp-content\/uploads\/2021\/07\/analytics-white-1.svg\" \/>\t\t\t\t<\/p>\n<p>CONSTRU\u00cdMOS A ESTRAT\u00c9GIA DE COMUNICA\u00c7\u00c3O OU DE NEG\u00d3CIOS MAIS EFICAZ PARA SI<br \/>\n\t\t\t\t\t\t\t\t\t\t\t\t\t\t\t\t\t\t\t\t\t\t\t\t\t\t\t\t\t\t\t\t\t\t\t\t\tDivulgamos na rede os conte\u00fados adequados ao seu objectivo<\/p>\n<p><!-- \/row --><\/p>\n<p>COMO TRABALHAMOSA Ealixir Analytics recolhe em tempo real grandes dados relativos a Estados, Institui\u00e7\u00f5es, partidos pol\u00edticos, candidatos e personalidades que trabalham nestas estruturas. Gra\u00e7as \u00e0 plataforma de escuta na Internet, monitorizamos mais de 90 milh\u00f5es de fontes e, com a ajuda dos algoritmos Ealixir, somos capazes de identificar tend\u00eancias de leitura do p\u00fablico, a fim de propor conte\u00fados e informa\u00e7\u00f5es de interesse. Atrav\u00e9s de uma an\u00e1lise detalhada do sentimento relacionado com os objectivos espec\u00edficos, identificamos oportunidades estrat\u00e9gicas e comerciais nos pa\u00edses alvo e propomos planos de comunica\u00e7\u00e3o de efic\u00e1cia absoluta.\t\t\t\t\t\t\t\t\t\t\t\t\t<\/p>\n<p>Recolhemos informa\u00e7\u00f5es sobre a rede relativamente aos objectivos indicados pelo cliente e elaboramos um relat\u00f3rio detalhado<\/p>\n<p>Realizamos an\u00e1lises de sentimentos para desenvolver a estrat\u00e9gia de comunica\u00e7\u00e3o correcta<\/p>\n<p>Produzimos conte\u00fados funcionais \u00e0 estrat\u00e9gia identificada e, gra\u00e7as aos algoritmos de Ealixir, divulgamo-los nos pa\u00edses-alvo<\/p>\n<p>Medimos o resultado obtido atrav\u00e9s de par\u00e2metros quantitativos<\/p>\n<p><!-- \/row --><\/p>\n<p><a href=\"https:\/\/www.ealixir.com\/it\/contatti\/\"><br \/>\n\t\t\t\t\t\t\t\t\t\t\t\t\t\t\t\t\t\t\t\t\t\t\t\t\t\t\t\t\tCONTACTE-NOS PARA UMA COTA\u00c7\u00c3O\t\t\t\t\t\t\t\t\t\t\t\t\t\t\t\t\t\t\t\t\t\t\t\t\t\t\t\t\t<\/a><\/p>\n<p>Entre em contato conosco para receber informa\u00e7\u00f5es adicionais sobre nossos servi\u00e7os ou um or\u00e7amento personalizado.<br \/>\n\t\t\t\t\t\t\t\t\t\t\t\t\t\t\t\t\t\t\t\t\t\t\t\t\t\t\t\t\t\t\t\t\t\t\t\t\t<a href=\"https:\/\/www.ealixir.com\/it\/contatti\/\"><br \/>\n\t\t\t\t\t\t\t\t\t\t\t\t\t\tFALE CONOSCO\t\t\t\t\t\t\t\t\t\t\t\t\t<\/a><\/p>\n<p><!-- \/row --><\/p>\n<p>Other services\t\t\t\t\t\t\t\t<\/p>\n<p><a href=\"https:\/\/www.ealixir.com\/it\/removal\/\"><br \/>\n\t\t\t\t\t\t\t\t\t\t\t\t\t\t\t\t\t\t\t\t\t\t\t\t\t<img loading=\"lazy\" decoding=\"async\" width=\"326\" height=\"118\" src=\"https:\/\/www.ealixir.com\/wp-content\/uploads\/2019\/08\/removal_gradient.svg\" \/>\t\t\t\t\t\t\t\t\t\t\t\t\t\t\t\t\t\t\t\t\t\t\t\t\t<\/a><\/p>\n<p>Primeiros no mundo na elimina\u00e7\u00e3o de links negativos<\/p>\n<p><a href=\"https:\/\/www.ealixir.com\/it\/newsdelete\/\"><br \/>\n\t\t\t\t\t\t\t\t\t\t\t\t\t\t\t\t\t\t\t\t\t\t\t\t\t<img loading=\"lazy\" decoding=\"async\" width=\"326\" height=\"118\" src=\"https:\/\/www.ealixir.com\/wp-content\/uploads\/2019\/08\/newsdelete_gradient.svg\" \/>\t\t\t\t\t\t\t\t\t\t\t\t\t\t\t\t\t\t\t\t\t\t\t\t\t<\/a><\/p>\n<p>Todos t\u00eam direito a uma nova oportunidade<\/p>\n<p><a href=\"https:\/\/www.ealixir.com\/it\/story\/\"><br \/>\n\t\t\t\t\t\t\t\t\t\t\t\t\t\t\t\t\t\t\t\t\t\t\t\t\t<img loading=\"lazy\" decoding=\"async\" width=\"326\" height=\"118\" src=\"https:\/\/www.ealixir.com\/wp-content\/uploads\/2019\/08\/story_gradient.svg\" \/>\t\t\t\t\t\t\t\t\t\t\t\t\t\t\t\t\t\t\t\t\t\t\t\t\t<\/a><\/p>\n<p>Reescreva a sua hist\u00f3ria digital conosco<\/p>\n<p><a href=\"https:\/\/www.ealixir.com\/it\/webid\/\"><br \/>\n\t\t\t\t\t\t\t\t\t\t\t\t\t\t\t\t\t\t\t\t\t\t\t\t\t<img loading=\"lazy\" decoding=\"async\" width=\"326\" height=\"118\" src=\"https:\/\/www.ealixir.com\/wp-content\/uploads\/2019\/08\/webid_gradient.svg\" \/>\t\t\t\t\t\t\t\t\t\t\t\t\t\t\t\t\t\t\t\t\t\t\t\t\t<\/a><\/p>\n<p>Fazemos um check-up da sua imagem na internet<\/p>\n<p><a href=\"https:\/\/www.ealixir.com\/it\/event-launch\/\"><br \/>\n\t\t\t\t\t\t\t\t\t\t\t\t\t\t\t\t\t\t\t\t\t\t\t\t\t<img decoding=\"async\" src=\"https:\/\/www.ealixir.com\/wp-content\/uploads\/2021\/09\/events_gradient.svg\" \/>\t\t\t\t\t\t\t\t\t\t\t\t\t\t\t\t\t\t\t\t\t\t\t\t\t<\/a><\/p>\n<p>Promovemos os seus eventos em todo o mundo<\/p>\n<p><!-- \/row --><\/p>\n","protected":false},"excerpt":{"rendered":"<p class=\"excerpt\">CONSTRU\u00cdMOS A ESTRAT\u00c9GIA DE COMUNICA\u00c7\u00c3O OU DE NEG\u00d3CIOS MAIS EFICAZ PARA SI Divulgamos na rede os conte\u00fados adequados ao seu objectivo COMO TRABALHAMOSA Ealixir Analytics recolhe em tempo real grandes dados relativos a Estados, Institui\u00e7\u00f5es, partidos pol\u00edticos, candidatos e personalidades que trabalham nestas estruturas. Gra\u00e7as \u00e0 plataforma de escuta na Internet, monitorizamos mais de 90 [&hellip;]<\/p>\n","protected":false},"author":24,"featured_media":0,"parent":0,"menu_order":0,"comment_status":"closed","ping_status":"closed","template":"builder.php","meta":{"footnotes":""},"class_list":["post-44958","page","type-page","status-publish","hentry"],"_links":{"self":[{"href":"https:\/\/www.ealixir.com\/pt\/wp-json\/wp\/v2\/pages\/44958","targetHints":{"allow":["GET"]}}],"collection":[{"href":"https:\/\/www.ealixir.com\/pt\/wp-json\/wp\/v2\/pages"}],"about":[{"href":"https:\/\/www.ealixir.com\/pt\/wp-json\/wp\/v2\/types\/page"}],"author":[{"embeddable":true,"href":"https:\/\/www.ealixir.com\/pt\/wp-json\/wp\/v2\/users\/24"}],"replies":[{"embeddable":true,"href":"https:\/\/www.ealixir.com\/pt\/wp-json\/wp\/v2\/comments?post=44958"}],"version-history":[{"count":300,"href":"https:\/\/www.ealixir.com\/pt\/wp-json\/wp\/v2\/pages\/44958\/revisions"}],"predecessor-version":[{"id":62353,"href":"https:\/\/www.ealixir.com\/pt\/wp-json\/wp\/v2\/pages\/44958\/revisions\/62353"}],"wp:attachment":[{"href":"https:\/\/www.ealixir.com\/pt\/wp-json\/wp\/v2\/media?parent=44958"}],"curies":[{"name":"wp","href":"https:\/\/api.w.org\/{rel}","templated":true}]}}