{"id":43155,"date":"2020-05-22T13:32:14","date_gmt":"2020-05-22T13:32:14","guid":{"rendered":"https:\/\/www.ealixir.com\/manifesto\/"},"modified":"2026-01-14T18:25:05","modified_gmt":"2026-01-14T18:25:05","slug":"manifesto","status":"publish","type":"page","link":"https:\/\/www.ealixir.com\/pt\/manifesto\/","title":{"rendered":"Mission"},"content":{"rendered":"<p><img loading=\"lazy\" decoding=\"async\" width=\"326\" height=\"118\" src=\"https:\/\/www.ealixir.com\/wp-content\/uploads\/2019\/08\/ealixir_gradient.svg\" \/>\t\t\t\t<\/p>\n<p>Miami, 17.05.2020<\/p>\n<p>Ealixir Inc. 1395 Brickell Ave Suite 800 Miami, FL 33131<\/p>\n<p><!-- \/row --><\/p>\n<p>ManifestoN\u00f3s n\u00e3o inovamos. N\u00f3s REVOLUCIONAMOS.As ideias revolucion\u00e1rias t\u00eam todas um ponto em comum: s\u00e3o simples.&nbsp;Todas as grandes ideias que fizeram as fortunas de Silicon Valley s\u00e3o ideias extremamente simples que visam satisfazer uma necessidade prim\u00e1ria das pessoas.&nbsp;A ideia por tr\u00e1s do Facebook \u00e9 estar em contacto com pessoas distantes. A ideia por tr\u00e1s do Instagram \u00e9 partilhar fotos.&nbsp;A ideia por tr\u00e1s da Uber \u00e9 dar \u00e0s pessoas a oportunidade de ter t\u00e1xis mais baratos e mais eficientes.&nbsp;A ideia por tr\u00e1s da AirBnB \u00e9 dar a oportunidade de ficar alojado no mundo inteiro de uma forma mais sugestiva do que num hotel.&nbsp;A ideia por tr\u00e1s da Ealixir Inc. \u00e9 dar \u00e0s pessoas a possibilidade de escolher os links que aparecem quando algu\u00e9m faz uma pesquisa no Google sobre elas.No mundo atual ningu\u00e9m quer saber do seu cart\u00e3o de visita: cinco minutos depois de o entregar, vai parar ao lixo. &nbsp;A \u00fanica coisa que conta quando se apresenta a algu\u00e9m s\u00e3o os primeiros dez links que aparecem quando essa pessoa insere o seu nome no Google.&nbsp;\u00c9 a chamada &#8220;economia da reputa\u00e7\u00e3o&#8221;: ningu\u00e9m tem tempo para verificar diretamente a tonelada de informa\u00e7\u00f5es a que estamos sujeitos todos os dias. Tem que confiar no que est\u00e1 na internet. &nbsp;\u00c9 por isso que muitas empresas desenvolvem web reputation e muitas empresas removem links.Mas nenhuma empresa do mundo consegue fazer o que Ealixir permite, que \u00e9 moldar \u00e0 sua pr\u00f3pria imagem e semelhan\u00e7a os links que aparecem no ecr\u00e3 de pesquisa do Google, apagando os indesejados e criando novos.A filosofia de Ealixir n\u00e3o \u00e9 uma filosofia inovadora: \u00e9 uma filosofia subversiva, porque subverte as regras em que a internet se tem baseado at\u00e9 agora.&nbsp;Antes do Ealixir, a pessoa aceitava o que o Google dizia sobre ela: n\u00e3o tinha como interferir.Com Ealixir, a pessoa decide o que o Google diz sobre ela.Na vida real, quando vamos a uma entrevista de emprego ou a um encontro, escolhemos o vestido, o casaco, o cal\u00e7ado com que nos apresentamos. &nbsp;Na Ealixir estamos convencidos de que as coisas devem funcionar da mesma forma na internet. &nbsp;Antes do Ealixir, era o Google que escolhia por n\u00f3s.Com o Ealixir, podemos escolher como nos apresentamos no Google. Um link de cada vez.A Revolu\u00e7\u00e3o Ealixir&nbsp;baseia-se em tr\u00eas pilares. Remover links obsoletos ou informa\u00e7\u00f5es falsas (fake news) sobre uma pessoa ou uma empresa (Ealixir Removal). Criar links positivos interessantes, em que se promove a pessoa e a sua atividade (Ealixir Story).&nbsp;A revolu\u00e7\u00e3o Ealixir \u00e9, portanto, uma revolu\u00e7\u00e3o baseada na liberdade: a liberdade de escolher o que a internet diz sobre n\u00f3s.Uma liberdade garantida, em paralelo, por um c\u00f3digo de \u00e9tica preciso: a Ealixir, por op\u00e7\u00e3o e n\u00e3o por obriga\u00e7\u00e3o legal, n\u00e3o trabalha com quem no passado cometeu crimes relacionados com drogas, associa\u00e7\u00e3o criminosa, viol\u00eancia contra mulheres ou menores ou pedofilia. Antes de trabalhar com um cliente, pedimos sempre um certificado criminal e certificamo-nos de que est\u00e1 limpo.&nbsp;Gra\u00e7as \u00e0 Ealixir, come\u00e7a uma nova era no uso e consumo da internet. A era da liberdade. A era em que as pessoas n\u00e3o se resignam ao que a web diz sobre elas, mas fazem a sua gest\u00e3o. &nbsp;A brand new life come\u00e7a agora.<\/p>\n<p><!-- \/row --><\/p>\n<p><img loading=\"lazy\" decoding=\"async\" width=\"3\" height=\"3\" src=\"https:\/\/www.ealixir.com\/wp-content\/uploads\/2020\/05\/sign.png\" \/>\t\t\t\t<\/p>\n<p><!-- \/row --><\/p>\n","protected":false},"excerpt":{"rendered":"<p class=\"excerpt\">Miami, 17.05.2020 Ealixir Inc. 1395 Brickell Ave Suite 800 Miami, FL 33131 ManifestoN\u00f3s n\u00e3o inovamos. N\u00f3s REVOLUCIONAMOS.As ideias revolucion\u00e1rias t\u00eam todas um ponto em comum: s\u00e3o simples.&nbsp;Todas as grandes ideias que fizeram as fortunas de Silicon Valley s\u00e3o ideias extremamente simples que visam satisfazer uma necessidade prim\u00e1ria das pessoas.&nbsp;A ideia por tr\u00e1s do Facebook \u00e9 [&hellip;]<\/p>\n","protected":false},"author":24,"featured_media":0,"parent":0,"menu_order":0,"comment_status":"closed","ping_status":"closed","template":"builder.php","meta":{"footnotes":""},"class_list":["post-43155","page","type-page","status-publish","hentry"],"_links":{"self":[{"href":"https:\/\/www.ealixir.com\/pt\/wp-json\/wp\/v2\/pages\/43155","targetHints":{"allow":["GET"]}}],"collection":[{"href":"https:\/\/www.ealixir.com\/pt\/wp-json\/wp\/v2\/pages"}],"about":[{"href":"https:\/\/www.ealixir.com\/pt\/wp-json\/wp\/v2\/types\/page"}],"author":[{"embeddable":true,"href":"https:\/\/www.ealixir.com\/pt\/wp-json\/wp\/v2\/users\/24"}],"replies":[{"embeddable":true,"href":"https:\/\/www.ealixir.com\/pt\/wp-json\/wp\/v2\/comments?post=43155"}],"version-history":[{"count":13,"href":"https:\/\/www.ealixir.com\/pt\/wp-json\/wp\/v2\/pages\/43155\/revisions"}],"predecessor-version":[{"id":62385,"href":"https:\/\/www.ealixir.com\/pt\/wp-json\/wp\/v2\/pages\/43155\/revisions\/62385"}],"wp:attachment":[{"href":"https:\/\/www.ealixir.com\/pt\/wp-json\/wp\/v2\/media?parent=43155"}],"curies":[{"name":"wp","href":"https:\/\/api.w.org\/{rel}","templated":true}]}}