{"id":37817,"date":"2020-02-05T15:37:18","date_gmt":"2020-02-05T15:37:18","guid":{"rendered":"https:\/\/www-2020.ealixir.com\/?page_id=37817"},"modified":"2026-01-14T18:00:28","modified_gmt":"2026-01-14T18:00:28","slug":"work-with-us","status":"publish","type":"page","link":"https:\/\/www.ealixir.com\/pt\/work-with-us\/","title":{"rendered":"Venha trabalhar connosco na Ealixir"},"content":{"rendered":"<p>Venha trabalhar na EalixirEalixir est\u00e1 em constante crescimento e encontra-se sempre \u00e0 procura de novos talentos. Coloque a sua experi\u00eancia e as suas habilidades em jogo e fa\u00e7a parte de uma realidade internacional, tecnol\u00f3gica, inovadora e em constante evolu\u00e7\u00e3o. Procure as nossas oportunidades de emprego e candidate-se imediatamente.\t\t\t\t\t\t\t\t\t\t\t\t\t<\/p>\n<p><!--Name and surname--><\/p>\n<p><!--E-mail--><\/p>\n<p><!--Role--><br \/>\n&#8212;Please choose an option&#8212;Sales Manager USASales Manager EuropaSales LATAM <\/p>\n<p><!--Area--><br \/>\n&#8212;Please choose an option&#8212; <\/p>\n<p><!--Message--><br \/>\nPrivacy policy*<br \/>\nI declare that i have read the <a href=\"\/privacy-policy\">privacy policy<\/a> and I authorize the treatment of my personal data for service prevision purposes and for the ful\ufb01lment of contractual and legal obligations<\/p>\n<p>I authorizeI do not authorize the treatment of my personal data for the transmission of informative or promotional communications via e-mail, newsletters, invitations to events from Ealixir.<\/p>\n","protected":false},"excerpt":{"rendered":"<p class=\"excerpt\">Venha trabalhar na EalixirEalixir est\u00e1 em constante crescimento e encontra-se sempre \u00e0 procura de novos talentos. Coloque a sua experi\u00eancia e as suas habilidades em jogo e fa\u00e7a parte de uma realidade internacional, tecnol\u00f3gica, inovadora e em constante evolu\u00e7\u00e3o. Procure as nossas oportunidades de emprego e candidate-se imediatamente. &#8212;Please choose an option&#8212;Sales Manager USASales Manager [&hellip;]<\/p>\n","protected":false},"author":24,"featured_media":0,"parent":0,"menu_order":0,"comment_status":"closed","ping_status":"closed","template":"builder.php","meta":{"footnotes":""},"class_list":["post-37817","page","type-page","status-publish","hentry"],"_links":{"self":[{"href":"https:\/\/www.ealixir.com\/pt\/wp-json\/wp\/v2\/pages\/37817","targetHints":{"allow":["GET"]}}],"collection":[{"href":"https:\/\/www.ealixir.com\/pt\/wp-json\/wp\/v2\/pages"}],"about":[{"href":"https:\/\/www.ealixir.com\/pt\/wp-json\/wp\/v2\/types\/page"}],"author":[{"embeddable":true,"href":"https:\/\/www.ealixir.com\/pt\/wp-json\/wp\/v2\/users\/24"}],"replies":[{"embeddable":true,"href":"https:\/\/www.ealixir.com\/pt\/wp-json\/wp\/v2\/comments?post=37817"}],"version-history":[{"count":47,"href":"https:\/\/www.ealixir.com\/pt\/wp-json\/wp\/v2\/pages\/37817\/revisions"}],"predecessor-version":[{"id":62312,"href":"https:\/\/www.ealixir.com\/pt\/wp-json\/wp\/v2\/pages\/37817\/revisions\/62312"}],"wp:attachment":[{"href":"https:\/\/www.ealixir.com\/pt\/wp-json\/wp\/v2\/media?parent=37817"}],"curies":[{"name":"wp","href":"https:\/\/api.w.org\/{rel}","templated":true}]}}