{"id":37712,"date":"2020-02-05T15:22:46","date_gmt":"2020-02-05T15:22:46","guid":{"rendered":"https:\/\/www-2020.ealixir.com\/?page_id=37712"},"modified":"2026-01-14T18:00:29","modified_gmt":"2026-01-14T18:00:29","slug":"foundation","status":"publish","type":"page","link":"https:\/\/www.ealixir.com\/pt\/foundation\/","title":{"rendered":"A Funda\u00e7\u00e3o Ealixir apaga v\u00eddeos ou imagens comprometedoras (casos de porno de vingan\u00e7a) online"},"content":{"rendered":"<p><img loading=\"lazy\" decoding=\"async\" width=\"283\" height=\"283\" src=\"https:\/\/www.ealixir.com\/wp-content\/uploads\/2019\/09\/foundation_gradient.svg\" \/>\t\t\t\t<\/p>\n<p>A Funda\u00e7\u00e3o Ealixir remove v\u00eddeos ou imagens comprometedoras onlineA Funda\u00e7\u00e3o Ealixir proporciona, de forma an\u00f3nima e gratuita, a sua pr\u00f3pria tecnologia e a sua equipa de profissionais altamente qualificados com o objetivo de eliminar conte\u00fado prejudicial da internet pela reputa\u00e7\u00e3o online e imagem social daqueles que n\u00e3o t\u00eam possibilidades econ\u00f3micas.&nbsp;A Funda\u00e7\u00e3o Ealixir elimina v\u00eddeos ou imagens comprometedoras (os chamados casos de Revenge Porn) presentes na web, cuja divulga\u00e7\u00e3o poderia causar s\u00e9rios inconvenientes ou terr\u00edveis consequ\u00eancias terr\u00edveis, incluindo o suic\u00eddio, como visto recentemente nas not\u00edcias.&nbsp;A Ealixir segue um rigoroso c\u00f3digo de \u00e9tica.<\/p>\n<p><!-- \/row --><\/p>\n<p>&nbsp;\t\t\t\t\t\t\t\t\t\t\t\t\t<\/p>\n","protected":false},"excerpt":{"rendered":"<p class=\"excerpt\">A Funda\u00e7\u00e3o Ealixir remove v\u00eddeos ou imagens comprometedoras onlineA Funda\u00e7\u00e3o Ealixir proporciona, de forma an\u00f3nima e gratuita, a sua pr\u00f3pria tecnologia e a sua equipa de profissionais altamente qualificados com o objetivo de eliminar conte\u00fado prejudicial da internet pela reputa\u00e7\u00e3o online e imagem social daqueles que n\u00e3o t\u00eam possibilidades econ\u00f3micas.&nbsp;A Funda\u00e7\u00e3o Ealixir elimina v\u00eddeos ou [&hellip;]<\/p>\n","protected":false},"author":24,"featured_media":0,"parent":0,"menu_order":0,"comment_status":"closed","ping_status":"closed","template":"builder.php","meta":{"footnotes":""},"class_list":["post-37712","page","type-page","status-publish","hentry"],"_links":{"self":[{"href":"https:\/\/www.ealixir.com\/pt\/wp-json\/wp\/v2\/pages\/37712","targetHints":{"allow":["GET"]}}],"collection":[{"href":"https:\/\/www.ealixir.com\/pt\/wp-json\/wp\/v2\/pages"}],"about":[{"href":"https:\/\/www.ealixir.com\/pt\/wp-json\/wp\/v2\/types\/page"}],"author":[{"embeddable":true,"href":"https:\/\/www.ealixir.com\/pt\/wp-json\/wp\/v2\/users\/24"}],"replies":[{"embeddable":true,"href":"https:\/\/www.ealixir.com\/pt\/wp-json\/wp\/v2\/comments?post=37712"}],"version-history":[{"count":7,"href":"https:\/\/www.ealixir.com\/pt\/wp-json\/wp\/v2\/pages\/37712\/revisions"}],"predecessor-version":[{"id":62369,"href":"https:\/\/www.ealixir.com\/pt\/wp-json\/wp\/v2\/pages\/37712\/revisions\/62369"}],"wp:attachment":[{"href":"https:\/\/www.ealixir.com\/pt\/wp-json\/wp\/v2\/media?parent=37712"}],"curies":[{"name":"wp","href":"https:\/\/api.w.org\/{rel}","templated":true}]}}