{"id":37683,"date":"2020-02-05T15:20:26","date_gmt":"2020-02-05T15:20:26","guid":{"rendered":"https:\/\/www-2020.ealixir.com\/?page_id=37683"},"modified":"2026-01-14T18:00:29","modified_gmt":"2026-01-14T18:00:29","slug":"story","status":"publish","type":"page","link":"https:\/\/www.ealixir.com\/pt\/story\/","title":{"rendered":"Ealixir Story &#8211; um servi\u00e7o de cobertura de imprensa e distribui\u00e7\u00e3o para os  clientes e os seus neg\u00f3cios em 30 pa\u00edses em todo o mundo"},"content":{"rendered":"<p><img loading=\"lazy\" decoding=\"async\" width=\"326\" height=\"118\" src=\"https:\/\/www.ealixir.com\/wp-content\/uploads\/2019\/08\/story_white.svg\" \/>\t\t\t\t<\/p>\n<p>REESCREVA A SUA HIST\u00d3RIA DIGITAL CONOSCO<br \/>\n\t\t\t\t\t\t\t\t\t\t\t\t\t\t\t\t\t\t\t\t\t\t\t\t\t\t\t\t\t\t\t\t\t\t\t\t\tConstruimos ou renovamos a sua imagen online<\/p>\n<p><!-- \/row --><\/p>\n<p>O servi\u00e7o de cobertura de imprensa e distribui\u00e7\u00e3oEalixir Story oferece ao cliente um servi\u00e7o \u00fanico: a possibilidade de escrever artigos que lhe interessam, garantindo a 100% a sua publica\u00e7\u00e3o em jornais em mais de 30 pa\u00edses. Ealixir conta com a colabora\u00e7\u00e3o de 500 jornalistas, localizados em todo o mundo, e tem acesso a publica\u00e7\u00f5es em 1200 jornais internacionais. Esta densa e importante rede de contatos permite \u00e0 Ealixir Story desenvolver planos editoriais personalizados e publicar dentro dos prazos estabelecidos o conte\u00fado acordado na reconhecida media internacional. A &#8220;hist\u00f3ria&#8221;, contada artigo por artigo, enfoca no perfil do cliente e no seu neg\u00f3cio e, gra\u00e7as \u00e0 quantidade e qualidade do conte\u00fado positivo e \u00e0 autoridade da media na qual \u00e9 transmitido, a sua reputa\u00e7\u00e3o na web ser\u00e1 s\u00f3lida e confi\u00e1vel.\t\t\t\t\t\t\t\t\t\t\t\t\t<\/p>\n<p>Coletamos as informa\u00e7\u00f5es necess\u00e1rias para desenvolver um plano editorial personalizado e definir objetivos e estrat\u00e9gias<\/p>\n<p>Identificamos os argumentos mais eficazes para melhor contar sua &#8220;hist\u00f3ria&#8221;, come\u00e7ando com uma entrevista, que ser\u00e1 o centro da narrativa que ser\u00e1 desenvolvida atrav\u00e9s da publica\u00e7\u00e3o dos artigos no per\u00edodo acordado<\/p>\n<p>Avaliamos as melhorias na sua reputa\u00e7\u00e3o online com a ajuda da plataforma de escuta na web do nosso servi\u00e7o WEBiD<\/p>\n<p><!-- \/row --><\/p>\n<p><a href=\"https:\/\/www.ealixir.com\/it\/contatti\/\"><br \/>\n\t\t\t\t\t\t\t\t\t\t\t\t\t\t\t\t\t\t\t\t\t\t\t\t\t\t\t\t\tCONTACTE-NOS PARA UMA COTA\u00c7\u00c3O\t\t\t\t\t\t\t\t\t\t\t\t\t\t\t\t\t\t\t\t\t\t\t\t\t\t\t\t\t<\/a><\/p>\n<p>Entre em contato conosco para receber informa\u00e7\u00f5es adicionais sobre nossos servi\u00e7os ou um or\u00e7amento personalizado.<br \/>\n\t\t\t\t\t\t\t\t\t\t\t\t\t\t\t\t\t\t\t\t\t\t\t\t\t\t\t\t\t\t\t\t\t\t\t\t\t<a href=\"https:\/\/www.ealixir.com\/it\/contatti\/\"><br \/>\n\t\t\t\t\t\t\t\t\t\t\t\t\t\tFALE CONOSCO\t\t\t\t\t\t\t\t\t\t\t\t\t<\/a><\/p>\n<p><!-- \/row --><\/p>\n<p>Other services\t\t\t\t\t\t\t\t<\/p>\n<p><a href=\"https:\/\/www.ealixir.com\/it\/removal\/\"><br \/>\n\t\t\t\t\t\t\t\t\t\t\t\t\t\t\t\t\t\t\t\t\t\t\t\t\t<img loading=\"lazy\" decoding=\"async\" width=\"326\" height=\"118\" src=\"https:\/\/www.ealixir.com\/wp-content\/uploads\/2019\/08\/removal_gradient.svg\" \/>\t\t\t\t\t\t\t\t\t\t\t\t\t\t\t\t\t\t\t\t\t\t\t\t\t<\/a><\/p>\n<p>Primeiros no mundo na elimina\u00e7\u00e3o de links negativos<\/p>\n<p><a href=\"https:\/\/www.ealixir.com\/it\/newsdelete\/\"><br \/>\n\t\t\t\t\t\t\t\t\t\t\t\t\t\t\t\t\t\t\t\t\t\t\t\t\t<img loading=\"lazy\" decoding=\"async\" width=\"326\" height=\"118\" src=\"https:\/\/www.ealixir.com\/wp-content\/uploads\/2019\/08\/newsdelete_gradient.svg\" \/>\t\t\t\t\t\t\t\t\t\t\t\t\t\t\t\t\t\t\t\t\t\t\t\t\t<\/a><\/p>\n<p>Todos t\u00eam direito a uma nova oportunidade<\/p>\n<p><a href=\"https:\/\/www.ealixir.com\/it\/webid\/\"><br \/>\n\t\t\t\t\t\t\t\t\t\t\t\t\t\t\t\t\t\t\t\t\t\t\t\t\t<img loading=\"lazy\" decoding=\"async\" width=\"326\" height=\"118\" src=\"https:\/\/www.ealixir.com\/wp-content\/uploads\/2019\/08\/webid_gradient.svg\" \/>\t\t\t\t\t\t\t\t\t\t\t\t\t\t\t\t\t\t\t\t\t\t\t\t\t<\/a><\/p>\n<p>Fazemos um check-up da sua imagem na internet<\/p>\n<p><a href=\"https:\/\/www.ealixir.com\/it\/analytics\/\"><br \/>\n\t\t\t\t\t\t\t\t\t\t\t\t\t\t\t\t\t\t\t\t\t\t\t\t\t<img loading=\"lazy\" decoding=\"async\" width=\"284\" height=\"99\" src=\"https:\/\/www.ealixir.com\/wp-content\/uploads\/2021\/07\/analytics-gradient-1.svg\" \/>\t\t\t\t\t\t\t\t\t\t\t\t\t\t\t\t\t\t\t\t\t\t\t\t\t<\/a><\/p>\n<p>Constru\u00edmos a estrat\u00e9gia de comunica\u00e7\u00e3o ou de neg\u00f3cios mais eficaz para si<\/p>\n<p><a href=\"https:\/\/www.ealixir.com\/it\/event-launch\/\"><br \/>\n\t\t\t\t\t\t\t\t\t\t\t\t\t\t\t\t\t\t\t\t\t\t\t\t\t<img decoding=\"async\" src=\"https:\/\/www.ealixir.com\/wp-content\/uploads\/2021\/09\/events_gradient.svg\" \/>\t\t\t\t\t\t\t\t\t\t\t\t\t\t\t\t\t\t\t\t\t\t\t\t\t<\/a><\/p>\n<p>Promovemos os seus eventos em todo o mundo<\/p>\n<p><!-- \/row --><\/p>\n","protected":false},"excerpt":{"rendered":"<p class=\"excerpt\">REESCREVA A SUA HIST\u00d3RIA DIGITAL CONOSCO Construimos ou renovamos a sua imagen online O servi\u00e7o de cobertura de imprensa e distribui\u00e7\u00e3oEalixir Story oferece ao cliente um servi\u00e7o \u00fanico: a possibilidade de escrever artigos que lhe interessam, garantindo a 100% a sua publica\u00e7\u00e3o em jornais em mais de 30 pa\u00edses. Ealixir conta com a colabora\u00e7\u00e3o de [&hellip;]<\/p>\n","protected":false},"author":24,"featured_media":0,"parent":0,"menu_order":0,"comment_status":"closed","ping_status":"closed","template":"builder.php","meta":{"footnotes":""},"class_list":["post-37683","page","type-page","status-publish","hentry"],"_links":{"self":[{"href":"https:\/\/www.ealixir.com\/pt\/wp-json\/wp\/v2\/pages\/37683","targetHints":{"allow":["GET"]}}],"collection":[{"href":"https:\/\/www.ealixir.com\/pt\/wp-json\/wp\/v2\/pages"}],"about":[{"href":"https:\/\/www.ealixir.com\/pt\/wp-json\/wp\/v2\/types\/page"}],"author":[{"embeddable":true,"href":"https:\/\/www.ealixir.com\/pt\/wp-json\/wp\/v2\/users\/24"}],"replies":[{"embeddable":true,"href":"https:\/\/www.ealixir.com\/pt\/wp-json\/wp\/v2\/comments?post=37683"}],"version-history":[{"count":311,"href":"https:\/\/www.ealixir.com\/pt\/wp-json\/wp\/v2\/pages\/37683\/revisions"}],"predecessor-version":[{"id":62370,"href":"https:\/\/www.ealixir.com\/pt\/wp-json\/wp\/v2\/pages\/37683\/revisions\/62370"}],"wp:attachment":[{"href":"https:\/\/www.ealixir.com\/pt\/wp-json\/wp\/v2\/media?parent=37683"}],"curies":[{"name":"wp","href":"https:\/\/api.w.org\/{rel}","templated":true}]}}