{"id":37655,"date":"2020-02-05T15:18:06","date_gmt":"2020-02-05T15:18:06","guid":{"rendered":"https:\/\/www-2020.ealixir.com\/?page_id=37655"},"modified":"2026-01-14T18:00:30","modified_gmt":"2026-01-14T18:00:30","slug":"webid","status":"publish","type":"page","link":"https:\/\/www.ealixir.com\/pt\/webid\/","title":{"rendered":"Ealixir Web iD &#8211; a sua identidade digital online analisada"},"content":{"rendered":"<p><img loading=\"lazy\" decoding=\"async\" width=\"326\" height=\"118\" src=\"https:\/\/www.ealixir.com\/wp-content\/uploads\/2019\/08\/webid_white.svg\" \/>\t\t\t\t<\/p>\n<p>FAZEMOS UM CHECK-UP DA SUA IMAGEM NA INTERNET<br \/>\n\t\t\t\t\t\t\t\t\t\t\t\t\t\t\t\t\t\t\t\t\t\t\t\t\t\t\t\t\t\t\t\t\t\t\t\t\tAnalisamos a sua identidade digital<\/p>\n<p><!-- \/row --><\/p>\n<p>A sua identidade de imagem digital online analisadaWEBiD elabora relat\u00f3rios detalhados sobre conte\u00fado e conversas presentes na internet relacionadas com indiv\u00edduos, marcas ou empresas. A an\u00e1lise proporcionada pelo WEBiD ajuda a entender o estado de uma identidade digital e a identificar as a\u00e7\u00f5es que ser\u00e3o realizadas para construir, melhorar ou modificar seu posicionamento. Gra\u00e7as \u00e0 nossa plataforma web, podemos monitorizar o conte\u00fado e as conversas em mais de 90 milh\u00f5es de fontes, mostrar os problemas cr\u00edticos conectados e propor a estrat\u00e9gia mais eficaz para alinhar a imagem real com a imagem na rede.\t\t\t\t\t\t\t\t\t\t\t\t\t<\/p>\n<p>Identificamos as informa\u00e7\u00f5es que lhe preocupa estarem difundidas nos motores de busca, na se\u00e7\u00e3o &#8220;Not\u00edcias&#8221; e na se\u00e7\u00e3o &#8220;Imagens&#8221;<\/p>\n<p>Analisamos as pesquisas sugeridas e as pesquisas relacionadas e examinamos os principais t\u00f3picos (T\u00f3pico Tend\u00eancia) das discuss\u00f5es relacionadas \u00e0 sua reputa\u00e7\u00e3o na Web<\/p>\n<p>Realizamos o sentiment analysis e extrapolamos, a partir do tom das informa\u00e7\u00f5es online, a perce\u00e7\u00e3o (positiva, negativa ou neutra) de sua presen\u00e7a na rede<\/p>\n<p>Identificamos o conte\u00fado prejudicial para a sua imagem, que deve ser eliminado da internet<\/p>\n<p>Localizamos as informa\u00e7\u00f5es prejudiciais presentes na internet e verificamos sua posi\u00e7\u00e3o demogr\u00e1fica<\/p>\n<p>Elaboramos um report tailor-made da sua identidade digital<\/p>\n<p><!-- \/row --><\/p>\n<p><a href=\"https:\/\/www.ealixir.com\/it\/contatti\/\"><br \/>\n\t\t\t\t\t\t\t\t\t\t\t\t\t\t\t\t\t\t\t\t\t\t\t\t\t\t\t\t\tCONTACTE-NOS PARA UMA COTA\u00c7\u00c3O\t\t\t\t\t\t\t\t\t\t\t\t\t\t\t\t\t\t\t\t\t\t\t\t\t\t\t\t\t<\/a><\/p>\n<p>Entre em contato conosco para receber informa\u00e7\u00f5es adicionais sobre nossos servi\u00e7os ou um or\u00e7amento personalizado.<br \/>\n\t\t\t\t\t\t\t\t\t\t\t\t\t\t\t\t\t\t\t\t\t\t\t\t\t\t\t\t\t\t\t\t\t\t\t\t\t<a href=\"https:\/\/www.ealixir.com\/it\/contatti\/\"><br \/>\n\t\t\t\t\t\t\t\t\t\t\t\t\t\tFALE CONOSCO\t\t\t\t\t\t\t\t\t\t\t\t\t<\/a><\/p>\n<p><!-- \/row --><\/p>\n<p>Other services\t\t\t\t\t\t\t\t<\/p>\n<p><a href=\"https:\/\/www.ealixir.com\/it\/removal\/\"><br \/>\n\t\t\t\t\t\t\t\t\t\t\t\t\t\t\t\t\t\t\t\t\t\t\t\t\t<img loading=\"lazy\" decoding=\"async\" width=\"326\" height=\"118\" src=\"https:\/\/www.ealixir.com\/wp-content\/uploads\/2019\/08\/removal_gradient.svg\" \/>\t\t\t\t\t\t\t\t\t\t\t\t\t\t\t\t\t\t\t\t\t\t\t\t\t<\/a><\/p>\n<p>Primeiros no mundo na elimina\u00e7\u00e3o de links negativos<\/p>\n<p><a href=\"https:\/\/www.ealixir.com\/it\/newsdelete\/\"><br \/>\n\t\t\t\t\t\t\t\t\t\t\t\t\t\t\t\t\t\t\t\t\t\t\t\t\t<img loading=\"lazy\" decoding=\"async\" width=\"326\" height=\"118\" src=\"https:\/\/www.ealixir.com\/wp-content\/uploads\/2019\/08\/newsdelete_gradient.svg\" \/>\t\t\t\t\t\t\t\t\t\t\t\t\t\t\t\t\t\t\t\t\t\t\t\t\t<\/a><\/p>\n<p>Todos t\u00eam direito a uma nova oportunidade<\/p>\n<p><a href=\"https:\/\/www.ealixir.com\/it\/story\/\"><br \/>\n\t\t\t\t\t\t\t\t\t\t\t\t\t\t\t\t\t\t\t\t\t\t\t\t\t<img loading=\"lazy\" decoding=\"async\" width=\"326\" height=\"118\" src=\"https:\/\/www.ealixir.com\/wp-content\/uploads\/2019\/08\/story_gradient.svg\" \/>\t\t\t\t\t\t\t\t\t\t\t\t\t\t\t\t\t\t\t\t\t\t\t\t\t<\/a><\/p>\n<p>Reescreva a sua hist\u00f3ria digital conosco<\/p>\n<p><a href=\"https:\/\/www.ealixir.com\/it\/analytics\/\"><br \/>\n\t\t\t\t\t\t\t\t\t\t\t\t\t\t\t\t\t\t\t\t\t\t\t\t\t<img loading=\"lazy\" decoding=\"async\" width=\"284\" height=\"99\" src=\"https:\/\/www.ealixir.com\/wp-content\/uploads\/2021\/07\/analytics-gradient-1.svg\" \/>\t\t\t\t\t\t\t\t\t\t\t\t\t\t\t\t\t\t\t\t\t\t\t\t\t<\/a><\/p>\n<p>Constru\u00edmos a estrat\u00e9gia de comunica\u00e7\u00e3o ou de neg\u00f3cios mais eficaz para si<\/p>\n<p><a href=\"https:\/\/www.ealixir.com\/it\/event-launch\/\"><br \/>\n\t\t\t\t\t\t\t\t\t\t\t\t\t\t\t\t\t\t\t\t\t\t\t\t\t<img decoding=\"async\" src=\"https:\/\/www.ealixir.com\/wp-content\/uploads\/2021\/09\/events_gradient.svg\" \/>\t\t\t\t\t\t\t\t\t\t\t\t\t\t\t\t\t\t\t\t\t\t\t\t\t<\/a><\/p>\n<p>Promovemos os seus eventos em todo o mundo<\/p>\n<p><!-- \/row --><\/p>\n","protected":false},"excerpt":{"rendered":"<p class=\"excerpt\">FAZEMOS UM CHECK-UP DA SUA IMAGEM NA INTERNET Analisamos a sua identidade digital A sua identidade de imagem digital online analisadaWEBiD elabora relat\u00f3rios detalhados sobre conte\u00fado e conversas presentes na internet relacionadas com indiv\u00edduos, marcas ou empresas. A an\u00e1lise proporcionada pelo WEBiD ajuda a entender o estado de uma identidade digital e a identificar as [&hellip;]<\/p>\n","protected":false},"author":24,"featured_media":0,"parent":0,"menu_order":0,"comment_status":"closed","ping_status":"closed","template":"builder.php","meta":{"footnotes":""},"class_list":["post-37655","page","type-page","status-publish","hentry"],"_links":{"self":[{"href":"https:\/\/www.ealixir.com\/pt\/wp-json\/wp\/v2\/pages\/37655","targetHints":{"allow":["GET"]}}],"collection":[{"href":"https:\/\/www.ealixir.com\/pt\/wp-json\/wp\/v2\/pages"}],"about":[{"href":"https:\/\/www.ealixir.com\/pt\/wp-json\/wp\/v2\/types\/page"}],"author":[{"embeddable":true,"href":"https:\/\/www.ealixir.com\/pt\/wp-json\/wp\/v2\/users\/24"}],"replies":[{"embeddable":true,"href":"https:\/\/www.ealixir.com\/pt\/wp-json\/wp\/v2\/comments?post=37655"}],"version-history":[{"count":305,"href":"https:\/\/www.ealixir.com\/pt\/wp-json\/wp\/v2\/pages\/37655\/revisions"}],"predecessor-version":[{"id":62371,"href":"https:\/\/www.ealixir.com\/pt\/wp-json\/wp\/v2\/pages\/37655\/revisions\/62371"}],"wp:attachment":[{"href":"https:\/\/www.ealixir.com\/pt\/wp-json\/wp\/v2\/media?parent=37655"}],"curies":[{"name":"wp","href":"https:\/\/api.w.org\/{rel}","templated":true}]}}