{"id":37627,"date":"2020-02-05T15:15:06","date_gmt":"2020-02-05T15:15:06","guid":{"rendered":"https:\/\/www-2020.ealixir.com\/?page_id=37627"},"modified":"2026-01-14T18:00:30","modified_gmt":"2026-01-14T18:00:30","slug":"newsdelete","status":"publish","type":"page","link":"https:\/\/www.ealixir.com\/pt\/newsdelete\/","title":{"rendered":"Newsdelete \u00e9 um l\u00edder mundial na solu\u00e7\u00e3o de problemas relativos \u00e0 reputa\u00e7\u00e3o da empresa"},"content":{"rendered":"<p><img loading=\"lazy\" decoding=\"async\" width=\"326\" height=\"118\" src=\"https:\/\/www.ealixir.com\/wp-content\/uploads\/2019\/08\/newsdelete_white.svg\" \/>\t\t\t\t<\/p>\n<p>TODOS T\u00caM DIREITO A UMA NOVA OPORTUNIDADE<br \/>\n\t\t\t\t\t\t\t\t\t\t\t\t\t\t\t\t\t\t\t\t\t\t\t\t\t\t\t\t\t\t\t\t\t\t\t\t\tCome\u00e7e o seu neg\u00f3cio novamente<\/p>\n<p><!-- \/row --><\/p>\n<p>O l\u00edder mundial na solu\u00e7\u00e3o de problemas relacionados com a reputa\u00e7\u00e3o financeiraNewsdelete \u00e9 l\u00edder mundial na solu\u00e7\u00e3o de problemas relacionados com reputa\u00e7\u00e3o financeira.&nbsp;Gra\u00e7as \u00e0 experi\u00eancia comprovada adquirida no setor, o Newsdelete pode identificar rapidamente os conte\u00fados online presentes na Black List (listas com valor internacional que identificam o risco financeiro de indiv\u00edduos, organiza\u00e7\u00f5es e empresas) e eliminar os dados prejudiciais dos motores de pesquisa.&nbsp;As a\u00e7\u00f5es realizadas pela Newsdelete s\u00e3o inspiradas nos valores nos quais acreditamos: respeito pelos clientes e pelos regulamentos atuais, efici\u00eancia e efic\u00e1cia na execu\u00e7\u00e3o, integridade moral, confidencialidade e prote\u00e7\u00e3o de dados sens\u00edveis.\t\t\t\t\t\t\t\t\t\t\t\t\t<\/p>\n<p>Analisamos a sua reputa\u00e7\u00e3o financeira online, identificamos os conte\u00fados negativos que podem prejudicar o seu neg\u00f3cio e garantimos a m\u00e1xima discri\u00e7\u00e3o e confidencialidade<\/p>\n<p>Identificamos os dados presentes nos sistemas de informa\u00e7\u00f5es de cr\u00e9dito, utilizados pelos bancos p\u00fablicos e privados, destacamos as informa\u00e7\u00f5es prejudiciais e propomos solu\u00e7\u00f5es apropriadas e eficazes<\/p>\n<p>Investigamos a presen\u00e7a de relat\u00f3rios na Black List (os bancos de dados internacionais que identificam as pessoas e as empresas indicadas pela sua falta de fiabilidade financeira). Verificamos a fiabilidade das fontes e cancelamos ou negociamos a modifica\u00e7\u00e3o dos presentes relat\u00f3rios<\/p>\n<p><!-- \/row --><\/p>\n<p><a href=\"https:\/\/www.ealixir.com\/it\/contatti\/\"><br \/>\n\t\t\t\t\t\t\t\t\t\t\t\t\t\t\t\t\t\t\t\t\t\t\t\t\t\t\t\t\tCONTACTE-NOS PARA UMA COTA\u00c7\u00c3O\t\t\t\t\t\t\t\t\t\t\t\t\t\t\t\t\t\t\t\t\t\t\t\t\t\t\t\t\t<\/a><\/p>\n<p>Entre em contato conosco para receber informa\u00e7\u00f5es adicionais sobre nossos servi\u00e7os ou um or\u00e7amento personalizado.<br \/>\n\t\t\t\t\t\t\t\t\t\t\t\t\t\t\t\t\t\t\t\t\t\t\t\t\t\t\t\t\t\t\t\t\t\t\t\t\t<a href=\"https:\/\/www.ealixir.com\/it\/contatti\/\"><br \/>\n\t\t\t\t\t\t\t\t\t\t\t\t\t\tFALE CONOSCO\t\t\t\t\t\t\t\t\t\t\t\t\t<\/a><\/p>\n<p><!-- \/row --><\/p>\n<p>Other services\t\t\t\t\t\t\t\t<\/p>\n<p><a href=\"https:\/\/www.ealixir.com\/it\/removal\/\"><br \/>\n\t\t\t\t\t\t\t\t\t\t\t\t\t\t\t\t\t\t\t\t\t\t\t\t\t<img loading=\"lazy\" decoding=\"async\" width=\"326\" height=\"118\" src=\"https:\/\/www.ealixir.com\/wp-content\/uploads\/2019\/08\/removal_gradient.svg\" \/>\t\t\t\t\t\t\t\t\t\t\t\t\t\t\t\t\t\t\t\t\t\t\t\t\t<\/a><\/p>\n<p>Primeiros no mundo na elimina\u00e7\u00e3o de links negativos<\/p>\n<p><a href=\"https:\/\/www.ealixir.com\/it\/webid\/\"><br \/>\n\t\t\t\t\t\t\t\t\t\t\t\t\t\t\t\t\t\t\t\t\t\t\t\t\t<img loading=\"lazy\" decoding=\"async\" width=\"326\" height=\"118\" src=\"https:\/\/www.ealixir.com\/wp-content\/uploads\/2019\/08\/webid_gradient.svg\" \/>\t\t\t\t\t\t\t\t\t\t\t\t\t\t\t\t\t\t\t\t\t\t\t\t\t<\/a><\/p>\n<p>Fazemos um check-up da sua imagem na internet<\/p>\n<p><a href=\"https:\/\/www.ealixir.com\/it\/story\/\"><br \/>\n\t\t\t\t\t\t\t\t\t\t\t\t\t\t\t\t\t\t\t\t\t\t\t\t\t<img loading=\"lazy\" decoding=\"async\" width=\"326\" height=\"118\" src=\"https:\/\/www.ealixir.com\/wp-content\/uploads\/2019\/08\/story_gradient.svg\" \/>\t\t\t\t\t\t\t\t\t\t\t\t\t\t\t\t\t\t\t\t\t\t\t\t\t<\/a><\/p>\n<p>Reescreva a sua hist\u00f3ria digital conosco<\/p>\n<p><a href=\"https:\/\/www.ealixir.com\/it\/analytics\/\"><br \/>\n\t\t\t\t\t\t\t\t\t\t\t\t\t\t\t\t\t\t\t\t\t\t\t\t\t<img loading=\"lazy\" decoding=\"async\" width=\"284\" height=\"99\" src=\"https:\/\/www.ealixir.com\/wp-content\/uploads\/2021\/07\/analytics-gradient-1.svg\" \/>\t\t\t\t\t\t\t\t\t\t\t\t\t\t\t\t\t\t\t\t\t\t\t\t\t<\/a><\/p>\n<p>Constru\u00edmos a estrat\u00e9gia de comunica\u00e7\u00e3o ou de neg\u00f3cios mais eficaz para si<\/p>\n<p><a href=\"https:\/\/www.ealixir.com\/it\/event-launch\/\"><br \/>\n\t\t\t\t\t\t\t\t\t\t\t\t\t\t\t\t\t\t\t\t\t\t\t\t\t<img decoding=\"async\" src=\"https:\/\/www.ealixir.com\/wp-content\/uploads\/2021\/09\/events_gradient.svg\" \/>\t\t\t\t\t\t\t\t\t\t\t\t\t\t\t\t\t\t\t\t\t\t\t\t\t<\/a><\/p>\n<p>Promovemos os seus eventos em todo o mundo<\/p>\n<p><!-- \/row --><\/p>\n","protected":false},"excerpt":{"rendered":"<p class=\"excerpt\">TODOS T\u00caM DIREITO A UMA NOVA OPORTUNIDADE Come\u00e7e o seu neg\u00f3cio novamente O l\u00edder mundial na solu\u00e7\u00e3o de problemas relacionados com a reputa\u00e7\u00e3o financeiraNewsdelete \u00e9 l\u00edder mundial na solu\u00e7\u00e3o de problemas relacionados com reputa\u00e7\u00e3o financeira.&nbsp;Gra\u00e7as \u00e0 experi\u00eancia comprovada adquirida no setor, o Newsdelete pode identificar rapidamente os conte\u00fados online presentes na Black List (listas com [&hellip;]<\/p>\n","protected":false},"author":24,"featured_media":0,"parent":0,"menu_order":0,"comment_status":"closed","ping_status":"closed","template":"builder.php","meta":{"footnotes":""},"class_list":["post-37627","page","type-page","status-publish","hentry"],"_links":{"self":[{"href":"https:\/\/www.ealixir.com\/pt\/wp-json\/wp\/v2\/pages\/37627","targetHints":{"allow":["GET"]}}],"collection":[{"href":"https:\/\/www.ealixir.com\/pt\/wp-json\/wp\/v2\/pages"}],"about":[{"href":"https:\/\/www.ealixir.com\/pt\/wp-json\/wp\/v2\/types\/page"}],"author":[{"embeddable":true,"href":"https:\/\/www.ealixir.com\/pt\/wp-json\/wp\/v2\/users\/24"}],"replies":[{"embeddable":true,"href":"https:\/\/www.ealixir.com\/pt\/wp-json\/wp\/v2\/comments?post=37627"}],"version-history":[{"count":753,"href":"https:\/\/www.ealixir.com\/pt\/wp-json\/wp\/v2\/pages\/37627\/revisions"}],"predecessor-version":[{"id":62372,"href":"https:\/\/www.ealixir.com\/pt\/wp-json\/wp\/v2\/pages\/37627\/revisions\/62372"}],"wp:attachment":[{"href":"https:\/\/www.ealixir.com\/pt\/wp-json\/wp\/v2\/media?parent=37627"}],"curies":[{"name":"wp","href":"https:\/\/api.w.org\/{rel}","templated":true}]}}