{"id":37600,"date":"2020-02-05T15:11:44","date_gmt":"2020-02-05T15:11:44","guid":{"rendered":"https:\/\/www-2020.ealixir.com\/?page_id=37600"},"modified":"2026-01-14T18:00:31","modified_gmt":"2026-01-14T18:00:31","slug":"removal","status":"publish","type":"page","link":"https:\/\/www.ealixir.com\/pt\/removal\/","title":{"rendered":"Ealixir Removal protege a reputa\u00e7\u00e3o online dos indiv\u00edduos e companhias removendo not\u00edcias negativas na web"},"content":{"rendered":"<p><img loading=\"lazy\" decoding=\"async\" width=\"326\" height=\"118\" src=\"https:\/\/www.ealixir.com\/wp-content\/uploads\/2019\/08\/removal_white.svg\" \/>\t\t\t\t<\/p>\n<p>PRIMEIROS NO MUNDONA ELIMINA\u00c7\u00c3O DE LINKS NEGATIVOS<br \/>\n\t\t\t\t\t\t\t\t\t\t\t\t\t\t\t\t\t\t\t\t\t\t\t\t\t\t\t\t\t\t\t\t\t\t\t\t\tDamos-lhe a si ou \u00e0 sua empresa a oportunidade de come\u00e7ar de novo<\/p>\n<p><!-- \/row --><\/p>\n<p>L\u00cdDERES MUNDIAIS NA REMO\u00c7\u00c3O DE LINKS NEGATIVOSEalixir Removal protege a reputa\u00e7\u00e3o na internet de indiv\u00edduos y empresas protegendo o Direito ao Esquecimento* atrav\u00e9s da elimina\u00e7\u00e3o das not\u00edcias negativas na web. Gra\u00e7as a uma plataforma tecnol\u00f3gica inovadora, os profissionais da Ealixir eliminam informa\u00e7\u00f5es incorretas que comprometem a credibilidade de seus clientes. Atrav\u00e9s de uma investiga\u00e7\u00e3o exaustiva, a equipa da Ealixir identifica o conte\u00fado nocivo, analisa-o e prossegue para a sua elimina\u00e7\u00e3o definitiva. Com a f\u00f3rmula &#8220;satisfeito ou reembolsado&#8220;, Ealixir Removal garante resultados efetivos e a oportunidade de um novo come\u00e7o.&nbsp;*Nos pa\u00edses onde o Direito ao esquecimento n\u00e3o est\u00e1 presente, usamos os regulamentos de prote\u00e7\u00e3o de dados e privacidade.\t\t\t\t\t\t\t\t\t\t\t\t\t<\/p>\n<p>Pesquisa de informa\u00e7\u00e3o<br \/>\n\t\t\t\t\t\t\t\t\t\t\t\t\t\t\t\t\t\t\t\t\t\t\t\t\t\t\t\t\t\t\t\t\t\t\t\t\tIdentificamos, mediante solicita\u00e7\u00e3o, o conte\u00fado da internet que lhe diz respeito<\/p>\n<p>Criar um relat\u00f3rio<br \/>\n\t\t\t\t\t\t\t\t\t\t\t\t\t\t\t\t\t\t\t\t\t\t\t\t\t\t\t\t\t\t\t\t\t\t\t\t\tAnalisamos o conte\u00fado encontrado em conjunto e identificamos as informa\u00e7\u00f5es que s\u00e3o prejudiciais \u00e0 sua reputa\u00e7\u00e3o online.<\/p>\n<p>Identifica\u00e7\u00e3o dos links<br \/>\n\t\t\t\t\t\t\t\t\t\t\t\t\t\t\t\t\t\t\t\t\t\t\t\t\t\t\t\t\t\t\t\t\t\t\t\t\tIdentificamos as p\u00e1ginas nas quais o conte\u00fado negativo que ser\u00e1 exclu\u00eddo \u00e9 publicado<\/p>\n<p>Elimina\u00e7\u00e3o de links<br \/>\n\t\t\t\t\t\t\t\t\t\t\t\t\t\t\t\t\t\t\t\t\t\t\t\t\t\t\t\t\t\t\t\t\t\t\t\t\tEntramos em contato com os respons\u00e1veis das publica\u00e7\u00f5es prejudiciais e ativamos a solicita\u00e7\u00e3o de remo\u00e7\u00e3o<\/p>\n<p>Monitoramento em tempo real<br \/>\n\t\t\t\t\t\t\t\t\t\t\t\t\t\t\t\t\t\t\t\t\t\t\t\t\t\t\t\t\t\t\t\t\t\t\t\t\tCom a Ealixir, voc\u00ea tem a possibilidade de monitorizar o progresso em tempo real<\/p>\n<p>Resultado final<br \/>\n\t\t\t\t\t\t\t\t\t\t\t\t\t\t\t\t\t\t\t\t\t\t\t\t\t\t\t\t\t\t\t\t\t\t\t\t\tO conte\u00fado prejudicial \u00e0 sua reputa\u00e7\u00e3o \u00e9 exclu\u00eddo permanentemente<\/p>\n<p><!-- \/row --><\/p>\n<p><a href=\"https:\/\/www.ealixir.com\/it\/contatti\/\"><br \/>\n\t\t\t\t\t\t\t\t\t\t\t\t\t\t\t\t\t\t\t\t\t\t\t\t\t\t\t\t\tCONTACTE-NOS PARA UMA COTA\u00c7\u00c3O\t\t\t\t\t\t\t\t\t\t\t\t\t\t\t\t\t\t\t\t\t\t\t\t\t\t\t\t\t<\/a><\/p>\n<p>Entre em contato conosco para receber informa\u00e7\u00f5es adicionais sobre nossos servi\u00e7os ou um or\u00e7amento personalizado.<br \/>\n\t\t\t\t\t\t\t\t\t\t\t\t\t\t\t\t\t\t\t\t\t\t\t\t\t\t\t\t\t\t\t\t\t\t\t\t\t<a href=\"https:\/\/www.ealixir.com\/it\/contatti\/\"><br \/>\n\t\t\t\t\t\t\t\t\t\t\t\t\t\tFALE CONOSCO\t\t\t\t\t\t\t\t\t\t\t\t\t<\/a><\/p>\n<p><!-- \/row --><\/p>\n<p>Other services\t\t\t\t\t\t\t\t<\/p>\n<p><a href=\"https:\/\/www.ealixir.com\/it\/newsdelete\/\"><br \/>\n\t\t\t\t\t\t\t\t\t\t\t\t\t\t\t\t\t\t\t\t\t\t\t\t\t<img loading=\"lazy\" decoding=\"async\" width=\"326\" height=\"118\" src=\"https:\/\/www.ealixir.com\/wp-content\/uploads\/2019\/08\/newsdelete_gradient.svg\" \/>\t\t\t\t\t\t\t\t\t\t\t\t\t\t\t\t\t\t\t\t\t\t\t\t\t<\/a><\/p>\n<p>Todos t\u00eam direito a uma nova oportunidade<\/p>\n<p><a href=\"https:\/\/www.ealixir.com\/it\/webid\/\"><br \/>\n\t\t\t\t\t\t\t\t\t\t\t\t\t\t\t\t\t\t\t\t\t\t\t\t\t<img loading=\"lazy\" decoding=\"async\" width=\"326\" height=\"118\" src=\"https:\/\/www.ealixir.com\/wp-content\/uploads\/2019\/08\/webid_gradient.svg\" \/>\t\t\t\t\t\t\t\t\t\t\t\t\t\t\t\t\t\t\t\t\t\t\t\t\t<\/a><\/p>\n<p>Fazemos um check-up da sua imagem na internet<\/p>\n<p><a href=\"https:\/\/www.ealixir.com\/it\/story\/\"><br \/>\n\t\t\t\t\t\t\t\t\t\t\t\t\t\t\t\t\t\t\t\t\t\t\t\t\t<img loading=\"lazy\" decoding=\"async\" width=\"326\" height=\"118\" src=\"https:\/\/www.ealixir.com\/wp-content\/uploads\/2019\/08\/story_gradient.svg\" \/>\t\t\t\t\t\t\t\t\t\t\t\t\t\t\t\t\t\t\t\t\t\t\t\t\t<\/a><\/p>\n<p>Reescreva a sua hist\u00f3ria digital conosco<\/p>\n<p><a href=\"https:\/\/www.ealixir.com\/it\/analytics\/\"><br \/>\n\t\t\t\t\t\t\t\t\t\t\t\t\t\t\t\t\t\t\t\t\t\t\t\t\t<img loading=\"lazy\" decoding=\"async\" width=\"284\" height=\"99\" src=\"https:\/\/www.ealixir.com\/wp-content\/uploads\/2021\/07\/analytics-gradient-1.svg\" \/>\t\t\t\t\t\t\t\t\t\t\t\t\t\t\t\t\t\t\t\t\t\t\t\t\t<\/a><\/p>\n<p>Constru\u00edmos a estrat\u00e9gia de comunica\u00e7\u00e3o ou de neg\u00f3cios mais eficaz para si<\/p>\n<p><a href=\"https:\/\/www.ealixir.com\/it\/event-launch\/\"><br \/>\n\t\t\t\t\t\t\t\t\t\t\t\t\t\t\t\t\t\t\t\t\t\t\t\t\t<img decoding=\"async\" src=\"https:\/\/www.ealixir.com\/wp-content\/uploads\/2021\/09\/events_gradient.svg\" \/>\t\t\t\t\t\t\t\t\t\t\t\t\t\t\t\t\t\t\t\t\t\t\t\t\t<\/a><\/p>\n<p>Promovemos os seus eventos em todo o mundo<\/p>\n<p><!-- \/row --><\/p>\n","protected":false},"excerpt":{"rendered":"<p class=\"excerpt\">PRIMEIROS NO MUNDONA ELIMINA\u00c7\u00c3O DE LINKS NEGATIVOS Damos-lhe a si ou \u00e0 sua empresa a oportunidade de come\u00e7ar de novo L\u00cdDERES MUNDIAIS NA REMO\u00c7\u00c3O DE LINKS NEGATIVOSEalixir Removal protege a reputa\u00e7\u00e3o na internet de indiv\u00edduos y empresas protegendo o Direito ao Esquecimento* atrav\u00e9s da elimina\u00e7\u00e3o das not\u00edcias negativas na web. Gra\u00e7as a uma plataforma tecnol\u00f3gica [&hellip;]<\/p>\n","protected":false},"author":24,"featured_media":0,"parent":0,"menu_order":0,"comment_status":"closed","ping_status":"closed","template":"builder.php","meta":{"footnotes":""},"class_list":["post-37600","page","type-page","status-publish","hentry"],"_links":{"self":[{"href":"https:\/\/www.ealixir.com\/pt\/wp-json\/wp\/v2\/pages\/37600","targetHints":{"allow":["GET"]}}],"collection":[{"href":"https:\/\/www.ealixir.com\/pt\/wp-json\/wp\/v2\/pages"}],"about":[{"href":"https:\/\/www.ealixir.com\/pt\/wp-json\/wp\/v2\/types\/page"}],"author":[{"embeddable":true,"href":"https:\/\/www.ealixir.com\/pt\/wp-json\/wp\/v2\/users\/24"}],"replies":[{"embeddable":true,"href":"https:\/\/www.ealixir.com\/pt\/wp-json\/wp\/v2\/comments?post=37600"}],"version-history":[{"count":282,"href":"https:\/\/www.ealixir.com\/pt\/wp-json\/wp\/v2\/pages\/37600\/revisions"}],"predecessor-version":[{"id":62373,"href":"https:\/\/www.ealixir.com\/pt\/wp-json\/wp\/v2\/pages\/37600\/revisions\/62373"}],"wp:attachment":[{"href":"https:\/\/www.ealixir.com\/pt\/wp-json\/wp\/v2\/media?parent=37600"}],"curies":[{"name":"wp","href":"https:\/\/api.w.org\/{rel}","templated":true}]}}