{"id":33748,"date":"2019-08-06T08:34:49","date_gmt":"2019-08-06T08:34:49","guid":{"rendered":"https:\/\/www-ealixir-com-due-hosting.sq.biz\/home\/"},"modified":"2022-03-29T10:19:57","modified_gmt":"2022-03-29T10:19:57","slug":"home","status":"publish","type":"page","link":"https:\/\/www.ealixir.com\/pt\/","title":{"rendered":"Rejeitar links e remover conte\u00fado online negativo"},"content":{"rendered":"<p><!-- Start video bg area --><\/p>\n<p><!-- End video bg area --><\/p>\n<p><!-- End apptech bg video--><\/p>\n<p><!-- Start slider button --><\/p>\n<p>&nbsp;<\/p>\n<p>Watch full video<\/p>\n<p>&nbsp;<\/p>\n<p><!-- End Slider Button --><\/p>\n<p><!-- .container --><br \/>\n<!-- .overlay --><\/p>\n<p><a href=\"#our-services\">\u00a0<\/a><\/p>\n<p>&nbsp;<\/p>\n<p>Os nossos servi\u00e7os<br \/>\nDescubra o que n\u00f3s fazemos.<\/p>\n<p><a href=\"https:\/\/www.ealixir.com\/pt\/removal\/\"><br \/>\n<img decoding=\"async\" src=\"https:\/\/www-2020.ealixir.com\/wp-content\/uploads\/2019\/08\/removal_gradient.svg\" width=\"326.64\" height=\"118\" \/> <\/a><\/p>\n<p>Primeiros no mundo na elimina\u00e7\u00e3o de links negativos<\/p>\n<p><a href=\"https:\/\/www.ealixir.com\/pt\/newsdelete\/\"><br \/>\n<img decoding=\"async\" src=\"https:\/\/www-2020.ealixir.com\/wp-content\/uploads\/2019\/08\/newsdelete_gradient.svg\" width=\"326.64\" height=\"118\" \/> <\/a><\/p>\n<p>Todos t\u00eam direito a uma nova oportunidade<\/p>\n<p><a href=\"https:\/\/www.ealixir.com\/pt\/webid\/\"><br \/>\n<img decoding=\"async\" src=\"https:\/\/www-2020.ealixir.com\/wp-content\/uploads\/2019\/08\/webid_gradient.svg\" width=\"326.64\" height=\"118\" \/> <\/a><\/p>\n<p>Fazemos um check-up da sua imagem na internet<\/p>\n<p><a href=\"https:\/\/www.ealixir.com\/pt\/story\/\"><br \/>\n<img decoding=\"async\" src=\"https:\/\/www-2020.ealixir.com\/wp-content\/uploads\/2019\/08\/story_gradient.svg\" width=\"326.64\" height=\"118\" \/> <\/a><\/p>\n<p>Reescreva a sua hist\u00f3ria digital conosco<\/p>\n<p><!-- \/row --><\/p>\n<p><a href=\"https:\/\/www.ealixir.com\/pt\/contactar\/\"><br \/>\nCONTACTE-NOS PARA UMA COTA\u00c7\u00c3O <\/a><\/p>\n<p>Entre em contato conosco para receber informa\u00e7\u00f5es adicionais sobre nossos servi\u00e7os ou um or\u00e7amento personalizado.<br \/>\n<a href=\"https:\/\/www.ealixir.com\/pt\/contactar\/\"><br \/>\nFALE CONOSCO <\/a><\/p>\n<p><!-- \/row --><\/p>\n<p><img decoding=\"async\" src=\"https:\/\/www-2020.ealixir.com\/wp-content\/uploads\/2019\/09\/foundation_gradient.svg\" width=\"283.46\" height=\"283.46\" \/><\/p>\n<p>A Funda\u00e7\u00e3o Ealixir proporciona, de forma an\u00f3nima e gratuita, a sua pr\u00f3pria tecnologia e a sua equipa de profissionais altamente qualificados com o objetivo de eliminar conte\u00fado prejudicial da internet pela reputa\u00e7\u00e3o online e imagem social daqueles que n\u00e3o t\u00eam possibilidades econ\u00f3micas.\u00a0A Funda\u00e7\u00e3o Ealixir elimina v\u00eddeos ou imagens comprometedoras (os chamados casos de Revenge Porn) presentes na web, cuja divulga\u00e7\u00e3o poderia causar s\u00e9rios inconvenientes ou terr\u00edveis consequ\u00eancias terr\u00edveis, incluindo o suic\u00eddio, como visto recentemente nas not\u00edcias.\u00a0A Ealixir segue um rigoroso c\u00f3digo de \u00e9tica.<\/p>\n<p><!-- \/row --><\/p>\n<p><!-- Swiper --><\/p>\n<p><a href=\"https:\/\/www.ealixir.com\/2019\/06\/18\/tik-tok-and-the-dangers-of-cyberbullying-and-child-luring\/\"><img loading=\"lazy\" decoding=\"async\" src=\"https:\/\/www-2020.ealixir.com\/wp-content\/uploads\/2019\/10\/TikTok_Cyberbullying.jpg\" width=\"3071\" height=\"3071\" \/><\/a><a href=\"https:\/\/www.ealixir.com\/2019\/06\/18\/tik-tok-and-the-dangers-of-cyberbullying-and-child-luring\/\">TIK TOK and the dangers of cyberbullying and child luring<\/a>2019\/06\/18<a href=\"https:\/\/www-2020.ealixir.com\/pt\/category\/news-pt-pt\/\">News<\/a>Unknown to many parents and teachers,\u00a0TIK TOK\u00a0is an app developed in China&#8230;<a href=\"https:\/\/www.ealixir.com\/2019\/06\/18\/tik-tok-and-the-dangers-of-cyberbullying-and-child-luring\/\">Read more.<\/a><a href=\"https:\/\/www.ealixir.com\/2019\/05\/28\/gaming-disorder-officially-recognized-as-disease-by-world-health-organization\/\"><img loading=\"lazy\" decoding=\"async\" src=\"https:\/\/www-2020.ealixir.com\/wp-content\/uploads\/2019\/12\/gaming-girl-kids.jpg\" width=\"768\" height=\"512\" \/><\/a><a href=\"https:\/\/www.ealixir.com\/2019\/05\/28\/gaming-disorder-officially-recognized-as-disease-by-world-health-organization\/\">Gaming disorder officially recognized as disease by World Health Organization<\/a>2019\/05\/28<a href=\"https:\/\/www-2020.ealixir.com\/pt\/category\/news-pt-pt\/\">News<\/a>The 194 members of the World Health Organization have recognised \u2018gaming disorder\u2019&#8230;<a href=\"https:\/\/www.ealixir.com\/2019\/05\/28\/gaming-disorder-officially-recognized-as-disease-by-world-health-organization\/\">Read more.<\/a><a href=\"https:\/\/www.ealixir.com\/2019\/05\/22\/google-collects-all-the-data-about-our-online-purchases-through-gmail\/\"><img loading=\"lazy\" decoding=\"async\" src=\"https:\/\/www-2020.ealixir.com\/wp-content\/uploads\/2019\/10\/google-purchse.jpg\" width=\"5342\" height=\"3561\" \/><\/a><a href=\"https:\/\/www.ealixir.com\/2019\/05\/22\/google-collects-all-the-data-about-our-online-purchases-through-gmail\/\">Google collects all the data about our online purchases through Gmail<\/a>2019\/05\/22<a href=\"https:\/\/www-2020.ealixir.com\/pt\/category\/news-pt-pt\/\">News<\/a>Google\u00a0declares that it\u2019s not using this information, but many customer ignored even&#8230;<a href=\"https:\/\/www.ealixir.com\/2019\/05\/22\/google-collects-all-the-data-about-our-online-purchases-through-gmail\/\">Read more.<\/a><a href=\"https:\/\/www.ealixir.com\/2019\/05\/09\/cam-card-arrives-on-the-market-the-first-card-that-allows-to-pay-with-likes\/\"><img loading=\"lazy\" decoding=\"async\" src=\"https:\/\/www-2020.ealixir.com\/wp-content\/uploads\/2019\/10\/cam-919436.jpg\" width=\"5435\" height=\"3898\" \/><\/a><a href=\"https:\/\/www.ealixir.com\/2019\/05\/09\/cam-card-arrives-on-the-market-the-first-card-that-allows-to-pay-with-likes\/\">Cam card arrives on the market: the first card that allows to pay with \u201clikes\u201d<\/a>2019\/05\/09<a href=\"https:\/\/www-2020.ealixir.com\/pt\/category\/news-pt-pt\/\">News<\/a>Earning money with likes is no longer a dystopic reality as in&#8230;<a href=\"https:\/\/www.ealixir.com\/2019\/05\/09\/cam-card-arrives-on-the-market-the-first-card-that-allows-to-pay-with-likes\/\">Read more.<\/a><br \/>\n<!-- Swiper JS --> <!-- Swiper JS --><\/p>\n<p><!-- \/row --><\/p>\n<p><a href=\"https:\/\/www.ealixir.com\/pt\/foundation\/\"><br \/>\nVER TUDO <\/a><\/p>\n","protected":false},"excerpt":{"rendered":"<p class=\"excerpt\">&nbsp; Watch full video &nbsp; \u00a0 &nbsp; Os nossos servi\u00e7os Descubra o que n\u00f3s fazemos. Primeiros no mundo na elimina\u00e7\u00e3o de links negativos Todos t\u00eam direito a uma nova oportunidade Fazemos um check-up da sua imagem na internet Reescreva a sua hist\u00f3ria digital conosco CONTACTE-NOS PARA UMA COTA\u00c7\u00c3O Entre em contato conosco para receber informa\u00e7\u00f5es [&hellip;]<\/p>\n","protected":false},"author":24,"featured_media":0,"parent":0,"menu_order":0,"comment_status":"closed","ping_status":"closed","template":"builder.php","meta":{"footnotes":""},"class_list":["post-33748","page","type-page","status-publish","hentry"],"_links":{"self":[{"href":"https:\/\/www.ealixir.com\/pt\/wp-json\/wp\/v2\/pages\/33748","targetHints":{"allow":["GET"]}}],"collection":[{"href":"https:\/\/www.ealixir.com\/pt\/wp-json\/wp\/v2\/pages"}],"about":[{"href":"https:\/\/www.ealixir.com\/pt\/wp-json\/wp\/v2\/types\/page"}],"author":[{"embeddable":true,"href":"https:\/\/www.ealixir.com\/pt\/wp-json\/wp\/v2\/users\/24"}],"replies":[{"embeddable":true,"href":"https:\/\/www.ealixir.com\/pt\/wp-json\/wp\/v2\/comments?post=33748"}],"version-history":[{"count":12,"href":"https:\/\/www.ealixir.com\/pt\/wp-json\/wp\/v2\/pages\/33748\/revisions"}],"predecessor-version":[{"id":47063,"href":"https:\/\/www.ealixir.com\/pt\/wp-json\/wp\/v2\/pages\/33748\/revisions\/47063"}],"wp:attachment":[{"href":"https:\/\/www.ealixir.com\/pt\/wp-json\/wp\/v2\/media?parent=33748"}],"curies":[{"name":"wp","href":"https:\/\/api.w.org\/{rel}","templated":true}]}}