{"id":48707,"date":"2023-11-23T00:16:53","date_gmt":"2023-11-23T00:16:53","guid":{"rendered":"https:\/\/www.ealixir.com\/test\/"},"modified":"2026-01-14T18:00:19","modified_gmt":"2026-01-14T18:00:19","slug":"monitoraggio","status":"publish","type":"page","link":"https:\/\/www.ealixir.com\/it\/monitoraggio\/","title":{"rendered":"Monitoraggio"},"content":{"rendered":"<p>EALIXIR MONITORING<br \/>\n\t\t\t\t\t\t\t\t\t\t\t\t\t\t\t\t\t\t\t\t\t\tIn un mondo sempre pi\u00f9 connesso, i link dannosi possono rappresentare una minaccia significativa per la tuaimmagine. Il nostro servizio di monitoraggio avanzato \u00e8 progettato per identificare e mitigare rapidamente questi linkavversi, salvaguardando l&#8217;integrit\u00e0 della tua identit\u00e0. Riafferma la tua autorit\u00e0 sulla tua presenza digitale e coltivaun&#8217;immagine positiva che risuoni con gli stakerholder. Non permettere a elementi online avversi di ostacolare il tuosuccesso: opta per la nostra soluzione e rafforza la tua reputazione con una sicurezza inossidabile.\t\t\t\t\t\t\t\t\t\t\t\t\t<\/p>\n<p><!-- XSMALL --><\/p>\n<p><a href=\"https:\/\/www.ealixir.com\/it\/monitoraggio\/selection-page-xsmall-ita\/\"><\/p>\n<p><img decoding=\"async\" src=\"https:\/\/www.ealixir.com\/wp-content\/uploads\/2024\/03\/xsmall-ita-1.3.png\"><\/p>\n<p><img decoding=\"async\" src=\"https:\/\/www.ealixir.com\/wp-content\/uploads\/2024\/03\/xsmall-selected-ita-1.6-1.png\"><\/p>\n<p><\/a><\/p>\n<p><!-- SMALL --><\/p>\n<p><a href=\"https:\/\/www.ealixir.com\/it\/monitoraggio\/selection-page-small-ita\/\"> <\/p>\n<p><img decoding=\"async\" src=\"https:\/\/www.ealixir.com\/wp-content\/uploads\/2024\/03\/small-ita-1.png\"><\/p>\n<p><img decoding=\"async\" src=\"https:\/\/www.ealixir.com\/wp-content\/uploads\/2024\/03\/small-ita-1.3.png\"><\/p>\n<p><\/a><\/p>\n<p><!-- MEDIUM --><\/p>\n<p><a href=\"https:\/\/www.ealixir.com\/it\/monitoraggio\/selection-page-medium-ita\/\"><\/p>\n<p><img decoding=\"async\" src=\"https:\/\/www.ealixir.com\/wp-content\/uploads\/2024\/03\/medium-ita-1.png\"><\/p>\n<p><img decoding=\"async\" src=\"https:\/\/www.ealixir.com\/wp-content\/uploads\/2024\/03\/medium-ita-1.3.png\"><\/p>\n<p><\/a><\/p>\n<p><!-- Large --><\/p>\n<p><a href=\"https:\/\/www.ealixir.com\/it\/monitoraggio\/selection-page-large-ita\/\"><\/p>\n<p><img decoding=\"async\" src=\"https:\/\/www.ealixir.com\/wp-content\/uploads\/2024\/03\/large-pack-ita-1.2.png\"><\/p>\n<p><img decoding=\"async\" src=\"https:\/\/www.ealixir.com\/wp-content\/uploads\/2024\/03\/large-ita-1.3.png\"><\/p>\n<p><\/a><\/p>\n<p><!-- XLARGE --><\/p>\n<p><a href=\"https:\/\/www.ealixir.com\/it\/monitoraggio\/selection-page-xlarge-ita\/\"> <\/p>\n<p><img decoding=\"async\" src=\"https:\/\/www.ealixir.com\/wp-content\/uploads\/2024\/03\/xlarge-ita-1.png\"><\/p>\n<p><img decoding=\"async\" src=\"https:\/\/www.ealixir.com\/wp-content\/uploads\/2024\/03\/xlarge-ita-1.3.png\"><\/p>\n<p><\/a><\/p>\n","protected":false},"excerpt":{"rendered":"<p class=\"excerpt\">EALIXIR MONITORING In un mondo sempre pi\u00f9 connesso, i link dannosi possono rappresentare una minaccia significativa per la tuaimmagine. Il nostro servizio di monitoraggio avanzato \u00e8 progettato per identificare e mitigare rapidamente questi linkavversi, salvaguardando l&#8217;integrit\u00e0 della tua identit\u00e0. Riafferma la tua autorit\u00e0 sulla tua presenza digitale e coltivaun&#8217;immagine positiva che risuoni con gli stakerholder. [&hellip;]<\/p>\n","protected":false},"author":24,"featured_media":0,"parent":0,"menu_order":0,"comment_status":"closed","ping_status":"closed","template":"builder.php","meta":{"footnotes":""},"class_list":["post-48707","page","type-page","status-publish","hentry"],"_links":{"self":[{"href":"https:\/\/www.ealixir.com\/it\/wp-json\/wp\/v2\/pages\/48707","targetHints":{"allow":["GET"]}}],"collection":[{"href":"https:\/\/www.ealixir.com\/it\/wp-json\/wp\/v2\/pages"}],"about":[{"href":"https:\/\/www.ealixir.com\/it\/wp-json\/wp\/v2\/types\/page"}],"author":[{"embeddable":true,"href":"https:\/\/www.ealixir.com\/it\/wp-json\/wp\/v2\/users\/24"}],"replies":[{"embeddable":true,"href":"https:\/\/www.ealixir.com\/it\/wp-json\/wp\/v2\/comments?post=48707"}],"version-history":[{"count":270,"href":"https:\/\/www.ealixir.com\/it\/wp-json\/wp\/v2\/pages\/48707\/revisions"}],"predecessor-version":[{"id":62341,"href":"https:\/\/www.ealixir.com\/it\/wp-json\/wp\/v2\/pages\/48707\/revisions\/62341"}],"wp:attachment":[{"href":"https:\/\/www.ealixir.com\/it\/wp-json\/wp\/v2\/media?parent=48707"}],"curies":[{"name":"wp","href":"https:\/\/api.w.org\/{rel}","templated":true}]}}