{"id":37876,"date":"2020-02-05T16:01:15","date_gmt":"2020-02-05T16:01:15","guid":{"rendered":"https:\/\/www-2020.ealixir.com\/?page_id=37876"},"modified":"2026-01-14T18:00:28","modified_gmt":"2026-01-14T18:00:28","slug":"faq","status":"publish","type":"page","link":"https:\/\/www.ealixir.com\/it\/faq\/","title":{"rendered":"Domande frequenti sul diritto all\u2019oblio e la rimozione di contenuti lesivi dai motori di ricerca"},"content":{"rendered":"<p>Perch\u00e9 EalixirPuoi anche consultare gli argomenti per trovare quello che stai cercando\t\t\t\t\t\t\t\t\t\t\t\t\t<\/p>\n<p>&lt;div class=&quot;ealixir-faq-item ealixir-js-faq-item&quot; ealixir-q=&quot;Perch\u00e9 Ealixir?&quot; ealixir-a=&quot;Ealixir nasce per tutelare un&#039;esigenza attuale: quella del diritto all&#039;oblio su Internet.Il diritto all&#039;oblio \u00e8 il diritto di persone e aziende a non essere esposte su Internet a informazioni vecchie, irrilevanti, lesive o semplicemente false in modo permanente. Su internet, le informazioni, gli articoli e le pagine web, diversamente dalla stampa cartacea, possono restare visibili e accessibili mediante motori di ricerca, social network e siti terzi per periodi di tempo indeterminati. Ealixir tende una mano a coloro che stanno subendo una gogna mediatica su internet o che non vogliono risultare esposti per un tempo indeterminato a causa di informazioni pubblicate da terzi. Pertanto, il servizio di Ealixir si propone di tutelare il diritto all&#039;oblio su Internet.&#8221;&gt;01Perch\u00e9 Ealixir?&lt;div class=&quot;ealixir-faq-item ealixir-js-faq-item&quot; ealixir-q=&quot;Cenni sul diritto all&#039;oblio.&quot; ealixir-a=&quot;Il diritto all&#039;oblio \u00e8 una novit\u00e0 assoluta nel panorama legislativo europeo, sorto in ragione dell&#039;evoluzione tecnologica di Internet e dell&#039;infinita disponibilit\u00e0 di dispositivi mobili per l&#039;archiviazione di grosse quantit\u00e0 di dati online, e pi\u00f9 in particolare della digitalizzazione delle informazioni personali e della possibilit\u00e0 di recuperarle con assoluta semplicit\u00e0 e in tempo reale attraverso motori di ricerca come &quot;Google&quot;.L&#039;oblio \u00e8 un diritto che va oltre la tutela della privacy e nasce a seguito di elaborazioni dottrinali e giurisprudenziali del legislatore europeo in risposta alle nuove sfide poste da Internet. La prima tappa storica in questo percorso \u00e8 stata la sentenza della Corte di giustizia dell&#039;Unione europea nella causa C-131\/12 del 13 maggio 2014, di Google Spain contro l&#039;Agencia Espa\u00f1ola de Protecci\u00f3n de datos, che in sostanza ha stabilito che un motore di ricerca (come Google) \u00e8 responsabile del trattamento dei dati personali che appaiono nelle proprie pagine web, anche quando il contenuto delle informazioni \u00e8 di propriet\u00e0 di terzi.A seguito di tale sentenza della CGUE, il 27 aprile 2016 \u00e8 stato emanato il Regolamento UE 2016\/679 del Parlamento Europeo e del Consiglio Europeo, che ha recepito il diritto all&#039;oblio all&#039;art. 17 dove viene sancito che l&#039;interessato ha il diritto di ottenere la cancellazione dei dati personali che lo riguardano presenti su qualsiasi media, social network o pagina web di Internet.Naturalmente, il lasso di tempo necessario varia di caso in caso, a seconda di requisiti soggettivi (chi \u00e8 la persona interessata, ad esempio \u00e8 un personaggio pubblico, un politico ecc.) e oggettivi (cosa ha fatto? La pubblicazione della notizia pu\u00f2 essere utile per la collettivit\u00e0?)&#8221;&gt;02Cenni sul diritto all&#039;oblio.&lt;div class=&quot;ealixir-faq-item ealixir-js-faq-item&quot; ealixir-q=&quot;Come funziona Ealixir?&quot; ealixir-a=&quot;I servizi offerti da Ealixir consistono nel non rendere pi\u00f9 visibili su Internet i contenuti indesiderati (e i dati personali a essi associati). A seconda dei casi, si sceglier\u00e0 una delle seguenti modalit\u00e0:\u2022 Eliminazione della pagina web indesiderata: \u00c8 un servizio che consiste nella rimozione della pagina indesiderata laddove vi siano i presupposti per invocare il diritto all&#039;oblio.\u2022 Modifica di dati personali contenuti nella pagina web indesiderata: \u00c8 un servizio che consiste nella correzione dei dati personali o nella sostituzione del nome dell&#039;interessato con le rispettive iniziali, in modo che tali dati personali non appaiano quando il soggetto viene cercato su Google.\u2022 Deindicizzazione di pagine web indesiderate: \u00c8 la soluzione proposta dalla Corte di giustizia dell&#039;Unione europea per cancellare i dati personali su Internet tramite tecniche informatiche. Implica che la pagina indesiderata sparisca dai primi risultati della ricerca su Google, restando visibile dalla decima pagina in poi. Ci\u00f2 significa che nel caso in cui venga digitata una query contenente nome+cognome del cliente, detta pagina non avr\u00e0 visibilit\u00e0.&#8221;&gt;03Come funziona Ealixir?&lt;div class=&quot;ealixir-faq-item ealixir-js-faq-item&quot; ealixir-q=&quot;Cosa distingue i servizi di Ealixir da quelli di altre aziende?&quot; ealixir-a=&quot;Ealixir \u00e8 stata la prima azienda a fornire questo servizio, per il quale si \u00e8 ormai affermata come leader a livello globale. Tale forza acquisita nel mercato dipende da un fattore discriminante, dovuto all&#039;esperienza acquisita negli anni: Ealixir \u00e8 l&#039;unica a riuscire a garantire il servizio ed \u00e8 l&#039;unica ad operare con la formula &quot;soddisfatti o rimborsati&quot;. Ealixir ad oggi ha servito pi\u00f9 di 5.000 clienti, sia privati che aziende, con una percentuale di clienti soddisfatti pari al 99%.&#8221;&gt;04Cosa distingue i servizi di Ealixir da quelli di altre aziende?&lt;div class=&quot;ealixir-faq-item ealixir-js-faq-item&quot; ealixir-q=&quot;Chi pu\u00f2 fruire del servizio di Ealixir?&quot; ealixir-a=&quot;Qualsiasi privato o azienda che desideri rimuovere dei contenuti dal web.Leggi il nostro Codice di Condotta, al quale aderisce l&#039;intero Gruppo Ealixir <a href='https:\/\/www.ealixir.com\/wp-content\/uploads\/2021\/02\/Ealixir-Code-of-conducts-and-ethics-IT.pdf'>https:\/\/www.ealixir.com\/wp-content\/uploads\/2021\/02\/Ealixir-Code-of-conducts-and-ethics-IT.pdf<\/a>&#8220;&gt;05Chi pu\u00f2 fruire del servizio di Ealixir?&lt;div class=&quot;ealixir-faq-item ealixir-js-faq-item&quot; ealixir-q=&quot;Quanto tempo ci vuole per eliminare i contenuti indesiderati?&quot; ealixir-a=&quot;Dipende da caso a caso, dal numero di link e dalla pagina in cui sono pubblicati, normalmente da 1 a 9 mesi.Per ulteriori informazioni, contattaci:<a href='https:\/\/www.ealixir.com\/it\/contatti\/'>https:\/\/www.ealixir.com\/it\/contatti\/<\/a>&#8220;&gt;06Quanto tempo ci vuole per eliminare i contenuti indesiderati?&lt;div class=&quot;ealixir-faq-item ealixir-js-faq-item&quot; ealixir-q=&quot;Quanto tempo deve passare dalla pubblicazione dell&#039;articolo all&#039;uso dei vostri servizi?&#8221; ealixir-a=&#8221;Il tempo che deve trascorrere tra la pubblicazione di un contenuto non desiderato e l&#039;inizio del nostro lavoro varia di caso in caso.Per ulteriori informazioni, contattaci:<a href='https:\/\/www.ealixir.com\/it\/contatti\/'>https:\/\/www.ealixir.com\/it\/contatti\/<\/a>Oppure inviaci un messaggio:<a href='https:\/\/www.ealixir.com\/it\/chi-siamo\/'>https:\/\/www.ealixir.com\/it\/chi-siamo\/<\/a>&#8220;&gt;07Quanto tempo deve passare dalla pubblicazione dell&#039;articolo all&#039;uso dei vostri servizi?&lt;div class=&quot;ealixir-faq-item ealixir-js-faq-item&quot; ealixir-q=&quot;Quanto costa?&quot; ealixir-a=&quot;Dipende da caso a caso, dal numero di link e dalla pagina in cui sono pubblicati. Il valore di riferimento pu\u00f2 oscillare dai 1000 ai 2000 euro a link.Per ricevere un preventivo gratuito, contattaci subito: <a href='https:\/\/www.ealixir.com\/it\/contatti\/'>https:\/\/www.ealixir.com\/es\/contactar\/<\/a>&#8220;&gt;08Quanto costa?&lt;div class=&quot;ealixir-faq-item ealixir-js-faq-item&quot; ealixir-q=&quot;Ma il contenuto cancellato non \u00e8 pi\u00f9 visibile in alcun modo?&quot; ealixir-a=&quot;Nel caso della cancellazione, la pagina web indesiderata scompare per sempre e non sar\u00e0 pi\u00f9 accessibile con alcun motore di ricerca.Nel caso della modifica di dati personali, la pagina web continuer\u00e0 a esistere, ma sar\u00e0 modificata di modo da non essere reperibile effettuando la ricerca su qualsiasi motore di ricerca. Inoltre, anche nel caso in cui qualcuno aprisse la pagina in questione, il nome del cliente non risulterebbe visibile. Grazie alla modifica, cercando il nome del cliente la pagina web non apparir\u00e0 pi\u00f9 tra i risultati.Infine, nel caso della deindicizzazione, la pagina web verr\u00e0 resa di difficile accesso dal motore di ricerca nel Paese scelto dal cliente al momento della sottoscrizione del contratto (ad esempio Google Italia, Google Svizzera ecc.).&#8221;&gt;09Ma il contenuto cancellato non \u00e8 pi\u00f9 visibile in alcun modo?&lt;div class=&quot;ealixir-faq-item ealixir-js-faq-item&quot; ealixir-q=&quot;Cosa succede se cerco la notizia con un motore di ricerca diverso da Google?&quot; ealixir-a=&quot;Nel caso della cancellazione o della modifica, il contenuto non sar\u00e0 pi\u00f9 visibile con nessun motore di ricerca. Nel caso della deindicizzazione, il contenuto sparir\u00e0 dalle prime pagine dei motori di ricerca scelti.&#8221;&gt;10Cosa succede se cerco la notizia con un motore di ricerca diverso da Google?&lt;div class=&quot;ealixir-faq-item ealixir-js-faq-item&quot; ealixir-q=&quot;Se non funziona o non mi ritengo soddisfatto, posso essere rimborsato?&quot; ealixir-a=&quot;Siamo l&#039;unica azienda del settore che garantisce un rimborso del 100%. Ci teniamo tuttavia a ricordare che il 99% dei clienti di Ealixir si dice soddisfatto.&#8221;&gt;11Se non funziona o non mi ritengo soddisfatto, posso essere rimborsato?&lt;div class=&quot;ealixir-faq-item ealixir-js-faq-item&quot; ealixir-q=&quot;\u00c8 possibile rimuovere qualsiasi informazione da Internet, anche dai social network?&quot; ealixir-a=&quot;S\u00ec, certo, ma \u00e8 necessaria una valutazione caso per caso. Per maggiori informazioni non esitare a scriverci, il nostro team ti ricontatter\u00e0 entro 48 ore:Inviaci una e-mail:<a href='https:\/\/www.ealixir.com\/it\/contatti\/'>https:\/\/www.ealixir.com\/it\/contatti\/<\/a>Oppure inviaci un messaggio:<a href='https:\/\/www.ealixir.com\/it\/chi-siamo\/'>https:\/\/www.ealixir.com\/it\/chi-siamo\/<\/a>&#8220;&gt;12\u00c8 possibile rimuovere qualsiasi informazione da Internet, anche dai social network?<!-- Plugin CSS --><\/p>\n<p><!-- Plugin JS --><\/p>\n","protected":false},"excerpt":{"rendered":"<p class=\"excerpt\">Perch\u00e9 EalixirPuoi anche consultare gli argomenti per trovare quello che stai cercando &lt;div class=&quot;ealixir-faq-item ealixir-js-faq-item&quot; ealixir-q=&quot;Perch\u00e9 Ealixir?&quot; ealixir-a=&quot;Ealixir nasce per tutelare un&#039;esigenza attuale: quella del diritto all&#039;oblio su Internet.Il diritto all&#039;oblio \u00e8 il diritto di persone e aziende a non essere esposte su Internet a informazioni vecchie, irrilevanti, lesive o semplicemente false in modo permanente. [&hellip;]<\/p>\n","protected":false},"author":24,"featured_media":0,"parent":0,"menu_order":0,"comment_status":"closed","ping_status":"closed","template":"builder.php","meta":{"footnotes":""},"class_list":["post-37876","page","type-page","status-publish","hentry"],"_links":{"self":[{"href":"https:\/\/www.ealixir.com\/it\/wp-json\/wp\/v2\/pages\/37876","targetHints":{"allow":["GET"]}}],"collection":[{"href":"https:\/\/www.ealixir.com\/it\/wp-json\/wp\/v2\/pages"}],"about":[{"href":"https:\/\/www.ealixir.com\/it\/wp-json\/wp\/v2\/types\/page"}],"author":[{"embeddable":true,"href":"https:\/\/www.ealixir.com\/it\/wp-json\/wp\/v2\/users\/24"}],"replies":[{"embeddable":true,"href":"https:\/\/www.ealixir.com\/it\/wp-json\/wp\/v2\/comments?post=37876"}],"version-history":[{"count":9,"href":"https:\/\/www.ealixir.com\/it\/wp-json\/wp\/v2\/pages\/37876\/revisions"}],"predecessor-version":[{"id":48323,"href":"https:\/\/www.ealixir.com\/it\/wp-json\/wp\/v2\/pages\/37876\/revisions\/48323"}],"wp:attachment":[{"href":"https:\/\/www.ealixir.com\/it\/wp-json\/wp\/v2\/media?parent=37876"}],"curies":[{"name":"wp","href":"https:\/\/api.w.org\/{rel}","templated":true}]}}