{"id":31075,"date":"2019-12-17T11:11:19","date_gmt":"2019-12-17T11:11:19","guid":{"rendered":"https:\/\/www-ealixir-com-due-hosting.sq.biz\/privacy-policy\/"},"modified":"2026-01-14T18:00:34","modified_gmt":"2026-01-14T18:00:34","slug":"privacy-policy","status":"publish","type":"page","link":"https:\/\/www.ealixir.com\/it\/privacy-policy\/","title":{"rendered":"Ealixir privacy policy \u2013 EALIXIR PRIVACY SERVICES LIMITED"},"content":{"rendered":"<p>Ealixir Inc informa ai sensi dell\u2019art. 13 Regolamento UE n. 2016\/679 (\u201cGDPR\u201d)<\/p>\n<p>Questa Applicazione raccoglie alcuni Dati Personali dei propri Utenti.Titolare del Trattamento dei DatiEALIXIR Inc. \u2013 1200 Brickell Ave. Suite 310 Miami FL 33131Indirizzo email del Titolare: <a href=\"mailto:info@ealixir.com\">info@ealixir.com<\/a>In qualit\u00e0 di titolare del trattamento, Ealixir Inc. informa ai sensi dell\u2019art. 13 Regolamento UE n. 2016\/679 (in seguito, \u201cGDPR\u201d), che i dati saranno trattati con le modalit\u00e0 e per le finalit\u00e0 seguenti:Tipologie di Dati raccoltiFra i Dati Personali raccolti da questa Applicazione, in modo autonomo o tramite terze parti, ci sono: Cookie, Dati di utilizzo, nome, cognome, numero di telefono e-mail.Dettagli completi su ciascuna tipologia di dati raccolti sono forniti nelle sezioni dedicate di questa privacy policy o mediante specifici testi informativi visualizzati prima della raccolta dei dati stessi. I Dati Personali possono essere liberamente forniti dall&#8217;Utente o, nel caso di Dati di Utilizzo, raccolti automaticamente durante l&#8217;uso di questa Applicazione.Alcuni dei Dati richiesti da questa Applicazione sono obbligatori e, in mancanza del loro conferimento, potrebbe essere impossibile per questa Applicazione fornire il servizio. Nei casi in cui questa Applicazione indichi alcuni Dati come facoltativi, gli Utenti sono liberi di astenersi dal comunicare tali Dati, senza che ci\u00f2 abbia alcuna conseguenza sulla disponibilit\u00e0 del servizio o sulla sua operativit\u00e0.Gli Utenti che dovessero avere dubbi su quali Dati siano obbligatori, sono incoraggiati a contattare il Titolare. L&#8217;eventuale utilizzo di Cookie &#8211; o di altri strumenti di tracciamento &#8211; da parte di questa Applicazione o dei titolari dei servizi terzi utilizzati da questa Applicazione, ove non diversamente precisato, ha la finalit\u00e0 di fornire il servizio richiesto dall&#8217;Utente, oltre alle ulteriori finalit\u00e0 descritte nel presente documento e nella Cookie Policy, se disponibile.L&#8217;Utente si assume la responsabilit\u00e0 dei Dati Personali di terzi pubblicati o condivisi mediante questa Applicazione e garantisce di avere il diritto di comunicarli o diffonderli, liberando il Titolare da qualsiasi responsabilit\u00e0 verso terzi.Finalit\u00e0 del trattamento dei Dati raccoltiI dati personali sono trattati:A) senza il consenso espresso dell\u2019utente (art. 6 lett. b, e GDPR), per le seguenti Finalit\u00e0 di Servizio:&#8211; adempiere agli obblighi precontrattuali, contrattuali e fiscali derivanti da rapporti con l\u2019utente;&#8211; adempiere agli obblighi previsti dalla legge, da un regolamento, dalla normativa comunitaria o da un ordine dell\u2019Autorit\u00e0;&#8211; prevenire o scoprire attivit\u00e0 fraudolente o abusi dannosi per il sito web;&#8211; esercitare i diritti del Titolare, ad esempio il diritto di difesa in giudizio.B) Previo consenso dell\u2019utente (artt. 6 e 7 GDPR) per le seguenti finalit\u00e0:&#8211; registrazione sul sito tramite il modulo di contatto&#8211; ricerca dei link indesiderati associati al nominativo fornito dall\u2019utente&#8211; erogazione del servizioC) Solo previo specifico e distinto consenso dell\u2019utente (artt. 6 e 7 GDPR), per le seguenti Finalit\u00e0 di Marketing:&#8211; inviare via email newsletter, comunicazioni e\/o materiale su prodotti o servizi offerti dal Titolare, inviti a eventi o manifestazioni organizzate dal Titolare o da societ\u00e0 ad essa collegateNatura del conferimento dei dati e conseguenze del rifiuto di rispondereIl conferimento dei dati per le finalit\u00e0 di cui al punto B) \u00e8 obbligatorio.In loro assenza, non potremo erogare i nostri servizi.Il conferimento dei dati per le finalit\u00e0 di cui al punto C) \u00e8 invece facoltativo. Pu\u00f2 quindi decidere di non conferire alcun dato o di negare successivamente la possibilit\u00e0 di trattare dati gi\u00e0 forniti: in tal caso, non potr\u00e0 ricevere newsletter, comunicazioni commerciali e materiale pubblicitario inerenti ai Servizi offerti dal Titolare. Continuer\u00e0 comunque ad avere diritto ai Servizi di cui al punto B)Accesso ai datiI dati potranno essere resi accessibili per le finalit\u00e0 pi\u00f9 sopra elencate:&#8211; a dipendenti e collaboratori del Titolare nella loro qualit\u00e0 di incaricati e\/o responsabili del trattamento e\/o amministratori di sistema;Comunicazione dei datiSenza la necessit\u00e0 di un espresso consenso (ex art. 6 lett. b) e c) GDPR), il Titolare potr\u00e0 comunicare i dati personali per le finalit\u00e0 di cui al punto A) a quei soggetti ai quali la comunicazione sia obbligatoria per legge per l\u2019espletamento delle finalit\u00e0 dette.Detti soggetti tratteranno i dati nella loro qualit\u00e0 di autonomi titolari del trattamento.I dati non saranno diffusi.Trasferimento datiI Dati personali sono conservati presso le sedi operative del Titolare ed in ogni altro luogo in cui le parti coinvolte nel trattamento siano localizzate. Per ulteriori informazioni, contattare il Titolare.Resta in ogni caso inteso che il Titolare, ove si rendesse necessario, avr\u00e0 facolt\u00e0 di spostare i server anche extra-UE. In tal caso, il Titolare assicura sin d\u2019ora che il trasferimento dei dati extra-UE avverr\u00e0 in conformit\u00e0 alle disposizioni di legge applicabili, previa stipula delle clausole contrattuali standard previste dalla Commissione Europea.Diritti dell\u2019interessatoNella qualit\u00e0 di interessato, all\u2019utente sono riconosciuti i diritti di cui all\u2019art. 15 GDPR e precisamente i diritti di:i. ottenere la conferma dell&#8217;esistenza o meno di dati personali che La riguardano, anche se non ancora registrati, e la loro comunicazione in forma intelligibile;ii. ottenere l&#8217;indicazione: a) dell&#8217;origine dei dati personali; b) delle finalit\u00e0 e modalit\u00e0 del trattamento; c) della logica applicata in caso di trattamento effettuato con l&#8217;ausilio di strumenti elettronici; d) degli estremi identificativi del titolare, dei responsabili e del rappresentante designato ai sensi dell&#8217;art. 3, comma 1, GDPR; e) dei soggetti o delle categorie di soggetti ai quali i dati personali possono essere comunicati o che possono venirne a conoscenza in qualit\u00e0 di rappresentante designato nel territorio dello Stato, di responsabili o incaricati;iii. ottenere: a) l&#8217;aggiornamento, la rettificazione ovvero, quando vi ha interesse, l&#8217;integrazione dei dati; b) la cancellazione, la trasformazione in forma anonima o il blocco dei dati trattati in violazione di legge, compresi quelli di cui non \u00e8 necessaria la conservazione in relazione agli scopi per i quali i dati sono stati raccolti o successivamente trattati; c) l&#8217;attestazione che le operazioni di cui alle lettere a) e b) sono state portate a conoscenza, anche per quanto riguarda il loro contenuto, di coloro ai quali i dati sono stati comunicati o diffusi, eccettuato il caso in cui tale adempimento si rivela impossibile o comporta un impiego di mezzi manifestamente sproporzionato rispetto al diritto tutelato;iv. opporsi, in tutto o in parte: a) per motivi legittimi al trattamento dei dati personali che La riguardano, ancorch\u00e9 pertinenti allo scopo della raccolta; b) al trattamento di dati personali che La riguardano a fini di invio di materiale pubblicitario o di vendita diretta o per il compimento di ricerche di mercato o di comunicazione commerciale, mediante l\u2019uso di sistemi automatizzati di chiamata senza l\u2019intervento di un operatore mediante e-mail e\/o mediante modalit\u00e0 di marketing tradizionali mediante telefono e\/o posta cartacea. Si fa presente che il diritto di opposizione dell\u2019interessato, esposto al precedente punto b), per finalit\u00e0 di marketing diretto mediante modalit\u00e0 automatizzate si estende a quelle tradizionali e che comunque resta salva la possibilit\u00e0 per l\u2019interessato di esercitare il diritto di opposizione anche solo in parte. Pertanto, l\u2019interessato pu\u00f2 decidere di ricevere solo comunicazioni mediante modalit\u00e0 tradizionali ovvero solo comunicazioni automatizzate oppure nessuna delle due tipologie di comunicazione.Ove applicabili, ha altres\u00ec i diritti di cui agli artt. 16-21 GDPR (Diritto di rettifica, diritto all\u2019oblio, diritto di limitazione di trattamento, diritto alla portabilit\u00e0 dei dati, diritto di opposizione), nonch\u00e9 il diritto di reclamo all\u2019Autorit\u00e0 Garante per la tutela dei dati personali ai sensi dell\u2019art 77 del GDPR, o di adire le opportune sedi giudiziarie come previsto dall\u2019art. 79 del GDPRModalit\u00e0 di esercizio dei diritti &#8211; Data Protection OfficerIl Titolare del Trattamento dei Dati ha designato il Data Protection Officer (di seguito \u201cDPO\u201d)Ai sensi dell\u2019art. 38, par. 4, l\u2019interessato ha la possibilit\u00e0 di contattare il DPO, per tutte le questioni relative al trattamento dei propri dati personali e all\u2019esercizio dei diritti previsti dal GDPR, ai seguenti dati di contatto: <a href=\"mailto:dpo@ealixir.one\">dpo@ealixir.one&gt;<\/a>Modalit\u00e0 del trattamento dei Dati raccoltiIl Titolare adotta le opportune misure di sicurezza volte ad impedire l\u2019accesso, la divulgazione, la modifica o la distruzione non autorizzate dei Dati Personali.Il trattamento dei dati personali \u00e8 realizzato per mezzo delle operazioni indicate all\u2019art. 4 n. 2) GDPR e precisamente: mediante strumenti informatici e\/o telematici, con modalit\u00e0 organizzative e con logiche strettamente correlate alle finalit\u00e0 indicate.Oltre al Titolare, in alcuni casi, potrebbero avere accesso ai Dati altri soggetti coinvolti nell\u2019organizzazione di questa Applicazione (personale amministrativo, commerciale, marketing, legali, amministratori di sistema) ovvero soggetti esterni (come fornitori di servizi tecnici terzi, corrieri postali, hosting provider, societ\u00e0 informatiche, agenzie di comunicazione) nominati anche, se necessario, Responsabili del Trattamento da parte del Titolare. L\u2019elenco aggiornato dei Responsabili potr\u00e0 sempre essere richiesto al Titolare del Trattamento.Base giuridica del trattamentoIl Titolare tratta Dati Personali relativi all\u2019Utente in caso sussista una delle seguenti condizioni:\u2022 l\u2019Utente ha prestato il consenso per una o pi\u00f9 finalit\u00e0 specifiche; Nota: in alcuni ordinamenti il Titolare pu\u00f2 essere autorizzato a trattare Dati Personali senza che debba sussistere il consenso dell\u2019Utente o un\u2019altra delle basi giuridiche specificate di seguito, fino a quando l\u2019Utente non si opponga (&#8220;opt-out&#8220;) a tale trattamento. Ci\u00f2 non \u00e8 tuttavia applicabile qualora il trattamento di Dati Personali sia regolato dalla legislazione europea in materia di protezione dei Dati Personali;\u2022 il trattamento \u00e8 necessario all&#8217;esecuzione di un contratto con l\u2019Utente e\/o all&#8217;esecuzione di misure precontrattuali;\u2022 il trattamento \u00e8 necessario per adempiere un obbligo legale al quale \u00e8 soggetto il Titolare;\u2022 il trattamento \u00e8 necessario per l&#8217;esecuzione di un compito di interesse pubblico o per l&#8217;esercizio di pubblici poteri di cui \u00e8 investito il Titolare;\u2022 il trattamento \u00e8 necessario per il perseguimento del legittimo interesse del Titolare o di terzi. E\u2019 comunque sempre possibile richiedere al Titolare di chiarire la concreta base giuridica di ciascun trattamento ed in particolare di specificare se il trattamento sia basato sulla legge, previsto da un contratto o necessario per concludere un contratto.Tempi di trattamento e conservazione dei Dati raccoltiIl Titolare tratter\u00e0 i dati personali per il tempo necessario per adempiere alle finalit\u00e0 di cui sopra e comunque per non oltre 2 anni dalla cessazione del rapporto per le Finalit\u00e0 di Servizio e per non oltre 1 anno dalla raccolta dei dati per le Finalit\u00e0 di Marketing o anticipatamente rispetto alle tempistiche qui riportate in caso di richiesta di cancellazione e distruzione da parte dell\u2019interessatoDettagli ulteriori sul trattamento dei Dati PersonaliStatisticaI servizi contenuti nella presente sezione permettono al Titolare del Trattamento di monitorare e analizzare i dati di traffico e servono a tener traccia del comportamento dell&#8217;UtenteGoogle Analytics (Google lnc.)Google Analytics \u00e8 un servizio di analisi web fornito da Google lnc. (&#8221; Google&#8221; ). Google utilizza i Dati Personali raccolti allo scopo di tracciare ed esaminare l&#8217;utilizzo di questa Applicazione , compilare report e condividerli con gli altri servizi sviluppati da Google.Google potrebbe utilizzare i Dati Personali per contestualizzare e personalizzare gli annunci del proprio network pubblicitario.Dati Personali raccolti : Cookie e Dati di utilizzo.Luogo del trattamento : USA &#8211; Privacy Policy &#8211; Opt OutUlteriori informazioni sul trattamentoDifesa in giudizioI Dati Personali dell&#8217;Utente possono essere utilizzati da parte del Titolare in giudizio o nelle fasi propedeutiche alla sua eventuale instaurazione per la difesa da abusi nell&#8217;utilizzo di questa Applicazione o dei servizi connessi da parte dell&#8217;Utente. L&#8217;Utente dichiara di essere consapevole che al Titolare potrebbe essere richiesto di rivelare i Dati su richiesta delle pubbliche autorit\u00e0.Informative specificheSu richiesta dell&#8217;Utente, in aggiunta alle informazioni contenute in questa privacy policy, questa Applicazione potrebbe fornire all&#8217;Utente delle informative aggiuntive e contestuali riguardanti servizi specifici, o la raccolta ed il trattamento di Dati Personali.Log di sistema e manutenzionePer necessit\u00e0 legate al funzionamento ed alla manutenzione , questa Applicazione e gli eventuali servizi terzi da essa utilizzati potrebbero raccogliere Log di sistema, ossia file che registrano le interazioni e che possono contenere anche Dati Personali, quali l&#8217;indirizzo IP Utente.Informazioni non contenute in questa policyMaggiori informazioni in relazione al trattamento dei Dati Personali potranno essere richieste in qualsiasi momento al Titolare del Trattamento utilizzando le informazioni di contatto.Modifiche a questa privacy policyIl Titolare del Trattamento si riserva il diritto di apportare modifiche alla presente privacy policy in qualunque momento dandone pubblicit\u00e0 agli Utenti su questa pagina. Si prega dunque di consultare spesso questa pagina, prendendo come riferimento la data di ultima modifica indicata in fondo. Nel caso di mancata accettazione delle modifiche apportate alla presente privacy policy, l&#8217;Utente \u00e8 tenuto a cessare l&#8217; utilizzo di questa Applicazione e pu\u00f2 richiedere al Titolare del Trattamento di rimuovere i propri Dati Personali . Salvo quanto diversamente specificato, la precedente privacy policy continuer\u00e0 ad applicarsi ai Dati Personali sino a quel momento raccolti.Definizioni e riferimenti legaliDati Personali (o Dati)Costituisce dato personale qualunque informazione relativa a persona fisica, identificata o identificabile, anche indirettamente, mediante riferimento a qualsiasi altra informazione, ivi compreso un numero di identificazione personale.Dati di UtilizzoSono le informazioni raccolte in maniera automatica da questa Applicazione (o dalle applicazioni di parti terze che questa Applicazione utilizza), tra le quali: gli indirizzi IP o i nomi a dominio dei computer utilizzati dall&#8217;Utente che si connette con questa Applicazione , gli indirizzi in notazione URI (Uniform Resource ldentifier), l&#8217;orario della richiesta, il metodo utilizzato nel sottoporre la richiesta al server, la dimensione del file ottenuto in risposta, il codice numerico indicante lo stato della risposta dal server (buon fine, errore, ecc.) il paese di provenienza, le caratteristiche del browser e del sistema operativo utilizzati dal visitatore, le varie connotazioni temporali della visita (ad esempio il tempo di permanenza su ciascuna pagina) e i dettagli relativi all&#8217;itinerario seguito all&#8217;interno dell&#8217;Applicazione, con particolare riferimento alla sequenza delle pagine consultate, ai parametri relativi al sistema operativo e all&#8217;ambiente informatico dell&#8217;Utente.UtenteL&#8217;individuo che utilizza questa Applicazione, che deve coincidere con l&#8217;Interessato o essere da questo autorizzato ed i cui Dati Personali sono oggetto del trattamento.InteressatoLa persona fisica cui si riferiscono i Dati Personali.Responsabile del Trattamento (o Responsabile)La persona fisica, giuridica, la pubblica amministrazione e qualsiasi altro ente, associazione od organismo preposti dal Titolare al trattamento dei Dati Personali, secondo quanto predisposto dalla presente privacy policy.Titolare del Trattamento (o Titolare)La persona fisica, giuridica, la pubblica amministrazione e qualsiasi altro ente, associazione od organismo cui competono, anche unitamente ad altro titolare, le decisioni in ordine alle finalit\u00e0, alle modalit\u00e0 del trattamento di dati personali ed agli strumenti utilizzati, ivi compreso il profilo della sicurezza, in relazione al funzionamento ealla fruizione di questa Applicazione. Il Titolare delTrattamento \u00e8 il proprietario di questa Applicazione.Questa ApplicazioneLo strumento hardware o software mediante il quale sono raccolti i Dati Personali degli Utenti.CookiePiccola porzione di dati conservata all&#8217;interno del dispositivo dell&#8217;Utente.<\/p>\n<p><!-- \/row --><\/p>\n","protected":false},"excerpt":{"rendered":"<p class=\"excerpt\">Ealixir Inc informa ai sensi dell\u2019art. 13 Regolamento UE n. 2016\/679 (\u201cGDPR\u201d) Questa Applicazione raccoglie alcuni Dati Personali dei propri Utenti.Titolare del Trattamento dei DatiEALIXIR Inc. \u2013 1200 Brickell Ave. Suite 310 Miami FL 33131Indirizzo email del Titolare: info@ealixir.comIn qualit\u00e0 di titolare del trattamento, Ealixir Inc. informa ai sensi dell\u2019art. 13 Regolamento UE n. 2016\/679 [&hellip;]<\/p>\n","protected":false},"author":24,"featured_media":0,"parent":0,"menu_order":0,"comment_status":"closed","ping_status":"closed","template":"builder.php","meta":{"footnotes":""},"class_list":["post-31075","page","type-page","status-publish","hentry"],"_links":{"self":[{"href":"https:\/\/www.ealixir.com\/it\/wp-json\/wp\/v2\/pages\/31075","targetHints":{"allow":["GET"]}}],"collection":[{"href":"https:\/\/www.ealixir.com\/it\/wp-json\/wp\/v2\/pages"}],"about":[{"href":"https:\/\/www.ealixir.com\/it\/wp-json\/wp\/v2\/types\/page"}],"author":[{"embeddable":true,"href":"https:\/\/www.ealixir.com\/it\/wp-json\/wp\/v2\/users\/24"}],"replies":[{"embeddable":true,"href":"https:\/\/www.ealixir.com\/it\/wp-json\/wp\/v2\/comments?post=31075"}],"version-history":[{"count":8,"href":"https:\/\/www.ealixir.com\/it\/wp-json\/wp\/v2\/pages\/31075\/revisions"}],"predecessor-version":[{"id":42730,"href":"https:\/\/www.ealixir.com\/it\/wp-json\/wp\/v2\/pages\/31075\/revisions\/42730"}],"wp:attachment":[{"href":"https:\/\/www.ealixir.com\/it\/wp-json\/wp\/v2\/media?parent=31075"}],"curies":[{"name":"wp","href":"https:\/\/api.w.org\/{rel}","templated":true}]}}