{"id":45907,"date":"2021-09-27T14:13:25","date_gmt":"2021-09-27T14:13:25","guid":{"rendered":"https:\/\/www.ealixir.com\/ealixir-event-launch-offre-aux-entreprises-une-occasion-unique\/"},"modified":"2026-01-14T18:00:21","modified_gmt":"2026-01-14T18:00:21","slug":"event-launch","status":"publish","type":"page","link":"https:\/\/www.ealixir.com\/fr\/event-launch\/","title":{"rendered":"Ealixir Event Launch offre aux entreprises une occasion unique"},"content":{"rendered":"<p><img loading=\"lazy\" decoding=\"async\" width=\"326\" height=\"118\" src=\"https:\/\/www.ealixir.com\/wp-content\/uploads\/2021\/09\/events_white.svg\" \/>\t\t\t\t<\/p>\n<p>NOUS ASSURONS LA PROMOTION DE VOS \u00c9V\u00c9NEMENTS DANS LE MONDE ENTIER<br \/>\n\t\t\t\t\t\t\t\t\t\t\t\t\t\t\t\t\t\t\t\t\t\t\t\t\t\t\t\t\t\t\t\t\t\t\t\t\tAvec Ealixir Event Launch, tout le monde parlera de votre \u00e9v\u00e9nement<\/p>\n<p><!-- \/row --><\/p>\n<p>COMMENT NOUS TRAVAILLONSEalixir Event Launch offre aux entreprises une occasion unique de promouvoir leur \u00e9v\u00e9nement \u00e0 l&#8217;\u00e9chelle internationale, en leur garantissant une visibilit\u00e9 dans plus de 1 200 journaux en ligne dans 30 pays du monde.&nbsp;Ealixir collabore avec des journalistes accr\u00e9dit\u00e9s et des experts en relations publiquesqui \u00e9laborent le plan \u00e9ditorial le plus efficace pour promouvoir votre \u00e9v\u00e9nement (qu&#8217;il s&#8217;agisse du lancement d&#8217;un nouveau produit, d&#8217;un anniversaire important ou de l&#8217;inauguration d&#8217;un nouveau bureau) et r\u00e9digent des articles et des communiqu\u00e9s de presse destin\u00e9s \u00e0 \u00eatre diffus\u00e9s dans les pays cibles dans les journaux les plus r\u00e9put\u00e9s.&nbsp;Ealixir Event Launch est la seule agence qui garantit de conna\u00eetre \u00e0 l&#8217;avance le nombre exact de communiqu\u00e9s de presse qui seront produits et d&#8217;assurer une r\u00e9sonance m\u00e9diatique qui se prolongera bien au-del\u00e0 de l&#8217;\u00e9v\u00e9nement.\t\t\t\t\t\t\t\t\t\t\t\t\t<\/p>\n<p>Nous recueillons des informations sur l&#8217;\u00e9v\u00e9nement et \u00e9laborons un plan \u00e9ditorial sp\u00e9cifique<\/p>\n<p>Nous publions des articles et des communiqu\u00e9s de presse dans les journaux les plus r\u00e9put\u00e9s \u00e0 l&#8217;approche de l&#8217;\u00e9v\u00e9nement<\/p>\n<p>Nous garantissons le positionnement SEO le plus efficace<\/p>\n<p>Gr\u00e2ce aux liens produits, nous cr\u00e9ons un nuage de r\u00e9putation positive pour le client, qui perdurera m\u00eame apr\u00e8s l&#8217;\u00e9v\u00e9nement<\/p>\n<p><!-- \/row --><\/p>\n<p><a href=\"https:\/\/www.ealixir.com\/it\/contatti\/\"><br \/>\n\t\t\t\t\t\t\t\t\t\t\t\t\t\t\t\t\t\t\t\t\t\t\t\t\t\t\t\t\tCONTACTEZ-NOUS POUR UN DEVIS\t\t\t\t\t\t\t\t\t\t\t\t\t\t\t\t\t\t\t\t\t\t\t\t\t\t\t\t\t<\/a><\/p>\n<p>Contactez-nous pour recevoir des informations compl\u00e9mentaires sur nos services ou un devis personnalis\u00e9<br \/>\n\t\t\t\t\t\t\t\t\t\t\t\t\t\t\t\t\t\t\t\t\t\t\t\t\t\t\t\t\t\t\t\t\t\t\t\t\t<a href=\"https:\/\/www.ealixir.com\/it\/contatti\/\"><br \/>\n\t\t\t\t\t\t\t\t\t\t\t\t\t\tCONTACTEZ-NOUS\t\t\t\t\t\t\t\t\t\t\t\t\t<\/a><\/p>\n<p><!-- \/row --><\/p>\n<p>AUTRES SERVICES\t\t\t\t\t\t\t\t<\/p>\n<p><a href=\"https:\/\/www.ealixir.com\/it\/removal\/\"><br \/>\n\t\t\t\t\t\t\t\t\t\t\t\t\t\t\t\t\t\t\t\t\t\t\t\t\t<img loading=\"lazy\" decoding=\"async\" width=\"326\" height=\"118\" src=\"https:\/\/www.ealixir.com\/wp-content\/uploads\/2019\/08\/removal_gradient.svg\" \/>\t\t\t\t\t\t\t\t\t\t\t\t\t\t\t\t\t\t\t\t\t\t\t\t\t<\/a><\/p>\n<p>Leader mondial dans la suppression de liens n\u00e9gatifs<\/p>\n<p><a href=\"https:\/\/www.ealixir.com\/it\/newsdelete\/\"><br \/>\n\t\t\t\t\t\t\t\t\t\t\t\t\t\t\t\t\t\t\t\t\t\t\t\t\t<img loading=\"lazy\" decoding=\"async\" width=\"326\" height=\"118\" src=\"https:\/\/www.ealixir.com\/wp-content\/uploads\/2019\/08\/newsdelete_gradient.svg\" \/>\t\t\t\t\t\t\t\t\t\t\t\t\t\t\t\t\t\t\t\t\t\t\t\t\t<\/a><\/p>\n<p>Tout le monde a le droit \u00e0 une nouvelle opportunit\u00e9<\/p>\n<p><a href=\"https:\/\/www.ealixir.com\/it\/story\/\"><br \/>\n\t\t\t\t\t\t\t\t\t\t\t\t\t\t\t\t\t\t\t\t\t\t\t\t\t<img loading=\"lazy\" decoding=\"async\" width=\"326\" height=\"118\" src=\"https:\/\/www.ealixir.com\/wp-content\/uploads\/2019\/08\/story_gradient.svg\" \/>\t\t\t\t\t\t\t\t\t\t\t\t\t\t\t\t\t\t\t\t\t\t\t\t\t<\/a><\/p>\n<p>R\u00e9\u00e9crivez votre histoire num\u00e9rique avec nous<\/p>\n<p><a href=\"https:\/\/www.ealixir.com\/it\/webid\/\"><br \/>\n\t\t\t\t\t\t\t\t\t\t\t\t\t\t\t\t\t\t\t\t\t\t\t\t\t<img loading=\"lazy\" decoding=\"async\" width=\"326\" height=\"118\" src=\"https:\/\/www.ealixir.com\/wp-content\/uploads\/2019\/08\/webid_gradient.svg\" \/>\t\t\t\t\t\t\t\t\t\t\t\t\t\t\t\t\t\t\t\t\t\t\t\t\t<\/a><\/p>\n<p>Nous faisons un check-up de votre image sur le web<\/p>\n<p><a href=\"https:\/\/www.ealixir.com\/it\/analytics\/\"><br \/>\n\t\t\t\t\t\t\t\t\t\t\t\t\t\t\t\t\t\t\t\t\t\t\t\t\t<img loading=\"lazy\" decoding=\"async\" width=\"326\" height=\"118\" src=\"https:\/\/www.ealixir.com\/wp-content\/uploads\/2021\/07\/analytics-gradient-1.svg\" \/>\t\t\t\t\t\t\t\t\t\t\t\t\t\t\t\t\t\t\t\t\t\t\t\t\t<\/a><\/p>\n<p>Nous \u00e9laborons la strat\u00e9gie de communication ou d\u2019entreprise la plus efficace<\/p>\n<p><!-- \/row --><\/p>\n","protected":false},"excerpt":{"rendered":"<p class=\"excerpt\">NOUS ASSURONS LA PROMOTION DE VOS \u00c9V\u00c9NEMENTS DANS LE MONDE ENTIER Avec Ealixir Event Launch, tout le monde parlera de votre \u00e9v\u00e9nement COMMENT NOUS TRAVAILLONSEalixir Event Launch offre aux entreprises une occasion unique de promouvoir leur \u00e9v\u00e9nement \u00e0 l&#8217;\u00e9chelle internationale, en leur garantissant une visibilit\u00e9 dans plus de 1 200 journaux en ligne dans 30 [&hellip;]<\/p>\n","protected":false},"author":24,"featured_media":0,"parent":0,"menu_order":0,"comment_status":"closed","ping_status":"closed","template":"builder.php","meta":{"footnotes":""},"class_list":["post-45907","page","type-page","status-publish","hentry"],"_links":{"self":[{"href":"https:\/\/www.ealixir.com\/fr\/wp-json\/wp\/v2\/pages\/45907","targetHints":{"allow":["GET"]}}],"collection":[{"href":"https:\/\/www.ealixir.com\/fr\/wp-json\/wp\/v2\/pages"}],"about":[{"href":"https:\/\/www.ealixir.com\/fr\/wp-json\/wp\/v2\/types\/page"}],"author":[{"embeddable":true,"href":"https:\/\/www.ealixir.com\/fr\/wp-json\/wp\/v2\/users\/24"}],"replies":[{"embeddable":true,"href":"https:\/\/www.ealixir.com\/fr\/wp-json\/wp\/v2\/comments?post=45907"}],"version-history":[{"count":269,"href":"https:\/\/www.ealixir.com\/fr\/wp-json\/wp\/v2\/pages\/45907\/revisions"}],"predecessor-version":[{"id":62349,"href":"https:\/\/www.ealixir.com\/fr\/wp-json\/wp\/v2\/pages\/45907\/revisions\/62349"}],"wp:attachment":[{"href":"https:\/\/www.ealixir.com\/fr\/wp-json\/wp\/v2\/media?parent=45907"}],"curies":[{"name":"wp","href":"https:\/\/api.w.org\/{rel}","templated":true}]}}