{"id":44952,"date":"2021-07-08T15:04:18","date_gmt":"2021-07-08T15:04:18","guid":{"rendered":"https:\/\/www.ealixir.com\/ealixir-analytics-collects-real-time-big-data\/"},"modified":"2026-01-14T18:00:23","modified_gmt":"2026-01-14T18:00:23","slug":"analytics","status":"publish","type":"page","link":"https:\/\/www.ealixir.com\/fr\/analytics\/","title":{"rendered":"Ealixir Analytics collecte en temps r\u00e9el des big data"},"content":{"rendered":"<p><img loading=\"lazy\" decoding=\"async\" width=\"326\" height=\"118\" src=\"https:\/\/www.ealixir.com\/wp-content\/uploads\/2021\/07\/analytics-white-1.svg\" \/>\t\t\t\t<\/p>\n<p>NOUS \u00c9LABORONS LA STRAT\u00c9GIE DE COMMUNICATION OU D&#8217;ENTREPRISE LA PLUS EFFICACE<br \/>\n\t\t\t\t\t\t\t\t\t\t\t\t\t\t\t\t\t\t\t\t\t\t\t\t\t\t\t\t\t\t\t\t\t\t\t\t\tNous diffusons sur le net les contenus adapt\u00e9s \u00e0 votre objectif<\/p>\n<p><!-- \/row --><\/p>\n<p>COMMENT NOUS TRAVAILLONSEalixir Analytics collecte en temps r\u00e9el des big data concernant les \u00c9tats, les institutions, les partis politiques, les candidats et les personnalit\u00e9s travaillant dans ces structures. Gr\u00e2ce \u00e0 la plateforme d&#8217;\u00e9coute du web, nous surveillons plus de 90 millions de sources et, \u00e0 l&#8217;aide des algorithmes Ealixir, nous sommes en mesure d&#8217;identifier les tendances de lecture du public, afin de proposer des contenus et des informations d&#8217;int\u00e9r\u00eat. Gr\u00e2ce \u00e0 une analyse d\u00e9taill\u00e9e du sentiment li\u00e9 aux objectifs sp\u00e9cifiques, nous identifions les opportunit\u00e9s strat\u00e9giques et commerciales dans les pays cibles et proposons des plans de communication d&#8217;une efficacit\u00e9 absolue.\t\t\t\t\t\t\t\t\t\t\t\t\t<\/p>\n<p>Nous collectons des informations sur le r\u00e9seau en fonction des objectifs indiqu\u00e9s par le client et \u00e9tablissons un rapport d\u00e9taill\u00e9.<\/p>\n<p>Nous effectuons une analyse des sentiments pour \u00e9laborer la bonne strat\u00e9gie de communication.<\/p>\n<p>Nous produisons des contenus en fonction de la strat\u00e9gie identifi\u00e9e et, gr\u00e2ce aux algorithmes Ealixir, nous le diffusons dans les pays cibles.<\/p>\n<p>Nous mesurons le r\u00e9sultat obtenu \u00e0 l&#8217;aide de param\u00e8tres quantitatifs.<\/p>\n<p><!-- \/row --><\/p>\n<p><a href=\"https:\/\/www.ealixir.com\/it\/contatti\/\"><br \/>\n\t\t\t\t\t\t\t\t\t\t\t\t\t\t\t\t\t\t\t\t\t\t\t\t\t\t\t\t\tCONTACTEZ-NOUS POUR UN DEVIS\t\t\t\t\t\t\t\t\t\t\t\t\t\t\t\t\t\t\t\t\t\t\t\t\t\t\t\t\t<\/a><\/p>\n<p>Contactez-nous pour recevoir des informations compl\u00e9mentaires sur nos services ou un devis personnalis\u00e9.<br \/>\n\t\t\t\t\t\t\t\t\t\t\t\t\t\t\t\t\t\t\t\t\t\t\t\t\t\t\t\t\t\t\t\t\t\t\t\t\t<a href=\"https:\/\/www.ealixir.com\/it\/contatti\/\"><br \/>\n\t\t\t\t\t\t\t\t\t\t\t\t\t\tCONTACTEZ-NOUS\t\t\t\t\t\t\t\t\t\t\t\t\t<\/a><\/p>\n<p><!-- \/row --><\/p>\n<p>AUTRES SERVICES\t\t\t\t\t\t\t\t<\/p>\n<p><a href=\"https:\/\/www.ealixir.com\/it\/removal\/\"><br \/>\n\t\t\t\t\t\t\t\t\t\t\t\t\t\t\t\t\t\t\t\t\t\t\t\t\t<img loading=\"lazy\" decoding=\"async\" width=\"326\" height=\"118\" src=\"https:\/\/www.ealixir.com\/wp-content\/uploads\/2019\/08\/removal_gradient.svg\" \/>\t\t\t\t\t\t\t\t\t\t\t\t\t\t\t\t\t\t\t\t\t\t\t\t\t<\/a><\/p>\n<p>Leader mondial dans la suppression de liens n\u00e9gatifs<\/p>\n<p><a href=\"https:\/\/www.ealixir.com\/it\/newsdelete\/\"><br \/>\n\t\t\t\t\t\t\t\t\t\t\t\t\t\t\t\t\t\t\t\t\t\t\t\t\t<img loading=\"lazy\" decoding=\"async\" width=\"326\" height=\"118\" src=\"https:\/\/www.ealixir.com\/wp-content\/uploads\/2019\/08\/newsdelete_gradient.svg\" \/>\t\t\t\t\t\t\t\t\t\t\t\t\t\t\t\t\t\t\t\t\t\t\t\t\t<\/a><\/p>\n<p>Tout le monde a le droit \u00e0 une nouvelle opportunit\u00e9<\/p>\n<p><a href=\"https:\/\/www.ealixir.com\/it\/story\/\"><br \/>\n\t\t\t\t\t\t\t\t\t\t\t\t\t\t\t\t\t\t\t\t\t\t\t\t\t<img loading=\"lazy\" decoding=\"async\" width=\"326\" height=\"118\" src=\"https:\/\/www.ealixir.com\/wp-content\/uploads\/2019\/08\/story_gradient.svg\" \/>\t\t\t\t\t\t\t\t\t\t\t\t\t\t\t\t\t\t\t\t\t\t\t\t\t<\/a><\/p>\n<p>R\u00e9\u00e9crivez votre histoire num\u00e9rique avec nous<\/p>\n<p><a href=\"https:\/\/www.ealixir.com\/it\/webid\/\"><br \/>\n\t\t\t\t\t\t\t\t\t\t\t\t\t\t\t\t\t\t\t\t\t\t\t\t\t<img loading=\"lazy\" decoding=\"async\" width=\"326\" height=\"118\" src=\"https:\/\/www.ealixir.com\/wp-content\/uploads\/2019\/08\/webid_gradient.svg\" \/>\t\t\t\t\t\t\t\t\t\t\t\t\t\t\t\t\t\t\t\t\t\t\t\t\t<\/a><\/p>\n<p>Nous faisons un check-up de votre image sur le web<\/p>\n<p><a href=\"https:\/\/www.ealixir.com\/it\/event-launch\/\"><br \/>\n\t\t\t\t\t\t\t\t\t\t\t\t\t\t\t\t\t\t\t\t\t\t\t\t\t<img decoding=\"async\" src=\"https:\/\/www.ealixir.com\/wp-content\/uploads\/2021\/09\/events_gradient.svg\" \/>\t\t\t\t\t\t\t\t\t\t\t\t\t\t\t\t\t\t\t\t\t\t\t\t\t<\/a><\/p>\n<p>Nous assurons la promotion de vos \u00e9v\u00e9nements dans le monde entier<\/p>\n<p><!-- \/row --><\/p>\n","protected":false},"excerpt":{"rendered":"<p class=\"excerpt\">NOUS \u00c9LABORONS LA STRAT\u00c9GIE DE COMMUNICATION OU D&#8217;ENTREPRISE LA PLUS EFFICACE Nous diffusons sur le net les contenus adapt\u00e9s \u00e0 votre objectif COMMENT NOUS TRAVAILLONSEalixir Analytics collecte en temps r\u00e9el des big data concernant les \u00c9tats, les institutions, les partis politiques, les candidats et les personnalit\u00e9s travaillant dans ces structures. Gr\u00e2ce \u00e0 la plateforme d&#8217;\u00e9coute [&hellip;]<\/p>\n","protected":false},"author":24,"featured_media":0,"parent":0,"menu_order":0,"comment_status":"closed","ping_status":"closed","template":"builder.php","meta":{"footnotes":""},"class_list":["post-44952","page","type-page","status-publish","hentry"],"_links":{"self":[{"href":"https:\/\/www.ealixir.com\/fr\/wp-json\/wp\/v2\/pages\/44952","targetHints":{"allow":["GET"]}}],"collection":[{"href":"https:\/\/www.ealixir.com\/fr\/wp-json\/wp\/v2\/pages"}],"about":[{"href":"https:\/\/www.ealixir.com\/fr\/wp-json\/wp\/v2\/types\/page"}],"author":[{"embeddable":true,"href":"https:\/\/www.ealixir.com\/fr\/wp-json\/wp\/v2\/users\/24"}],"replies":[{"embeddable":true,"href":"https:\/\/www.ealixir.com\/fr\/wp-json\/wp\/v2\/comments?post=44952"}],"version-history":[{"count":301,"href":"https:\/\/www.ealixir.com\/fr\/wp-json\/wp\/v2\/pages\/44952\/revisions"}],"predecessor-version":[{"id":62356,"href":"https:\/\/www.ealixir.com\/fr\/wp-json\/wp\/v2\/pages\/44952\/revisions\/62356"}],"wp:attachment":[{"href":"https:\/\/www.ealixir.com\/fr\/wp-json\/wp\/v2\/media?parent=44952"}],"curies":[{"name":"wp","href":"https:\/\/api.w.org\/{rel}","templated":true}]}}