{"id":43195,"date":"2020-05-22T13:32:14","date_gmt":"2020-05-22T13:32:14","guid":{"rendered":"https:\/\/www.ealixir.com\/manifesto-2\/"},"modified":"2026-01-14T18:20:50","modified_gmt":"2026-01-14T18:20:50","slug":"manifesto","status":"publish","type":"page","link":"https:\/\/www.ealixir.com\/fr\/manifesto\/","title":{"rendered":"Mission"},"content":{"rendered":"<p><img loading=\"lazy\" decoding=\"async\" width=\"326\" height=\"118\" src=\"https:\/\/www.ealixir.com\/wp-content\/uploads\/2019\/08\/ealixir_gradient.svg\" \/>\t\t\t\t<\/p>\n<p>Miami, 17.05.2020<\/p>\n<p>Ealixir Inc. 1395 Brickell Ave Suite 800 Miami, FL 33131<\/p>\n<p><!-- \/row --><\/p>\n<p>ManifestoNous n&#8217;innovons pas. Nous faisons la R\u00c9VOLUTION.Les id\u00e9es r\u00e9volutionnaires ont toutes une chose en commun : elles sont simples.&nbsp;Toutes les grandes id\u00e9es qui ont fait la fortune de la Silicon Valley sont toutes des id\u00e9es extr\u00eamement simples qui visent \u00e0 satisfaire les n\u00e9cessit\u00e9s primaires des personnes. &nbsp;L&#8217;id\u00e9e de Facebook est celle de permettre aux personnes \u00e9loign\u00e9es de rester en contact.&nbsp;L&#8217;id\u00e9e d&#8217;Instagram est celle de permettre aux personnes de partager leurs photos.&nbsp;L&#8217;id\u00e9e d&#8217;Uber est celle de donner aux personnes la possibilit\u00e9 d&#8217;obtenir des taxis \u00e0 moindre prix et plus efficaces. &nbsp;L&#8217;id\u00e9e d&#8217;AirBnB est de donner la possibilit\u00e9 aux personnes de s\u00e9journer dans le monde entier d&#8217;une mani\u00e8re plus atmosph\u00e9rique que dans un h\u00f4tel.L&#8217;id\u00e9e d&#8217;Ealixir Inc. est de donner aux personnes la possibilit\u00e9 de choisir les liens qui apparaissent lorsque quelqu&#8217;un fait une recherche \u00e0 leur sujet sur Google.Dans le monde actuel, personne ne se soucie de votre carte de visite : cinq minutes apr\u00e8s que vous l&#8217;ayez remise, elle finit \u00e0 la poubelle. &nbsp;La seule chose qui compte lorsque vous vous pr\u00e9sentez \u00e0 quelqu&#8217;un, ce sont les dix premiers liens qui apparaissent lorsque cette personne met votre nom sur Google.&nbsp;C&#8217;est ce qu&#8217;on appelle \u00ab l&#8217;\u00e9conomie de la r\u00e9putation \u00bb : personne n&#8217;a le temps de v\u00e9rifier directement la tonne d&#8217;informations que nous recevons chaque jour. Vous devez prendre en consid\u00e9ration ce qui se trouve sur le web. &nbsp;C&#8217;est pourquoi de nombreuses entreprises se font une r\u00e9putation sur le web et beaucoup d&#8217;entreprises font de la suppression de liens.Toutefois, aucune entreprise au monde n&#8217;offre les services d&#8217;Ealixir, \u00e0 savoir mod\u00e9liser \u00e0 votre propre image et ressemblance les liens qui apparaissent sur l&#8217;\u00e9cran de recherche de Google, en supprimant les ind\u00e9sirables et en en cr\u00e9ant de nouveaux.La philosophie d&#8217;Ealixir n&#8217;est pas une philosophie innovante : c&#8217;est une philosophie subversive, car elle bouleverse les r\u00e8gles sur lesquelles le web \u00e9tait bas\u00e9 jusqu&#8217;\u00e0 pr\u00e9sent.&nbsp;Avant Ealixir, l&#8217;individu \u00e9tait contraint de subir ce que Google disait de lui : il n&#8217;avait aucun moyen d&#8217;interf\u00e9rer.Avec Ealixir, c&#8217;est l&#8217;individu qui d\u00e9cide ce que Google dit de lui.Dans la vie r\u00e9elle, lorsqu&#8217;on se rend \u00e0 un entretien d&#8217;embauche ou \u00e0 un rendez-vous, on choisit la robe, la veste, les chaussures avec lesquelles on se pr\u00e9sente. &nbsp;Chez Ealixir, nous sommes convaincus que les choses devraient fonctionner de la m\u00eame mani\u00e8re sur le web.&nbsp;Avant Ealixir, c&#8217;\u00e9tait Google qui choisissait \u00e0 notre place.Avec Ealixir, nous pouvons choisir comment nous nous pr\u00e9sentons sur Google. Un lien \u00e0 la fois.La r\u00e9volution d&#8217;Ealixir repose sur trois piliers. Supprimer les liens obsol\u00e8tes ou les fausses nouvelles (fake news) concernant une personne ou une entreprise (Ealixir Removal). Cr\u00e9er des liens positifs int\u00e9ressants, dans lesquels promouvoir la personne et son activit\u00e9 (Ealixir Story).&nbsp;La r\u00e9volution Ealixir est donc une r\u00e9volution bas\u00e9e sur la libert\u00e9 : la libert\u00e9 de choisir ce que le web dit de nous.Une libert\u00e9 gard\u00e9e, en parall\u00e8le, par un code d&#8217;\u00e9thique pr\u00e9cis : Ealixir, par choix et non par obligation l\u00e9gislative, ne propose pas ses services \u00e0 ceux qui ont commis dans le pass\u00e9 des d\u00e9lits et crimes li\u00e9s aux stup\u00e9fiants, aux associations de malfaiteurs, \u00e0 la violence contre les femmes ou les mineurs, \u00e0 la p\u00e9dophilie. En outre, avant de travailler avec un client, nous demandons toujours un extrait du registre des poursuites p\u00e9nales en cours et nous nous assurons de l&#8217;absence de poursuite.&nbsp;Ealixir est la pionni\u00e8re d&#8217;une nouvelle \u00e8re d&#8217;utilisation et de consommation du web. L&#8217;\u00e8re de la libert\u00e9. L&#8217;\u00e8re o\u00f9 les personnes ne subissent plus le web mais le gouvernent.&nbsp;Une toute nouvelle vie commence maintenant.<\/p>\n<p><!-- \/row --><\/p>\n<p><img loading=\"lazy\" decoding=\"async\" width=\"3\" height=\"3\" src=\"https:\/\/www.ealixir.com\/wp-content\/uploads\/2020\/05\/sign.png\" \/>\t\t\t\t<\/p>\n<p><!-- \/row --><\/p>\n","protected":false},"excerpt":{"rendered":"<p class=\"excerpt\">Miami, 17.05.2020 Ealixir Inc. 1395 Brickell Ave Suite 800 Miami, FL 33131 ManifestoNous n&#8217;innovons pas. Nous faisons la R\u00c9VOLUTION.Les id\u00e9es r\u00e9volutionnaires ont toutes une chose en commun : elles sont simples.&nbsp;Toutes les grandes id\u00e9es qui ont fait la fortune de la Silicon Valley sont toutes des id\u00e9es extr\u00eamement simples qui visent \u00e0 satisfaire les n\u00e9cessit\u00e9s [&hellip;]<\/p>\n","protected":false},"author":24,"featured_media":0,"parent":0,"menu_order":0,"comment_status":"closed","ping_status":"closed","template":"builder.php","meta":{"footnotes":""},"class_list":["post-43195","page","type-page","status-publish","hentry"],"_links":{"self":[{"href":"https:\/\/www.ealixir.com\/fr\/wp-json\/wp\/v2\/pages\/43195","targetHints":{"allow":["GET"]}}],"collection":[{"href":"https:\/\/www.ealixir.com\/fr\/wp-json\/wp\/v2\/pages"}],"about":[{"href":"https:\/\/www.ealixir.com\/fr\/wp-json\/wp\/v2\/types\/page"}],"author":[{"embeddable":true,"href":"https:\/\/www.ealixir.com\/fr\/wp-json\/wp\/v2\/users\/24"}],"replies":[{"embeddable":true,"href":"https:\/\/www.ealixir.com\/fr\/wp-json\/wp\/v2\/comments?post=43195"}],"version-history":[{"count":11,"href":"https:\/\/www.ealixir.com\/fr\/wp-json\/wp\/v2\/pages\/43195\/revisions"}],"predecessor-version":[{"id":62382,"href":"https:\/\/www.ealixir.com\/fr\/wp-json\/wp\/v2\/pages\/43195\/revisions\/62382"}],"wp:attachment":[{"href":"https:\/\/www.ealixir.com\/fr\/wp-json\/wp\/v2\/media?parent=43195"}],"curies":[{"name":"wp","href":"https:\/\/api.w.org\/{rel}","templated":true}]}}