{"id":40223,"date":"2019-10-24T09:57:59","date_gmt":"2019-10-24T09:57:59","guid":{"rendered":"https:\/\/www-2020.ealixir.com\/work-with-us\/"},"modified":"2024-03-20T18:24:07","modified_gmt":"2024-03-20T18:24:07","slug":"rejoignez-notre-equipe","status":"publish","type":"page","link":"https:\/\/www.ealixir.com\/fr\/rejoignez-notre-equipe\/","title":{"rendered":"Rejoignez notre \u00e9quipe"},"content":{"rendered":"<p>REJOIGNEZ NOTRE \u00c9QUIPEEalixir est constamment en expansion et \u00e0 la recherche de nouveaux talents. Mettez en jeu votre exp\u00e9rience et vos comp\u00e9tences et devenez l\u2019acteur d\u2019une r\u00e9alit\u00e9 internationale, technologique, innovante et en constante \u00e9volution. Faites une recherche parmi les opportunit\u00e9s de carri\u00e8re et envoyez-nous rapidement votre candidature.\t\t\t\t\t\t\t\t\t\t\t\t\t<\/p>\n<p><!--Nom et pr\u00e9nom--><\/p>\n<p><!--E-mail--><\/p>\n<p><!--Ruolo--><br \/>\n&#8212;Sales Manager USASales Manager EuropaSales LATAM<br \/>\n<!--Area--><br \/>\n&#8212;<br \/>\n<!--Message--><br \/>\nPolitique de confidentialit\u00e9*<br \/>\nJe d\u00e9clare avoir lu la <a href=\"\/privacy-policy\">politique de confidentialit\u00e9<\/a> et j\u2019autorise le traitement de mes donn\u00e9es personnelles \u00e0 des fins de pr\u00e9vision de service et pour l\u2019ex\u00e9cution int\u00e9grale des obligations contractuelles et l\u00e9gales.<br \/>\nJ&#039;autoriseJe n\u2019autorise pas le traitement de mes donn\u00e9es personnelles pour la transmission de communications informatives ou promotionnelles par courriel, par bulletin d\u2019information ou par invitation \u00e0 des \u00e9v\u00e9nements d\u2019Ealixir.<\/p>\n","protected":false},"excerpt":{"rendered":"<p class=\"excerpt\">REJOIGNEZ NOTRE \u00c9QUIPEEalixir est constamment en expansion et \u00e0 la recherche de nouveaux talents. Mettez en jeu votre exp\u00e9rience et vos comp\u00e9tences et devenez l\u2019acteur d\u2019une r\u00e9alit\u00e9 internationale, technologique, innovante et en constante \u00e9volution. Faites une recherche parmi les opportunit\u00e9s de carri\u00e8re et envoyez-nous rapidement votre candidature. &#8212;Sales Manager USASales Manager EuropaSales LATAM &#8212; Politique [&hellip;]<\/p>\n","protected":false},"author":24,"featured_media":0,"parent":0,"menu_order":0,"comment_status":"closed","ping_status":"closed","template":"builder.php","meta":{"footnotes":""},"class_list":["post-40223","page","type-page","status-publish","hentry"],"_links":{"self":[{"href":"https:\/\/www.ealixir.com\/fr\/wp-json\/wp\/v2\/pages\/40223","targetHints":{"allow":["GET"]}}],"collection":[{"href":"https:\/\/www.ealixir.com\/fr\/wp-json\/wp\/v2\/pages"}],"about":[{"href":"https:\/\/www.ealixir.com\/fr\/wp-json\/wp\/v2\/types\/page"}],"author":[{"embeddable":true,"href":"https:\/\/www.ealixir.com\/fr\/wp-json\/wp\/v2\/users\/24"}],"replies":[{"embeddable":true,"href":"https:\/\/www.ealixir.com\/fr\/wp-json\/wp\/v2\/comments?post=40223"}],"version-history":[{"count":13,"href":"https:\/\/www.ealixir.com\/fr\/wp-json\/wp\/v2\/pages\/40223\/revisions"}],"predecessor-version":[{"id":42336,"href":"https:\/\/www.ealixir.com\/fr\/wp-json\/wp\/v2\/pages\/40223\/revisions\/42336"}],"wp:attachment":[{"href":"https:\/\/www.ealixir.com\/fr\/wp-json\/wp\/v2\/media?parent=40223"}],"curies":[{"name":"wp","href":"https:\/\/api.w.org\/{rel}","templated":true}]}}