{"id":40212,"date":"2019-11-19T15:00:35","date_gmt":"2019-11-19T15:00:35","guid":{"rendered":"https:\/\/www-2020.ealixir.com\/faq\/"},"modified":"2024-03-20T18:57:54","modified_gmt":"2024-03-20T18:57:54","slug":"faq","status":"publish","type":"page","link":"https:\/\/www.ealixir.com\/fr\/faq\/","title":{"rendered":"Pourquoi ealixir ?"},"content":{"rendered":"<p>Pourquoi Ealixir?Vous pouvez \u00e9galement parcourir les sujets pour trouver ce que vous cherchez\t\t\t\t\t\t\t\t\t\t\t\t\t<\/p>\n<p>&lt;div class=&quot;ealixir-faq-item ealixir-js-faq-item&quot; ealixir-q=&quot;Pourquoi Ealixir?&quot; ealixir-a=&quot;Ealixir a \u00e9t\u00e9 cr\u00e9\u00e9 pour garantir un besoin actuel : le droit \u00e0 l&#039;oubli sur Internet.Le droit \u00e0 l&#039;oubli sur Internet est le droit de la personne ou de l&#039;entreprise de ne pas \u00eatre expos\u00e9e en permanence \u00e0 des informations anciennes, non pertinentes, nuisibles ou simplement fausses Internet concernant sa personne ou son entreprise. Sur Internet, les informations, les articles et les sites web, contrairement \u00e0 la presse \u00e9crite, peuvent rester visibles et accessibles par les moteurs de recherche, les r\u00e9seaux sociaux ou les sites web de tiers, et ce ind\u00e9finiment. Ealixir s&#039;adresse \u00e0 ceux qui subissent un pilori m\u00e9diatique sur Internet ou qui ne veulent pas \u00eatre expos\u00e9s \u00e0 des informations de tiers susceptibles de rester accessibles \u00e0 l&#039;infini. Ealixir propose ainsi un service de protection du droit \u00e0 l&#039;oubli sur Internet.&#8221;&gt;01Pourquoi Ealixir?&lt;div class=&quot;ealixir-faq-item ealixir-js-faq-item&quot; ealixir-q=&quot;Notes sur le droit \u00e0 l&#039;oubli&quot; ealixir-a=&quot;Le droit \u00e0 l&#039;oubli est une nouveaut\u00e9 absolue dans le panorama l\u00e9gislatif europ\u00e9en qui d\u00e9coule de l&#039;\u00e9volution technologique d&#039;Internet et de l&#039;infinie vari\u00e9t\u00e9 de dispositifs mobiles permettant le stockage massif d&#039;informations en ligne, en particulier la num\u00e9risation des informations personnelles et la possibilit\u00e9 de les r\u00e9cup\u00e9rer avec une simplicit\u00e9 absolue, en temps r\u00e9el, notamment par le biais de moteurs de recherche tels que \u00ab Google \u00bb.Le droit \u00e0 l&#039;oubli sur Internet va au-del\u00e0 de la protection de la vie priv\u00e9e et est n\u00e9 \u00e0 la suite d&#039;\u00e9laborations doctrinales et jurisprudentielles des l\u00e9gislateurs europ\u00e9ens face aux nouveaux d\u00e9fis qu&#039;Internet pr\u00e9sente pour les personnes. La premi\u00e8re \u00e9tape marquante \u00e0 ce sujet a \u00e9t\u00e9 l&#039;arr\u00eat de la Cour de justice de l&#039;Union europ\u00e9enne dans l&#039;affaire C-131\/12 du 13 mai 2014, opposant Google Spain \u00e0 l&#039;Agence espagnole de protection des donn\u00e9es, qui a jug\u00e9 en substance qu&#039;un moteur de recherche (type : Google) est responsable du traitement des donn\u00e9es \u00e0 caract\u00e8re personnel qui apparaissent sur ses sites web, m\u00eame si le contenu de ces informations appartient \u00e0 des tiers.Suite \u00e0 cet arr\u00eat de la CJUE et au R\u00e8glement UE 2016\/679 du Parlement europ\u00e9en et du Conseil du 27 avril 2016 relatif \u00e0 la protection des donn\u00e9es personnelles, r\u00e9cemment promulgu\u00e9, elle a int\u00e9gr\u00e9 le droit \u00e0 l&#039;oubli dans ses articles, et plus pr\u00e9cis\u00e9ment l&#039;art. 17, qui stipule que la personne concern\u00e9e a le droit d&#039;obtenir l&#039;effacement des donn\u00e9es personnelles num\u00e9riques la concernant sur internet \u00e0 partir de tout m\u00e9dia en ligne, r\u00e9seau social ou site web.Il est \u00e9vident que le d\u00e9lai requis varie d&#039;un cas \u00e0 l&#039;autre, en fonction des exigences subjectives (par exemple : qui est l&#039;int\u00e9ress\u00e9, s&#039;il s&#039;agit d&#039;une personnalit\u00e9 publique ou d&#039;un homme politique, etc.) et objectives (ce qu&#039;a fait la personne, si la publication de la nouvelle peut \u00eatre utile \u00e0 la communaut\u00e9) ?&#8221;&gt;02Notes sur le droit \u00e0 l&#039;oubli&lt;div class=&quot;ealixir-faq-item ealixir-js-faq-item&quot; ealixir-q=&quot;Comment fonctionne Ealixir?&quot; ealixir-a=&quot;Les services propos\u00e9s par Ealixir consistent \u00e0 ce que les contenus ind\u00e9sirables sur Internet ne soient plus visibles (ainsi que les donn\u00e9es personnelles qui leur sont associ\u00e9es). En fonction du probl\u00e8me, l&#039;une des m\u00e9thodes suivantes sera employ\u00e9e :\u2022 Suppression de la page web ind\u00e9sirable : ce service consiste \u00e0 supprimer la page ind\u00e9sirable lorsque les conditions sont r\u00e9unies pour invoquer le droit \u00e0 l&#039;oubli.\u2022 Modification de donn\u00e9es personnelles sur le site web ind\u00e9sirable : ce service consiste \u00e0 corriger les donn\u00e9es personnelles ou \u00e0 remplacer le nom de la personne par ses initiales, de sorte que lors de la recherche de ses donn\u00e9es personnelles sur Google, elles n&#039;apparaissent plus.\u2022 D\u00e9sindexation de pages web non d\u00e9sir\u00e9es : C&#039;est la solution propos\u00e9e par la Cour de justice de l&#039;Union europ\u00e9enne pour supprimer les donn\u00e9es personnelles sur Internet \u00e0 l&#039;aide de techniques informatiques. Il s&#039;agit de dispara\u00eetre des premi\u00e8res positions dans le moteur de recherche Google, \u00e0 partir de la dixi\u00e8me page, pour qu&#039;en cas de recherche de votre nom + pr\u00e9nom vous ne soyez plus visible.&#8221;&gt;03Comment fonctionne Ealixir?&lt;div class=&quot;ealixir-faq-item ealixir-js-faq-item&quot; ealixir-q=&quot;Qu&#039;est-ce qui distingue le service propos\u00e9 par Ealixir de celui d&#039;autres entreprises&quot; ealixir-a=&quot;Ealixir est la premi\u00e8re soci\u00e9t\u00e9 \u00e0 fournir ce service et est maintenant le leader au niveau mondial. Cette position sur le march\u00e9 d\u00e9pend d&#039;un facteur d\u00e9terminant, d\u00fb \u00e0 l&#039;exp\u00e9rience acquise au fil des ans : Ealixir est seul \u00e0 pouvoir garantir ce service et \u00e0 offrir la formule \u00ab satisfait ou rembours\u00e9 \u00bb. Ealixir a servi plus de 5 000 clients \u00e0 ce jour, tant des particuliers que des entreprises, avec une proportion de 99 % de clients satisfaits.&#8221;&gt;04Qu&#039;est-ce qui distingue le service propos\u00e9 par Ealixir de celui d&#039;autres entreprises&lt;div class=&quot;ealixir-faq-item ealixir-js-faq-item&quot; ealixir-q=&quot;Qui peut b\u00e9n\u00e9ficier du service Ealixir?&quot; ealixir-a=&quot;Toute personne, priv\u00e9e ou entreprise, souhaitant supprimer du contenu sur le web.Consultez notre Code de conduite, auquel adh\u00e8re l&#039;ensemble du groupe Ealixir <a href='https:\/\/www.ealixir.com\/wp-content\/uploads\/2021\/02\/Ealixir-Code-of-Conduct-and-Ethics-ES.pdf'>https:\/\/www.ealixir.com\/wp-content\/uploads\/2021\/02\/Ealixir-Code-of-Conduct-and-Ethics-ES.pdf<\/a>&#8220;&gt;05Qui peut b\u00e9n\u00e9ficier du service Ealixir?&lt;div class=&quot;ealixir-faq-item ealixir-js-faq-item&quot; ealixir-q=&quot;Combien de temps faut-il pour supprimer un contenu ind\u00e9sirable?&quot; ealixir-a=&quot;Cela d\u00e9pend de chaque cas, du nombre de liens et de la page o\u00f9 les contenus sont publi\u00e9s, g\u00e9n\u00e9ralement de 1 \u00e0 9 mois.Pour plus d&#039;informations, veuillez nous contacter :<a href='https:\/\/www.ealixir.com\/es\/contactar\/'>https:\/\/www.ealixir.com\/es\/contactar\/<\/a>&#8220;&gt;06Combien de temps faut-il pour supprimer un contenu ind\u00e9sirable?&lt;div class=&quot;ealixir-faq-item ealixir-js-faq-item&quot; ealixir-q=&quot;Combien de temps se passe-t-il entre la publication de l&#039;article et le d\u00e9but de vos services&quot; ealixir-a=&quot;Le temps qui doit s&#039;\u00e9couler entre la publication du contenu ind\u00e9sirable et le d\u00e9but du processus de travail d\u00e9pend des cas.Pour plus d&#039;informations, veuillez nous contacter :<a href='https:\/\/www.ealixir.com\/es\/contactar\/'>https:\/\/www.ealixir.com\/es\/contactar\/<\/a>Vous pouvez aussi nous envoyer un message :<a href='https:\/\/www.ealixir.com\/es\/quienes-somos\/'>https:\/\/www.ealixir.com\/es\/quienes-somos\/<\/a>&#8220;&gt;07Combien de temps se passe-t-il entre la publication de l&#039;article et le d\u00e9but de vos services&lt;div class=&quot;ealixir-faq-item ealixir-js-faq-item&quot; ealixir-q=&quot;Quel est le prix du service?&quot; ealixir-a=&quot;Cela d\u00e9pend de chaque cas, du nombre de liens et de la page sur laquelle ils sont publi\u00e9s. La valeur de r\u00e9f\u00e9rence est g\u00e9n\u00e9ralement comprise entre 1000 et 2000 euros par lien.Si vous souhaitez obtenir un devis gratuit, n&#039;h\u00e9sitez pas \u00e0 nous contacter : <a href='https:\/\/www.ealixir.com\/es\/contactar\/'>https:\/\/www.ealixir.com\/es\/contactar\/<\/a>&#8220;&gt;08Quel est le prix du service?&lt;div class=&quot;ealixir-faq-item ealixir-js-faq-item&quot; ealixir-q=&quot;Les contenus supprim\u00e9s ne sont plus visibles d&#039;aucune mani\u00e8re?&quot; ealixir-a=&quot;En cas de suppression de la page web ind\u00e9sirable, celle-ci dispara\u00eet d\u00e9finitivement et n&#039;est plus accessible avec aucun des moteurs de recherche utilis\u00e9s.En cas de modification des donn\u00e9es personnelles, la page web reste mais est modifi\u00e9e, de sorte que lors d&#039;une recherche dans un moteur et lors de l&#039;ouverture de la page web du site qui a publi\u00e9 la nouvelle, le nom du client n&#039;appara\u00eet plus. Gr\u00e2ce \u00e0 ce changement, la page web n&#039;appara\u00eet plus dans les recherches utilisant le nom du client.En cas de d\u00e9sindexation, le moteur de recherche rend difficile l&#039;acc\u00e8s au site web dans le pays d&#039;int\u00e9r\u00eat choisi par le client au moment de la signature du contrat (par exemple, Google Italie, Google Suisse, etc.).&#8221;&gt;09Les contenus supprim\u00e9s ne sont plus visibles d&#039;aucune mani\u00e8re?&lt;div class=&quot;ealixir-faq-item ealixir-js-faq-item&quot; ealixir-q=&quot;Que se passe-t-il si j&#039;utilise un autre moteur de recherche que Google?&#8221; ealixir-a=&#8221;En cas de suppression ou de modification, le contenu ne sera plus visible par aucun moteur de recherche internet. En cas de d\u00e9sindexation, le contenu dispara\u00eetra des premi\u00e8res pages des moteurs de recherche contractuels.&#8221;&gt;10Que se passe-t-il si j&#039;utilise un autre moteur de recherche que Google?&lt;div class=&quot;ealixir-faq-item ealixir-js-faq-item&quot; ealixir-q=&quot;Si je ne suis pas satisfait, puis-je obtenir un remboursement?&#8221; ealixir-a=&#8221;Nous sommes la seule entreprise du secteur \u00e0 garantir un remboursement \u00e0 100 %. Cependant, n&#039;oubliez pas que 99% des clients d&#039;Ealixir sont satisfaits.&#8221;&gt;11Si je ne suis pas satisfait, puis-je obtenir un remboursement?&lt;div class=&quot;ealixir-faq-item ealixir-js-faq-item&quot; ealixir-q=&quot;Est-il possible de supprimer toute information notamment sur les r\u00e9seaux sociaux?&#8221; ealixir-a=&#8221;Oui, bien s\u00fbr. Toutefois, cela doit \u00eatre examin\u00e9 au cas par cas. N&#039;h\u00e9sitez pas \u00e0 nous contacter pour recevoir plus d&#039;informations, et nous vous contacterons dans les 48 heures :Par courrier \u00e9lectronique :<a href='https:\/\/www.ealixir.com\/es\/contactar\/'>https:\/\/www.ealixir.com\/es\/contactar\/<\/a>Vous pouvez aussi nous envoyer un message :<a href='https:\/\/www.ealixir.com\/es\/quienes-somos\/'>https:\/\/www.ealixir.com\/es\/quienes-somos\/<\/a>&#8220;&gt;12Est-il possible de supprimer toute information notamment sur les r\u00e9seaux sociaux?<!-- Plugin CSS --><\/p>\n<p><!-- Plugin JS --><\/p>\n","protected":false},"excerpt":{"rendered":"<p class=\"excerpt\">Pourquoi Ealixir?Vous pouvez \u00e9galement parcourir les sujets pour trouver ce que vous cherchez &lt;div class=&quot;ealixir-faq-item ealixir-js-faq-item&quot; ealixir-q=&quot;Pourquoi Ealixir?&quot; ealixir-a=&quot;Ealixir a \u00e9t\u00e9 cr\u00e9\u00e9 pour garantir un besoin actuel : le droit \u00e0 l&#039;oubli sur Internet.Le droit \u00e0 l&#039;oubli sur Internet est le droit de la personne ou de l&#039;entreprise de ne pas \u00eatre expos\u00e9e en permanence [&hellip;]<\/p>\n","protected":false},"author":24,"featured_media":0,"parent":0,"menu_order":0,"comment_status":"closed","ping_status":"closed","template":"builder.php","meta":{"footnotes":""},"class_list":["post-40212","page","type-page","status-publish","hentry"],"_links":{"self":[{"href":"https:\/\/www.ealixir.com\/fr\/wp-json\/wp\/v2\/pages\/40212","targetHints":{"allow":["GET"]}}],"collection":[{"href":"https:\/\/www.ealixir.com\/fr\/wp-json\/wp\/v2\/pages"}],"about":[{"href":"https:\/\/www.ealixir.com\/fr\/wp-json\/wp\/v2\/types\/page"}],"author":[{"embeddable":true,"href":"https:\/\/www.ealixir.com\/fr\/wp-json\/wp\/v2\/users\/24"}],"replies":[{"embeddable":true,"href":"https:\/\/www.ealixir.com\/fr\/wp-json\/wp\/v2\/comments?post=40212"}],"version-history":[{"count":16,"href":"https:\/\/www.ealixir.com\/fr\/wp-json\/wp\/v2\/pages\/40212\/revisions"}],"predecessor-version":[{"id":48353,"href":"https:\/\/www.ealixir.com\/fr\/wp-json\/wp\/v2\/pages\/40212\/revisions\/48353"}],"wp:attachment":[{"href":"https:\/\/www.ealixir.com\/fr\/wp-json\/wp\/v2\/media?parent=40212"}],"curies":[{"name":"wp","href":"https:\/\/api.w.org\/{rel}","templated":true}]}}