{"id":40191,"date":"2019-08-30T13:11:35","date_gmt":"2019-08-30T13:11:35","guid":{"rendered":"https:\/\/www-2020.ealixir.com\/ethical-code\/"},"modified":"2024-03-19T10:16:50","modified_gmt":"2024-03-19T10:16:50","slug":"code-d-ethique","status":"publish","type":"page","link":"https:\/\/www.ealixir.com\/fr\/code-d-ethique\/","title":{"rendered":"Code d\u2019\u00e9thique"},"content":{"rendered":"<p>CODE D\u2019\u00c9THIQUELe code d&#8217;\u00e9thique d&#8217;Ealixir est un ensemble de r\u00e8gles, approuv\u00e9es et sign\u00e9es par tous nos employ\u00e9s, visant la r\u00e9gulation interne et externe de l&#8217;entreprise et la protection de nos clients.Le droit \u00e0 l&#8217;oubli est une forme de garantie applicable \u00e0 toute personne et est d\u00e9sormais prot\u00e9g\u00e9 par l&#8217;Union europ\u00e9enne et les lois des diff\u00e9rents \u00c9tats membres. Un nombre croissant de jugements confirment l&#8217;existence de ce droit (Cour europ\u00e9enne, tribunaux nationaux, autorit\u00e9s charg\u00e9es de la protection de la vie priv\u00e9e) et sa validit\u00e9.Le droit \u00e0 l&#8217;oubli peut \u00eatre exerc\u00e9 par toute personne qui a un int\u00e9r\u00eat, en pr\u00e9sence des conditions juridiques requises pour l&#8217;invoquer. Selon les statistiques, les informations ind\u00e9sirables dont la suppression est demand\u00e9e concernent le contenu des actualit\u00e9s juridiques. La condamnation \u00e0 la suite d&#8217;une proc\u00e9dure p\u00e9nale et le type d&#8217;infraction contest\u00e9e n&#8217;entra\u00eenent pas n\u00e9cessairement l&#8217;exclusion de la reconnaissance \u00e0 l&#8217;oubli.Ealixir partage les valeurs \u00e9thiques et juridiques du principe selon lequel la loi est la m\u00eame pour tous, tant en cas de d\u00e9fense contre une accusation qu&#8217;en cas d&#8217;affirmation de son propre droit. Toutefois, il existe des cas o\u00f9 des personnes d\u00e9finitivement condamn\u00e9es sont tenues pour responsables de crimes particuli\u00e8rement graves et odieux (on peut citer, par exemple, les crimes de p\u00e9dopornographie, d&#8217;association mafieuse ou de violence contre les femmes et les enfants). Dans de tels cas, Ealixir se r\u00e9serve le droit de refuser le mandat, avec la volont\u00e9 de d\u00e9montrer qu&#8217;une approche professionnelle ne sacrifie pas les valeurs \u00e9thiques au profit et qu&#8217;il existe une v\u00e9ritable interpr\u00e9tation des limites de l&#8217;applicabilit\u00e9 du Droit \u00e0 l&#8217;oubli.<\/p>\n<p><!-- \/row --><\/p>\n","protected":false},"excerpt":{"rendered":"<p class=\"excerpt\">CODE D\u2019\u00c9THIQUELe code d&#8217;\u00e9thique d&#8217;Ealixir est un ensemble de r\u00e8gles, approuv\u00e9es et sign\u00e9es par tous nos employ\u00e9s, visant la r\u00e9gulation interne et externe de l&#8217;entreprise et la protection de nos clients.Le droit \u00e0 l&#8217;oubli est une forme de garantie applicable \u00e0 toute personne et est d\u00e9sormais prot\u00e9g\u00e9 par l&#8217;Union europ\u00e9enne et les lois des diff\u00e9rents [&hellip;]<\/p>\n","protected":false},"author":24,"featured_media":0,"parent":0,"menu_order":0,"comment_status":"closed","ping_status":"closed","template":"builder.php","meta":{"footnotes":""},"class_list":["post-40191","page","type-page","status-publish","hentry"],"_links":{"self":[{"href":"https:\/\/www.ealixir.com\/fr\/wp-json\/wp\/v2\/pages\/40191","targetHints":{"allow":["GET"]}}],"collection":[{"href":"https:\/\/www.ealixir.com\/fr\/wp-json\/wp\/v2\/pages"}],"about":[{"href":"https:\/\/www.ealixir.com\/fr\/wp-json\/wp\/v2\/types\/page"}],"author":[{"embeddable":true,"href":"https:\/\/www.ealixir.com\/fr\/wp-json\/wp\/v2\/users\/24"}],"replies":[{"embeddable":true,"href":"https:\/\/www.ealixir.com\/fr\/wp-json\/wp\/v2\/comments?post=40191"}],"version-history":[{"count":12,"href":"https:\/\/www.ealixir.com\/fr\/wp-json\/wp\/v2\/pages\/40191\/revisions"}],"predecessor-version":[{"id":42341,"href":"https:\/\/www.ealixir.com\/fr\/wp-json\/wp\/v2\/pages\/40191\/revisions\/42341"}],"wp:attachment":[{"href":"https:\/\/www.ealixir.com\/fr\/wp-json\/wp\/v2\/media?parent=40191"}],"curies":[{"name":"wp","href":"https:\/\/api.w.org\/{rel}","templated":true}]}}