{"id":40179,"date":"2019-08-30T12:47:14","date_gmt":"2019-08-30T12:47:14","guid":{"rendered":"https:\/\/www-2020.ealixir.com\/fondazione\/"},"modified":"2024-02-13T18:14:49","modified_gmt":"2024-02-13T18:14:49","slug":"fondation","status":"publish","type":"page","link":"https:\/\/www.ealixir.com\/fr\/fondation\/","title":{"rendered":"Fondation"},"content":{"rendered":"<p><img decoding=\"async\" src=\"https:\/\/www.ealixir.com\/wp-content\/uploads\/2019\/09\/foundation_gradient.svg\" height=\"283.46\" width=\"283.46\" \/>\t\t\t\t<\/p>\n<p>Ealixir Foundation efface des vid\u00e9os et des images compromettantes du webLa Foundation Ealixir met \u00e0 disposition, de mani\u00e8re anonyme et gratuite, sa technologie et son \u00e9quipe de professionnels hautement qualifi\u00e9s afin d&#8217;\u00e9liminer du web les contenus nuisibles \u00e0 la r\u00e9putation et \u00e0 l&#8217;image sociale en ligne de ceux qui n&#8217;ont pas de ressources \u00e9conomiques.La Fondation Ealixir supprime les vid\u00e9os ou images compromettantes (les cas dits de pornographie de vengeance) sur le net, dont la diffusion pourrait causer de s\u00e9rieux d\u00e9sagr\u00e9ments ou de terribles cons\u00e9quences, y compris le suicide, comme cela s&#8217;est produit dans les actualit\u00e9s r\u00e9centes.Ealixir adh\u00e8re \u00e0 un code d&#8217;\u00e9thique strict.<\/p>\n<p><!-- \/row --><\/p>\n<p>Foundation mette a disposizione, in forma anonima e gratuita, la propria tecnologia e la propria squadra di professionisti altamente qualificati al fine di eliminare dal web contenuti lesivi della reputazione online e dell\u2019immagine sociale di coloro che non hanno possibilit\u00e0 economiche.Ealixir Foundation cancella video o immagini compromettenti (i cosidetti casi di revenge porn) presenti in rete, la cui diffusione potrebbe causare gravi disagi o terribili conseguenze, tra le quali il suicidio, come accaduto in recenti casi di cronaca.Ealixir aderisce a un rigido codice etico.\t\t\t\t\t\t\t\t\t\t\t\t\t<\/p>\n","protected":false},"excerpt":{"rendered":"<p class=\"excerpt\">Ealixir Foundation efface des vid\u00e9os et des images compromettantes du webLa Foundation Ealixir met \u00e0 disposition, de mani\u00e8re anonyme et gratuite, sa technologie et son \u00e9quipe de professionnels hautement qualifi\u00e9s afin d&#8217;\u00e9liminer du web les contenus nuisibles \u00e0 la r\u00e9putation et \u00e0 l&#8217;image sociale en ligne de ceux qui n&#8217;ont pas de ressources \u00e9conomiques.La Fondation [&hellip;]<\/p>\n","protected":false},"author":24,"featured_media":0,"parent":0,"menu_order":0,"comment_status":"closed","ping_status":"closed","template":"builder.php","meta":{"footnotes":""},"class_list":["post-40179","page","type-page","status-publish","hentry"],"_links":{"self":[{"href":"https:\/\/www.ealixir.com\/fr\/wp-json\/wp\/v2\/pages\/40179","targetHints":{"allow":["GET"]}}],"collection":[{"href":"https:\/\/www.ealixir.com\/fr\/wp-json\/wp\/v2\/pages"}],"about":[{"href":"https:\/\/www.ealixir.com\/fr\/wp-json\/wp\/v2\/types\/page"}],"author":[{"embeddable":true,"href":"https:\/\/www.ealixir.com\/fr\/wp-json\/wp\/v2\/users\/24"}],"replies":[{"embeddable":true,"href":"https:\/\/www.ealixir.com\/fr\/wp-json\/wp\/v2\/comments?post=40179"}],"version-history":[{"count":11,"href":"https:\/\/www.ealixir.com\/fr\/wp-json\/wp\/v2\/pages\/40179\/revisions"}],"predecessor-version":[{"id":42343,"href":"https:\/\/www.ealixir.com\/fr\/wp-json\/wp\/v2\/pages\/40179\/revisions\/42343"}],"wp:attachment":[{"href":"https:\/\/www.ealixir.com\/fr\/wp-json\/wp\/v2\/media?parent=40179"}],"curies":[{"name":"wp","href":"https:\/\/api.w.org\/{rel}","templated":true}]}}