{"id":18277,"date":"2019-08-30T10:47:56","date_gmt":"2019-08-30T10:47:56","guid":{"rendered":"http:\/\/www.ealixir.com.due-hosting.sq.biz\/story\/"},"modified":"2024-03-18T13:42:47","modified_gmt":"2024-03-18T13:42:47","slug":"story","status":"publish","type":"page","link":"https:\/\/www.ealixir.com\/fr\/story\/","title":{"rendered":"R\u00e9\u00e9crivez votre histoire num\u00e9rique avec nous"},"content":{"rendered":"<p><img decoding=\"async\" src=\"https:\/\/www.ealixir.com\/wp-content\/uploads\/2019\/08\/story_white.svg\" height=\"118\" width=\"326.64\" \/>\t\t\t\t<\/p>\n<p>R\u00c9\u00c9CRIVEZ VOTRE HISTOIRE NUM\u00c9RIQUE AVEC NOUS<br \/>\n\t\t\t\t\t\t\t\t\t\t\t\t\t\t\t\t\t\t\t\t\t\t\t\t\t\t\t\t\t\t\t\t\t\t\t\t\tNous construisons ou renouvelons votre image en ligne<\/p>\n<p><!-- \/row --><\/p>\n<p>R\u00c9\u00c9CRIVEZ VOTRE HISTOIRE NUM\u00c9RIQUE AVEC NOUSEalixir Story offre au client un service unique : la possibilit\u00e9 de faire r\u00e9diger des articles le concernant, en garantissant \u00e0 100% la publication dans des journaux dans plus de 30 pays.&nbsp;Ealixir se pr\u00e9vaut de la collaboration de 500 journalistes r\u00e9partis dans le monde entier et, \u00e0 acc\u00e8s aux publications de 1200 journaux internationaux. Ce r\u00e9seau dense et important de contacts permet \u00e0 Ealixir Story d\u2019\u00e9laborer des plans \u00e9ditoriaux personnalis\u00e9s et de publier les contenus convenus sur des m\u00e9dias internationaux renomm\u00e9s dans les d\u00e9lais impartis.&nbsp;L\u2019 \u00ab histoire \u00bb, racont\u00e9e article apr\u00e8s article, se concentre sur le profil du client et sur son activit\u00e9 professionnelle et, gr\u00e2ce \u00e0 la quantit\u00e9 et \u00e0 la qualit\u00e9 des contenus positifs et \u00e0 l\u2019autorit\u00e9 des m\u00e9dias sur lesquels ils sont v\u00e9hicul\u00e9s, sa r\u00e9putation sur le web en ressortira solide et fiable.\t\t\t\t\t\t\t\t\t\t\t\t\t<\/p>\n<p>Nous recueillons les informations n\u00e9cessaires \u00e0 l\u2019\u00e9laboration d\u2019un plan \u00e9ditorial personnalis\u00e9 et \u00e0 la d\u00e9finition des objectifs et des strat\u00e9gies<\/p>\n<p>Nous identifions les arguments les plus efficaces afin de raconter au mieux votre \u00ab histoire \u00bb, en utilisant comme point de d\u00e9part votre interview qui sera le fil conducteur autour duquel la narration se d\u00e9veloppera et qui donnera lieu \u00e0 la publication des articles dans les d\u00e9lais concord\u00e9s<\/p>\n<p>Nous mesurons les am\u00e9liorations de votre r\u00e9putation en ligne \u00e0 l&#8217;aide de la plateforme d&#8217;\u00e9coute web de notre service WEBiD<\/p>\n<p><!-- \/row --><\/p>\n<p><a href=\"https:\/\/www.ealixir.com\/fr\/ou-nous-trouver\/\"><br \/>\n\t\t\t\t\t\t\t\t\t\t\t\t\t\t\t\t\t\t\t\t\t\t\t\t\t\t\t\t\tCONTACTEZ-NOUS POUR UN DEVIS\t\t\t\t\t\t\t\t\t\t\t\t\t\t\t\t\t\t\t\t\t\t\t\t\t\t\t\t\t<\/a><\/p>\n<p>Contactez-nous pour recevoir des informations compl\u00e9mentaires sur nos services ou un devis personnalis\u00e9.<br \/>\n\t\t\t\t\t\t\t\t\t\t\t\t\t\t\t\t\t\t\t\t\t\t\t\t\t\t\t\t\t\t\t\t\t\t\t\t\t<a href=\"https:\/\/www.ealixir.com\/fr\/ou-nous-trouver\/\"><br \/>\n\t\t\t\t\t\t\t\t\t\t\t\t\t\tCONTACTEZ-NOUS\t\t\t\t\t\t\t\t\t\t\t\t\t<\/a><\/p>\n<p><!-- \/row --><\/p>\n<p>Autres services\t\t\t\t\t\t\t\t<\/p>\n<p><a href=\"https:\/\/www.ealixir.com\/fr\/removal\/\"><br \/>\n\t\t\t\t\t\t\t\t\t\t\t\t\t\t\t\t\t\t\t\t\t\t\t\t\t<img decoding=\"async\" src=\"https:\/\/www.ealixir.com\/wp-content\/uploads\/2019\/08\/removal_gradient.svg\" height=\"118\" width=\"326.64\" \/>\t\t\t\t\t\t\t\t\t\t\t\t\t\t\t\t\t\t\t\t\t\t\t\t\t<\/a><\/p>\n<p>Leader mondial dans la suppression de liens n\u00e9gatifs<\/p>\n<p><a href=\"https:\/\/www.ealixir.com\/fr\/newsdelete\/\"><br \/>\n\t\t\t\t\t\t\t\t\t\t\t\t\t\t\t\t\t\t\t\t\t\t\t\t\t<img decoding=\"async\" src=\"https:\/\/www.ealixir.com\/wp-content\/uploads\/2019\/08\/newsdelete_gradient.svg\" height=\"118\" width=\"326.64\" \/>\t\t\t\t\t\t\t\t\t\t\t\t\t\t\t\t\t\t\t\t\t\t\t\t\t<\/a><\/p>\n<p>Tout le monde a le droit \u00e0 une nouvelle opportunit\u00e9<\/p>\n<p><a href=\"https:\/\/www.ealixir.com\/fr\/webid\/\"><br \/>\n\t\t\t\t\t\t\t\t\t\t\t\t\t\t\t\t\t\t\t\t\t\t\t\t\t<img decoding=\"async\" src=\"https:\/\/www.ealixir.com\/wp-content\/uploads\/2019\/08\/webid_gradient.svg\" height=\"118\" width=\"326.64\" \/>\t\t\t\t\t\t\t\t\t\t\t\t\t\t\t\t\t\t\t\t\t\t\t\t\t<\/a><\/p>\n<p>Nous faisons un check-up de votre image sur le web<\/p>\n<p><a href=\"https:\/\/www.ealixir.com\/fr\/analytics\/\"><br \/>\n\t\t\t\t\t\t\t\t\t\t\t\t\t\t\t\t\t\t\t\t\t\t\t\t\t<img decoding=\"async\" src=\"https:\/\/www.ealixir.com\/wp-content\/uploads\/2021\/07\/analytics-gradient-1.svg\" height=\"118\" width=\"326.64\" \/>\t\t\t\t\t\t\t\t\t\t\t\t\t\t\t\t\t\t\t\t\t\t\t\t\t<\/a><\/p>\n<p>Nous \u00e9laborons la strat\u00e9gie de communication ou d&#8217;entreprise la plus efficace<\/p>\n<p><a href=\"https:\/\/www.ealixir.com\/fr\/event-launch\/\"><br \/>\n\t\t\t\t\t\t\t\t\t\t\t\t\t\t\t\t\t\t\t\t\t\t\t\t\t<img decoding=\"async\" src=\"https:\/\/www.ealixir.com\/wp-content\/uploads\/2021\/09\/events_gradient.svg\" height=\"118\" width=\"326.64\" \/>\t\t\t\t\t\t\t\t\t\t\t\t\t\t\t\t\t\t\t\t\t\t\t\t\t<\/a><\/p>\n<p>Nous assurons la promotion de vos \u00e9v\u00e9nements dans le monde entier<\/p>\n<p><!-- \/row --><\/p>\n","protected":false},"excerpt":{"rendered":"<p class=\"excerpt\">R\u00c9\u00c9CRIVEZ VOTRE HISTOIRE NUM\u00c9RIQUE AVEC NOUS Nous construisons ou renouvelons votre image en ligne R\u00c9\u00c9CRIVEZ VOTRE HISTOIRE NUM\u00c9RIQUE AVEC NOUSEalixir Story offre au client un service unique : la possibilit\u00e9 de faire r\u00e9diger des articles le concernant, en garantissant \u00e0 100% la publication dans des journaux dans plus de 30 pays.&nbsp;Ealixir se pr\u00e9vaut de la [&hellip;]<\/p>\n","protected":false},"author":24,"featured_media":0,"parent":0,"menu_order":0,"comment_status":"closed","ping_status":"closed","template":"builder.php","meta":{"footnotes":""},"class_list":["post-18277","page","type-page","status-publish","hentry"],"_links":{"self":[{"href":"https:\/\/www.ealixir.com\/fr\/wp-json\/wp\/v2\/pages\/18277","targetHints":{"allow":["GET"]}}],"collection":[{"href":"https:\/\/www.ealixir.com\/fr\/wp-json\/wp\/v2\/pages"}],"about":[{"href":"https:\/\/www.ealixir.com\/fr\/wp-json\/wp\/v2\/types\/page"}],"author":[{"embeddable":true,"href":"https:\/\/www.ealixir.com\/fr\/wp-json\/wp\/v2\/users\/24"}],"replies":[{"embeddable":true,"href":"https:\/\/www.ealixir.com\/fr\/wp-json\/wp\/v2\/comments?post=18277"}],"version-history":[{"count":201,"href":"https:\/\/www.ealixir.com\/fr\/wp-json\/wp\/v2\/pages\/18277\/revisions"}],"predecessor-version":[{"id":53865,"href":"https:\/\/www.ealixir.com\/fr\/wp-json\/wp\/v2\/pages\/18277\/revisions\/53865"}],"wp:attachment":[{"href":"https:\/\/www.ealixir.com\/fr\/wp-json\/wp\/v2\/media?parent=18277"}],"curies":[{"name":"wp","href":"https:\/\/api.w.org\/{rel}","templated":true}]}}