{"id":18097,"date":"2019-08-30T10:47:47","date_gmt":"2019-08-30T10:47:47","guid":{"rendered":"http:\/\/www.ealixir.com.due-hosting.sq.biz\/webid\/"},"modified":"2024-02-16T16:15:18","modified_gmt":"2024-02-16T16:15:18","slug":"webid","status":"publish","type":"page","link":"https:\/\/www.ealixir.com\/fr\/webid\/","title":{"rendered":"Nous faisons un check-up de votre image sur le web"},"content":{"rendered":"<p><img decoding=\"async\" src=\"https:\/\/www.ealixir.com\/wp-content\/uploads\/2019\/08\/webid_white.svg\" height=\"118\" width=\"326.64\" \/>\t\t\t\t<\/p>\n<p>NOUS FAISONS UN CHECK-UP DE VOTRE IMAGE SUR LE WEB<br \/>\n\t\t\t\t\t\t\t\t\t\t\t\t\t\t\t\t\t\t\t\t\t\t\t\t\t\t\t\t\t\t\t\t\t\t\t\t\tNous analysons votre identit\u00e9 num\u00e9rique<\/p>\n<p><!-- \/row --><\/p>\n<p>NOUS FAISONS UN CHECK-UP DE VOTRE IMAGE SUR LE WEBWEBiD r\u00e9dige des comptes rendus d\u00e9taill\u00e9s sur les contenus et les conversations figurant sur le web qui concernent les individus, les marques ou les entreprises.&nbsp;L\u2019analyse fournie par WEBiD aide \u00e0 comprendre l\u2019\u00e9tat de sant\u00e9 d\u2019une identit\u00e9 num\u00e9rique et \u00e0 identifier les actions \u00e0 suivre pour construire, am\u00e9liorer ou modifier son positionnement.&nbsp;Gr\u00e2ce \u00e0 notre plateforme d&#8217;\u00e9coute du web, nous sommes en mesure de surveiller les contenus et les conversations sur plus de 90 millions de sources, de montrer les probl\u00e8mes critiques connexes et de proposer la strat\u00e9gie la plus efficace pour harmoniser l&#8217;image r\u00e9elle avec celle pr\u00e9sente sur la toile.\t\t\t\t\t\t\t\t\t\t\t\t\t<\/p>\n<p>Nous identifions les informations qui vous concernent sur Google, tant dans la section \u00ab Actualit\u00e9s \u00bb que dans la section &nbsp;\u00ab Images \u00bb<\/p>\n<p>Nous analysons les recherches sugg\u00e9r\u00e9es et les recherches associ\u00e9es et examinons les arguments principaux (Sujet Tendance) des discussions relatives \u00e0 votre r\u00e9putation sur le web.<\/p>\n<p>Nous proc\u00e9dons \u00e0 l\u2019analyse du sentiment et nous en tirons, \u00e0 partir de la teneur des conversations en ligne, la perception (positive, n\u00e9gative ou neutre) de votre pr\u00e9sence sur le net.<\/p>\n<p>Nous identifions les contenus nuisibles \u00e0 votre image, qui devraient \u00eatre supprim\u00e9s du web.<\/p>\n<p>Nous effectuons la g\u00e9olocalisation des conversations nuisibles pr\u00e9sentes en ligne et v\u00e9rifions leur composition d\u00e9mographique.<\/p>\n<p>Nous produisons un rapport sur mesure de votre identit\u00e9 num\u00e9rique.<\/p>\n<p><!-- \/row --><\/p>\n<p><a href=\"https:\/\/www.ealixir.com\/fr\/ou-nous-trouver\/\"><br \/>\n\t\t\t\t\t\t\t\t\t\t\t\t\t\t\t\t\t\t\t\t\t\t\t\t\t\t\t\t\tCONTACTEZ-NOUS POUR UN DEVIS\t\t\t\t\t\t\t\t\t\t\t\t\t\t\t\t\t\t\t\t\t\t\t\t\t\t\t\t\t<\/a><\/p>\n<p>Contactez-nous pour recevoir des informations compl\u00e9mentaires sur nos services ou un devis personnalis\u00e9.<br \/>\n\t\t\t\t\t\t\t\t\t\t\t\t\t\t\t\t\t\t\t\t\t\t\t\t\t\t\t\t\t\t\t\t\t\t\t\t\t<a href=\"https:\/\/www.ealixir.com\/fr\/ou-nous-trouver\/\"><br \/>\n\t\t\t\t\t\t\t\t\t\t\t\t\t\tCONTACTEZ-NOUS\t\t\t\t\t\t\t\t\t\t\t\t\t<\/a><\/p>\n<p><!-- \/row --><\/p>\n<p>Autres services\t\t\t\t\t\t\t\t<\/p>\n<p><a href=\"https:\/\/www.ealixir.com\/fr\/removal\/\"><br \/>\n\t\t\t\t\t\t\t\t\t\t\t\t\t\t\t\t\t\t\t\t\t\t\t\t\t<img decoding=\"async\" src=\"https:\/\/www.ealixir.com\/wp-content\/uploads\/2019\/08\/removal_gradient.svg\" height=\"118\" width=\"326.64\" \/>\t\t\t\t\t\t\t\t\t\t\t\t\t\t\t\t\t\t\t\t\t\t\t\t\t<\/a><\/p>\n<p>Leader mondial dans la suppression de liens n\u00e9gatifs<\/p>\n<p><a href=\"https:\/\/www.ealixir.com\/fr\/newsdelete\/\"><br \/>\n\t\t\t\t\t\t\t\t\t\t\t\t\t\t\t\t\t\t\t\t\t\t\t\t\t<img decoding=\"async\" src=\"https:\/\/www.ealixir.com\/wp-content\/uploads\/2019\/08\/newsdelete_gradient.svg\" height=\"118\" width=\"326.64\" \/>\t\t\t\t\t\t\t\t\t\t\t\t\t\t\t\t\t\t\t\t\t\t\t\t\t<\/a><\/p>\n<p>Tout le monde a le droit \u00e0 une nouvelle opportunit\u00e9<\/p>\n<p><a href=\"https:\/\/www.ealixir.com\/fr\/story\/\"><br \/>\n\t\t\t\t\t\t\t\t\t\t\t\t\t\t\t\t\t\t\t\t\t\t\t\t\t<img decoding=\"async\" src=\"https:\/\/www.ealixir.com\/wp-content\/uploads\/2019\/08\/story_gradient.svg\" height=\"118\" width=\"326.64\" \/>\t\t\t\t\t\t\t\t\t\t\t\t\t\t\t\t\t\t\t\t\t\t\t\t\t<\/a><\/p>\n<p>R\u00e9\u00e9crivez votre histoire num\u00e9rique avec nous<\/p>\n<p><a href=\"https:\/\/www.ealixir.com\/fr\/analytics\/\"><br \/>\n\t\t\t\t\t\t\t\t\t\t\t\t\t\t\t\t\t\t\t\t\t\t\t\t\t<img decoding=\"async\" src=\"https:\/\/www.ealixir.com\/wp-content\/uploads\/2021\/07\/analytics-gradient-1.svg\" height=\"118\" width=\"326.64\" \/>\t\t\t\t\t\t\t\t\t\t\t\t\t\t\t\t\t\t\t\t\t\t\t\t\t<\/a><\/p>\n<p>Nous \u00e9laborons la strat\u00e9gie de communication ou d&#8217;entreprise la plus efficace<\/p>\n<p><a href=\"https:\/\/www.ealixir.com\/fr\/event-launch\/\"><br \/>\n\t\t\t\t\t\t\t\t\t\t\t\t\t\t\t\t\t\t\t\t\t\t\t\t\t<img decoding=\"async\" src=\"https:\/\/www.ealixir.com\/wp-content\/uploads\/2021\/09\/events_gradient.svg\" height=\"118\" width=\"326.64\" \/>\t\t\t\t\t\t\t\t\t\t\t\t\t\t\t\t\t\t\t\t\t\t\t\t\t<\/a><\/p>\n<p>Nous assurons la promotion de vos \u00e9v\u00e9nements dans le monde entier<\/p>\n<p><!-- \/row --><\/p>\n","protected":false},"excerpt":{"rendered":"<p class=\"excerpt\">NOUS FAISONS UN CHECK-UP DE VOTRE IMAGE SUR LE WEB Nous analysons votre identit\u00e9 num\u00e9rique NOUS FAISONS UN CHECK-UP DE VOTRE IMAGE SUR LE WEBWEBiD r\u00e9dige des comptes rendus d\u00e9taill\u00e9s sur les contenus et les conversations figurant sur le web qui concernent les individus, les marques ou les entreprises.&nbsp;L\u2019analyse fournie par WEBiD aide \u00e0 comprendre [&hellip;]<\/p>\n","protected":false},"author":24,"featured_media":0,"parent":0,"menu_order":0,"comment_status":"closed","ping_status":"closed","template":"builder.php","meta":{"footnotes":""},"class_list":["post-18097","page","type-page","status-publish","hentry"],"_links":{"self":[{"href":"https:\/\/www.ealixir.com\/fr\/wp-json\/wp\/v2\/pages\/18097","targetHints":{"allow":["GET"]}}],"collection":[{"href":"https:\/\/www.ealixir.com\/fr\/wp-json\/wp\/v2\/pages"}],"about":[{"href":"https:\/\/www.ealixir.com\/fr\/wp-json\/wp\/v2\/types\/page"}],"author":[{"embeddable":true,"href":"https:\/\/www.ealixir.com\/fr\/wp-json\/wp\/v2\/users\/24"}],"replies":[{"embeddable":true,"href":"https:\/\/www.ealixir.com\/fr\/wp-json\/wp\/v2\/comments?post=18097"}],"version-history":[{"count":61,"href":"https:\/\/www.ealixir.com\/fr\/wp-json\/wp\/v2\/pages\/18097\/revisions"}],"predecessor-version":[{"id":50946,"href":"https:\/\/www.ealixir.com\/fr\/wp-json\/wp\/v2\/pages\/18097\/revisions\/50946"}],"wp:attachment":[{"href":"https:\/\/www.ealixir.com\/fr\/wp-json\/wp\/v2\/media?parent=18097"}],"curies":[{"name":"wp","href":"https:\/\/api.w.org\/{rel}","templated":true}]}}