{"id":17830,"date":"2019-08-30T10:45:51","date_gmt":"2019-08-30T10:45:51","guid":{"rendered":"http:\/\/www.ealixir.com.due-hosting.sq.biz\/newsdelete\/"},"modified":"2024-02-15T23:59:30","modified_gmt":"2024-02-15T23:59:30","slug":"newsdelete","status":"publish","type":"page","link":"https:\/\/www.ealixir.com\/fr\/newsdelete\/","title":{"rendered":"Tout le monde a le droit \u00e0 une nouvelle opportunit\u00e9"},"content":{"rendered":"<p><img decoding=\"async\" src=\"https:\/\/www.ealixir.com\/wp-content\/uploads\/2019\/08\/newsdelete_white.svg\" height=\"118\" width=\"326.64\" \/>\t\t\t\t<\/p>\n<p>TOUT LE MONDE A LE DROIT \u00c0 UNE NOUVELLE OPPORTUNIT\u00c9<br \/>\n\t\t\t\t\t\t\t\t\t\t\t\t\t\t\t\t\t\t\t\t\t\t\t\t\t\t\t\t\t\t\t\t\t\t\t\t\tRed\u00e9marrez votre business<\/p>\n<p><!-- \/row --><\/p>\n<p>TOUT LE MONDE A LE DROIT \u00c0 UNE NOUVELLE OPPORTUNIT\u00c9Newsdelete est le leader mondial dans la r\u00e9solution de probl\u00e8mes li\u00e9s \u00e0 la r\u00e9putation financi\u00e8re.&nbsp;Gr\u00e2ce \u00e0 son exp\u00e9rience confirm\u00e9e dans ce secteur, Newsdelete est en mesure d&#8217;identifier rapidement les contenus en ligne pr\u00e9sents dans les Listes Noires &#8211; les listes qui ont une valeur internationale et qui recensent le risque financier de particuliers, d\u2019 organisations et d\u2019 entreprises &#8211; ainsi que de supprimer les donn\u00e9es pr\u00e9judiciables des moteurs de recherche.&nbsp;Les actions men\u00e9es par Newsdelete s&#8217;inspirent des valeurs auxquelles nous croyons : respect des clients et des r\u00e9glementations en vigueur, efficience et efficacit\u00e9 d&#8217;ex\u00e9cution, int\u00e9grit\u00e9 morale, confidentialit\u00e9 et protection des donn\u00e9es sensibles.\t\t\t\t\t\t\t\t\t\t\t\t\t<\/p>\n<p>Nous analysons votre r\u00e9putation financi\u00e8re en ligne et nous identifions les contenus pouvant nuire \u00e0 votre entreprise en vous garantissant un maximum de discr\u00e9tion et de confidentialit\u00e9.<\/p>\n<p>Nous identifions les donn\u00e9es pr\u00e9sentes dans les syst\u00e8mes d&#8217;information financi\u00e8re en mati\u00e8re de cr\u00e9dit utilis\u00e9s par les banques publiques et priv\u00e9es, nous relevons les informations pr\u00e9judiciables et nous proposons des solutions appropri\u00e9es et efficaces.<\/p>\n<p>Nous enqu\u00eatons sur la pr\u00e9sence de signalement dans les Listes Noires &#8211; les bases de donn\u00e9es internationales identifiant les personnes et les entreprises d\u00e9clar\u00e9es comme non fiables financi\u00e8rement &#8211; nous v\u00e9rifions la fiabilit\u00e9 des sources et nous supprimons ou n\u00e9gocions la modification des signalements actuels.<\/p>\n<p><!-- \/row --><\/p>\n<p><a href=\"https:\/\/www.ealixir.com\/contacts\/\"><br \/>\n\t\t\t\t\t\t\t\t\t\t\t\t\t\t\t\t\t\t\t\t\t\t\t\t\t\t\t\t\tCONTACTEZ-NOUS POUR UN DEVIS\t\t\t\t\t\t\t\t\t\t\t\t\t\t\t\t\t\t\t\t\t\t\t\t\t\t\t\t\t<\/a><\/p>\n<p>Contactez-nous pour recevoir des informations compl\u00e9mentaires sur nos services ou un devis personnalis\u00e9.<br \/>\n\t\t\t\t\t\t\t\t\t\t\t\t\t\t\t\t\t\t\t\t\t\t\t\t\t\t\t\t\t\t\t\t\t\t\t\t\t<a href=\"https:\/\/www.ealixir.com\/contacts\/\"><br \/>\n\t\t\t\t\t\t\t\t\t\t\t\t\t\tCONTACTEZ-NOUS\t\t\t\t\t\t\t\t\t\t\t\t\t<\/a><\/p>\n<p><!-- \/row --><\/p>\n<p>Autres services\t\t\t\t\t\t\t\t<\/p>\n<p><a href=\"https:\/\/www.ealixir.com\/removal\/\"><br \/>\n\t\t\t\t\t\t\t\t\t\t\t\t\t\t\t\t\t\t\t\t\t\t\t\t\t<img decoding=\"async\" src=\"https:\/\/www.ealixir.com\/wp-content\/uploads\/2019\/08\/removal_gradient.svg\" height=\"118\" width=\"326.64\" \/>\t\t\t\t\t\t\t\t\t\t\t\t\t\t\t\t\t\t\t\t\t\t\t\t\t<\/a><\/p>\n<p>Leader mondial dans la suppression de liens n\u00e9gatifs<\/p>\n<p><a href=\"https:\/\/www.ealixir.com\/webid\/\"><br \/>\n\t\t\t\t\t\t\t\t\t\t\t\t\t\t\t\t\t\t\t\t\t\t\t\t\t<img decoding=\"async\" src=\"https:\/\/www.ealixir.com\/wp-content\/uploads\/2019\/08\/webid_gradient.svg\" height=\"118\" width=\"326.64\" \/>\t\t\t\t\t\t\t\t\t\t\t\t\t\t\t\t\t\t\t\t\t\t\t\t\t<\/a><\/p>\n<p>Nous faisons un check-up de votre image sur le web<\/p>\n<p><a href=\"https:\/\/www.ealixir.com\/story\/\"><br \/>\n\t\t\t\t\t\t\t\t\t\t\t\t\t\t\t\t\t\t\t\t\t\t\t\t\t<img decoding=\"async\" src=\"https:\/\/www.ealixir.com\/wp-content\/uploads\/2019\/08\/story_gradient.svg\" height=\"118\" width=\"326.64\" \/>\t\t\t\t\t\t\t\t\t\t\t\t\t\t\t\t\t\t\t\t\t\t\t\t\t<\/a><\/p>\n<p>R\u00e9\u00e9crivez votre histoire num\u00e9rique avec nous<\/p>\n<p><a href=\"https:\/\/www.ealixir.com\/analytics\/\"><br \/>\n\t\t\t\t\t\t\t\t\t\t\t\t\t\t\t\t\t\t\t\t\t\t\t\t\t<img decoding=\"async\" src=\"https:\/\/www.ealixir.com\/wp-content\/uploads\/2021\/07\/analytics-gradient-1.svg\" height=\"118\" width=\"326.64\" \/>\t\t\t\t\t\t\t\t\t\t\t\t\t\t\t\t\t\t\t\t\t\t\t\t\t<\/a><\/p>\n<p>Nous \u00e9laborons la strat\u00e9gie de communication ou d&#8217;entreprise la plus efficace<\/p>\n<p><a href=\"https:\/\/www.ealixir.com\/event-launch\/\"><br \/>\n\t\t\t\t\t\t\t\t\t\t\t\t\t\t\t\t\t\t\t\t\t\t\t\t\t<img decoding=\"async\" src=\"https:\/\/www.ealixir.com\/wp-content\/uploads\/2021\/09\/events_gradient.svg\" height=\"118\" width=\"326.64\" \/>\t\t\t\t\t\t\t\t\t\t\t\t\t\t\t\t\t\t\t\t\t\t\t\t\t<\/a><\/p>\n<p>Nous assurons la promotion de vos \u00e9v\u00e9nements dans le monde entier<\/p>\n<p><!-- \/row --><\/p>\n","protected":false},"excerpt":{"rendered":"<p class=\"excerpt\">TOUT LE MONDE A LE DROIT \u00c0 UNE NOUVELLE OPPORTUNIT\u00c9 Red\u00e9marrez votre business TOUT LE MONDE A LE DROIT \u00c0 UNE NOUVELLE OPPORTUNIT\u00c9Newsdelete est le leader mondial dans la r\u00e9solution de probl\u00e8mes li\u00e9s \u00e0 la r\u00e9putation financi\u00e8re.&nbsp;Gr\u00e2ce \u00e0 son exp\u00e9rience confirm\u00e9e dans ce secteur, Newsdelete est en mesure d&#8217;identifier rapidement les contenus en ligne pr\u00e9sents [&hellip;]<\/p>\n","protected":false},"author":24,"featured_media":0,"parent":0,"menu_order":0,"comment_status":"closed","ping_status":"closed","template":"builder.php","meta":{"footnotes":""},"class_list":["post-17830","page","type-page","status-publish","hentry"],"_links":{"self":[{"href":"https:\/\/www.ealixir.com\/fr\/wp-json\/wp\/v2\/pages\/17830","targetHints":{"allow":["GET"]}}],"collection":[{"href":"https:\/\/www.ealixir.com\/fr\/wp-json\/wp\/v2\/pages"}],"about":[{"href":"https:\/\/www.ealixir.com\/fr\/wp-json\/wp\/v2\/types\/page"}],"author":[{"embeddable":true,"href":"https:\/\/www.ealixir.com\/fr\/wp-json\/wp\/v2\/users\/24"}],"replies":[{"embeddable":true,"href":"https:\/\/www.ealixir.com\/fr\/wp-json\/wp\/v2\/comments?post=17830"}],"version-history":[{"count":35,"href":"https:\/\/www.ealixir.com\/fr\/wp-json\/wp\/v2\/pages\/17830\/revisions"}],"predecessor-version":[{"id":50437,"href":"https:\/\/www.ealixir.com\/fr\/wp-json\/wp\/v2\/pages\/17830\/revisions\/50437"}],"wp:attachment":[{"href":"https:\/\/www.ealixir.com\/fr\/wp-json\/wp\/v2\/media?parent=17830"}],"curies":[{"name":"wp","href":"https:\/\/api.w.org\/{rel}","templated":true}]}}