{"id":59934,"date":"2024-03-31T06:38:03","date_gmt":"2024-03-31T06:38:03","guid":{"rendered":"https:\/\/www.ealixir.com\/monitoring-esp\/"},"modified":"2026-01-14T18:00:17","modified_gmt":"2026-01-14T18:00:17","slug":"monitoring-esp","status":"publish","type":"page","link":"https:\/\/www.ealixir.com\/es\/monitoring-esp\/","title":{"rendered":"Monitoring"},"content":{"rendered":"<p>EALIXIR MONITORING<br \/>\n\t\t\t\t\t\t\t\t\t\t\t\t\t\t\t\t\t\t\t\t\t\tEn un mundo cada vez m\u00e1s interconectado, los enlaces en l\u00ednea perjudiciales pueden representar una amenazasignificativa para tu imagen. Nuestro servicio de monitoreo avanzado est\u00e1 dise\u00f1ado para identificar y mitigarr\u00e1pidamente estos enlaces adversos, protegiendo la integridad de tu identidad. Reafirma tu autoridad sobre tupresencia digital y cultiva una imagen positiva que resuene con los interesados. No permitas que los elementos en l\u00edneaadversos obstaculicen tu \u00e9xito: elige ahora nuestra soluci\u00f3n y fortalece tu reputaci\u00f3n con una seguridad inquebrantable.\t\t\t\t\t\t\t\t\t\t\t\t\t<\/p>\n<p><!-- XSMALL --><\/p>\n<p><a href=\"https:\/\/www.ealixir.com\/es\/monitoring-esp\/selection-page-xsmall-esp\/\"><\/p>\n<p><img decoding=\"async\" src=\"https:\/\/www.ealixir.com\/wp-content\/uploads\/2024\/03\/xsmall-esp.png\"><\/p>\n<p><img decoding=\"async\" src=\"https:\/\/www.ealixir.com\/wp-content\/uploads\/2024\/03\/xsmall-selected-esp.png\"><\/p>\n<p><\/a><\/p>\n<p><!-- SMALL --><\/p>\n<p><a href=\"https:\/\/www.ealixir.com\/es\/monitoring-esp\/selection-page-small-esp\/\"> <\/p>\n<p><img decoding=\"async\" src=\"https:\/\/www.ealixir.com\/wp-content\/uploads\/2024\/03\/small-esp.png\"><\/p>\n<p><img decoding=\"async\" src=\"https:\/\/www.ealixir.com\/wp-content\/uploads\/2024\/03\/small-selected-esp-1.2.png\"><\/p>\n<p><\/a><\/p>\n<p><!-- MEDIUM --><\/p>\n<p><a href=\"https:\/\/www.ealixir.com\/es\/monitoring-esp\/selection-page-medium-esp\/\"><\/p>\n<p><img decoding=\"async\" src=\"https:\/\/www.ealixir.com\/wp-content\/uploads\/2024\/03\/medium-esp.png\"><\/p>\n<p><img decoding=\"async\" src=\"https:\/\/www.ealixir.com\/wp-content\/uploads\/2024\/03\/medium-selected-esp-1.2.png\"><\/p>\n<p><\/a><\/p>\n<p><!-- Large --><\/p>\n<p><a href=\"https:\/\/www.ealixir.com\/es\/monitoring-esp\/selection-page-large-esp\/\"><\/p>\n<p><img decoding=\"async\" src=\"https:\/\/www.ealixir.com\/wp-content\/uploads\/2024\/03\/large-esp.png\"><\/p>\n<p><img decoding=\"async\" src=\"https:\/\/www.ealixir.com\/wp-content\/uploads\/2024\/03\/large-selected-esp.png\"><\/p>\n<p><\/a><\/p>\n<p><!-- XLARGE --><\/p>\n<p><a href=\"https:\/\/www.ealixir.com\/es\/monitoring-esp\/selection-page-xlarge-esp\/\"> <\/p>\n<p><img decoding=\"async\" src=\"https:\/\/www.ealixir.com\/wp-content\/uploads\/2024\/03\/xlarge-esp.png\"><\/p>\n<p><img decoding=\"async\" src=\"https:\/\/www.ealixir.com\/wp-content\/uploads\/2024\/03\/xlarge-selected-esp.png\"><\/p>\n<p><\/a><\/p>\n","protected":false},"excerpt":{"rendered":"<p class=\"excerpt\">EALIXIR MONITORING En un mundo cada vez m\u00e1s interconectado, los enlaces en l\u00ednea perjudiciales pueden representar una amenazasignificativa para tu imagen. Nuestro servicio de monitoreo avanzado est\u00e1 dise\u00f1ado para identificar y mitigarr\u00e1pidamente estos enlaces adversos, protegiendo la integridad de tu identidad. Reafirma tu autoridad sobre tupresencia digital y cultiva una imagen positiva que resuene con [&hellip;]<\/p>\n","protected":false},"author":24,"featured_media":0,"parent":0,"menu_order":0,"comment_status":"closed","ping_status":"closed","template":"builder.php","meta":{"footnotes":""},"class_list":["post-59934","page","type-page","status-publish","hentry"],"_links":{"self":[{"href":"https:\/\/www.ealixir.com\/es\/wp-json\/wp\/v2\/pages\/59934","targetHints":{"allow":["GET"]}}],"collection":[{"href":"https:\/\/www.ealixir.com\/es\/wp-json\/wp\/v2\/pages"}],"about":[{"href":"https:\/\/www.ealixir.com\/es\/wp-json\/wp\/v2\/types\/page"}],"author":[{"embeddable":true,"href":"https:\/\/www.ealixir.com\/es\/wp-json\/wp\/v2\/users\/24"}],"replies":[{"embeddable":true,"href":"https:\/\/www.ealixir.com\/es\/wp-json\/wp\/v2\/comments?post=59934"}],"version-history":[{"count":46,"href":"https:\/\/www.ealixir.com\/es\/wp-json\/wp\/v2\/pages\/59934\/revisions"}],"predecessor-version":[{"id":62324,"href":"https:\/\/www.ealixir.com\/es\/wp-json\/wp\/v2\/pages\/59934\/revisions\/62324"}],"wp:attachment":[{"href":"https:\/\/www.ealixir.com\/es\/wp-json\/wp\/v2\/media?parent=59934"}],"curies":[{"name":"wp","href":"https:\/\/api.w.org\/{rel}","templated":true}]}}