{"id":45970,"date":"2021-09-28T07:56:37","date_gmt":"2021-09-28T07:56:37","guid":{"rendered":"https:\/\/www.ealixir.com\/ealixir-event-launch-ofrece-a-las-empresas-una-oportunidad-unica\/"},"modified":"2026-01-14T18:00:21","modified_gmt":"2026-01-14T18:00:21","slug":"event-launch","status":"publish","type":"page","link":"https:\/\/www.ealixir.com\/es\/event-launch\/","title":{"rendered":"Ealixir Event Launch ofrece a las empresas una oportunidad \u00fanica"},"content":{"rendered":"<p><img loading=\"lazy\" decoding=\"async\" width=\"326\" height=\"118\" src=\"https:\/\/www.ealixir.com\/wp-content\/uploads\/2021\/09\/events_white.svg\" \/>\t\t\t\t<\/p>\n<p>PROMOVEMOS SUS EVENTOS EN TODO EL MUNDO<br \/>\n\t\t\t\t\t\t\t\t\t\t\t\t\t\t\t\t\t\t\t\t\t\t\t\t\t\t\t\t\t\t\t\t\t\t\t\t\tCon Ealixir Event Launch todo el mundo hablar\u00e1 de su evento<\/p>\n<p><!-- \/row --><\/p>\n<p>C\u00d3MO TRABAJAMOSEalixir Event Launch ofrece a las empresas una oportunidad \u00fanica de promocionar su evento a escala internacional, garantizando su visibilidad en m\u00e1s de 1.200 peri\u00f3dicos en linea de 30 pa\u00edses de todo el mundo.&nbsp;Ealixir trabaja con periodistas acreditados y expertos en relaciones p\u00fablicas que dise\u00f1ar\u00e1n el plan editorial m\u00e1s eficaz para promocionar su evento -ya sea el lanzamiento de un nuevo producto, un aniversario importante o la inauguraci\u00f3n de una nueva oficina- y redactar\u00e1n art\u00edculos y comunicados de prensa para su difusi\u00f3n en los pa\u00edses objetivo en los peri\u00f3dicos de mayor autoridad.&nbsp;Ealixir Event Launch&nbsp;es la \u00fanica agencia que garantiza conocer de antemano el n\u00famero exacto de comunicados de prensa que se producir\u00e1n y capaz de asegurar una resonancia medi\u00e1tica que se prolongar\u00e1 m\u00e1s all\u00e1 del evento.\t\t\t\t\t\t\t\t\t\t\t\t\t<\/p>\n<p>Recogemos informaci\u00f3n sobre el evento y desarrollamos un plan editorial espec\u00edfico<\/p>\n<p>Publicamos art\u00edculos y comunicados de prensa en los peri\u00f3dicos m\u00e1s prestigiosos antes del evento<\/p>\n<p>Garantizamos el posicionamiento SEO m\u00e1s eficaz<\/p>\n<p>Gracias a los v\u00ednculos producidos, creamos una nube de reputaci\u00f3n positiva para el cliente, que perdurar\u00e1 incluso despu\u00e9s del evento<\/p>\n<p><!-- \/row --><\/p>\n<p><a href=\"https:\/\/www.ealixir.com\/it\/contatti\/\"><br \/>\n\t\t\t\t\t\t\t\t\t\t\t\t\t\t\t\t\t\t\t\t\t\t\t\t\t\t\t\t\tCONT\u00c1CTENOS PARA UNA COTIZACI\u00d3N\t\t\t\t\t\t\t\t\t\t\t\t\t\t\t\t\t\t\t\t\t\t\t\t\t\t\t\t\t<\/a><\/p>\n<p>Cont\u00e1ctenos para recibir informaci\u00f3n adicional sobre nuestros servicios o un presupuesto personalizado.<br \/>\n\t\t\t\t\t\t\t\t\t\t\t\t\t\t\t\t\t\t\t\t\t\t\t\t\t\t\t\t\t\t\t\t\t\t\t\t\t<a href=\"https:\/\/www.ealixir.com\/it\/contatti\/\"><br \/>\n\t\t\t\t\t\t\t\t\t\t\t\t\t\tCONT\u00c1CTENOS\t\t\t\t\t\t\t\t\t\t\t\t\t<\/a><\/p>\n<p><!-- \/row --><\/p>\n<p>OTROS SERVICIOS\t\t\t\t\t\t\t\t<\/p>\n<p><a href=\"https:\/\/www.ealixir.com\/it\/removal\/\"><br \/>\n\t\t\t\t\t\t\t\t\t\t\t\t\t\t\t\t\t\t\t\t\t\t\t\t\t<img loading=\"lazy\" decoding=\"async\" width=\"326\" height=\"118\" src=\"https:\/\/www.ealixir.com\/wp-content\/uploads\/2019\/08\/removal_gradient.svg\" \/>\t\t\t\t\t\t\t\t\t\t\t\t\t\t\t\t\t\t\t\t\t\t\t\t\t<\/a><\/p>\n<p>Primeros en el mundo en la eliminaci\u00f3n de enlaces negativos<\/p>\n<p><a href=\"https:\/\/www.ealixir.com\/it\/newsdelete\/\"><br \/>\n\t\t\t\t\t\t\t\t\t\t\t\t\t\t\t\t\t\t\t\t\t\t\t\t\t<img loading=\"lazy\" decoding=\"async\" width=\"326\" height=\"118\" src=\"https:\/\/www.ealixir.com\/wp-content\/uploads\/2019\/08\/newsdelete_gradient.svg\" \/>\t\t\t\t\t\t\t\t\t\t\t\t\t\t\t\t\t\t\t\t\t\t\t\t\t<\/a><\/p>\n<p>Todos tienen derecho a una nueva oportunidad<\/p>\n<p><a href=\"https:\/\/www.ealixir.com\/it\/story\/\"><br \/>\n\t\t\t\t\t\t\t\t\t\t\t\t\t\t\t\t\t\t\t\t\t\t\t\t\t<img loading=\"lazy\" decoding=\"async\" width=\"326\" height=\"118\" src=\"https:\/\/www.ealixir.com\/wp-content\/uploads\/2019\/08\/story_gradient.svg\" \/>\t\t\t\t\t\t\t\t\t\t\t\t\t\t\t\t\t\t\t\t\t\t\t\t\t<\/a><\/p>\n<p>Reescribe con nosotros tu historia digital<\/p>\n<p><a href=\"https:\/\/www.ealixir.com\/it\/webid\/\"><br \/>\n\t\t\t\t\t\t\t\t\t\t\t\t\t\t\t\t\t\t\t\t\t\t\t\t\t<img loading=\"lazy\" decoding=\"async\" width=\"326\" height=\"118\" src=\"https:\/\/www.ealixir.com\/wp-content\/uploads\/2019\/08\/webid_gradient.svg\" \/>\t\t\t\t\t\t\t\t\t\t\t\t\t\t\t\t\t\t\t\t\t\t\t\t\t<\/a><\/p>\n<p>Hacemos un check-up de su imagen en la web<\/p>\n<p><a href=\"https:\/\/www.ealixir.com\/it\/analytics\/\"><br \/>\n\t\t\t\t\t\t\t\t\t\t\t\t\t\t\t\t\t\t\t\t\t\t\t\t\t<img loading=\"lazy\" decoding=\"async\" width=\"326\" height=\"118\" src=\"https:\/\/www.ealixir.com\/wp-content\/uploads\/2021\/07\/analytics-gradient-1.svg\" \/>\t\t\t\t\t\t\t\t\t\t\t\t\t\t\t\t\t\t\t\t\t\t\t\t\t<\/a><\/p>\n<p>Construimos la estrategia de comunicaci\u00f3n o de negocio m\u00e1s eficaz para usted<\/p>\n<p><!-- \/row --><\/p>\n","protected":false},"excerpt":{"rendered":"<p class=\"excerpt\">PROMOVEMOS SUS EVENTOS EN TODO EL MUNDO Con Ealixir Event Launch todo el mundo hablar\u00e1 de su evento C\u00d3MO TRABAJAMOSEalixir Event Launch ofrece a las empresas una oportunidad \u00fanica de promocionar su evento a escala internacional, garantizando su visibilidad en m\u00e1s de 1.200 peri\u00f3dicos en linea de 30 pa\u00edses de todo el mundo.&nbsp;Ealixir trabaja con [&hellip;]<\/p>\n","protected":false},"author":24,"featured_media":0,"parent":0,"menu_order":0,"comment_status":"closed","ping_status":"closed","template":"builder.php","meta":{"footnotes":""},"class_list":["post-45970","page","type-page","status-publish","hentry"],"_links":{"self":[{"href":"https:\/\/www.ealixir.com\/es\/wp-json\/wp\/v2\/pages\/45970","targetHints":{"allow":["GET"]}}],"collection":[{"href":"https:\/\/www.ealixir.com\/es\/wp-json\/wp\/v2\/pages"}],"about":[{"href":"https:\/\/www.ealixir.com\/es\/wp-json\/wp\/v2\/types\/page"}],"author":[{"embeddable":true,"href":"https:\/\/www.ealixir.com\/es\/wp-json\/wp\/v2\/users\/24"}],"replies":[{"embeddable":true,"href":"https:\/\/www.ealixir.com\/es\/wp-json\/wp\/v2\/comments?post=45970"}],"version-history":[{"count":268,"href":"https:\/\/www.ealixir.com\/es\/wp-json\/wp\/v2\/pages\/45970\/revisions"}],"predecessor-version":[{"id":62347,"href":"https:\/\/www.ealixir.com\/es\/wp-json\/wp\/v2\/pages\/45970\/revisions\/62347"}],"wp:attachment":[{"href":"https:\/\/www.ealixir.com\/es\/wp-json\/wp\/v2\/media?parent=45970"}],"curies":[{"name":"wp","href":"https:\/\/api.w.org\/{rel}","templated":true}]}}