{"id":44956,"date":"2021-07-08T15:07:10","date_gmt":"2021-07-08T15:07:10","guid":{"rendered":"https:\/\/www.ealixir.com\/ealixir-analytics-collects-real-time-big-data\/"},"modified":"2026-01-14T18:00:23","modified_gmt":"2026-01-14T18:00:23","slug":"analytics","status":"publish","type":"page","link":"https:\/\/www.ealixir.com\/es\/analytics\/","title":{"rendered":"Ealixir Analytics recoge en tiempo real macrodatos"},"content":{"rendered":"<p><img loading=\"lazy\" decoding=\"async\" width=\"326\" height=\"118\" src=\"https:\/\/www.ealixir.com\/wp-content\/uploads\/2021\/07\/analytics-white-1.svg\" \/>\t\t\t\t<\/p>\n<p>CONSTRUIMOS LA ESTRATEGIA DE COMUNICACI\u00d3N O DE NEGOCIO M\u00c1S EFICAZ PARA USTED<br \/>\n\t\t\t\t\t\t\t\t\t\t\t\t\t\t\t\t\t\t\t\t\t\t\t\t\t\t\t\t\t\t\t\t\t\t\t\t\tDifundimos en la red los contenidos adecuados a su objetivo<\/p>\n<p><!-- \/row --><\/p>\n<p>C\u00d3MO TRABAJAMOSEalixir Analytics recoge en tiempo real macrodatos relativos a los Estados, instituciones, partidos pol\u00edticos, candidatos y personalidades que trabajan en estas estructuras. Gracias a la plataforma de escucha de la web, realizamos el seguimiento de m\u00e1s de 90 millones de fuentes y, con la ayuda de los algoritmos de Ealixir, somos capaces de identificar las tendencias de lectura del p\u00fablico para proponer contenidos e informaci\u00f3n de inter\u00e9s. Mediante un an\u00e1lisis detallado del sentimiento relacionado con los objetivos espec\u00edficos, identificamos las oportunidades estrat\u00e9gicas y de negocio en los pa\u00edses objetivo y proponemos planes de comunicaci\u00f3n de absoluta eficacia.\t\t\t\t\t\t\t\t\t\t\t\t\t<\/p>\n<p>Recogemos informaci\u00f3n a trav\u00e9s de la red en relaci\u00f3n con los objetivos indicados por el cliente y elaboramos un informe detallado<\/p>\n<p>Llevamos a cabo un an\u00e1lisis de opiniones para desarrollar la estrategia de comunicaci\u00f3n adecuada<\/p>\n<p>Producimos contenidos funcionales a la estrategia identificada y, gracias a los algoritmos de Ealixir, los difundimos en los pa\u00edses objetivo<\/p>\n<p>Medimos el resultado obtenido mediante par\u00e1metros cuantitativos<\/p>\n<p><!-- \/row --><\/p>\n<p><a href=\"https:\/\/www.ealixir.com\/it\/contatti\/\"><br \/>\n\t\t\t\t\t\t\t\t\t\t\t\t\t\t\t\t\t\t\t\t\t\t\t\t\t\t\t\t\tCONT\u00c1CTENOS PARA UNA COTIZACI\u00d3N\t\t\t\t\t\t\t\t\t\t\t\t\t\t\t\t\t\t\t\t\t\t\t\t\t\t\t\t\t<\/a><\/p>\n<p>Cont\u00e1ctenos para recibir informaci\u00f3n adicional sobre nuestros servicios o un presupuesto personalizado.<br \/>\n\t\t\t\t\t\t\t\t\t\t\t\t\t\t\t\t\t\t\t\t\t\t\t\t\t\t\t\t\t\t\t\t\t\t\t\t\t<a href=\"https:\/\/www.ealixir.com\/it\/contatti\/\"><br \/>\n\t\t\t\t\t\t\t\t\t\t\t\t\t\tCONT\u00c1CTENOS\t\t\t\t\t\t\t\t\t\t\t\t\t<\/a><\/p>\n<p><!-- \/row --><\/p>\n<p>OTROS SERVICIOS\t\t\t\t\t\t\t\t<\/p>\n<p><a href=\"https:\/\/www.ealixir.com\/it\/removal\/\"><br \/>\n\t\t\t\t\t\t\t\t\t\t\t\t\t\t\t\t\t\t\t\t\t\t\t\t\t<img loading=\"lazy\" decoding=\"async\" width=\"326\" height=\"118\" src=\"https:\/\/www.ealixir.com\/wp-content\/uploads\/2019\/08\/removal_gradient.svg\" \/>\t\t\t\t\t\t\t\t\t\t\t\t\t\t\t\t\t\t\t\t\t\t\t\t\t<\/a><\/p>\n<p>Primeros en el mundo en la eliminaci\u00f3n de enlaces negativos<\/p>\n<p><a href=\"https:\/\/www.ealixir.com\/it\/newsdelete\/\"><br \/>\n\t\t\t\t\t\t\t\t\t\t\t\t\t\t\t\t\t\t\t\t\t\t\t\t\t<img loading=\"lazy\" decoding=\"async\" width=\"326\" height=\"118\" src=\"https:\/\/www.ealixir.com\/wp-content\/uploads\/2019\/08\/newsdelete_gradient.svg\" \/>\t\t\t\t\t\t\t\t\t\t\t\t\t\t\t\t\t\t\t\t\t\t\t\t\t<\/a><\/p>\n<p>Todos tienen derecho a una nueva oportunidad<\/p>\n<p><a href=\"https:\/\/www.ealixir.com\/it\/story\/\"><br \/>\n\t\t\t\t\t\t\t\t\t\t\t\t\t\t\t\t\t\t\t\t\t\t\t\t\t<img loading=\"lazy\" decoding=\"async\" width=\"326\" height=\"118\" src=\"https:\/\/www.ealixir.com\/wp-content\/uploads\/2019\/08\/story_gradient.svg\" \/>\t\t\t\t\t\t\t\t\t\t\t\t\t\t\t\t\t\t\t\t\t\t\t\t\t<\/a><\/p>\n<p>Reescribe con nosotros tu historia digital<\/p>\n<p><a href=\"https:\/\/www.ealixir.com\/it\/webid\/\"><br \/>\n\t\t\t\t\t\t\t\t\t\t\t\t\t\t\t\t\t\t\t\t\t\t\t\t\t<img loading=\"lazy\" decoding=\"async\" width=\"326\" height=\"118\" src=\"https:\/\/www.ealixir.com\/wp-content\/uploads\/2019\/08\/webid_gradient.svg\" \/>\t\t\t\t\t\t\t\t\t\t\t\t\t\t\t\t\t\t\t\t\t\t\t\t\t<\/a><\/p>\n<p>Hacemos un check-up de su imagen en la web<\/p>\n<p><a href=\"https:\/\/www.ealixir.com\/it\/event-launch\/\"><br \/>\n\t\t\t\t\t\t\t\t\t\t\t\t\t\t\t\t\t\t\t\t\t\t\t\t\t<img decoding=\"async\" src=\"https:\/\/www.ealixir.com\/wp-content\/uploads\/2021\/09\/events_gradient.svg\" \/>\t\t\t\t\t\t\t\t\t\t\t\t\t\t\t\t\t\t\t\t\t\t\t\t\t<\/a><\/p>\n<p>Promovemos sus eventos en todo el mundo<\/p>\n<p><!-- \/row --><\/p>\n","protected":false},"excerpt":{"rendered":"<p class=\"excerpt\">CONSTRUIMOS LA ESTRATEGIA DE COMUNICACI\u00d3N O DE NEGOCIO M\u00c1S EFICAZ PARA USTED Difundimos en la red los contenidos adecuados a su objetivo C\u00d3MO TRABAJAMOSEalixir Analytics recoge en tiempo real macrodatos relativos a los Estados, instituciones, partidos pol\u00edticos, candidatos y personalidades que trabajan en estas estructuras. Gracias a la plataforma de escucha de la web, realizamos [&hellip;]<\/p>\n","protected":false},"author":24,"featured_media":0,"parent":0,"menu_order":0,"comment_status":"closed","ping_status":"closed","template":"builder.php","meta":{"footnotes":""},"class_list":["post-44956","page","type-page","status-publish","hentry"],"_links":{"self":[{"href":"https:\/\/www.ealixir.com\/es\/wp-json\/wp\/v2\/pages\/44956","targetHints":{"allow":["GET"]}}],"collection":[{"href":"https:\/\/www.ealixir.com\/es\/wp-json\/wp\/v2\/pages"}],"about":[{"href":"https:\/\/www.ealixir.com\/es\/wp-json\/wp\/v2\/types\/page"}],"author":[{"embeddable":true,"href":"https:\/\/www.ealixir.com\/es\/wp-json\/wp\/v2\/users\/24"}],"replies":[{"embeddable":true,"href":"https:\/\/www.ealixir.com\/es\/wp-json\/wp\/v2\/comments?post=44956"}],"version-history":[{"count":303,"href":"https:\/\/www.ealixir.com\/es\/wp-json\/wp\/v2\/pages\/44956\/revisions"}],"predecessor-version":[{"id":62354,"href":"https:\/\/www.ealixir.com\/es\/wp-json\/wp\/v2\/pages\/44956\/revisions\/62354"}],"wp:attachment":[{"href":"https:\/\/www.ealixir.com\/es\/wp-json\/wp\/v2\/media?parent=44956"}],"curies":[{"name":"wp","href":"https:\/\/api.w.org\/{rel}","templated":true}]}}