{"id":43137,"date":"2020-05-22T13:32:14","date_gmt":"2020-05-22T13:32:14","guid":{"rendered":"https:\/\/www.ealixir.com\/manifesto\/"},"modified":"2026-01-14T18:25:15","modified_gmt":"2026-01-14T18:25:15","slug":"manifesto","status":"publish","type":"page","link":"https:\/\/www.ealixir.com\/es\/manifesto\/","title":{"rendered":"Mission"},"content":{"rendered":"<p><img loading=\"lazy\" decoding=\"async\" width=\"326\" height=\"118\" src=\"https:\/\/www.ealixir.com\/wp-content\/uploads\/2019\/08\/ealixir_gradient.svg\" \/>\t\t\t\t<\/p>\n<p>Miami, 17.05.2020<\/p>\n<p>Ealixir Inc. 1395 Brickell Ave Suite 800 Miami, FL 33131<\/p>\n<p><!-- \/row --><\/p>\n<p>ManifestoNosotros no innovamos. REVOLUCIONAMOS.Todas las ideas revolucionarias tienen una cosa en com\u00fan: son simples.&nbsp;Todas las grandes ideas que han creado la fortuna de Silicon Valley son ideas extremadamente simples, enfocadas a satisfacer una necesidad b\u00e1sica de las personas.&nbsp;La idea de base de Facebook es mantenerse en contacto con personas que est\u00e1n lejos.&nbsp;La idea de Instagram es compartir fotos.&nbsp;La idea detr\u00e1s de Uber es dar a la gente la oportunidad de tener taxis m\u00e1s baratos y eficientes.&nbsp;La idea de base de AirBnB es ofrecer la posibilidad de dormir en cualquier parte del mundo de una manera m\u00e1s sugerente que en un hotel.La idea detr\u00e1s de Ealixir Inc. es dar a las personas la posibilidad de elegir los enlaces que aparecen sobre ellas cuando alguien hace una b\u00fasqueda en Google.En el mundo actual, a nadie le importa tu tarjeta de visita: cinco minutos despu\u00e9s de entregarla, acaba en la basura.&nbsp;Lo \u00fanico que cuenta cuando te presentas a alguien son los primeros diez enlaces que aparecen cuando ese alguien pone tu nombre en Google.&nbsp;Se llama &#8220;econom\u00eda de la reputaci\u00f3n&#8221;: nadie tiene tiempo de verificar de primera mano la tonelada de informaci\u00f3n a la que estamos sometidos cada d\u00eda. Tienes que confiar en lo que hay en Internet.&nbsp;Por eso, muchas empresas crean una reputaci\u00f3n web y muchas empresas borran enlaces.Pero ninguna empresa del mundo permite hacer aquello que hace Ealixir, que es modelar seg\u00fan lo que se desea, los enlaces que aparecen en la pantalla de b\u00fasqueda de Google, adem\u00e1s de borrar los no deseados y crear otros nuevos.La filosof\u00eda de Ealixir no es una filosof\u00eda innovadora: es una filosof\u00eda subversiva, porque subvierte las reglas en las que se ha basado Internet hasta ahora.&nbsp;Antes de Ealixir, cada individuo sufr\u00eda lo que Google dec\u00eda de \u00e9l: no ten\u00eda forma de intervenir.Con Ealixir, el individuo decide lo que Google dice de \u00e9l.En la vida real, cuando vamos a una entrevista de trabajo o a una cita, elegimos el vestido, la chaqueta, los zapatos, es decir, el aspecto con el que nos presentamos. En Ealixir, estamos convencidos de que las cosas deber\u00edan funcionar de la misma manera en Internet.Antes de Ealixir, era Google quien eleg\u00eda por nosotros.&nbsp;Con Ealixir, podemos elegir c\u00f3mo nos presentamos en Google. Un enlace cada vez.La Revoluci\u00f3n de Ealixir se basa en tres pilares. Eliminar los enlaces obsoletos o la informaci\u00f3n falsa (fake news) sobre una persona o empresa (Ealixir Removal). Crear enlaces positivos e interesantes, donde promover a la persona y su actividad (Ealixir Story).&nbsp;La revoluci\u00f3n de Ealixir es, por lo tanto, una revoluci\u00f3n basada en la libertad: la libertad de elegir lo que Internet dice de nosotros.Una libertad protegida, en paralelo, por un preciso c\u00f3digo \u00e9tico: Ealixir, por elecci\u00f3n y no por obligaci\u00f3n legislativa, no trabaja con aquellos que en el pasado han cometido delitos relacionados con las drogas, asociaci\u00f3n criminal, violencia contra mujeres o menores y pedofilia. Antes de trabajar con un cliente, siempre pedimos un certificado de antecedentes penales y nos aseguramos de que est\u00e9 limpio.&nbsp;Gracias a Ealixir, comienza una nueva era en el uso y consumo de Internet. La era de la libertad. La era en la que las personas no sufren lo que Internet dice de ellos, sino que lo pueden controlar.&nbsp;Una nueva vida comienza ahora.<\/p>\n<p><!-- \/row --><\/p>\n<p><img loading=\"lazy\" decoding=\"async\" width=\"3\" height=\"3\" src=\"https:\/\/www.ealixir.com\/wp-content\/uploads\/2020\/05\/sign.png\" \/>\t\t\t\t<\/p>\n<p><!-- \/row --><\/p>\n","protected":false},"excerpt":{"rendered":"<p class=\"excerpt\">Miami, 17.05.2020 Ealixir Inc. 1395 Brickell Ave Suite 800 Miami, FL 33131 ManifestoNosotros no innovamos. REVOLUCIONAMOS.Todas las ideas revolucionarias tienen una cosa en com\u00fan: son simples.&nbsp;Todas las grandes ideas que han creado la fortuna de Silicon Valley son ideas extremadamente simples, enfocadas a satisfacer una necesidad b\u00e1sica de las personas.&nbsp;La idea de base de Facebook [&hellip;]<\/p>\n","protected":false},"author":24,"featured_media":0,"parent":0,"menu_order":0,"comment_status":"closed","ping_status":"closed","template":"builder.php","meta":{"footnotes":""},"class_list":["post-43137","page","type-page","status-publish","hentry"],"_links":{"self":[{"href":"https:\/\/www.ealixir.com\/es\/wp-json\/wp\/v2\/pages\/43137","targetHints":{"allow":["GET"]}}],"collection":[{"href":"https:\/\/www.ealixir.com\/es\/wp-json\/wp\/v2\/pages"}],"about":[{"href":"https:\/\/www.ealixir.com\/es\/wp-json\/wp\/v2\/types\/page"}],"author":[{"embeddable":true,"href":"https:\/\/www.ealixir.com\/es\/wp-json\/wp\/v2\/users\/24"}],"replies":[{"embeddable":true,"href":"https:\/\/www.ealixir.com\/es\/wp-json\/wp\/v2\/comments?post=43137"}],"version-history":[{"count":13,"href":"https:\/\/www.ealixir.com\/es\/wp-json\/wp\/v2\/pages\/43137\/revisions"}],"predecessor-version":[{"id":62386,"href":"https:\/\/www.ealixir.com\/es\/wp-json\/wp\/v2\/pages\/43137\/revisions\/62386"}],"wp:attachment":[{"href":"https:\/\/www.ealixir.com\/es\/wp-json\/wp\/v2\/media?parent=43137"}],"curies":[{"name":"wp","href":"https:\/\/api.w.org\/{rel}","templated":true}]}}