{"id":23002,"date":"2019-11-29T10:54:58","date_gmt":"2019-11-29T10:54:58","guid":{"rendered":"https:\/\/www-ealixir-com-due-hosting.sq.biz\/work-with-us\/"},"modified":"2024-03-20T19:08:17","modified_gmt":"2024-03-20T19:08:17","slug":"work-with-us","status":"publish","type":"page","link":"https:\/\/www.ealixir.com\/es\/work-with-us\/","title":{"rendered":"Ven y trabaja con nosotros en Ealixir"},"content":{"rendered":"<p>Ven y trabaja con EalixirEalixir est\u00e1 en constante crecimiento y se encuentra siempre en la b\u00fasqueda de nuevos talentos. Pon en juego tu experiencia y tus habilidades y entra a formar parte de una realidad internacional, tecnol\u00f3gica, innovadora y en constante evoluci\u00f3n. Busca entre las oportunidades de trabajo y post\u00falate de inmediato.\t\t\t\t\t\t\t\t\t\t\t\t\t<\/p>\n<p><!--Name and surname--><\/p>\n<p><!--E-mail--><\/p>\n<p><!--Role--><br \/>\n&#8212;Sales Manager USASales Manager EuropaSales LATAM<br \/>\n<!--Area--><br \/>\n&#8212;<br \/>\n<!--Message--><br \/>\nPrivacy policy*<br \/>\nI declare that i have read the <a href=\"\/privacy-policy\">privacy policy<\/a> and I authorize the treatment of my personal data for service prevision purposes and for the ful\ufb01lment of contractual and legal obligations<br \/>\nI authorizeI do not authorize the treatment of my personal data for the transmission of informative or promotional communications via e-mail, newsletters, invitations to events from Ealixir.<\/p>\n","protected":false},"excerpt":{"rendered":"<p class=\"excerpt\">Ven y trabaja con EalixirEalixir est\u00e1 en constante crecimiento y se encuentra siempre en la b\u00fasqueda de nuevos talentos. Pon en juego tu experiencia y tus habilidades y entra a formar parte de una realidad internacional, tecnol\u00f3gica, innovadora y en constante evoluci\u00f3n. Busca entre las oportunidades de trabajo y post\u00falate de inmediato. &#8212;Sales Manager USASales [&hellip;]<\/p>\n","protected":false},"author":24,"featured_media":0,"parent":0,"menu_order":0,"comment_status":"closed","ping_status":"closed","template":"builder.php","meta":{"footnotes":""},"class_list":["post-23002","page","type-page","status-publish","hentry"],"_links":{"self":[{"href":"https:\/\/www.ealixir.com\/es\/wp-json\/wp\/v2\/pages\/23002","targetHints":{"allow":["GET"]}}],"collection":[{"href":"https:\/\/www.ealixir.com\/es\/wp-json\/wp\/v2\/pages"}],"about":[{"href":"https:\/\/www.ealixir.com\/es\/wp-json\/wp\/v2\/types\/page"}],"author":[{"embeddable":true,"href":"https:\/\/www.ealixir.com\/es\/wp-json\/wp\/v2\/users\/24"}],"replies":[{"embeddable":true,"href":"https:\/\/www.ealixir.com\/es\/wp-json\/wp\/v2\/comments?post=23002"}],"version-history":[{"count":795,"href":"https:\/\/www.ealixir.com\/es\/wp-json\/wp\/v2\/pages\/23002\/revisions"}],"predecessor-version":[{"id":58514,"href":"https:\/\/www.ealixir.com\/es\/wp-json\/wp\/v2\/pages\/23002\/revisions\/58514"}],"wp:attachment":[{"href":"https:\/\/www.ealixir.com\/es\/wp-json\/wp\/v2\/media?parent=23002"}],"curies":[{"name":"wp","href":"https:\/\/api.w.org\/{rel}","templated":true}]}}