{"id":22750,"date":"2019-11-29T10:45:22","date_gmt":"2019-11-29T10:45:22","guid":{"rendered":"https:\/\/www-ealixir-com-due-hosting.sq.biz\/foundation\/"},"modified":"2024-03-20T19:08:18","modified_gmt":"2024-03-20T19:08:18","slug":"fundacion","status":"publish","type":"page","link":"https:\/\/www.ealixir.com\/es\/fundacion\/","title":{"rendered":"La Fundaci\u00f3n Ealixir elimina videos o im\u00e1genes comprometedoras (casos porno de venganza) en l\u00ednea"},"content":{"rendered":"<p><img decoding=\"async\" src=\"https:\/\/www.ealixir.com\/wp-content\/uploads\/2019\/09\/foundation_gradient.svg\" height=\"283.46\" width=\"283.46\" \/>\t\t\t\t<\/p>\n<p>La Fundaci\u00f3n Ealixir elimina videos o im\u00e1genes comprometedoras en l\u00edneaFundaci\u00f3n Ealixir proporciona, de forma an\u00f3nima y gratuita, su propia tecnolog\u00eda y su equipo de profesionales altamente calificados con el fin de eliminar de la web el contenido perjudicial para la reputaci\u00f3n en l\u00ednea y la imagen social de aquellos que no tienen posibilidades econ\u00f3micas.La Fundaci\u00f3n Ealixir cancela videos o im\u00e1genes comprometedoras (los llamados casos de revenge porn) presentes en la red, cuya difusi\u00f3n podr\u00eda causar serios inconvenientes o terribles consecuencias, incluido el suicidio, como recientemente se ha visto en noticias.&nbsp;Ealixir se adhiere a un estricto c\u00f3digo de \u00e9tica.<\/p>\n<p><!-- \/row --><\/p>\n<p>FUNDACI\u00d3N EALIXIR CONTRA LA VIOLENCIA EN L\u00cdNEALa Fundaci\u00f3n Ealixir pone a disposici\u00f3n, de forma an\u00f3nima y gratuita, su tecnolog\u00eda y equipo de profesionales altamente cualificados para eliminar los contenidos violentos de la web.La Fundaci\u00f3n Ealixir elimina videos, im\u00e1genes, enlaces comprometedores en la red, cuya difusi\u00f3n podr\u00eda causar molestias o representar formas de amenaza.Si eres v\u00edctima de:Acoso cibern\u00e9ticoAcheco cibern\u00e9ticoPornograf\u00eda no consentida (NCP): pornovenganza, sextorsi\u00f3n, deepfake pornPuedes escribir a <a href=\"mailto:foundation@ealixir.com\">foundation@ealixir.com<\/a>En caso de que necesites ayuda legal gratuita, te pondremos en contacto con un experto que trabaja de forma gratuita.En caso de que necesites ayuda desde el punto de vista psicol\u00f3gico te pondremos en contacto con organizaciones que se ocupan de ello, siempre de forma gratuita.<\/p>\n<p><!-- \/row --><\/p>\n<p>Fundaci\u00f3n proporciona, de forma an\u00f3nima y gratuita, su propia tecnolog\u00eda y su equipo de profesionales altamente calificados con el fin de eliminar de la web el contenido perjudicial para la reputaci\u00f3n en l\u00ednea y la imagen social de aquellos que no tienen posibilidades econ\u00f3micas.&nbsp;La Fundaci\u00f3n Ealixir cancela videos o im\u00e1genes comprometedoras (los llamados casos de revenge porn) presentes en la red, cuya difusi\u00f3n podr\u00eda causar serios inconvenientes o terribles consecuencias, incluido el suicidio, como recientemente se ha visto en noticias.&nbsp;Ealixir se adhiere a un estricto c\u00f3digo de \u00e9tica.\t\t\t\t\t\t\t\t\t\t\t\t\t<\/p>\n","protected":false},"excerpt":{"rendered":"<p class=\"excerpt\">La Fundaci\u00f3n Ealixir elimina videos o im\u00e1genes comprometedoras en l\u00edneaFundaci\u00f3n Ealixir proporciona, de forma an\u00f3nima y gratuita, su propia tecnolog\u00eda y su equipo de profesionales altamente calificados con el fin de eliminar de la web el contenido perjudicial para la reputaci\u00f3n en l\u00ednea y la imagen social de aquellos que no tienen posibilidades econ\u00f3micas.La Fundaci\u00f3n [&hellip;]<\/p>\n","protected":false},"author":24,"featured_media":0,"parent":0,"menu_order":0,"comment_status":"closed","ping_status":"closed","template":"builder.php","meta":{"footnotes":""},"class_list":["post-22750","page","type-page","status-publish","hentry"],"_links":{"self":[{"href":"https:\/\/www.ealixir.com\/es\/wp-json\/wp\/v2\/pages\/22750","targetHints":{"allow":["GET"]}}],"collection":[{"href":"https:\/\/www.ealixir.com\/es\/wp-json\/wp\/v2\/pages"}],"about":[{"href":"https:\/\/www.ealixir.com\/es\/wp-json\/wp\/v2\/types\/page"}],"author":[{"embeddable":true,"href":"https:\/\/www.ealixir.com\/es\/wp-json\/wp\/v2\/users\/24"}],"replies":[{"embeddable":true,"href":"https:\/\/www.ealixir.com\/es\/wp-json\/wp\/v2\/comments?post=22750"}],"version-history":[{"count":67,"href":"https:\/\/www.ealixir.com\/es\/wp-json\/wp\/v2\/pages\/22750\/revisions"}],"predecessor-version":[{"id":58515,"href":"https:\/\/www.ealixir.com\/es\/wp-json\/wp\/v2\/pages\/22750\/revisions\/58515"}],"wp:attachment":[{"href":"https:\/\/www.ealixir.com\/es\/wp-json\/wp\/v2\/media?parent=22750"}],"curies":[{"name":"wp","href":"https:\/\/api.w.org\/{rel}","templated":true}]}}