{"id":17620,"date":"2019-08-30T10:47:47","date_gmt":"2019-08-30T10:47:47","guid":{"rendered":"http:\/\/www.ealixir.com.due-hosting.sq.biz\/webid\/"},"modified":"2024-02-16T16:15:20","modified_gmt":"2024-02-16T16:15:20","slug":"webid","status":"publish","type":"page","link":"https:\/\/www.ealixir.com\/es\/webid\/","title":{"rendered":"Ealixir Web iD: an\u00e1lisis de su imagen digital"},"content":{"rendered":"<p><img decoding=\"async\" src=\"https:\/\/www.ealixir.com\/wp-content\/uploads\/2019\/08\/webid_white.svg\" height=\"118\" width=\"326.64\" \/>\t\t\t\t<\/p>\n<p>HACEMOS UN CHECK-UP DE SU IMAGEN EN LA WEB<br \/>\n\t\t\t\t\t\t\t\t\t\t\t\t\t\t\t\t\t\t\t\t\t\t\t\t\t\t\t\t\t\t\t\t\t\t\t\t\tAnalizamos su identidad digital<\/p>\n<p><!-- \/row --><\/p>\n<p>An\u00e1lisis de su identidad digitalWEBiD elabora informes detallados sobre contenidos y conversaciones presentes en la web relacionados con individuos, marcas o empresas.El an\u00e1lisis proporcionado por WEBiD ayuda a comprender el estado de una identidad digital e identificar las acciones que se llevar\u00e1n a cabo para construir, mejorar o modificar su posicionamiento.&nbsp;Gracias a nuestra plataforma web, podemos monitorear el contenido y las conversaciones en m\u00e1s de 90 millones de fuentes, mostrar los problemas cr\u00edticos conectados y proponer la estrategia m\u00e1s efectiva para alinear la imagen real con la imagen en la red.\t\t\t\t\t\t\t\t\t\t\t\t\t<\/p>\n<p>Identificamos la informaci\u00f3n que le concierne difundida en todos los motores de b\u00fasqueda, tanto en la secci\u00f3n &#8220;Noticias&#8221; como en la secci\u00f3n &#8220;Im\u00e1genes&#8221;<\/p>\n<p>Analizamos las b\u00fasquedas sugeridas y las b\u00fasquedas relacionadas y examinamos los temas principales (Trending Topic) de las discusiones relacionadas con su reputaci\u00f3n en la web<\/p>\n<p>Realizamos el sentiment analysis y extrapolamos, desde el tono de la informaci\u00f3n en l\u00ednea, la percepci\u00f3n (positiva, negativa o neutral) de su presencia en la red<\/p>\n<p>Identificamos el contenido perjudicial para su imagen, que debe eliminarse de la web<\/p>\n<p>Geolocalizamos la informaci\u00f3n da\u00f1ina presente en la web y verificamos su posici\u00f3n demogr\u00e1fica<\/p>\n<p>Elaboramos un report tailor-made de tu identidad digital<\/p>\n<p><!-- \/row --><\/p>\n<p><a href=\"https:\/\/www.ealixir.com\/es\/contactar\/\"><br \/>\n\t\t\t\t\t\t\t\t\t\t\t\t\t\t\t\t\t\t\t\t\t\t\t\t\t\t\t\t\tCONT\u00c1CTENOS PARA UNA COTIZACI\u00d3N\t\t\t\t\t\t\t\t\t\t\t\t\t\t\t\t\t\t\t\t\t\t\t\t\t\t\t\t\t<\/a><\/p>\n<p>Cont\u00e1ctenos para recibir informaci\u00f3n adicional sobre nuestros servicios o un presupuesto personalizado.<br \/>\n\t\t\t\t\t\t\t\t\t\t\t\t\t\t\t\t\t\t\t\t\t\t\t\t\t\t\t\t\t\t\t\t\t\t\t\t\t<a href=\"https:\/\/www.ealixir.com\/es\/contactar\/\"><br \/>\n\t\t\t\t\t\t\t\t\t\t\t\t\t\tCONT\u00c1CTENOS\t\t\t\t\t\t\t\t\t\t\t\t\t<\/a><\/p>\n<p><!-- \/row --><\/p>\n<p>Otros servicios\t\t\t\t\t\t\t\t<\/p>\n<p><a href=\"https:\/\/www.ealixir.com\/es\/removal\/\"><br \/>\n\t\t\t\t\t\t\t\t\t\t\t\t\t\t\t\t\t\t\t\t\t\t\t\t\t<img decoding=\"async\" src=\"https:\/\/www.ealixir.com\/wp-content\/uploads\/2019\/08\/removal_gradient.svg\" height=\"118\" width=\"326.64\" \/>\t\t\t\t\t\t\t\t\t\t\t\t\t\t\t\t\t\t\t\t\t\t\t\t\t<\/a><\/p>\n<p>Primeros en el mundo en la eliminaci\u00f3n de enlaces negativos<\/p>\n<p><a href=\"https:\/\/www.ealixir.com\/es\/newsdelete\/\"><br \/>\n\t\t\t\t\t\t\t\t\t\t\t\t\t\t\t\t\t\t\t\t\t\t\t\t\t<img decoding=\"async\" src=\"https:\/\/www.ealixir.com\/wp-content\/uploads\/2019\/08\/newsdelete_gradient.svg\" height=\"118\" width=\"326.64\" \/>\t\t\t\t\t\t\t\t\t\t\t\t\t\t\t\t\t\t\t\t\t\t\t\t\t<\/a><\/p>\n<p>Todos tienen derecho a una nueva oportunidad<\/p>\n<p><a href=\"https:\/\/www.ealixir.com\/es\/story\/\"><br \/>\n\t\t\t\t\t\t\t\t\t\t\t\t\t\t\t\t\t\t\t\t\t\t\t\t\t<img decoding=\"async\" src=\"https:\/\/www.ealixir.com\/wp-content\/uploads\/2019\/08\/story_gradient.svg\" height=\"118\" width=\"326.64\" \/>\t\t\t\t\t\t\t\t\t\t\t\t\t\t\t\t\t\t\t\t\t\t\t\t\t<\/a><\/p>\n<p>Reescribe con nosotros tu historia digital<\/p>\n<p><a href=\"https:\/\/www.ealixir.com\/es\/analytics\/\"><br \/>\n\t\t\t\t\t\t\t\t\t\t\t\t\t\t\t\t\t\t\t\t\t\t\t\t\t<img decoding=\"async\" src=\"https:\/\/www.ealixir.com\/wp-content\/uploads\/2021\/07\/analytics-gradient-1.svg\" height=\"118\" width=\"326.64\" \/>\t\t\t\t\t\t\t\t\t\t\t\t\t\t\t\t\t\t\t\t\t\t\t\t\t<\/a><\/p>\n<p>Construimos la estrategia de comunicaci\u00f3n o de negocio m\u00e1s eficaz para usted<\/p>\n<p><a href=\"https:\/\/www.ealixir.com\/es\/event-launch\/\"><br \/>\n\t\t\t\t\t\t\t\t\t\t\t\t\t\t\t\t\t\t\t\t\t\t\t\t\t<img decoding=\"async\" src=\"https:\/\/www.ealixir.com\/wp-content\/uploads\/2021\/09\/events_gradient.svg\" height=\"118\" width=\"326.64\" \/>\t\t\t\t\t\t\t\t\t\t\t\t\t\t\t\t\t\t\t\t\t\t\t\t\t<\/a><\/p>\n<p>Promovemos sus eventos en todo el mundo<\/p>\n<p><!-- \/row --><\/p>\n","protected":false},"excerpt":{"rendered":"<p class=\"excerpt\">HACEMOS UN CHECK-UP DE SU IMAGEN EN LA WEB Analizamos su identidad digital An\u00e1lisis de su identidad digitalWEBiD elabora informes detallados sobre contenidos y conversaciones presentes en la web relacionados con individuos, marcas o empresas.El an\u00e1lisis proporcionado por WEBiD ayuda a comprender el estado de una identidad digital e identificar las acciones que se llevar\u00e1n [&hellip;]<\/p>\n","protected":false},"author":24,"featured_media":0,"parent":0,"menu_order":0,"comment_status":"closed","ping_status":"closed","template":"builder.php","meta":{"footnotes":""},"class_list":["post-17620","page","type-page","status-publish","hentry"],"_links":{"self":[{"href":"https:\/\/www.ealixir.com\/es\/wp-json\/wp\/v2\/pages\/17620","targetHints":{"allow":["GET"]}}],"collection":[{"href":"https:\/\/www.ealixir.com\/es\/wp-json\/wp\/v2\/pages"}],"about":[{"href":"https:\/\/www.ealixir.com\/es\/wp-json\/wp\/v2\/types\/page"}],"author":[{"embeddable":true,"href":"https:\/\/www.ealixir.com\/es\/wp-json\/wp\/v2\/users\/24"}],"replies":[{"embeddable":true,"href":"https:\/\/www.ealixir.com\/es\/wp-json\/wp\/v2\/comments?post=17620"}],"version-history":[{"count":314,"href":"https:\/\/www.ealixir.com\/es\/wp-json\/wp\/v2\/pages\/17620\/revisions"}],"predecessor-version":[{"id":50948,"href":"https:\/\/www.ealixir.com\/es\/wp-json\/wp\/v2\/pages\/17620\/revisions\/50948"}],"wp:attachment":[{"href":"https:\/\/www.ealixir.com\/es\/wp-json\/wp\/v2\/media?parent=17620"}],"curies":[{"name":"wp","href":"https:\/\/api.w.org\/{rel}","templated":true}]}}