{"id":17503,"date":"2019-08-30T10:47:56","date_gmt":"2019-08-30T10:47:56","guid":{"rendered":"http:\/\/www.ealixir.com.due-hosting.sq.biz\/story\/"},"modified":"2024-03-19T10:08:56","modified_gmt":"2024-03-19T10:08:56","slug":"story","status":"publish","type":"page","link":"https:\/\/www.ealixir.com\/es\/story\/","title":{"rendered":"Ealixir Story: un servicio de distribuci\u00f3n y cobertura de prensa para sus clientes y sus negocios en 30 pa\u00edses alrededor del mundo."},"content":{"rendered":"<p><img decoding=\"async\" src=\"https:\/\/www.ealixir.com\/wp-content\/uploads\/2019\/08\/story_white.svg\" height=\"118\" width=\"326.64\" \/>\t\t\t\t<\/p>\n<p>REESCRIBE CON NOSOTROS TU HISTORIA DIGITAL<br \/>\n\t\t\t\t\t\t\t\t\t\t\t\t\t\t\t\t\t\t\t\t\t\t\t\t\t\t\t\t\t\t\t\t\t\t\t\t\tConstruimos o renovamos su imagen en l\u00ednea<\/p>\n<p><!-- \/row --><\/p>\n<p>El servicio de distribuci\u00f3n y cobertura de prensaEalixir Story ofrece al cliente un servicio \u00fanico: la posibilidad de redactar art\u00edculos que le conciernen, garantizando el 100% su publicaci\u00f3n en peri\u00f3dicos en m\u00e1s de 30 pa\u00edses.&nbsp;Ealixir cuenta con la colaboraci\u00f3n de 500 periodistas, ubicados en todo el mundo, y tiene acceso a publicaciones en 1200 peri\u00f3dicos internacionales. Esta densa e importante red de contactos permite a Ealixir Story desarrollar planes editoriales personalizados y publicar los contenidos acordados en reconocidos medios internacionales dentro de los tiempos establecidos.La \u201chistoria\u201d, contada art\u00edculo tras art\u00edculo, pone como tema central el perfil del cliente y su negocio, y gracias a la cantidad y la calidad del contenido positivo y la importancia de los medios a trav\u00e9s de los cuales es publicado, su reputaci\u00f3n online resultar\u00e1 s\u00f3lida y confiable.\t\t\t\t\t\t\t\t\t\t\t\t\t<\/p>\n<p>Recopilamos la informaci\u00f3n necesaria para desarrollar un plan editorial personalizado y definir objetivos y estrategias<\/p>\n<p>Identificamos los argumentos m\u00e1s efectivos para contar mejor su &#8220;historia&#8221;, comenzando por una entrevista, que ser\u00e1 el centro de la narrativa que se desarrollar\u00e1 a trav\u00e9s de la publicaci\u00f3n de los art\u00edculos en el per\u00edodo acordado<\/p>\n<p>Evaluamos las mejoras de su reputaci\u00f3n en l\u00ednea con la ayuda de la plataforma de escucha web de nuestro servicio WEBiD<\/p>\n<p><!-- \/row --><\/p>\n<p><a href=\"https:\/\/www.ealixir.com\/es\/contactar\/\"><br \/>\n\t\t\t\t\t\t\t\t\t\t\t\t\t\t\t\t\t\t\t\t\t\t\t\t\t\t\t\t\tCONT\u00c1CTENOS PARA UNA COTIZACI\u00d3N\t\t\t\t\t\t\t\t\t\t\t\t\t\t\t\t\t\t\t\t\t\t\t\t\t\t\t\t\t<\/a><\/p>\n<p>Cont\u00e1ctenos para recibir informaci\u00f3n adicional sobre nuestros servicios o un presupuesto personalizado.<br \/>\n\t\t\t\t\t\t\t\t\t\t\t\t\t\t\t\t\t\t\t\t\t\t\t\t\t\t\t\t\t\t\t\t\t\t\t\t\t<a href=\"https:\/\/www.ealixir.com\/es\/contactar\/\"><br \/>\n\t\t\t\t\t\t\t\t\t\t\t\t\t\tCONT\u00c1CTENOS\t\t\t\t\t\t\t\t\t\t\t\t\t<\/a><\/p>\n<p><!-- \/row --><\/p>\n<p>Otros servicios\t\t\t\t\t\t\t\t<\/p>\n<p><a href=\"https:\/\/www.ealixir.com\/es\/removal\/\"><br \/>\n\t\t\t\t\t\t\t\t\t\t\t\t\t\t\t\t\t\t\t\t\t\t\t\t\t<img decoding=\"async\" src=\"https:\/\/www.ealixir.com\/wp-content\/uploads\/2019\/08\/removal_gradient.svg\" height=\"118\" width=\"326.64\" \/>\t\t\t\t\t\t\t\t\t\t\t\t\t\t\t\t\t\t\t\t\t\t\t\t\t<\/a><\/p>\n<p>Primeros en el mundo en la eliminaci\u00f3n de enlaces negativos<\/p>\n<p><a href=\"https:\/\/www.ealixir.com\/es\/newsdelete\/\"><br \/>\n\t\t\t\t\t\t\t\t\t\t\t\t\t\t\t\t\t\t\t\t\t\t\t\t\t<img decoding=\"async\" src=\"https:\/\/www.ealixir.com\/wp-content\/uploads\/2019\/08\/newsdelete_gradient.svg\" height=\"118\" width=\"326.64\" \/>\t\t\t\t\t\t\t\t\t\t\t\t\t\t\t\t\t\t\t\t\t\t\t\t\t<\/a><\/p>\n<p>Todos tienen derecho a una nueva oportunidad<\/p>\n<p><a href=\"https:\/\/www.ealixir.com\/es\/webid\/\"><br \/>\n\t\t\t\t\t\t\t\t\t\t\t\t\t\t\t\t\t\t\t\t\t\t\t\t\t<img decoding=\"async\" src=\"https:\/\/www.ealixir.com\/wp-content\/uploads\/2019\/08\/webid_gradient.svg\" height=\"118\" width=\"326.64\" \/>\t\t\t\t\t\t\t\t\t\t\t\t\t\t\t\t\t\t\t\t\t\t\t\t\t<\/a><\/p>\n<p>Hacemos un check-up de su imagen en la web<\/p>\n<p><a href=\"https:\/\/www.ealixir.com\/es\/analytics\/\"><br \/>\n\t\t\t\t\t\t\t\t\t\t\t\t\t\t\t\t\t\t\t\t\t\t\t\t\t<img decoding=\"async\" src=\"https:\/\/www.ealixir.com\/wp-content\/uploads\/2021\/07\/analytics-gradient-1.svg\" height=\"118\" width=\"326.64\" \/>\t\t\t\t\t\t\t\t\t\t\t\t\t\t\t\t\t\t\t\t\t\t\t\t\t<\/a><\/p>\n<p>Construimos la estrategia de comunicaci\u00f3n o de negocio m\u00e1s eficaz para usted<\/p>\n<p><a href=\"https:\/\/www.ealixir.com\/es\/event-launch\/\"><br \/>\n\t\t\t\t\t\t\t\t\t\t\t\t\t\t\t\t\t\t\t\t\t\t\t\t\t<img decoding=\"async\" src=\"https:\/\/www.ealixir.com\/wp-content\/uploads\/2021\/09\/events_gradient.svg\" height=\"118\" width=\"326.64\" \/>\t\t\t\t\t\t\t\t\t\t\t\t\t\t\t\t\t\t\t\t\t\t\t\t\t<\/a><\/p>\n<p>Promovemos sus eventos en todo el mundo<\/p>\n<p><!-- \/row --><\/p>\n","protected":false},"excerpt":{"rendered":"<p class=\"excerpt\">REESCRIBE CON NOSOTROS TU HISTORIA DIGITAL Construimos o renovamos su imagen en l\u00ednea El servicio de distribuci\u00f3n y cobertura de prensaEalixir Story ofrece al cliente un servicio \u00fanico: la posibilidad de redactar art\u00edculos que le conciernen, garantizando el 100% su publicaci\u00f3n en peri\u00f3dicos en m\u00e1s de 30 pa\u00edses.&nbsp;Ealixir cuenta con la colaboraci\u00f3n de 500 periodistas, [&hellip;]<\/p>\n","protected":false},"author":24,"featured_media":0,"parent":0,"menu_order":0,"comment_status":"closed","ping_status":"closed","template":"builder.php","meta":{"footnotes":""},"class_list":["post-17503","page","type-page","status-publish","hentry"],"_links":{"self":[{"href":"https:\/\/www.ealixir.com\/es\/wp-json\/wp\/v2\/pages\/17503","targetHints":{"allow":["GET"]}}],"collection":[{"href":"https:\/\/www.ealixir.com\/es\/wp-json\/wp\/v2\/pages"}],"about":[{"href":"https:\/\/www.ealixir.com\/es\/wp-json\/wp\/v2\/types\/page"}],"author":[{"embeddable":true,"href":"https:\/\/www.ealixir.com\/es\/wp-json\/wp\/v2\/users\/24"}],"replies":[{"embeddable":true,"href":"https:\/\/www.ealixir.com\/es\/wp-json\/wp\/v2\/comments?post=17503"}],"version-history":[{"count":522,"href":"https:\/\/www.ealixir.com\/es\/wp-json\/wp\/v2\/pages\/17503\/revisions"}],"predecessor-version":[{"id":53864,"href":"https:\/\/www.ealixir.com\/es\/wp-json\/wp\/v2\/pages\/17503\/revisions\/53864"}],"wp:attachment":[{"href":"https:\/\/www.ealixir.com\/es\/wp-json\/wp\/v2\/media?parent=17503"}],"curies":[{"name":"wp","href":"https:\/\/api.w.org\/{rel}","templated":true}]}}