{"id":17377,"date":"2019-08-20T14:08:26","date_gmt":"2019-08-20T14:08:26","guid":{"rendered":"http:\/\/www.ealixir.com.due-hosting.sq.biz\/removal\/"},"modified":"2020-02-10T16:28:50","modified_gmt":"2020-02-10T16:28:50","slug":"removal","status":"publish","type":"page","link":"https:\/\/www.ealixir.com\/es\/removal\/","title":{"rendered":"Ealixir Removal protege la reputaci\u00f3n en l\u00ednea de individuos y empresas y elimina las noticias negativas en la web"},"content":{"rendered":"<p><img decoding=\"async\" src=\"https:\/\/www-2020.ealixir.com\/wp-content\/uploads\/2019\/08\/removal_white.svg\" height=\"118\" width=\"326.64\" \/>\t\t\t\t<\/p>\n<p>PRIMEROS EN EL MUNDO EN LA ELIMINACI\u00d3N DE ENLACES NEGATIVOS<br \/>\n\t\t\t\t\t\t\t\t\t\t\t\t\t\t\t\t\t\t\t\t\t\t\t\t\t\t\t\t\t\t\t\t\t\t\t\t\tLe damos a usted o a su empresa la oportunidad de comenzar de nuevo<\/p>\n<p><!-- \/row --><\/p>\n<p>C\u00d3MO TRABAJAMOS<br \/>\n\t\t\t\t\t\t\t\t\t\t\t\t\t\t\t\t\t\t\t\t\t\tEalixir Removal, protege la reputaci\u00f3n en la web de incidimos y empresas, tutelando el Derecho al Olvido*, a trav\u00e9s de la eliminaci\u00f3n de las noticias negativas presentes en internet. Gracias a una plataforma tecnol\u00f3gica innovadora, los profesionales de Ealixir eliminan informaci\u00f3n incorrecta que compromete la credibilidad de sus clientes. A trav\u00e9s de una investigaci\u00f3n exhaustiva, el equipo de Ealixir identifica el contenido da\u00f1ino, lo analiza y procede a su eliminaci\u00f3n definitiva. Con la f\u00f3rmula &#8220;satisfecho o reembolsado&#8221;, Ealixir Removal garantiza resultados efectivos y la oportunidad de un nuevo comienzo. * En pa\u00edses donde el derecho al olvido no est\u00e1 presente, utilizamos las normas de protecci\u00f3n de datos y privacidad.\t\t\t\t\t\t\t\t\t\t\t\t\t<\/p>\n<p>B\u00fasqueda de informaci\u00f3n<br \/>\n\t\t\t\t\t\t\t\t\t\t\t\t\t\t\t\t\t\t\t\t\t\t\t\t\t\t\t\t\t\t\t\t\t\t\t\t\tIdentificamos, a petici\u00f3n, el contenido web que le concierne<\/p>\n<p>Crear un informe<br \/>\n\t\t\t\t\t\t\t\t\t\t\t\t\t\t\t\t\t\t\t\t\t\t\t\t\t\t\t\t\t\t\t\t\t\t\t\t\tAnalizamos juntos el contenido encontrado e identificamos informaci\u00f3n que es perjudicial para su reputaci\u00f3n en l\u00ednea<\/p>\n<p>Identificaci\u00f3n de los enlaces<br \/>\n\t\t\t\t\t\t\t\t\t\t\t\t\t\t\t\t\t\t\t\t\t\t\t\t\t\t\t\t\t\t\t\t\t\t\t\t\tIdentificamos las p\u00e1ginas en las que se publica el contenido negativo que se eliminar\u00e1<\/p>\n<p>Eliminaci\u00f3n de enlaces<br \/>\n\t\t\t\t\t\t\t\t\t\t\t\t\t\t\t\t\t\t\t\t\t\t\t\t\t\t\t\t\t\t\t\t\t\t\t\t\tContactamos a los responsables de las publicaciones da\u00f1inas y activamos la solicitud de eliminaci\u00f3n<\/p>\n<p>Monitoreo en tiempo real<br \/>\n\t\t\t\t\t\t\t\t\t\t\t\t\t\t\t\t\t\t\t\t\t\t\t\t\t\t\t\t\t\t\t\t\t\t\t\t\tCon Ealixir tiene la posibilidad de monitorear el progreso en tiempo real<\/p>\n<p>Resultado final<br \/>\n\t\t\t\t\t\t\t\t\t\t\t\t\t\t\t\t\t\t\t\t\t\t\t\t\t\t\t\t\t\t\t\t\t\t\t\t\tEl contenido perjudicial para su reputaci\u00f3n se elimina permanentemente<\/p>\n<p><!-- \/row --><\/p>\n<p><a href=\"https:\/\/www-2020.ealixir.com\/contacts\/\"><br \/>\n\t\t\t\t\t\t\t\t\t\t\t\t\t\t\t\t\t\t\t\t\t\t\t\t\t\t\t\t\tCONT\u00c1CTENOS PARA UNA COTIZACI\u00d3N\t\t\t\t\t\t\t\t\t\t\t\t\t\t\t\t\t\t\t\t\t\t\t\t\t\t\t\t\t<\/a><\/p>\n<p>Cont\u00e1ctenos para recibir informaci\u00f3n adicional sobre nuestros servicios o un presupuesto personalizado.<br \/>\n\t\t\t\t\t\t\t\t\t\t\t\t\t\t\t\t\t\t\t\t\t\t\t\t\t\t\t\t\t\t\t\t\t\t\t\t\t<a href=\"https:\/\/www-2020.ealixir.com\/contacts\/\"><br \/>\n\t\t\t\t\t\t\t\t\t\t\t\t\t\tCONT\u00c1CTENOS\t\t\t\t\t\t\t\t\t\t\t\t\t<\/a><\/p>\n<p><!-- \/row --><\/p>\n<p>Otros servicios\t\t\t\t\t\t\t\t<\/p>\n<p><a href=\"https:\/\/www-2020.ealixir.com\/newsdelete\/\"><br \/>\n\t\t\t\t\t\t\t\t\t\t\t\t\t\t\t\t\t\t\t\t\t\t\t\t\t<img decoding=\"async\" src=\"https:\/\/www-2020.ealixir.com\/wp-content\/uploads\/2019\/08\/newsdelete_gradient.svg\" height=\"118\" width=\"326.64\" \/>\t\t\t\t\t\t\t\t\t\t\t\t\t\t\t\t\t\t\t\t\t\t\t\t\t<\/a><\/p>\n<p>Todos tienen derecho a una nueva oportunidad<\/p>\n<p><a href=\"https:\/\/www-2020.ealixir.com\/webid\/\"><br \/>\n\t\t\t\t\t\t\t\t\t\t\t\t\t\t\t\t\t\t\t\t\t\t\t\t\t<img decoding=\"async\" src=\"https:\/\/www-2020.ealixir.com\/wp-content\/uploads\/2019\/08\/webid_gradient.svg\" height=\"118\" width=\"326.64\" \/>\t\t\t\t\t\t\t\t\t\t\t\t\t\t\t\t\t\t\t\t\t\t\t\t\t<\/a><\/p>\n<p>Hacemos un check-up de su imagen en la web<\/p>\n<p><a href=\"https:\/\/www-2020.ealixir.com\/story\/\"><br \/>\n\t\t\t\t\t\t\t\t\t\t\t\t\t\t\t\t\t\t\t\t\t\t\t\t\t<img decoding=\"async\" src=\"https:\/\/www-2020.ealixir.com\/wp-content\/uploads\/2019\/08\/story_gradient.svg\" height=\"118\" width=\"326.64\" \/>\t\t\t\t\t\t\t\t\t\t\t\t\t\t\t\t\t\t\t\t\t\t\t\t\t<\/a><\/p>\n<p>Reescribe con nosotros tu historia digital<\/p>\n<p><!-- \/row --><\/p>\n","protected":false},"excerpt":{"rendered":"<p class=\"excerpt\">PRIMEROS EN EL MUNDO EN LA ELIMINACI\u00d3N DE ENLACES NEGATIVOS Le damos a usted o a su empresa la oportunidad de comenzar de nuevo C\u00d3MO TRABAJAMOS Ealixir Removal, protege la reputaci\u00f3n en la web de incidimos y empresas, tutelando el Derecho al Olvido*, a trav\u00e9s de la eliminaci\u00f3n de las noticias negativas presentes en internet. [&hellip;]<\/p>\n","protected":false},"author":24,"featured_media":0,"parent":0,"menu_order":0,"comment_status":"closed","ping_status":"closed","template":"builder.php","meta":{"footnotes":""},"class_list":["post-17377","page","type-page","status-publish","hentry"],"_links":{"self":[{"href":"https:\/\/www.ealixir.com\/es\/wp-json\/wp\/v2\/pages\/17377","targetHints":{"allow":["GET"]}}],"collection":[{"href":"https:\/\/www.ealixir.com\/es\/wp-json\/wp\/v2\/pages"}],"about":[{"href":"https:\/\/www.ealixir.com\/es\/wp-json\/wp\/v2\/types\/page"}],"author":[{"embeddable":true,"href":"https:\/\/www.ealixir.com\/es\/wp-json\/wp\/v2\/users\/24"}],"replies":[{"embeddable":true,"href":"https:\/\/www.ealixir.com\/es\/wp-json\/wp\/v2\/comments?post=17377"}],"version-history":[{"count":158,"href":"https:\/\/www.ealixir.com\/es\/wp-json\/wp\/v2\/pages\/17377\/revisions"}],"predecessor-version":[{"id":38838,"href":"https:\/\/www.ealixir.com\/es\/wp-json\/wp\/v2\/pages\/17377\/revisions\/38838"}],"wp:attachment":[{"href":"https:\/\/www.ealixir.com\/es\/wp-json\/wp\/v2\/media?parent=17377"}],"curies":[{"name":"wp","href":"https:\/\/api.w.org\/{rel}","templated":true}]}}