{"id":17218,"date":"2019-08-30T10:45:51","date_gmt":"2019-08-30T10:45:51","guid":{"rendered":"http:\/\/www.ealixir.com.due-hosting.sq.biz\/newsdelete\/"},"modified":"2024-02-15T23:59:27","modified_gmt":"2024-02-15T23:59:27","slug":"newsdelete","status":"publish","type":"page","link":"https:\/\/www.ealixir.com\/es\/newsdelete\/","title":{"rendered":"Newsdelete es un l\u00edder mundial en la resoluci\u00f3n de problemas relacionados con la reputaci\u00f3n financiera en l\u00ednea"},"content":{"rendered":"<p><img decoding=\"async\" src=\"https:\/\/www.ealixir.com\/wp-content\/uploads\/2019\/08\/newsdelete_white.svg\" height=\"118\" width=\"326.64\" \/>\t\t\t\t<\/p>\n<p>TODOS TIENEN DERECHO A UNA NUEVA OPORTUNIDAD<br \/>\n\t\t\t\t\t\t\t\t\t\t\t\t\t\t\t\t\t\t\t\t\t\t\t\t\t\t\t\t\t\t\t\t\t\t\t\t\tComienza tu negocio nuevamente<\/p>\n<p><!-- \/row --><\/p>\n<p>El l\u00edder mundial en la resoluci\u00f3n de problemas relacionados con la reputaci\u00f3nNewsdelete es el l\u00edder mundial en la resoluci\u00f3n de problemas relacionados con la reputaci\u00f3n financiera.Gracias a la comprobada experiencia adquirida en el sector, Newsdelete puede identificar r\u00e1pidamente los contenidos en l\u00ednea presentes en las Black Lists (listas con valor internacional que identifican el riesgo financiero de individuos, organizaciones y empresas), y eliminar los datos perjudiciales de los motores de b\u00fasqueda.Las acciones llevadas a cabo por Newsdelete se inspiran en los valores en los que creemos: respeto a los clientes y las regulaciones actuales, eficiencia y efectividad en la ejecuci\u00f3n, integridad moral, confidencialidad y protecci\u00f3n de datos sensibles.\t\t\t\t\t\t\t\t\t\t\t\t\t<\/p>\n<p>Analizamos tu reputaci\u00f3n financiera online, identificamos los contenidos negativos que puedan da\u00f1ar tu negocio y garantizamos la m\u00e1xima discreci\u00f3n y confidencialidad<\/p>\n<p>Identificamos los datos presentes en los sistemas de informaci\u00f3n crediticia, que utilizan los bancos p\u00fablicos y privados, destacamos la informaci\u00f3n perjudicial y proponemos soluciones apropiadas y efectivas<\/p>\n<p>Investigamos la presencia de informes en la Black List (las bases de datos internacionales que identifican a las personas y empresas que se se\u00f1alan por su falta de fiabilidad financiera) verificamos la confiabilidad de las fuentes y cancelamos o negociamos la modificaci\u00f3n de los informes presentes<\/p>\n<p><!-- \/row --><\/p>\n<p><a href=\"https:\/\/www.ealixir.com\/es\/contactar\/\"><br \/>\n\t\t\t\t\t\t\t\t\t\t\t\t\t\t\t\t\t\t\t\t\t\t\t\t\t\t\t\t\tCONT\u00c1CTENOS PARA UNA COTIZACI\u00d3N\t\t\t\t\t\t\t\t\t\t\t\t\t\t\t\t\t\t\t\t\t\t\t\t\t\t\t\t\t<\/a><\/p>\n<p>Cont\u00e1ctenos para recibir informaci\u00f3n adicional sobre nuestros servicios o un presupuesto personalizado.<br \/>\n\t\t\t\t\t\t\t\t\t\t\t\t\t\t\t\t\t\t\t\t\t\t\t\t\t\t\t\t\t\t\t\t\t\t\t\t\t<a href=\"https:\/\/www.ealixir.com\/es\/contactar\/\"><br \/>\n\t\t\t\t\t\t\t\t\t\t\t\t\t\tCONT\u00c1CTENOS\t\t\t\t\t\t\t\t\t\t\t\t\t<\/a><\/p>\n<p><!-- \/row --><\/p>\n<p>Otros servicios\t\t\t\t\t\t\t\t<\/p>\n<p><a href=\"https:\/\/www.ealixir.com\/es\/removal\/\"><br \/>\n\t\t\t\t\t\t\t\t\t\t\t\t\t\t\t\t\t\t\t\t\t\t\t\t\t<img decoding=\"async\" src=\"https:\/\/www.ealixir.com\/wp-content\/uploads\/2019\/08\/removal_gradient.svg\" height=\"118\" width=\"326.64\" \/>\t\t\t\t\t\t\t\t\t\t\t\t\t\t\t\t\t\t\t\t\t\t\t\t\t<\/a><\/p>\n<p>Primeros en el mundo en la eliminaci\u00f3n de enlaces negativos<\/p>\n<p><a href=\"https:\/\/www.ealixir.com\/es\/webid\/\"><br \/>\n\t\t\t\t\t\t\t\t\t\t\t\t\t\t\t\t\t\t\t\t\t\t\t\t\t<img decoding=\"async\" src=\"https:\/\/www.ealixir.com\/wp-content\/uploads\/2019\/08\/webid_gradient.svg\" height=\"118\" width=\"326.64\" \/>\t\t\t\t\t\t\t\t\t\t\t\t\t\t\t\t\t\t\t\t\t\t\t\t\t<\/a><\/p>\n<p>Hacemos un check-up de su imagen en la web<\/p>\n<p><a href=\"https:\/\/www.ealixir.com\/es\/story\/\"><br \/>\n\t\t\t\t\t\t\t\t\t\t\t\t\t\t\t\t\t\t\t\t\t\t\t\t\t<img decoding=\"async\" src=\"https:\/\/www.ealixir.com\/wp-content\/uploads\/2019\/08\/story_gradient.svg\" height=\"118\" width=\"326.64\" \/>\t\t\t\t\t\t\t\t\t\t\t\t\t\t\t\t\t\t\t\t\t\t\t\t\t<\/a><\/p>\n<p>Reescribe con nosotros tu historia digital<\/p>\n<p><a href=\"https:\/\/www.ealixir.com\/es\/analytics\/\"><br \/>\n\t\t\t\t\t\t\t\t\t\t\t\t\t\t\t\t\t\t\t\t\t\t\t\t\t<img decoding=\"async\" src=\"https:\/\/www.ealixir.com\/wp-content\/uploads\/2021\/07\/analytics-gradient-1.svg\" height=\"118\" width=\"326.64\" \/>\t\t\t\t\t\t\t\t\t\t\t\t\t\t\t\t\t\t\t\t\t\t\t\t\t<\/a><\/p>\n<p>Construimos la estrategia de comunicaci\u00f3n o de negocio m\u00e1s eficaz para usted<\/p>\n<p><a href=\"https:\/\/www.ealixir.com\/es\/event-launch\/\"><br \/>\n\t\t\t\t\t\t\t\t\t\t\t\t\t\t\t\t\t\t\t\t\t\t\t\t\t<img decoding=\"async\" src=\"https:\/\/www.ealixir.com\/wp-content\/uploads\/2021\/09\/events_gradient.svg\" height=\"118\" width=\"326.64\" \/>\t\t\t\t\t\t\t\t\t\t\t\t\t\t\t\t\t\t\t\t\t\t\t\t\t<\/a><\/p>\n<p>Promovemos sus eventos en todo el mundo<\/p>\n<p><!-- \/row --><\/p>\n","protected":false},"excerpt":{"rendered":"<p class=\"excerpt\">TODOS TIENEN DERECHO A UNA NUEVA OPORTUNIDAD Comienza tu negocio nuevamente El l\u00edder mundial en la resoluci\u00f3n de problemas relacionados con la reputaci\u00f3nNewsdelete es el l\u00edder mundial en la resoluci\u00f3n de problemas relacionados con la reputaci\u00f3n financiera.Gracias a la comprobada experiencia adquirida en el sector, Newsdelete puede identificar r\u00e1pidamente los contenidos en l\u00ednea presentes en [&hellip;]<\/p>\n","protected":false},"author":24,"featured_media":0,"parent":0,"menu_order":0,"comment_status":"closed","ping_status":"closed","template":"builder.php","meta":{"footnotes":""},"class_list":["post-17218","page","type-page","status-publish","hentry"],"_links":{"self":[{"href":"https:\/\/www.ealixir.com\/es\/wp-json\/wp\/v2\/pages\/17218","targetHints":{"allow":["GET"]}}],"collection":[{"href":"https:\/\/www.ealixir.com\/es\/wp-json\/wp\/v2\/pages"}],"about":[{"href":"https:\/\/www.ealixir.com\/es\/wp-json\/wp\/v2\/types\/page"}],"author":[{"embeddable":true,"href":"https:\/\/www.ealixir.com\/es\/wp-json\/wp\/v2\/users\/24"}],"replies":[{"embeddable":true,"href":"https:\/\/www.ealixir.com\/es\/wp-json\/wp\/v2\/comments?post=17218"}],"version-history":[{"count":290,"href":"https:\/\/www.ealixir.com\/es\/wp-json\/wp\/v2\/pages\/17218\/revisions"}],"predecessor-version":[{"id":50434,"href":"https:\/\/www.ealixir.com\/es\/wp-json\/wp\/v2\/pages\/17218\/revisions\/50434"}],"wp:attachment":[{"href":"https:\/\/www.ealixir.com\/es\/wp-json\/wp\/v2\/media?parent=17218"}],"curies":[{"name":"wp","href":"https:\/\/api.w.org\/{rel}","templated":true}]}}