{"id":17080,"date":"2019-08-30T13:11:35","date_gmt":"2019-08-30T13:11:35","guid":{"rendered":"http:\/\/www.ealixir.com.due-hosting.sq.biz\/ethical-code\/"},"modified":"2024-03-19T10:16:49","modified_gmt":"2024-03-19T10:16:49","slug":"codigo-etico","status":"publish","type":"page","link":"https:\/\/www.ealixir.com\/es\/codigo-etico\/","title":{"rendered":"El C\u00f3digo \u00c9tico de ealixir es un conjunto de reglas para garantizar la aplicaci\u00f3n del derecho al olvido"},"content":{"rendered":"<p>C\u00f3digo \u00e9tico de EalixirEl C\u00f3digo de \u00c9tica de Ealixir es un conjunto de reglas, aprobado y firmado por todos nuestros colaboradores, dirigido a la regulaci\u00f3n interna y externa de la empresa y la protecci\u00f3n de nuestros clientes.El Derecho al Olvido es una forma de garant\u00eda aplicable a cualquier persona y hoy en d\u00eda est\u00e1 protegido por la Uni\u00f3n Europea y por las leyes de los Estados miembros. Hay un n\u00famero creciente de sentencias que determinan la subsistencia (Corte Europea, tribunales nacionales, Autoridades Garantes de la Privacidad) y la validez de este derecho.&nbsp;Cualquier persona interesada puede ejercer el Derecho al Olvido, en presencia de las condiciones legales requeridas para invocarlo. Seg\u00fan las estad\u00edsticas, la informaci\u00f3n indeseada solicitada para la eliminaci\u00f3n se refiere, mayormente, al contenido de noticias judiciales. La sentencia de condena despu\u00e9s de un proceso penal y el tipo de delito cometido no determinan necesariamente la exclusi\u00f3n del reconocimiento al Olvido.&nbsp;Ealixir comparte el valor \u00e9tico y legal del principio seg\u00fan el cual la ley es igual para todos, tanto en el caso de defensa contra una acusaci\u00f3n como en el caso de la afirmaci\u00f3n del propio derecho. Sin embargo, hay casos en los que los sujetos, condenados definitivamente, son responsables de cr\u00edmenes particularmente graves y execrables (como ejemplo podemos mencionar los cr\u00edmenes de pornograf\u00eda infantil, de asociaci\u00f3n mafiosa o de violencia contra mujeres y ni\u00f1os). Con respecto a dichos casos, Ealixir se reserva el derecho de rechazarlos, demostrando un enfoque profesional donde no se sacrifica los valores \u00e9ticos para obtener ganancias y que existe una interpretaci\u00f3n genuina sobre los l\u00edmites de la aplicabilidad del derecho al Olvido.<\/p>\n<p><!-- \/row --><\/p>\n","protected":false},"excerpt":{"rendered":"<p class=\"excerpt\">C\u00f3digo \u00e9tico de EalixirEl C\u00f3digo de \u00c9tica de Ealixir es un conjunto de reglas, aprobado y firmado por todos nuestros colaboradores, dirigido a la regulaci\u00f3n interna y externa de la empresa y la protecci\u00f3n de nuestros clientes.El Derecho al Olvido es una forma de garant\u00eda aplicable a cualquier persona y hoy en d\u00eda est\u00e1 protegido [&hellip;]<\/p>\n","protected":false},"author":24,"featured_media":0,"parent":0,"menu_order":0,"comment_status":"closed","ping_status":"closed","template":"builder.php","meta":{"footnotes":""},"class_list":["post-17080","page","type-page","status-publish","hentry"],"_links":{"self":[{"href":"https:\/\/www.ealixir.com\/es\/wp-json\/wp\/v2\/pages\/17080","targetHints":{"allow":["GET"]}}],"collection":[{"href":"https:\/\/www.ealixir.com\/es\/wp-json\/wp\/v2\/pages"}],"about":[{"href":"https:\/\/www.ealixir.com\/es\/wp-json\/wp\/v2\/types\/page"}],"author":[{"embeddable":true,"href":"https:\/\/www.ealixir.com\/es\/wp-json\/wp\/v2\/users\/24"}],"replies":[{"embeddable":true,"href":"https:\/\/www.ealixir.com\/es\/wp-json\/wp\/v2\/comments?post=17080"}],"version-history":[{"count":14,"href":"https:\/\/www.ealixir.com\/es\/wp-json\/wp\/v2\/pages\/17080\/revisions"}],"predecessor-version":[{"id":39099,"href":"https:\/\/www.ealixir.com\/es\/wp-json\/wp\/v2\/pages\/17080\/revisions\/39099"}],"wp:attachment":[{"href":"https:\/\/www.ealixir.com\/es\/wp-json\/wp\/v2\/media?parent=17080"}],"curies":[{"name":"wp","href":"https:\/\/api.w.org\/{rel}","templated":true}]}}