{"id":13288,"date":"2019-08-06T08:34:49","date_gmt":"2019-08-06T08:34:49","guid":{"rendered":"http:\/\/www.ealixir.com.due-hosting.sq.biz\/home\/"},"modified":"2022-03-29T10:01:50","modified_gmt":"2022-03-29T10:01:50","slug":"home","status":"publish","type":"page","link":"https:\/\/www.ealixir.com\/es\/","title":{"rendered":"Desautorizar enlaces y eliminar contenido negativo en l\u00ednea"},"content":{"rendered":"<p><!-- Start video bg area --><\/p>\n<p><!-- End video bg area --><\/p>\n<p><!-- End apptech bg video--><\/p>\n<p><!-- Start slider button --><\/p>\n<p>&nbsp;<\/p>\n<p>Mira el video<\/p>\n<p>&nbsp;<\/p>\n<p><!-- End Slider Button --><\/p>\n<p><!-- .container --><br \/>\n<!-- .overlay --><\/p>\n<p><a href=\"#our-services\">\u00a0<\/a><\/p>\n<p>&nbsp;<\/p>\n<p>Nuestros servicios<br \/>\nDescubre lo que hacemos<\/p>\n<p><a href=\"https:\/\/www-2020.ealixir.com\/es\/removal\/\"><br \/>\n<img decoding=\"async\" src=\"https:\/\/www-2020.ealixir.com\/wp-content\/uploads\/2019\/08\/removal_gradient.svg\" width=\"326.64\" height=\"118\" \/> <\/a><\/p>\n<p>Primeros en el mundo en la eliminaci\u00f3n de enlaces negativos<\/p>\n<p><a href=\"https:\/\/www-2020.ealixir.com\/es\/newsdelete\/\"><br \/>\n<img decoding=\"async\" src=\"https:\/\/www-2020.ealixir.com\/wp-content\/uploads\/2019\/08\/newsdelete_gradient.svg\" width=\"326.64\" height=\"118\" \/> <\/a><\/p>\n<p>Todos tienen derecho a una nueva oportunidad<\/p>\n<p><a href=\"https:\/\/www-2020.ealixir.com\/es\/webid\/\"><br \/>\n<img decoding=\"async\" src=\"https:\/\/www-2020.ealixir.com\/wp-content\/uploads\/2019\/08\/webid_gradient.svg\" width=\"326.64\" height=\"118\" \/> <\/a><\/p>\n<p>Hacemos un check-up de su imagen en la web<\/p>\n<p><a href=\"https:\/\/www-2020.ealixir.com\/es\/story\/\"><br \/>\n<img decoding=\"async\" src=\"https:\/\/www-2020.ealixir.com\/wp-content\/uploads\/2019\/08\/story_gradient.svg\" width=\"326.64\" height=\"118\" \/> <\/a><\/p>\n<p>Reescribe con nosotros tu historia digital<\/p>\n<p><!-- \/row --><\/p>\n<p><a href=\"https:\/\/www.ealixir.com\/es\/contactar\/\"><br \/>\nCONT\u00c1CTENOS PARA UNA COTIZACI\u00d3N <\/a><\/p>\n<p>Cont\u00e1ctenos para recibir informaci\u00f3n adicional sobre nuestros servicios o un presupuesto personalizado.<br \/>\n<a href=\"https:\/\/www.ealixir.com\/es\/contactar\/\"><br \/>\nCONT\u00c1CTENOS <\/a><\/p>\n<p><!-- \/row --><\/p>\n<p><img decoding=\"async\" src=\"https:\/\/www-2020.ealixir.com\/wp-content\/uploads\/2019\/09\/foundation_gradient.svg\" width=\"283.46\" height=\"283.46\" \/><\/p>\n<p>Fundaci\u00f3n Ealixir proporciona, de forma an\u00f3nima y gratuita, su propia tecnolog\u00eda y su equipo de profesionales altamente calificados con el fin de eliminar de la web el contenido perjudicial para la reputaci\u00f3n en l\u00ednea y la imagen social de aquellos que no tienen posibilidades econ\u00f3micas.La Fundaci\u00f3n Ealixir cancela videos o im\u00e1genes comprometedoras (los llamados casos de revenge porn) presentes en la red, cuya difusi\u00f3n podr\u00eda causar serios inconvenientes o terribles consecuencias, incluido el suicidio, como recientemente se ha visto en noticias.\u00a0Ealixir se adhiere a un estricto c\u00f3digo de \u00e9tica.<\/p>\n<p><!-- \/row --><\/p>\n<p><!-- Swiper --><\/p>\n<p><a href=\"https:\/\/www.ealixir.com\/2019\/06\/18\/tik-tok-and-the-dangers-of-cyberbullying-and-child-luring\/\"><img loading=\"lazy\" decoding=\"async\" src=\"https:\/\/www-2020.ealixir.com\/wp-content\/uploads\/2019\/10\/TikTok_Cyberbullying.jpg\" width=\"3071\" height=\"3071\" \/><\/a><a href=\"https:\/\/www.ealixir.com\/2019\/06\/18\/tik-tok-and-the-dangers-of-cyberbullying-and-child-luring\/\">TIK TOK and the dangers of cyberbullying and child luring<\/a>2019\/06\/18<a href=\"https:\/\/www-2020.ealixir.com\/es\/category\/news-es\/\">News<\/a>Unknown to many parents and teachers,\u00a0TIK TOK\u00a0is an app developed in China&#8230;<a href=\"https:\/\/www.ealixir.com\/2019\/06\/18\/tik-tok-and-the-dangers-of-cyberbullying-and-child-luring\/\">Read more.<\/a><a href=\"https:\/\/www.ealixir.com\/2019\/05\/28\/gaming-disorder-officially-recognized-as-disease-by-world-health-organization\/\"><img loading=\"lazy\" decoding=\"async\" src=\"https:\/\/www-2020.ealixir.com\/wp-content\/uploads\/2019\/12\/gaming-girl-kids.jpg\" width=\"768\" height=\"512\" \/><\/a><a href=\"https:\/\/www.ealixir.com\/2019\/05\/28\/gaming-disorder-officially-recognized-as-disease-by-world-health-organization\/\">Gaming disorder officially recognized as disease by World Health Organization<\/a>2019\/05\/28<a href=\"https:\/\/www-2020.ealixir.com\/es\/category\/news-es\/\">News<\/a>The 194 members of the World Health Organization have recognised \u2018gaming disorder\u2019&#8230;<a href=\"https:\/\/www.ealixir.com\/2019\/05\/28\/gaming-disorder-officially-recognized-as-disease-by-world-health-organization\/\">Read more.<\/a><a href=\"https:\/\/www.ealixir.com\/2019\/05\/22\/google-collects-all-the-data-about-our-online-purchases-through-gmail\/\"><img loading=\"lazy\" decoding=\"async\" src=\"https:\/\/www-2020.ealixir.com\/wp-content\/uploads\/2019\/10\/google-purchse.jpg\" width=\"5342\" height=\"3561\" \/><\/a><a href=\"https:\/\/www.ealixir.com\/2019\/05\/22\/google-collects-all-the-data-about-our-online-purchases-through-gmail\/\">Google collects all the data about our online purchases through Gmail<\/a>2019\/05\/22<a href=\"https:\/\/www-2020.ealixir.com\/es\/category\/news-es\/\">News<\/a>Google\u00a0declares that it\u2019s not using this information, but many customer ignored even&#8230;<a href=\"https:\/\/www.ealixir.com\/2019\/05\/22\/google-collects-all-the-data-about-our-online-purchases-through-gmail\/\">Read more.<\/a><a href=\"https:\/\/www.ealixir.com\/2019\/05\/09\/cam-card-arrives-on-the-market-the-first-card-that-allows-to-pay-with-likes\/\"><img loading=\"lazy\" decoding=\"async\" src=\"https:\/\/www-2020.ealixir.com\/wp-content\/uploads\/2019\/10\/cam-919436.jpg\" width=\"5435\" height=\"3898\" \/><\/a><a href=\"https:\/\/www.ealixir.com\/2019\/05\/09\/cam-card-arrives-on-the-market-the-first-card-that-allows-to-pay-with-likes\/\">Cam card arrives on the market: the first card that allows to pay with \u201clikes\u201d<\/a>2019\/05\/09<a href=\"https:\/\/www-2020.ealixir.com\/es\/category\/news-es\/\">News<\/a>Earning money with likes is no longer a dystopic reality as in&#8230;<a href=\"https:\/\/www.ealixir.com\/2019\/05\/09\/cam-card-arrives-on-the-market-the-first-card-that-allows-to-pay-with-likes\/\">Read more.<\/a><br \/>\n<!-- Swiper JS --> <!-- Swiper JS --><\/p>\n<p><!-- \/row --><\/p>\n<p><a href=\"https:\/\/www-2020.ealixir.com\/es\/fundacion\/\"><br \/>\nVER TODO <\/a><\/p>\n","protected":false},"excerpt":{"rendered":"<p class=\"excerpt\">&nbsp; Mira el video &nbsp; \u00a0 &nbsp; Nuestros servicios Descubre lo que hacemos Primeros en el mundo en la eliminaci\u00f3n de enlaces negativos Todos tienen derecho a una nueva oportunidad Hacemos un check-up de su imagen en la web Reescribe con nosotros tu historia digital CONT\u00c1CTENOS PARA UNA COTIZACI\u00d3N Cont\u00e1ctenos para recibir informaci\u00f3n adicional sobre [&hellip;]<\/p>\n","protected":false},"author":24,"featured_media":0,"parent":0,"menu_order":0,"comment_status":"closed","ping_status":"closed","template":"builder.php","meta":{"footnotes":""},"class_list":["post-13288","page","type-page","status-publish","hentry"],"_links":{"self":[{"href":"https:\/\/www.ealixir.com\/es\/wp-json\/wp\/v2\/pages\/13288","targetHints":{"allow":["GET"]}}],"collection":[{"href":"https:\/\/www.ealixir.com\/es\/wp-json\/wp\/v2\/pages"}],"about":[{"href":"https:\/\/www.ealixir.com\/es\/wp-json\/wp\/v2\/types\/page"}],"author":[{"embeddable":true,"href":"https:\/\/www.ealixir.com\/es\/wp-json\/wp\/v2\/users\/24"}],"replies":[{"embeddable":true,"href":"https:\/\/www.ealixir.com\/es\/wp-json\/wp\/v2\/comments?post=13288"}],"version-history":[{"count":89,"href":"https:\/\/www.ealixir.com\/es\/wp-json\/wp\/v2\/pages\/13288\/revisions"}],"predecessor-version":[{"id":47004,"href":"https:\/\/www.ealixir.com\/es\/wp-json\/wp\/v2\/pages\/13288\/revisions\/47004"}],"wp:attachment":[{"href":"https:\/\/www.ealixir.com\/es\/wp-json\/wp\/v2\/media?parent=13288"}],"curies":[{"name":"wp","href":"https:\/\/api.w.org\/{rel}","templated":true}]}}