{"id":45890,"date":"2021-09-27T14:07:53","date_gmt":"2021-09-27T14:07:53","guid":{"rendered":"https:\/\/www.ealixir.com\/ealixir-event-launch-bietet-unternehmen-eine-einzigartige-moeglichkeit\/"},"modified":"2026-01-14T18:00:22","modified_gmt":"2026-01-14T18:00:22","slug":"event-launch","status":"publish","type":"page","link":"https:\/\/www.ealixir.com\/de\/event-launch\/","title":{"rendered":"Ealixir Event Launch bietet Unternehmen eine einzigartige M\u00f6glichkeit"},"content":{"rendered":"<p><img loading=\"lazy\" decoding=\"async\" width=\"326\" height=\"118\" src=\"https:\/\/www.ealixir.com\/wp-content\/uploads\/2021\/09\/events_white.svg\" \/>\t\t\t\t<\/p>\n<p>WIR F\u00d6RDERN IHRE EVENTS WELTWEIT<br \/>\n\t\t\t\t\t\t\t\t\t\t\t\t\t\t\t\t\t\t\t\t\t\t\t\t\t\t\t\t\t\t\t\t\t\t\t\t\tMit Ealixir Events wird jeder \u00fcber Ihr Event sprechen<\/p>\n<p><!-- \/row --><\/p>\n<p>WIE WIR VORGEHENEalixir Event Launch bietet Unternehmen eine einzigartige M\u00f6glichkeit: Die F\u00f6rderung ihres Events weltweit und die Gew\u00e4hrleistung einer gro\u00dfen Sichtbarkeit in \u00fcber 1200 Online-Zeitungen, und das in 30 L\u00e4ndern.&nbsp;Ealixir arbeitet mit akkreditierten Journalisten und PR-Fachleuten zusammen, die den wirksamsten Redaktionsplan zur F\u00f6rderung Ihres Events &#8211; sei es die Einf\u00fchrung eines neuen Produkts, ein wichtiges Jubil\u00e4um oder die Einweihung eines neuen B\u00fcros &#8211; ausarbeiten sowie Artikel und Pressemitteilungen verfassen, die in den wichtigsten Zeitungen der Ziell\u00e4nder erscheinen.&nbsp;Ealixir Event Launch ist die einzige Agentur, mit der man im Voraus die genaue Anzahl der zuk\u00fcnftigen Pressemitteilungen kennt und die f\u00fcr eine Medienresonanz sorgt, welche weit \u00fcber die Veranstaltung hinausgeht.\t\t\t\t\t\t\t\t\t\t\t\t\t<\/p>\n<p>Wir sammeln Informationen \u00fcber das Event und erarbeiten einen Redaktionsplan<\/p>\n<p>Wir ver\u00f6ffentlichen kurz vor dem Event in den namhaftesten Zeitungen Artikel und Pressemitteilungen<\/p>\n<p>Wir garantieren die effektivste SEO-Positionierung<\/p>\n<p>Dank der erzeugten Links schaffen wir einen positiven Ruf f\u00fcr den Kunden, der auch nach dem Event lange anh\u00e4lt<\/p>\n<p><!-- \/row --><\/p>\n<p><a href=\"https:\/\/www.ealixir.com\/it\/contatti\/\"><br \/>\n\t\t\t\t\t\t\t\t\t\t\t\t\t\t\t\t\t\t\t\t\t\t\t\t\t\t\t\t\tKONTAKTIEREN SIE UNS F\u00dcR EIN ANGEBOT\t\t\t\t\t\t\t\t\t\t\t\t\t\t\t\t\t\t\t\t\t\t\t\t\t\t\t\t\t<\/a><\/p>\n<p>Kontaktieren Sie uns, um zus\u00e4tzliche Informationen zu einem Service oder einem benutzerdefinierten Angebot zu erhalten.<br \/>\n\t\t\t\t\t\t\t\t\t\t\t\t\t\t\t\t\t\t\t\t\t\t\t\t\t\t\t\t\t\t\t\t\t\t\t\t\t<a href=\"https:\/\/www.ealixir.com\/it\/contatti\/\"><br \/>\n\t\t\t\t\t\t\t\t\t\t\t\t\t\tKONTAKTIERE UNS\t\t\t\t\t\t\t\t\t\t\t\t\t<\/a><\/p>\n<p><!-- \/row --><\/p>\n<p>SONSTIGE DIENSTLEISTUNGEN\t\t\t\t\t\t\t\t<\/p>\n<p><a href=\"https:\/\/www.ealixir.com\/it\/removal\/\"><br \/>\n\t\t\t\t\t\t\t\t\t\t\t\t\t\t\t\t\t\t\t\t\t\t\t\t\t<img loading=\"lazy\" decoding=\"async\" width=\"326\" height=\"118\" src=\"https:\/\/www.ealixir.com\/wp-content\/uploads\/2019\/08\/removal_gradient.svg\" \/>\t\t\t\t\t\t\t\t\t\t\t\t\t\t\t\t\t\t\t\t\t\t\t\t\t<\/a><\/p>\n<p>Der weltweite F\u00fchrer bei der L\u00f6schung von sch\u00e4dlichen Links<\/p>\n<p><a href=\"https:\/\/www.ealixir.com\/it\/newsdelete\/\"><br \/>\n\t\t\t\t\t\t\t\t\t\t\t\t\t\t\t\t\t\t\t\t\t\t\t\t\t<img loading=\"lazy\" decoding=\"async\" width=\"326\" height=\"118\" src=\"https:\/\/www.ealixir.com\/wp-content\/uploads\/2019\/08\/newsdelete_gradient.svg\" \/>\t\t\t\t\t\t\t\t\t\t\t\t\t\t\t\t\t\t\t\t\t\t\t\t\t<\/a><\/p>\n<p>Jeder hat das Recht auf eine zweite Chance<\/p>\n<p><a href=\"https:\/\/www.ealixir.com\/it\/story\/\"><br \/>\n\t\t\t\t\t\t\t\t\t\t\t\t\t\t\t\t\t\t\t\t\t\t\t\t\t<img loading=\"lazy\" decoding=\"async\" width=\"326\" height=\"118\" src=\"https:\/\/www.ealixir.com\/wp-content\/uploads\/2019\/08\/story_gradient.svg\" \/>\t\t\t\t\t\t\t\t\t\t\t\t\t\t\t\t\t\t\t\t\t\t\t\t\t<\/a><\/p>\n<p>Schreiben Sie Ihre digitale Geschichte mit uns neu<\/p>\n<p><a href=\"https:\/\/www.ealixir.com\/it\/webid\/\"><br \/>\n\t\t\t\t\t\t\t\t\t\t\t\t\t\t\t\t\t\t\t\t\t\t\t\t\t<img loading=\"lazy\" decoding=\"async\" width=\"326\" height=\"118\" src=\"https:\/\/www.ealixir.com\/wp-content\/uploads\/2019\/08\/webid_gradient.svg\" \/>\t\t\t\t\t\t\t\t\t\t\t\t\t\t\t\t\t\t\t\t\t\t\t\t\t<\/a><\/p>\n<p>Wir \u00fcberpr\u00fcfen Ihr Online Ansehen<\/p>\n<p><a href=\"https:\/\/www.ealixir.com\/it\/analytics\/\"><br \/>\n\t\t\t\t\t\t\t\t\t\t\t\t\t\t\t\t\t\t\t\t\t\t\t\t\t<img loading=\"lazy\" decoding=\"async\" width=\"326\" height=\"118\" src=\"https:\/\/www.ealixir.com\/wp-content\/uploads\/2021\/07\/analytics-gradient-1.svg\" \/>\t\t\t\t\t\t\t\t\t\t\t\t\t\t\t\t\t\t\t\t\t\t\t\t\t<\/a><\/p>\n<p>Wir entwickeln f\u00fcr Sie die wirksamste Kommunikations- oder Gesch\u00e4ftsstrategie<\/p>\n<p><!-- \/row --><\/p>\n","protected":false},"excerpt":{"rendered":"<p class=\"excerpt\">WIR F\u00d6RDERN IHRE EVENTS WELTWEIT Mit Ealixir Events wird jeder \u00fcber Ihr Event sprechen WIE WIR VORGEHENEalixir Event Launch bietet Unternehmen eine einzigartige M\u00f6glichkeit: Die F\u00f6rderung ihres Events weltweit und die Gew\u00e4hrleistung einer gro\u00dfen Sichtbarkeit in \u00fcber 1200 Online-Zeitungen, und das in 30 L\u00e4ndern.&nbsp;Ealixir arbeitet mit akkreditierten Journalisten und PR-Fachleuten zusammen, die den wirksamsten Redaktionsplan [&hellip;]<\/p>\n","protected":false},"author":24,"featured_media":0,"parent":0,"menu_order":0,"comment_status":"closed","ping_status":"closed","template":"builder.php","meta":{"footnotes":""},"class_list":["post-45890","page","type-page","status-publish","hentry"],"_links":{"self":[{"href":"https:\/\/www.ealixir.com\/de\/wp-json\/wp\/v2\/pages\/45890","targetHints":{"allow":["GET"]}}],"collection":[{"href":"https:\/\/www.ealixir.com\/de\/wp-json\/wp\/v2\/pages"}],"about":[{"href":"https:\/\/www.ealixir.com\/de\/wp-json\/wp\/v2\/types\/page"}],"author":[{"embeddable":true,"href":"https:\/\/www.ealixir.com\/de\/wp-json\/wp\/v2\/users\/24"}],"replies":[{"embeddable":true,"href":"https:\/\/www.ealixir.com\/de\/wp-json\/wp\/v2\/comments?post=45890"}],"version-history":[{"count":268,"href":"https:\/\/www.ealixir.com\/de\/wp-json\/wp\/v2\/pages\/45890\/revisions"}],"predecessor-version":[{"id":62351,"href":"https:\/\/www.ealixir.com\/de\/wp-json\/wp\/v2\/pages\/45890\/revisions\/62351"}],"wp:attachment":[{"href":"https:\/\/www.ealixir.com\/de\/wp-json\/wp\/v2\/media?parent=45890"}],"curies":[{"name":"wp","href":"https:\/\/api.w.org\/{rel}","templated":true}]}}