{"id":44954,"date":"2021-07-08T15:05:48","date_gmt":"2021-07-08T15:05:48","guid":{"rendered":"https:\/\/www.ealixir.com\/ealixir-analytics-collects-real-time-big-data\/"},"modified":"2026-01-14T18:00:23","modified_gmt":"2026-01-14T18:00:23","slug":"analytics","status":"publish","type":"page","link":"https:\/\/www.ealixir.com\/de\/analytics\/","title":{"rendered":"Ealixir Analytics sammelt in Echtzeit Big Data"},"content":{"rendered":"<p><img loading=\"lazy\" decoding=\"async\" width=\"326\" height=\"118\" src=\"https:\/\/www.ealixir.com\/wp-content\/uploads\/2021\/07\/analytics-white-1.svg\" \/>\t\t\t\t<\/p>\n<p>WIR ENTWICKELN F\u00dcR SIE DIE WIRKSAMSTE KOMMUNIKATIONS- ODER GESCH\u00c4FTSSTRATEGIE<br \/>\n\t\t\t\t\t\t\t\t\t\t\t\t\t\t\t\t\t\t\t\t\t\t\t\t\t\t\t\t\t\t\t\t\t\t\t\t\tWir verbreiten im Netz die f\u00fcr Ihr Ziel geeigneten Inhalte<\/p>\n<p><!-- \/row --><\/p>\n<p>WIE WIR ARBEITENEalixir Analytics sammelt in Echtzeit Big Data \u00fcber Staaten, Institutionen, politische Parteien, Kandidaten und Pers\u00f6nlichkeiten, die in diesen Strukturen arbeiten. Wir \u00fcberwachen \u00fcber das Web Monitoring \u00fcber 90 Millionen Quellen und k\u00f6nnen mit Hilfe der Ealixir-Algorithmen Lesetrends des Publikums erkennen, um interessante Inhalte und Informationen zu bieten. Durch eine detaillierte Sentiment Analyse in Bezug auf die spezifischen Ziele identifizieren wir Strategie- und Businessm\u00f6glichkeiten in den Ziell\u00e4ndern und schlagen hochwirksame Kommunikationspl\u00e4ne vor.\t\t\t\t\t\t\t\t\t\t\t\t\t<\/p>\n<p>Wir sammeln im Web Informationen \u00fcber die vom Kunden angegebenen Ziele und erstellen einen detaillierten Bericht<\/p>\n<p>Wir f\u00fchren eine Sentiment Analysis durch, um die richtige Kommunikationsstrategie zu entwickeln<\/p>\n<p>Wir erstellen Inhalte, die auf die ermittelte Strategie ausgerichtet sind, und verbreiten sie dank der Ealixir-Algorithmen in den Ziell\u00e4ndern<\/p>\n<p>Wir messen das erzielte Ergebnis durch quantitative Parameter<\/p>\n<p><!-- \/row --><\/p>\n<p><a href=\"https:\/\/www.ealixir.com\/it\/contatti\/\"><br \/>\n\t\t\t\t\t\t\t\t\t\t\t\t\t\t\t\t\t\t\t\t\t\t\t\t\t\t\t\t\tKONTAKTIEREN SIE UNS F\u00dcR EIN ANGEBOT\t\t\t\t\t\t\t\t\t\t\t\t\t\t\t\t\t\t\t\t\t\t\t\t\t\t\t\t\t<\/a><\/p>\n<p>Kontaktieren Sie uns, um zus\u00e4tzliche Informationen zu einem Service oder einem benutzerdefinierten Angebot zu erhalten.<br \/>\n\t\t\t\t\t\t\t\t\t\t\t\t\t\t\t\t\t\t\t\t\t\t\t\t\t\t\t\t\t\t\t\t\t\t\t\t\t<a href=\"https:\/\/www.ealixir.com\/it\/contatti\/\"><br \/>\n\t\t\t\t\t\t\t\t\t\t\t\t\t\tKONTAKTIERE UNS\t\t\t\t\t\t\t\t\t\t\t\t\t<\/a><\/p>\n<p><!-- \/row --><\/p>\n<p>SONSTIGE DIENSTLEISTUNGEN\t\t\t\t\t\t\t\t<\/p>\n<p><a href=\"https:\/\/www.ealixir.com\/it\/removal\/\"><br \/>\n\t\t\t\t\t\t\t\t\t\t\t\t\t\t\t\t\t\t\t\t\t\t\t\t\t<img loading=\"lazy\" decoding=\"async\" width=\"326\" height=\"118\" src=\"https:\/\/www.ealixir.com\/wp-content\/uploads\/2019\/08\/removal_gradient.svg\" \/>\t\t\t\t\t\t\t\t\t\t\t\t\t\t\t\t\t\t\t\t\t\t\t\t\t<\/a><\/p>\n<p>Der weltweite F\u00fchrer bei der L\u00f6schung von sch\u00e4dlichen Links<\/p>\n<p><a href=\"https:\/\/www.ealixir.com\/it\/newsdelete\/\"><br \/>\n\t\t\t\t\t\t\t\t\t\t\t\t\t\t\t\t\t\t\t\t\t\t\t\t\t<img loading=\"lazy\" decoding=\"async\" width=\"326\" height=\"118\" src=\"https:\/\/www.ealixir.com\/wp-content\/uploads\/2019\/08\/newsdelete_gradient.svg\" \/>\t\t\t\t\t\t\t\t\t\t\t\t\t\t\t\t\t\t\t\t\t\t\t\t\t<\/a><\/p>\n<p>Jeder hat das Recht auf eine zweite Chance<\/p>\n<p><a href=\"https:\/\/www.ealixir.com\/it\/story\/\"><br \/>\n\t\t\t\t\t\t\t\t\t\t\t\t\t\t\t\t\t\t\t\t\t\t\t\t\t<img loading=\"lazy\" decoding=\"async\" width=\"326\" height=\"118\" src=\"https:\/\/www.ealixir.com\/wp-content\/uploads\/2019\/08\/story_gradient.svg\" \/>\t\t\t\t\t\t\t\t\t\t\t\t\t\t\t\t\t\t\t\t\t\t\t\t\t<\/a><\/p>\n<p>Schreiben Sie Ihre digitale Geschichte mit uns neu<\/p>\n<p><a href=\"https:\/\/www.ealixir.com\/it\/webid\/\"><br \/>\n\t\t\t\t\t\t\t\t\t\t\t\t\t\t\t\t\t\t\t\t\t\t\t\t\t<img loading=\"lazy\" decoding=\"async\" width=\"326\" height=\"118\" src=\"https:\/\/www.ealixir.com\/wp-content\/uploads\/2019\/08\/webid_gradient.svg\" \/>\t\t\t\t\t\t\t\t\t\t\t\t\t\t\t\t\t\t\t\t\t\t\t\t\t<\/a><\/p>\n<p>Wir \u00fcberpr\u00fcfen Ihr Online Ansehen<\/p>\n<p><a href=\"https:\/\/www.ealixir.com\/it\/event-launch\/\"><br \/>\n\t\t\t\t\t\t\t\t\t\t\t\t\t\t\t\t\t\t\t\t\t\t\t\t\t<img decoding=\"async\" src=\"https:\/\/www.ealixir.com\/wp-content\/uploads\/2021\/09\/events_gradient.svg\" \/>\t\t\t\t\t\t\t\t\t\t\t\t\t\t\t\t\t\t\t\t\t\t\t\t\t<\/a><\/p>\n<p>Wir f\u00f6rdern Ihre Events weltweit<\/p>\n<p><!-- \/row --><\/p>\n","protected":false},"excerpt":{"rendered":"<p class=\"excerpt\">WIR ENTWICKELN F\u00dcR SIE DIE WIRKSAMSTE KOMMUNIKATIONS- ODER GESCH\u00c4FTSSTRATEGIE Wir verbreiten im Netz die f\u00fcr Ihr Ziel geeigneten Inhalte WIE WIR ARBEITENEalixir Analytics sammelt in Echtzeit Big Data \u00fcber Staaten, Institutionen, politische Parteien, Kandidaten und Pers\u00f6nlichkeiten, die in diesen Strukturen arbeiten. Wir \u00fcberwachen \u00fcber das Web Monitoring \u00fcber 90 Millionen Quellen und k\u00f6nnen mit Hilfe [&hellip;]<\/p>\n","protected":false},"author":24,"featured_media":0,"parent":0,"menu_order":0,"comment_status":"closed","ping_status":"closed","template":"builder.php","meta":{"footnotes":""},"class_list":["post-44954","page","type-page","status-publish","hentry"],"_links":{"self":[{"href":"https:\/\/www.ealixir.com\/de\/wp-json\/wp\/v2\/pages\/44954","targetHints":{"allow":["GET"]}}],"collection":[{"href":"https:\/\/www.ealixir.com\/de\/wp-json\/wp\/v2\/pages"}],"about":[{"href":"https:\/\/www.ealixir.com\/de\/wp-json\/wp\/v2\/types\/page"}],"author":[{"embeddable":true,"href":"https:\/\/www.ealixir.com\/de\/wp-json\/wp\/v2\/users\/24"}],"replies":[{"embeddable":true,"href":"https:\/\/www.ealixir.com\/de\/wp-json\/wp\/v2\/comments?post=44954"}],"version-history":[{"count":303,"href":"https:\/\/www.ealixir.com\/de\/wp-json\/wp\/v2\/pages\/44954\/revisions"}],"predecessor-version":[{"id":62355,"href":"https:\/\/www.ealixir.com\/de\/wp-json\/wp\/v2\/pages\/44954\/revisions\/62355"}],"wp:attachment":[{"href":"https:\/\/www.ealixir.com\/de\/wp-json\/wp\/v2\/media?parent=44954"}],"curies":[{"name":"wp","href":"https:\/\/api.w.org\/{rel}","templated":true}]}}