{"id":43065,"date":"2020-05-22T13:32:14","date_gmt":"2020-05-22T13:32:14","guid":{"rendered":"https:\/\/www.ealixir.com\/manifesto\/"},"modified":"2026-01-14T18:20:05","modified_gmt":"2026-01-14T18:20:05","slug":"manifesto","status":"publish","type":"page","link":"https:\/\/www.ealixir.com\/de\/manifesto\/","title":{"rendered":"Mission"},"content":{"rendered":"<p><img loading=\"lazy\" decoding=\"async\" width=\"326\" height=\"118\" src=\"https:\/\/www.ealixir.com\/wp-content\/uploads\/2019\/08\/ealixir_gradient.svg\" \/>\t\t\t\t<\/p>\n<p>Miami, 17.05.2020<\/p>\n<p>Ealixir Inc.40 SW 13th StPenthouse 1Miami, FL 33130<\/p>\n<p><!-- \/row --><\/p>\n<p>ManifestoWir machen keine Innovationen. Wir machen REVOLUTION.Revolution\u00e4re Ideen haben alle eines gemeinsam: Sie sind einfach.&nbsp;All die gro\u00dfartigen Ideen, die das Verm\u00f6gen von Silicon Valley aufgebaut haben, sind allesamt extrem einfache Ideen, die darauf abzielen, ein Grundbed\u00fcrfnis der Menschen zu befriedigen.&nbsp;Die Idee hinter Facebook ist es, mit weit entfernten Menschen in Kontakt zu bleiben.&nbsp;Die Idee hinter Instagram ist es, Fotos zu teilen.&nbsp;Die Idee hinter Uber ist es, den Menschen die M\u00f6glichkeit zu geben, billigere und effizientere Taxis zu haben.&nbsp;Die Idee hinter AirBnB ist es, Ihnen die M\u00f6glichkeit zu geben, auf der ganzen Welt auf eine faszinierendere Art und Weise als in einem Hotel zu verweilen.Die Idee hinter Ealixir Inc. ist es, Menschen die M\u00f6glichkeit zu geben, die Links auszuw\u00e4hlen, die erscheinen, wenn jemand eine Google-Suche von ihnen durchf\u00fchrt.In der heutigen Welt k\u00fcmmert sich niemand mehr um Ihre Visitenkarte: F\u00fcnf Minuten nach der Verteilung landet sie im Papierkorb.&nbsp;Das Einzige, was z\u00e4hlt, wenn Sie sich jemandem vorstellen, sind die ersten zehn Links, die erscheinen, wenn dieser jemand Ihren Namen bei Google eingibt.&nbsp;Man nennt es die &#8220;\u00d6konomie der Aufmerksamkeit&#8221;: Niemand hat Zeit, die Unmengen an Informationen, denen wir t\u00e4glich ausgesetzt sind, aus erster Hand zu \u00fcberpr\u00fcfen. Man muss dem, was im Web steht, vertrauen.&nbsp;Aus diesem Grund machen sich viele Unternehmen einen guten Ruf im Web und viele Unternehmen entfernen Links.Aber kein Unternehmen der Welt bietet das, was Ealixir bietet, n\u00e4mlich die Links, die in der Google-Suchmaske erscheinen, nach eigener Vorstellung zu modellieren und zu vergleichen, unerw\u00fcnschte zu l\u00f6schen und neue zu erstellen.Die Philosophie von Ealixir ist keine innovative Philosophie: Sie ist eine subversive Philosophie, weil sie die Regeln untergr\u00e4bt, auf denen das Web bisher beruhte.&nbsp;Vor Ealixir litt die Person unter dem, was Google \u00fcber ihn sagte: Man hatte keine M\u00f6glichkeit, sich einzumischen.Bei Ealixir entscheidet jede\/r Einzelne, was Google \u00fcber ihn\/sie sagt.Im wirklichen Leben, wenn wir zu einem Vorstellungsgespr\u00e4ch oder einer Verabredung gehen, w\u00e4hlen wir das Kleid, die Jacke, die Schuhe, in denen wir auftauchen. &nbsp;Wir bei Ealixir sind davon \u00fcberzeugt, dass die Dinge im Web genauso funktionieren sollten.&nbsp;Vor Ealixir war es Google, das f\u00fcr uns ausgew\u00e4hlt hat.Mit Ealixir k\u00f6nnen wir w\u00e4hlen, wie wir uns bei Google pr\u00e4sentieren. Ein Link nach dem anderen.Die Ealixir-Revolution&nbsp;st\u00fctzt sich auf drei S\u00e4ulen.Veraltete Links oder falsche Informationen (gef\u00e4lschte Nachrichten) \u00fcber eine Person oder Firma entfernen (Ealixir Removal). Schaffen Sie interessante positive Links, um die Person und ihre T\u00e4tigkeit zu f\u00f6rdern (Ealixir Story).&nbsp;Die Ealixir-Revolution ist daher eine Revolution, die auf Freiheit basiert: die Freiheit zu w\u00e4hlen, was das Web \u00fcber uns sagt.Eine Freiheit, die parallel dazu von einem pr\u00e4zisen Ethikkodex bewacht wird: Ealixir arbeitet freiwillig und nicht aufgrund einer gesetzlichen Verpflichtung nicht mit denjenigen zusammen, die in der Vergangenheit Verbrechen im Zusammenhang mit Drogen, Verschw\u00f6rung, Gewalt gegen Frauen oder Minderj\u00e4hrige und P\u00e4dophilie begangen haben. Bevor wir mit einem Kunden zusammenarbeiten, bitten wir immer um eine Bescheinigung \u00fcber laufende Strafverfahren und stellen sicher, dass sie korrekt ist.&nbsp;Dank Ealixir beginnt eine neue \u00c4ra der Nutzung und des Konsums des Internets. &nbsp;Das Zeitalter der Freiheit. Die \u00c4ra, in der der Einzelne nicht darunter leidet, was das Web \u00fcber ihn sagt, sondern ihn regiert.Jetzt beginnt ein ganz neues Leben.<\/p>\n<p><!-- \/row --><\/p>\n<p><img loading=\"lazy\" decoding=\"async\" width=\"3\" height=\"3\" src=\"https:\/\/www.ealixir.com\/wp-content\/uploads\/2020\/05\/sign.png\" \/>\t\t\t\t<\/p>\n<p>Enea Angelo TrevisanGr\u00fcnder &amp; CEO weltweit<\/p>\n<p><!-- \/row --><\/p>\n","protected":false},"excerpt":{"rendered":"<p class=\"excerpt\">Miami, 17.05.2020 Ealixir Inc.40 SW 13th StPenthouse 1Miami, FL 33130 ManifestoWir machen keine Innovationen. Wir machen REVOLUTION.Revolution\u00e4re Ideen haben alle eines gemeinsam: Sie sind einfach.&nbsp;All die gro\u00dfartigen Ideen, die das Verm\u00f6gen von Silicon Valley aufgebaut haben, sind allesamt extrem einfache Ideen, die darauf abzielen, ein Grundbed\u00fcrfnis der Menschen zu befriedigen.&nbsp;Die Idee hinter Facebook ist es, [&hellip;]<\/p>\n","protected":false},"author":24,"featured_media":0,"parent":0,"menu_order":0,"comment_status":"closed","ping_status":"closed","template":"builder.php","meta":{"footnotes":""},"class_list":["post-43065","page","type-page","status-publish","hentry"],"_links":{"self":[{"href":"https:\/\/www.ealixir.com\/de\/wp-json\/wp\/v2\/pages\/43065","targetHints":{"allow":["GET"]}}],"collection":[{"href":"https:\/\/www.ealixir.com\/de\/wp-json\/wp\/v2\/pages"}],"about":[{"href":"https:\/\/www.ealixir.com\/de\/wp-json\/wp\/v2\/types\/page"}],"author":[{"embeddable":true,"href":"https:\/\/www.ealixir.com\/de\/wp-json\/wp\/v2\/users\/24"}],"replies":[{"embeddable":true,"href":"https:\/\/www.ealixir.com\/de\/wp-json\/wp\/v2\/comments?post=43065"}],"version-history":[{"count":10,"href":"https:\/\/www.ealixir.com\/de\/wp-json\/wp\/v2\/pages\/43065\/revisions"}],"predecessor-version":[{"id":62381,"href":"https:\/\/www.ealixir.com\/de\/wp-json\/wp\/v2\/pages\/43065\/revisions\/62381"}],"wp:attachment":[{"href":"https:\/\/www.ealixir.com\/de\/wp-json\/wp\/v2\/media?parent=43065"}],"curies":[{"name":"wp","href":"https:\/\/api.w.org\/{rel}","templated":true}]}}