{"id":31978,"date":"2019-12-19T16:13:22","date_gmt":"2019-12-19T16:13:22","guid":{"rendered":"https:\/\/www-ealixir-com-due-hosting.sq.biz\/?page_id=31978"},"modified":"2026-01-14T18:00:33","modified_gmt":"2026-01-14T18:00:33","slug":"kontakte","status":"publish","type":"page","link":"https:\/\/www.ealixir.com\/de\/kontakte\/","title":{"rendered":"So erreichen Sie Ealixir in Europa, Amerika und Asien"},"content":{"rendered":"<p>Kontakte<br \/>\n\t\t\t\t\t\t\t\t\t\t\t\t\t\t\t\t\t\t\t\t\t\tHier finden Sie uns\t\t\t\t\t\t\t\t\t\t\t\t\t<\/p>\n<p>Europe<\/p>\n<p>Italy \/ Milan<\/p>\n<p>Via Carroccio 12 &#8211; 20123, (MI)<\/p>\n<p><a href=\"mailto:italy@ealixir.com\">italy@ealixir.com<\/a><\/p>\n<p>Switzerland \/ Chiasso (IT)<\/p>\n<p>Corso San Gottardo 76 &#8211; 6830, (TI)<\/p>\n<p><a href=\"mailto:switzerland.it@ealixir.com\">switzerland.it@ealixir.com<\/a><\/p>\n<p><a href=\"tel:410912234367\">+41 (0) 91 223 43 67<\/a><\/p>\n<p>Switzerland \/ Z\u00fcrich \/ Genf via Hamburg Office<\/p>\n<p>Neum\u00fchlen 51, 22763 Hamburg<\/p>\n<p><a href=\"mailto:switzerland.de@ealixir.com\">switzerland.de@ealixir.com<\/a><\/p>\n<p><a href=\"mailto:switzerland.fr@ealixir.com\">switzerland.fr@ealixir.com<\/a><\/p>\n<p>UK \/ London<\/p>\n<p>9 Devonshire Square EC2M &#8211; 4YD<\/p>\n<p><a href=\"mailto:england@ealixir.com\">england@ealixir.com<\/a><\/p>\n<p>France \/ Paris<\/p>\n<p>14 Rue de Dunkerque, 75010<\/p>\n<p><a href=\"mailto:france@ealixir.com\">france@ealixir.com<\/a><\/p>\n<p>Principality of Monaco \/ Monaco<\/p>\n<p><a href=\"mailto:montecarlo@ealixir.com\">montecarlo@ealixir.com<\/a><\/p>\n<p>Germany \/ Hamburg<\/p>\n<p>Neum\u00fchlen 51, 22763 Hamburg<\/p>\n<p><a href=\"mailto:germany@ealixir.com\">germany@ealixir.com<\/a><\/p>\n<p>Austria \/ Vienna (via Hamburg Office)<\/p>\n<p>Neum\u00fchlen 51, 22763 Hamburg<\/p>\n<p><a href=\"mailto:austria@ealixir.com\">austria@ealixir.com<\/a><\/p>\n<p>Luxembourg \/ Luxembourg<\/p>\n<p>26 Boulevard Royal, 2449<\/p>\n<p><a href=\"mailto:lux@ealixir.com\">lux@ealixir.com<\/a><\/p>\n<p>Spain \/ Barcelona<\/p>\n<p>Rambla Catalunya, 62 08007 (BCN)<\/p>\n<p><a href=\"mailto:spain@ealixir.com\">spain@ealixir.com<\/a><\/p>\n<p>Portugal \/ Lisbon<\/p>\n<p><a href=\"mailto:portugal@ealixir.com\">portugal@ealixir.com<\/a><\/p>\n<p>Greece \/ Athens<\/p>\n<p><a href=\"mailto:greece@ealixir.com\">greece@ealixir.com<\/a><\/p>\n<p>Malta \/ Malta<\/p>\n<p>2nd floor Tower Business Centre, Tower Street, Swatar<\/p>\n<p><a href=\"mailto:malta@ealixir.com\">malta@ealixir.com<\/a><\/p>\n<p><!-- \/row --><\/p>\n<p>America<\/p>\n<p>Ecuador \/ Quito<\/p>\n<p><a href=\"mailto:ecuador@ealixir.com\">ecuador@ealixir.com<\/a><\/p>\n<p>Florida \/ Miami<\/p>\n<p>40 SW 13th St,Penthouse 1, Miami, FL 33130, USA<\/p>\n<p><a href=\"mailto:florida@ealixir.com\">florida@ealixir.com<\/a><\/p>\n<p>Mexico \/ Mexico City<\/p>\n<p>103 Jose Luis Lagrange Street,Col. Los Morales Polanco. C.P., 11510<\/p>\n<p><a href=\"mailto:mexico@ealixir.com\">mexico@ealixir.com<\/a><\/p>\n<p>Dominican Republic \/ La Romana<\/p>\n<p><a href=\"mailto:dominican.republic@ealixir.com\">dominican.republic@ealixir.com<\/a><\/p>\n<p>Panama \/ Panama City<\/p>\n<p>Torre Bicsa, Ave. AlquilinoDe La Guardia, office 5801, floor 58, Panama City &#8211; Panama<\/p>\n<p><a href=\"mailto:panama@ealixir.com\">panama@ealixir.com<\/a><\/p>\n<p><a href=\"tel:5073919943\">+507 391 99 43<\/a><\/p>\n<p>Argentina \/ Buenos Aires<\/p>\n<p>360 Victoria Ocampo, C1107BGA<\/p>\n<p><a href=\"mailto:argentine@ealixir.com\">argentine@ealixir.com<\/a><\/p>\n<p>Colombia \/ Bogot\u00e0<\/p>\n<p>Carrera 18 No.86A-14, Chico,Centro Empresarial<\/p>\n<p><a href=\"mailto:colombia@ealixir.com\">colombia@ealixir.com<\/a><\/p>\n<p>Brazil \/ Sao Paulo<\/p>\n<p>Avenida Pacaemb\u00fa n1976Sumar\u00e9 &#8211; S\u00e3o PauloCEP 01234 &#8211; 010<\/p>\n<p><a href=\"mailto:brazil@ealixir.com\">brazil@ealixir.com<\/a><\/p>\n<p>Uruguay \/ Montevideo<\/p>\n<p><a href=\"mailto:uruguay@ealixir.com\">uruguay@ealixir.com<\/a><\/p>\n<p>Paraguay \/ Asuncion<\/p>\n<p>Av. Francisco Solano Lopez 3794, 1892<\/p>\n<p><a href=\"mailto:paraguay@ealixir.com\">paraguay@ealixir.com<\/a><\/p>\n<p>Peru \/ Lima<\/p>\n<p>Avenida Victor Andr\u00e9s Bela\u00fande 147, San Isidro, Lima 27 15073<\/p>\n<p><a href=\"mailto:peru@ealixir.com\">peru@ealixir.com<\/a><\/p>\n<p>Chile \/ Santiago de Chile<\/p>\n<p>Escuela Militar, 4501 Ave. Apoquindo, 4501, Las Condes<\/p>\n<p><a href=\"mailto:chile@ealixir.com\">chile@ealixir.com<\/a><\/p>\n<p>Venezuela \/ Caracas<\/p>\n<p>Av. Francisco de Miranda, Centro Lido, Torre D. Ofic 41-D, El Rosal, 1060<\/p>\n<p><a href=\"mailto:venezuela@ealixir.com\">venezuela@ealixir.com<\/a><\/p>\n<p><!-- \/row --><\/p>\n<p>Asia<\/p>\n<p>Lebanon \/ Beirut<\/p>\n<p><a href=\"mailto:lebanon@ealixir.com\">lebanon@ealixir.com<\/a><\/p>\n<p>Kazakhstan \/ Almaty<\/p>\n<p><a href=\"mailto:kazakhstan@ealixir.com\">kazakhstan@ealixir.com<\/a><\/p>\n<p>United Arab Emirates \/ Dubai<\/p>\n<p>DMCC Business Center, Unit 4501, Level No1, Jewellery &amp; Gemplex 3, Dubai, UAE<\/p>\n<p><a href=\"mailto:uae@ealixir.com\">uae@ealixir.com<\/a><\/p>\n<p>Philippines \/ Manila<\/p>\n<p>5F Regray Building, 705 JP Rizal Avenue, Makati City, 1208, Metro Manila, Philippines<\/p>\n<p><a href=\"mailto:sea@ealixir.com\">sea@ealixir.com<\/a><\/p>\n<p><!-- \/row --><\/p>\n<p><!-- \/row --><\/p>\n<p>SCHREIBEN SIE UNS!<br \/>\n\t\t\t\t\t\t\t\t\t\t\t\t\t\t\t\t\t\t\t\t\t\tKontaktieren Sie uns noch heute!Wir helfen Ihnen dabei, Ihr pers\u00f6nliches Ansehen oder das Ihres Unternehmens wiederherzustellen.\t\t\t\t\t\t\t\t\t\t\t\t\t<\/p>\n<p><!--Vorname--><\/p>\n<p><!--E-mail--><\/p>\n<p><!--Message--><br \/>\nDatenschutz-Bestimmungen*<br \/>\nIch erkl\u00e4re, dass ich die <a href=\"\/privacy-policy\">Datenschutzerkl\u00e4rung<\/a> gelesen habe und die Verarbeitung meiner pers\u00f6nlichen Daten zu Zwecken der Service-Prevision und zur Erf\u00fcllung vertraglicher und rechtlicher Verpflichtungen autorisiere.<\/p>\n<p>Ich erm\u00e4chtigeIch autorisiere nicht die Behandlung meiner pers\u00f6nlichen Daten f\u00fcr die \u00dcbermittlung von Informationen oder Werbemitteilungen per E-mail, Newsletter, Einladungen zu Veranstaltungen von Ealixir.<\/p>\n","protected":false},"excerpt":{"rendered":"<p class=\"excerpt\">Kontakte Hier finden Sie uns Europe Italy \/ Milan Via Carroccio 12 &#8211; 20123, (MI) italy@ealixir.com Switzerland \/ Chiasso (IT) Corso San Gottardo 76 &#8211; 6830, (TI) switzerland.it@ealixir.com +41 (0) 91 223 43 67 Switzerland \/ Z\u00fcrich \/ Genf via Hamburg Office Neum\u00fchlen 51, 22763 Hamburg switzerland.de@ealixir.com switzerland.fr@ealixir.com UK \/ London 9 Devonshire Square EC2M [&hellip;]<\/p>\n","protected":false},"author":24,"featured_media":0,"parent":0,"menu_order":0,"comment_status":"closed","ping_status":"closed","template":"builder.php","meta":{"footnotes":""},"class_list":["post-31978","page","type-page","status-publish","hentry"],"_links":{"self":[{"href":"https:\/\/www.ealixir.com\/de\/wp-json\/wp\/v2\/pages\/31978","targetHints":{"allow":["GET"]}}],"collection":[{"href":"https:\/\/www.ealixir.com\/de\/wp-json\/wp\/v2\/pages"}],"about":[{"href":"https:\/\/www.ealixir.com\/de\/wp-json\/wp\/v2\/types\/page"}],"author":[{"embeddable":true,"href":"https:\/\/www.ealixir.com\/de\/wp-json\/wp\/v2\/users\/24"}],"replies":[{"embeddable":true,"href":"https:\/\/www.ealixir.com\/de\/wp-json\/wp\/v2\/comments?post=31978"}],"version-history":[{"count":279,"href":"https:\/\/www.ealixir.com\/de\/wp-json\/wp\/v2\/pages\/31978\/revisions"}],"predecessor-version":[{"id":62375,"href":"https:\/\/www.ealixir.com\/de\/wp-json\/wp\/v2\/pages\/31978\/revisions\/62375"}],"wp:attachment":[{"href":"https:\/\/www.ealixir.com\/de\/wp-json\/wp\/v2\/media?parent=31978"}],"curies":[{"name":"wp","href":"https:\/\/api.w.org\/{rel}","templated":true}]}}