{"id":31876,"date":"2019-12-19T16:11:06","date_gmt":"2019-12-19T16:11:06","guid":{"rendered":"https:\/\/www-ealixir-com-due-hosting.sq.biz\/?page_id=31876"},"modified":"2026-01-14T18:00:34","modified_gmt":"2026-01-14T18:00:34","slug":"ethik-kodex","status":"publish","type":"page","link":"https:\/\/www.ealixir.com\/de\/ethik-kodex\/","title":{"rendered":"Der Ethikkodex von Ealixir enth\u00e4lt eine Reihe von Regeln, die sicherstellen, dass das Recht auf Vergessen angewendet wird"},"content":{"rendered":"<p>Ethik-KodexUnser Ealixir Ethik-Kodex ist ein von all unseren Mitarbeitern unterzeichnetes Regelwerk, das die Werte unseres Unternehmens definiert und unsere Kunden sch\u00fctzt.Der Rechtsrahmen der Europ\u00e4ischen Union und die Gesetzgebung der Mitgliedstaaten der EU verankern das Recht auf Vergessen f\u00fcr jede Person und immer h\u00e4ufiger werden Urteile in Bezug auf dieses Recht gesprochen. Jeder kann sein Recht auf Vergessen einfordern, sofern eine Rechtsverletzung vorliegt. Statistiken zufolge sind unerw\u00fcnschten Informationen, die entfernt werden sollen, h\u00e4ufig juristischer Natur. Eine Verurteilung nach einem Strafverfahren f\u00fchrt jedoch nicht zwangsl\u00e4ufig zu einem Verlust des Rechtes auf informationelle Selbstbestimmung.Ealixir teilt prinzipiell den ethischen und rechtlichen Grundsatz, dass das Recht sowohl bei der Verteidigung gegen eine Anschuldigung als auch bei der Geltendmachung des eigenen Rechts f\u00fcr alle gleich ist. In einigen F\u00e4llen beh\u00e4lt sich Ealixir jedoch das Recht vor, nicht f\u00fcr Mandanten t\u00e4tig zu werden. Dies gilt f\u00fcr verurteilte Personen, die f\u00fcr besonders schwere Verbrechen zur Verantwortung gezogen wurden (z. B. Kinderpornografie, Aktivt\u00e4ten der organisierten Kriminalit\u00e4t oder Gewalt gegen Frauen und Kinder).Trotz unseres professionellen Handlings von kritischen Informationen wiegen bei Ealixir unsere Werte schwerer als das Gewinnstreben. In diesem Sinne legen wir das Recht auf Vergessen auch aus.<\/p>\n<p><!-- \/row --><\/p>\n","protected":false},"excerpt":{"rendered":"<p class=\"excerpt\">Ethik-KodexUnser Ealixir Ethik-Kodex ist ein von all unseren Mitarbeitern unterzeichnetes Regelwerk, das die Werte unseres Unternehmens definiert und unsere Kunden sch\u00fctzt.Der Rechtsrahmen der Europ\u00e4ischen Union und die Gesetzgebung der Mitgliedstaaten der EU verankern das Recht auf Vergessen f\u00fcr jede Person und immer h\u00e4ufiger werden Urteile in Bezug auf dieses Recht gesprochen. Jeder kann sein Recht [&hellip;]<\/p>\n","protected":false},"author":24,"featured_media":0,"parent":0,"menu_order":0,"comment_status":"closed","ping_status":"closed","template":"builder.php","meta":{"footnotes":""},"class_list":["post-31876","page","type-page","status-publish","hentry"],"_links":{"self":[{"href":"https:\/\/www.ealixir.com\/de\/wp-json\/wp\/v2\/pages\/31876","targetHints":{"allow":["GET"]}}],"collection":[{"href":"https:\/\/www.ealixir.com\/de\/wp-json\/wp\/v2\/pages"}],"about":[{"href":"https:\/\/www.ealixir.com\/de\/wp-json\/wp\/v2\/types\/page"}],"author":[{"embeddable":true,"href":"https:\/\/www.ealixir.com\/de\/wp-json\/wp\/v2\/users\/24"}],"replies":[{"embeddable":true,"href":"https:\/\/www.ealixir.com\/de\/wp-json\/wp\/v2\/comments?post=31876"}],"version-history":[{"count":14,"href":"https:\/\/www.ealixir.com\/de\/wp-json\/wp\/v2\/pages\/31876\/revisions"}],"predecessor-version":[{"id":44565,"href":"https:\/\/www.ealixir.com\/de\/wp-json\/wp\/v2\/pages\/31876\/revisions\/44565"}],"wp:attachment":[{"href":"https:\/\/www.ealixir.com\/de\/wp-json\/wp\/v2\/media?parent=31876"}],"curies":[{"name":"wp","href":"https:\/\/api.w.org\/{rel}","templated":true}]}}