{"id":31849,"date":"2019-10-24T09:57:59","date_gmt":"2019-10-24T09:57:59","guid":{"rendered":"https:\/\/www-ealixir-com-due-hosting.sq.biz\/work-with-us\/"},"modified":"2024-03-20T16:13:37","modified_gmt":"2024-03-20T16:13:37","slug":"work-with-us","status":"publish","type":"page","link":"https:\/\/www.ealixir.com\/de\/work-with-us\/","title":{"rendered":"Kommen Sie und arbeiten Sie mit uns bei Ealixir"},"content":{"rendered":"<p>Werden Sie Teil unseres TeamsEalixir w\u00e4chst st\u00e4ndig und ist immer auf der Suche nach neuen Talenten.&nbsp;Stellen Sie Ihre Erfahrungen und F\u00e4higkeiten unter Beweis und werden Sie Teil einer internationalen, technologischen, innovativen und sich st\u00e4ndig weiterentwickelnden Revolution.&nbsp;Finden Sie Ihren Traumjob unter unseren Stellenangeboten und bewerben Sie sich initiativ.\t\t\t\t\t\t\t\t\t\t\t\t\t<\/p>\n<p><!--Name and surname--><\/p>\n<p><!--E-mail--><\/p>\n<p><!--Role--><br \/>\n&#8212;Sales Manager USASales Manager EuropaSales LATAM<br \/>\n<!--Area--><br \/>\n&#8212;<br \/>\n<!--Message--><br \/>\nPrivacy policy*<br \/>\nI declare that i have read the <a href=\"\/privacy-policy\">privacy policy<\/a> and I authorize the treatment of my personal data for service prevision purposes and for the ful\ufb01lment of contractual and legal obligations<br \/>\nI authorizeI do not authorize the treatment of my personal data for the transmission of informative or promotional communications via e-mail, newsletters, invitations to events from Ealixir.<\/p>\n","protected":false},"excerpt":{"rendered":"<p class=\"excerpt\">Werden Sie Teil unseres TeamsEalixir w\u00e4chst st\u00e4ndig und ist immer auf der Suche nach neuen Talenten.&nbsp;Stellen Sie Ihre Erfahrungen und F\u00e4higkeiten unter Beweis und werden Sie Teil einer internationalen, technologischen, innovativen und sich st\u00e4ndig weiterentwickelnden Revolution.&nbsp;Finden Sie Ihren Traumjob unter unseren Stellenangeboten und bewerben Sie sich initiativ. &#8212;Sales Manager USASales Manager EuropaSales LATAM &#8212; Privacy [&hellip;]<\/p>\n","protected":false},"author":24,"featured_media":0,"parent":0,"menu_order":0,"comment_status":"closed","ping_status":"closed","template":"builder.php","meta":{"footnotes":""},"class_list":["post-31849","page","type-page","status-publish","hentry"],"_links":{"self":[{"href":"https:\/\/www.ealixir.com\/de\/wp-json\/wp\/v2\/pages\/31849","targetHints":{"allow":["GET"]}}],"collection":[{"href":"https:\/\/www.ealixir.com\/de\/wp-json\/wp\/v2\/pages"}],"about":[{"href":"https:\/\/www.ealixir.com\/de\/wp-json\/wp\/v2\/types\/page"}],"author":[{"embeddable":true,"href":"https:\/\/www.ealixir.com\/de\/wp-json\/wp\/v2\/users\/24"}],"replies":[{"embeddable":true,"href":"https:\/\/www.ealixir.com\/de\/wp-json\/wp\/v2\/comments?post=31849"}],"version-history":[{"count":36,"href":"https:\/\/www.ealixir.com\/de\/wp-json\/wp\/v2\/pages\/31849\/revisions"}],"predecessor-version":[{"id":46309,"href":"https:\/\/www.ealixir.com\/de\/wp-json\/wp\/v2\/pages\/31849\/revisions\/46309"}],"wp:attachment":[{"href":"https:\/\/www.ealixir.com\/de\/wp-json\/wp\/v2\/media?parent=31849"}],"curies":[{"name":"wp","href":"https:\/\/api.w.org\/{rel}","templated":true}]}}