{"id":31840,"date":"2019-11-19T15:00:35","date_gmt":"2019-11-19T15:00:35","guid":{"rendered":"https:\/\/www-ealixir-com-due-hosting.sq.biz\/faq\/"},"modified":"2024-03-20T18:31:56","modified_gmt":"2024-03-20T18:31:56","slug":"faq","status":"publish","type":"page","link":"https:\/\/www.ealixir.com\/de\/faq\/","title":{"rendered":"FAQ&#8217;s &#8211; Das Recht, vergessen zu werden und gel\u00f6schte Inhalte von Suchmaschinen zu entfernen"},"content":{"rendered":"<p>Wie k\u00f6nnen wir Ihnen helfen?Here finden Sie alle wichtigen Antworten auf Ihre Fragen\t\t\t\t\t\t\t\t\t\t\t\t\t<\/p>\n<p>&lt;div class=&quot;ealixir-faq-item ealixir-js-faq-item&quot; ealixir-q=&quot;Warum Ealixir?&quot; ealixir-a=&quot;Ealixir wurde gegr\u00fcndet, um ein aktuelles Bed\u00fcrfnis zu sch\u00fctzen: das Recht auf Vergessenwerden im Internet.Das Recht auf Vergessenwerden im Internet ist das Recht der Person oder des Unternehmens, nicht dauerhaft alten, irrelevanten, sch\u00e4dlichen oder einfach falschen Informationen im Internet \u00fcber ihre Person oder ihr Unternehmen ausgesetzt zu sein. Im Internet k\u00f6nnen Informationen, Artikel und Websites, anders als in Printmedien, auf unbestimmte Zeit sichtbar und \u00fcber Suchmaschinen, soziale Netzwerke oder Websites Dritter zug\u00e4nglich bleiben. Ealixir wendet sich an alle, die im Internet an den medialen Pranger gestellt werden oder sich nicht unendlich lange in Ver\u00f6ffentlichungen von Dritten exponieren wollen. Daher bietet Ealixir einen Service zum Schutz des Rechts auf Vergessenwerden im Internet an.&#8221;&gt;01Warum Ealixir?&lt;div class=&quot;ealixir-faq-item ealixir-js-faq-item&quot; ealixir-q=&quot;Hinweise zum Recht auf Vergessenwerden.&quot; ealixir-a=&quot;Das Recht auf Vergessenwerden ist ein absolutes Novum im europ\u00e4ischen Gesetzespanorama, das aufgrund der technologischen Entwicklung des Internets und der unendlichen Vielfalt mobiler Ger\u00e4te zur massiven Online-Speicherung von Informationen entsteht, insbesondere der Digitalisierung von pers\u00f6nlichen Informationen und der M\u00f6glichkeit, diese mit absoluter Einfachheit und in Echtzeit abzurufen, insbesondere durch Suchmaschinen wie &quot;Google&quot;.Das Recht auf Vergessenwerden im Internet geht \u00fcber den Schutz der Privatsph\u00e4re hinaus und entstand als Ergebnis der doktrin\u00e4ren und rechtswissenschaftlichen Ausarbeitungen des europ\u00e4ischen Gesetzgebers angesichts der neuen Herausforderungen, die das Internet f\u00fcr die Menschen darstellt. Der erste wegweisende Schritt auf diesem Weg war das Urteil des Gerichtshofs der Europ\u00e4ischen Union in der Rechtssache C-131\/12 vom 13. Mai 2014, Google Spain vs. Spanische Datenschutzbeh\u00f6rde, die im Wesentlichen entschieden hat, dass eine Suchmaschine (Typ: Google) verantwortlich ist f\u00fcr die Verarbeitung der personenbezogenen Daten, die auf ihren Websites erscheinen, auch wenn der Inhalt der Informationen im Besitz von Dritten ist.Nach diesem Urteil des EuGH und der k\u00fcrzlich erlassenen EU-Verordnung 2016\/679 des Europ\u00e4ischen Parlaments und des Rates vom 27. April 2016 zum Schutz personenbezogener Daten wurde das Recht auf Vergessenwerden in die Artikel aufgenommen, insbesondere in Art. 17, der besagt, dass die betroffene Person das Recht hat, die L\u00f6schung der sie betreffenden digitalen personenbezogenen Daten im Internet von jedem Online-Medium, sozialen Netzwerk oder jeder Website zu verlangen.Es ist offensichtlich, dass die erforderliche Zeitspanne von Fall zu Fall variiert, abh\u00e4ngig von den subjektiven Anforderungen (wer ist der Betroffene, z. B. ist er eine Person des \u00f6ffentlichen Lebens, ist er ein Politiker usw.) und den objektiven Anforderungen (was hat er getan? Kann die Ver\u00f6ffentlichung der Nachrichten f\u00fcr die Gemeinschaft n\u00fctzlich sein?)&#8221;&gt;02Hinweise zum Recht auf Vergessenwerden.&lt;div class=&quot;ealixir-faq-item ealixir-js-faq-item&quot; ealixir-q=&quot;Wie funktioniert Ealixir?&quot; ealixir-a=&quot;Die von Ealixir angebotenen Dienste sollen verhindern, dass unerw\u00fcnschte Inhalte (und die damit verbundenen personenbezogenen Daten) im Internet sichtbar werden. Je nach Fall wird dies auf eine der folgenden Arten geschehen:\u2022 Entfernen der unerw\u00fcnschten Website: Es handelt sich um eine Dienstleistung, die die L\u00f6schung der unerw\u00fcnschten Seite beinhaltet, wenn die Bedingungen f\u00fcr die Inanspruchnahme des Rechts auf Vergessenwerden gegeben sind.\u2022 Bearbeitung von pers\u00f6nlichen Daten auf der unerw\u00fcnschten Website: Es handelt sich um eine Dienstleistung, die darin besteht, pers\u00f6nliche Daten zu korrigieren oder den Namen der Person durch ihre Initialen zu ersetzen, so dass sie bei der Suche nach ihren pers\u00f6nlichen Daten auf Google nicht mehr erscheint.\u2022 De-Indizierung von unerw\u00fcnschten Websites: Es ist die vom Gerichtshof der Europ\u00e4ischen Union vorgeschlagene L\u00f6sung, personenbezogene Daten im Internet mit Hilfe von Computertechniken zu l\u00f6schen. Dies bedeutet, dass Sie von den ersten Positionen in der Google-Suchmaschine, ab der zehnten Seite, verschwinden, so dass Sie bei der Abfrage Ihres Vor+Nachnamens nicht mehr sichtbar sind.&#8221;&gt;03Wie funktioniert Ealixir?&lt;div class=&quot;ealixir-faq-item ealixir-js-faq-item&quot; ealixir-q=&quot;Was unterscheidet die von Ealixir angebotenen Dienstleistungen von denjenigen anderer Unternehmen?&quot; ealixir-a=&quot;Ealixir ist das erste Unternehmen, das diesen Service anbietet, und ist nun der f\u00fchrende Anbieter, der weltweit operiert. Diese Behauptung auf dem Markt ist aufgrund der \u00fcber die Jahre gesammelten Erfahrungen ein entscheidender Faktor: Ealixir ist der einzige Anbieter, der den Service garantieren kann und der einzige, der mit der Formel &quot;zufrieden oder zur\u00fcckerstattet&quot; arbeitet. Ealixir hat bis heute mehr als 5.000 Kunden bedient, sowohl Privat- als auch Firmenkunden mit einem Anteil von 99% zufriedener Kunden.&#8221;&gt;04Was unterscheidet die von Ealixir angebotenen Dienstleistungen von denjenigen anderer Unternehmen?&lt;div class=&quot;ealixir-faq-item ealixir-js-faq-item&quot; ealixir-q=&quot;Wer kann die Dienstleistungen von Ealixir nutzen?&quot; ealixir-a=&quot;Alle Personen, ob Privatperson oder Unternehmen, die Inhalte im Web entfernen m\u00f6chte.Lesen Sie unseren Verhaltenskodex, an den sich die gesamte Ealixir Gruppe h\u00e4lt <a href='https:\/\/www.ealixir.com\/wp-content\/uploads\/2021\/02\/Ealixir-Code-of-Conduct-and-Ethics-ES.pdf'>https:\/\/www.ealixir.com\/wp-content\/uploads\/2021\/02\/Ealixir-Code-of-Conduct-and-Ethics-ES.pdf<\/a>&#8220;&gt;05Wer kann die Dienstleistungen von Ealixir nutzen?&lt;div class=&quot;ealixir-faq-item ealixir-js-faq-item&quot; ealixir-q=&quot;Wie lange dauert die Entfernung von unerw\u00fcnschten Inhalten?&quot; ealixir-a=&quot;Es h\u00e4ngt vom jeweiligen Fall, der Anzahl der Links und der Seite, auf der sie ver\u00f6ffentlicht werden, ab, im Allgemeinen zwischen 1 und 9 Monaten.F\u00fcr weitere Informationen kontaktieren Sie uns bitte:<a href='https:\/\/www.ealixir.com\/es\/contactar\/'>https:\/\/www.ealixir.com\/es\/contactar\/<\/a>&#8220;&gt;06Wie lange dauert die Entfernung von unerw\u00fcnschten Inhalten?&lt;div class=&quot;ealixir-faq-item ealixir-js-faq-item&quot; ealixir-q=&quot;Wie lange dauert es von der Ver\u00f6ffentlichung des Artikels bis zur Beauftragung Ihrer Leistungen?&quot; ealixir-a=&quot;Die Zeit, die zwischen der Ver\u00f6ffentlichung unerw\u00fcnschter Inhalte und dem Beginn des Arbeitsprozesses vergehen muss, h\u00e4ngt vom jeweiligen Fall ab.F\u00fcr weitere Informationen kontaktieren Sie uns bitte:<a href='https:\/\/www.ealixir.com\/es\/contactar\/'>https:\/\/www.ealixir.com\/es\/contactar\/<\/a>Oder senden Sie uns eine Nachricht:<a href='https:\/\/www.ealixir.com\/es\/quienes-somos\/'>https:\/\/www.ealixir.com\/es\/quienes-somos\/<\/a>&#8220;&gt;07Wie lange dauert es von der Ver\u00f6ffentlichung des Artikels bis zur Beauftragung Ihrer Leistungen?&lt;div class=&quot;ealixir-faq-item ealixir-js-faq-item&quot; ealixir-q=&quot;Wie viel kostet diese Dienstleistung?&quot; ealixir-a=&quot;Das ist von Fall zu Fall unterschiedlich und h\u00e4ngt von der Anzahl der Links und der Seite, auf der sie ver\u00f6ffentlicht werden, ab. Der Referenzwert kann zwischen 1000 und 2000 Euro pro Link liegen.Wenn Sie ein kostenloses Angebot erhalten m\u00f6chten, z\u00f6gern Sie nicht, uns zu kontaktieren <a href='https:\/\/www.ealixir.com\/es\/contactar\/'>https:\/\/www.ealixir.com\/es\/contactar\/<\/a>&#8220;&gt;08Wie viel kostet diese Dienstleistung?&lt;div class=&quot;ealixir-faq-item ealixir-js-faq-item&quot; ealixir-q=&quot;Ist der gel\u00f6schte Inhalt in keiner Weise mehr sichtbar?&quot; ealixir-a=&quot;Im Falle des L\u00f6schens der unerw\u00fcnschten Webseite verschwindet diese f\u00fcr immer und ist mit keiner der verwendeten Suchmaschinen mehr zug\u00e4nglich.Im Falle der Bearbeitung der pers\u00f6nlichen Daten bleibt die Webseite bestehen, wird aber so ver\u00e4ndert, dass bei der Suche mit einer der Suchmaschinen und auch beim \u00d6ffnen der Website, die die Informationen ver\u00f6ffentlicht hat, der Name des Kunden nicht mehr erscheint. Bei der \u00c4nderung wird die Webseite bei Suchen mit dem Namen des Kunden nicht mehr angezeigt.Im Falle einer De-Indizierung erschwert die Suchmaschine den Zugriff auf die Website in dem Land, das der Kunde bei Vertragsabschluss ausgew\u00e4hlt hat (z.B. Google Italien, Google Schweiz, etc.).&#8221;&gt;09Ist der gel\u00f6schte Inhalt in keiner Weise mehr sichtbar?&lt;div class=&quot;ealixir-faq-item ealixir-js-faq-item&quot; ealixir-q=&quot;Was passiert, wenn ich mit einer anderen Suchmaschine als Google nach Nachrichten suche?&quot; ealixir-a=&quot;Im Falle einer L\u00f6schung oder \u00c4nderung ist der Inhalt bei keiner Internet-Suchmaschine mehr sichtbar. Im Falle einer De-Indizierung verschwindet der Inhalt von den ersten Seiten der beauftragten Suchmaschinen.&#8221;&gt;10Was passiert, wenn ich mit einer anderen Suchmaschine als Google nach Nachrichten suche?&lt;div class=&quot;ealixir-faq-item ealixir-js-faq-item&quot; ealixir-q=&quot;Wenn es nicht funktioniert oder ich nicht zufrieden bin, kann ich dann eine R\u00fcckerstattung erhalten?&quot; ealixir-a=&quot;Wir sind das einzige Unternehmen in der Branche, das eine 100%ige R\u00fcckerstattung garantiert. Bedenken Sie jedoch, dass 99 % der Kunden von Ealixir zufrieden sind.&#8221;&gt;11Wenn es nicht funktioniert oder ich nicht zufrieden bin, kann ich dann eine R\u00fcckerstattung erhalten?&lt;div class=&quot;ealixir-faq-item ealixir-js-faq-item&quot; ealixir-q=&quot;Ist es m\u00f6glich, beliebige Informationen im Internet zu l\u00f6schen, zum Beispiel auch aus sozialen Netzwerken?&quot; ealixir-a=&quot;Ja, nat\u00fcrlich. Dies sollte jedoch von Fall zu Fall gepr\u00fcft werden. Z\u00f6gern Sie nicht, uns f\u00fcr weitere Informationen zu kontaktieren, und wir werden uns innerhalb von maximal 48h bei Ihnen melden:Per E-Mail:<a href='https:\/\/www.ealixir.com\/es\/contactar\/'>https:\/\/www.ealixir.com\/es\/contactar\/<\/a>Oder senden Sie uns eine Nachricht:<a href='https:\/\/www.ealixir.com\/es\/quienes-somos\/'>https:\/\/www.ealixir.com\/es\/quienes-somos\/<\/a>&#8220;&gt;12Ist es m\u00f6glich, beliebige Informationen im Internet zu l\u00f6schen, zum Beispiel auch aus sozialen Netzwerken?<!-- Plugin CSS --><\/p>\n<p><!-- Plugin JS --><\/p>\n","protected":false},"excerpt":{"rendered":"<p class=\"excerpt\">Wie k\u00f6nnen wir Ihnen helfen?Here finden Sie alle wichtigen Antworten auf Ihre Fragen &lt;div class=&quot;ealixir-faq-item ealixir-js-faq-item&quot; ealixir-q=&quot;Warum Ealixir?&quot; ealixir-a=&quot;Ealixir wurde gegr\u00fcndet, um ein aktuelles Bed\u00fcrfnis zu sch\u00fctzen: das Recht auf Vergessenwerden im Internet.Das Recht auf Vergessenwerden im Internet ist das Recht der Person oder des Unternehmens, nicht dauerhaft alten, irrelevanten, sch\u00e4dlichen oder einfach falschen Informationen [&hellip;]<\/p>\n","protected":false},"author":24,"featured_media":0,"parent":0,"menu_order":0,"comment_status":"closed","ping_status":"closed","template":"builder.php","meta":{"footnotes":""},"class_list":["post-31840","page","type-page","status-publish","hentry"],"_links":{"self":[{"href":"https:\/\/www.ealixir.com\/de\/wp-json\/wp\/v2\/pages\/31840","targetHints":{"allow":["GET"]}}],"collection":[{"href":"https:\/\/www.ealixir.com\/de\/wp-json\/wp\/v2\/pages"}],"about":[{"href":"https:\/\/www.ealixir.com\/de\/wp-json\/wp\/v2\/types\/page"}],"author":[{"embeddable":true,"href":"https:\/\/www.ealixir.com\/de\/wp-json\/wp\/v2\/users\/24"}],"replies":[{"embeddable":true,"href":"https:\/\/www.ealixir.com\/de\/wp-json\/wp\/v2\/comments?post=31840"}],"version-history":[{"count":10,"href":"https:\/\/www.ealixir.com\/de\/wp-json\/wp\/v2\/pages\/31840\/revisions"}],"predecessor-version":[{"id":44758,"href":"https:\/\/www.ealixir.com\/de\/wp-json\/wp\/v2\/pages\/31840\/revisions\/44758"}],"wp:attachment":[{"href":"https:\/\/www.ealixir.com\/de\/wp-json\/wp\/v2\/media?parent=31840"}],"curies":[{"name":"wp","href":"https:\/\/api.w.org\/{rel}","templated":true}]}}