{"id":18280,"date":"2019-08-30T10:47:56","date_gmt":"2019-08-30T10:47:56","guid":{"rendered":"http:\/\/www.ealixir.com.due-hosting.sq.biz\/story\/"},"modified":"2024-03-18T13:42:48","modified_gmt":"2024-03-18T13:42:48","slug":"story","status":"publish","type":"page","link":"https:\/\/www.ealixir.com\/de\/story\/","title":{"rendered":"Story"},"content":{"rendered":"<p><img decoding=\"async\" src=\"https:\/\/www.ealixir.com\/wp-content\/uploads\/2019\/08\/story_white.svg\" height=\"118\" width=\"326.64\" \/>\t\t\t\t<\/p>\n<p>SCHREIBEN SIE IHRE DIGITALE GESCHICHTE MIT UNS NEU<br \/>\n\t\t\t\t\t\t\t\t\t\t\t\t\t\t\t\t\t\t\t\t\t\t\t\t\t\t\t\t\t\t\t\t\t\t\t\t\tWir gestalten Ihre Online-Reputation<\/p>\n<p><!-- \/row --><\/p>\n<p>UNSERE VORGEHENSWEISEMit Ealixir Story bieten wir unseren Kunden einen einzigartigen Service an: Wir lassen Artikel und Beitr\u00e4ge \u00fcber unsere Kunden schreiben und garantieren deren Ver\u00f6ffentlichung in Zeitungen aus mehr als 30 L\u00e4ndern.&nbsp;Wir arbeiten weltweit mit mehr als 500 Journalisten zusammen und k\u00f6nnen Inhalte in 1.200 internationalen Zeitschriften ver\u00f6ffentlichen lassen. Dank diesem weitreichenden Netzwerk k\u00f6nnen wir ma\u00dfgeschneiderte Redaktionspl\u00e4ne entwickeln und vereinbarte Inhalte fristgerecht in renommierten, internationalen Medien ver\u00f6ffentlichen.&nbsp;Im Mittelpunkt der \u201eStory\u201c, die \u00fcber mehrere Artikel hinweg erz\u00e4hlt wird, stehen Sie und Ihr Unternehmen. Dank der Qualit\u00e4t und Quantit\u00e4t der positiven Inhalte und der Reputation der Medien, in denen die \u201eStory\u201c ver\u00f6ffentlicht wurde, ergibt sich f\u00fcr unsere Kunden eine hohe und glaubw\u00fcrdige Online-Reputation.\t\t\t\t\t\t\t\t\t\t\t\t\t<\/p>\n<p>Wir sammeln die notwendigen Informationen, um Ziele und Strategien mit Ihnen zu definieren sowie einen ma\u00dfgeschneiderten Redaktionsplan zu entwickeln.<\/p>\n<p>Wir finden heraus, welche Themen Ihre \u201eStory\u201c \u00fcberzeugend machen. Dabei fangen wir mit einem Interview an, welches den Kern der \u201eStory\u201c bildet, die sich \u00fcber den festgelegten Zeitraum der Ver\u00f6ffentlichung entfaltet.<\/p>\n<p>Wir beurteilen die Verbesserung Ihrer Online-Reputation mit dem Web-Monitoring unseres WEBiD-Dienstes.<\/p>\n<p><!-- \/row --><\/p>\n<p><a href=\"https:\/\/www.ealixir.com\/contacts\/\"><br \/>\n\t\t\t\t\t\t\t\t\t\t\t\t\t\t\t\t\t\t\t\t\t\t\t\t\t\t\t\t\tKontaktieren Sie uns f\u00fcr ein Angebot\t\t\t\t\t\t\t\t\t\t\t\t\t\t\t\t\t\t\t\t\t\t\t\t\t\t\t\t\t<\/a><\/p>\n<p>Kontaktieren Sie uns, um zus\u00e4tzliche Informationen zu einem Service oder einem benutzerdefinierten Angebot zu erhalten.<br \/>\n\t\t\t\t\t\t\t\t\t\t\t\t\t\t\t\t\t\t\t\t\t\t\t\t\t\t\t\t\t\t\t\t\t\t\t\t\t<a href=\"https:\/\/www.ealixir.com\/contacts\/\"><br \/>\n\t\t\t\t\t\t\t\t\t\t\t\t\t\tKONTAKTIERE UNS\t\t\t\t\t\t\t\t\t\t\t\t\t<\/a><\/p>\n<p><!-- \/row --><\/p>\n<p>Sonstige Dienstleistungen\t\t\t\t\t\t\t\t<\/p>\n<p><a href=\"https:\/\/www.ealixir.com\/removal\/\"><br \/>\n\t\t\t\t\t\t\t\t\t\t\t\t\t\t\t\t\t\t\t\t\t\t\t\t\t<img decoding=\"async\" src=\"https:\/\/www.ealixir.com\/wp-content\/uploads\/2019\/08\/removal_gradient.svg\" height=\"118\" width=\"326.64\" \/>\t\t\t\t\t\t\t\t\t\t\t\t\t\t\t\t\t\t\t\t\t\t\t\t\t<\/a><\/p>\n<p>Der weltweite F\u00fchrer bei der L\u00f6schung von sch\u00e4dlichen Links<\/p>\n<p><a href=\"https:\/\/www.ealixir.com\/newsdelete\/\"><br \/>\n\t\t\t\t\t\t\t\t\t\t\t\t\t\t\t\t\t\t\t\t\t\t\t\t\t<img decoding=\"async\" src=\"https:\/\/www.ealixir.com\/wp-content\/uploads\/2019\/08\/newsdelete_gradient.svg\" height=\"118\" width=\"326.64\" \/>\t\t\t\t\t\t\t\t\t\t\t\t\t\t\t\t\t\t\t\t\t\t\t\t\t<\/a><\/p>\n<p>Jeder hat das Recht auf eine zweite Chance<\/p>\n<p><a href=\"https:\/\/www.ealixir.com\/webid\/\"><br \/>\n\t\t\t\t\t\t\t\t\t\t\t\t\t\t\t\t\t\t\t\t\t\t\t\t\t<img decoding=\"async\" src=\"https:\/\/www.ealixir.com\/wp-content\/uploads\/2019\/08\/webid_gradient.svg\" height=\"118\" width=\"326.64\" \/>\t\t\t\t\t\t\t\t\t\t\t\t\t\t\t\t\t\t\t\t\t\t\t\t\t<\/a><\/p>\n<p>Wir \u00fcberpr\u00fcfen Ihr Online Ansehen<\/p>\n<p><a href=\"https:\/\/www.ealixir.com\/analytics\/\"><br \/>\n\t\t\t\t\t\t\t\t\t\t\t\t\t\t\t\t\t\t\t\t\t\t\t\t\t<img decoding=\"async\" src=\"https:\/\/www.ealixir.com\/wp-content\/uploads\/2021\/07\/analytics-gradient-1.svg\" height=\"118\" width=\"326.64\" \/>\t\t\t\t\t\t\t\t\t\t\t\t\t\t\t\t\t\t\t\t\t\t\t\t\t<\/a><\/p>\n<p>Wir entwickeln f\u00fcr Sie die wirksamste Kommunikations- oder Gesch\u00e4ftsstrategie<\/p>\n<p><a href=\"https:\/\/www.ealixir.com\/event-launch\/\"><br \/>\n\t\t\t\t\t\t\t\t\t\t\t\t\t\t\t\t\t\t\t\t\t\t\t\t\t<img decoding=\"async\" src=\"https:\/\/www.ealixir.com\/wp-content\/uploads\/2021\/09\/events_gradient.svg\" height=\"118\" width=\"326.64\" \/>\t\t\t\t\t\t\t\t\t\t\t\t\t\t\t\t\t\t\t\t\t\t\t\t\t<\/a><\/p>\n<p>Wir f\u00f6rdern Ihre Events weltweit<\/p>\n<p><!-- \/row --><\/p>\n","protected":false},"excerpt":{"rendered":"<p class=\"excerpt\">SCHREIBEN SIE IHRE DIGITALE GESCHICHTE MIT UNS NEU Wir gestalten Ihre Online-Reputation UNSERE VORGEHENSWEISEMit Ealixir Story bieten wir unseren Kunden einen einzigartigen Service an: Wir lassen Artikel und Beitr\u00e4ge \u00fcber unsere Kunden schreiben und garantieren deren Ver\u00f6ffentlichung in Zeitungen aus mehr als 30 L\u00e4ndern.&nbsp;Wir arbeiten weltweit mit mehr als 500 Journalisten zusammen und k\u00f6nnen Inhalte [&hellip;]<\/p>\n","protected":false},"author":24,"featured_media":0,"parent":0,"menu_order":0,"comment_status":"closed","ping_status":"closed","template":"builder.php","meta":{"footnotes":""},"class_list":["post-18280","page","type-page","status-publish","hentry"],"_links":{"self":[{"href":"https:\/\/www.ealixir.com\/de\/wp-json\/wp\/v2\/pages\/18280","targetHints":{"allow":["GET"]}}],"collection":[{"href":"https:\/\/www.ealixir.com\/de\/wp-json\/wp\/v2\/pages"}],"about":[{"href":"https:\/\/www.ealixir.com\/de\/wp-json\/wp\/v2\/types\/page"}],"author":[{"embeddable":true,"href":"https:\/\/www.ealixir.com\/de\/wp-json\/wp\/v2\/users\/24"}],"replies":[{"embeddable":true,"href":"https:\/\/www.ealixir.com\/de\/wp-json\/wp\/v2\/comments?post=18280"}],"version-history":[{"count":276,"href":"https:\/\/www.ealixir.com\/de\/wp-json\/wp\/v2\/pages\/18280\/revisions"}],"predecessor-version":[{"id":53866,"href":"https:\/\/www.ealixir.com\/de\/wp-json\/wp\/v2\/pages\/18280\/revisions\/53866"}],"wp:attachment":[{"href":"https:\/\/www.ealixir.com\/de\/wp-json\/wp\/v2\/media?parent=18280"}],"curies":[{"name":"wp","href":"https:\/\/api.w.org\/{rel}","templated":true}]}}