{"id":18100,"date":"2019-08-30T10:47:47","date_gmt":"2019-08-30T10:47:47","guid":{"rendered":"http:\/\/www.ealixir.com.due-hosting.sq.biz\/webid\/"},"modified":"2024-02-16T16:15:19","modified_gmt":"2024-02-16T16:15:19","slug":"webid","status":"publish","type":"page","link":"https:\/\/www.ealixir.com\/de\/webid\/","title":{"rendered":"Web iD &#8211; Ihre analysierte digitale Online-Bildidentit\u00e4t"},"content":{"rendered":"<p><img decoding=\"async\" src=\"https:\/\/www.ealixir.com\/wp-content\/uploads\/2019\/08\/webid_white.svg\" height=\"118\" width=\"326.64\" \/>\t\t\t\t<\/p>\n<p>WIR \u00dcBERPR\u00dcFEN IHRE ONLINE-REPUTATION<br \/>\n\t\t\t\t\t\t\t\t\t\t\t\t\t\t\t\t\t\t\t\t\t\t\t\t\t\t\t\t\t\t\t\t\t\t\t\t\tWir analysieren Ihre digitale Identit\u00e4t<\/p>\n<p><!-- \/row --><\/p>\n<p>WAS WIR TUNMit WEBiD erstellen wir detaillierte Berichte \u00fcber im Netz kursierende Inhalte und Diskussionen, die Einzelpersonen, Firmen oder Unternehmen betreffen.&nbsp;Die von WEBiD durchgef\u00fchrte Analyse erlaubt den aktuellen Stand der digitalen Reputation zu beurteilen&nbsp;Somit kann ermittelt werden, wie die Positionierung unseres Kunden verbessert oder beeinflusst werden kannDank unserer Web-Diskussionsplattform k\u00f6nnen wir Inhalte und Gespr\u00e4che auf mehr als 90 Millionen Medien verfolgen. So sehen und zeigen wir die Zusammenh\u00e4nge von kritischen Themen und k\u00f6nnen die beste Strategie f\u00fcr die Modellierung der Online-Reputation ausarbeiten.\t\t\t\t\t\t\t\t\t\t\t\t\t<\/p>\n<p>Wir identifizieren Informationen, die \u00fcber Sie in Suchmaschinen zu finden sind, sowohl in der Kategorie \u201eNews\u201c als auch unter \u201eBilder\u201c.<\/p>\n<p>Wir analysieren die Ergebnisse und die dazu verwendeten Suchbegriffe. Zudem identifizieren und untersuchen wir die Hauptthemen, die sich auf Ihre Online-Reputation beziehen.<\/p>\n<p>Wir f\u00fchren eine Stimmungsanalyse durch und leiten aus der Tonalit\u00e4t der Gespr\u00e4che die (positive, negative oder neutrale) Wahrnehmung Ihrer Online-Reputation ab.<\/p>\n<p>Wir identifizieren die Inhalte, die sich negativ auf Ihre Reputation auswirken und entsprechend aus dem Web gel\u00f6scht werden sollten.<\/p>\n<p>Wir lokalisieren sch\u00e4dliche Online-Gespr\u00e4che und pr\u00fcfen die demografische Zusammensetzung der Beteiligten.<\/p>\n<p>Wir erstellen einen ma\u00dfgeschneiderten Bericht \u00fcber Ihre digitale Identit\u00e4t.<\/p>\n<p><!-- \/row --><\/p>\n<p><a href=\"https:\/\/www.ealixir.com\/contacts\/\"><br \/>\n\t\t\t\t\t\t\t\t\t\t\t\t\t\t\t\t\t\t\t\t\t\t\t\t\t\t\t\t\tKontaktieren Sie uns f\u00fcr ein Angebot\t\t\t\t\t\t\t\t\t\t\t\t\t\t\t\t\t\t\t\t\t\t\t\t\t\t\t\t\t<\/a><\/p>\n<p>Kontaktieren Sie uns, um zus\u00e4tzliche Informationen zu einem Service oder einem benutzerdefinierten Angebot zu erhalten.<br \/>\n\t\t\t\t\t\t\t\t\t\t\t\t\t\t\t\t\t\t\t\t\t\t\t\t\t\t\t\t\t\t\t\t\t\t\t\t\t<a href=\"https:\/\/www.ealixir.com\/contacts\/\"><br \/>\n\t\t\t\t\t\t\t\t\t\t\t\t\t\tKONTAKTIERE UNS\t\t\t\t\t\t\t\t\t\t\t\t\t<\/a><\/p>\n<p><!-- \/row --><\/p>\n<p>Sonstige Dienstleistungen\t\t\t\t\t\t\t\t<\/p>\n<p><a href=\"https:\/\/www.ealixir.com\/removal\/\"><br \/>\n\t\t\t\t\t\t\t\t\t\t\t\t\t\t\t\t\t\t\t\t\t\t\t\t\t<img decoding=\"async\" src=\"https:\/\/www.ealixir.com\/wp-content\/uploads\/2019\/08\/removal_gradient.svg\" height=\"118\" width=\"326.64\" \/>\t\t\t\t\t\t\t\t\t\t\t\t\t\t\t\t\t\t\t\t\t\t\t\t\t<\/a><\/p>\n<p>Der weltweite F\u00fchrer bei der L\u00f6schung von sch\u00e4dlichen Links<\/p>\n<p><a href=\"https:\/\/www.ealixir.com\/newsdelete\/\"><br \/>\n\t\t\t\t\t\t\t\t\t\t\t\t\t\t\t\t\t\t\t\t\t\t\t\t\t<img decoding=\"async\" src=\"https:\/\/www.ealixir.com\/wp-content\/uploads\/2019\/08\/newsdelete_gradient.svg\" height=\"118\" width=\"326.64\" \/>\t\t\t\t\t\t\t\t\t\t\t\t\t\t\t\t\t\t\t\t\t\t\t\t\t<\/a><\/p>\n<p>Jeder hat das Recht auf eine zweite Chance<\/p>\n<p><a href=\"https:\/\/www.ealixir.com\/story\/\"><br \/>\n\t\t\t\t\t\t\t\t\t\t\t\t\t\t\t\t\t\t\t\t\t\t\t\t\t<img decoding=\"async\" src=\"https:\/\/www.ealixir.com\/wp-content\/uploads\/2019\/08\/story_gradient.svg\" height=\"118\" width=\"326.64\" \/>\t\t\t\t\t\t\t\t\t\t\t\t\t\t\t\t\t\t\t\t\t\t\t\t\t<\/a><\/p>\n<p>Schreiben Sie Ihre digitale Geschichte mit uns neu<\/p>\n<p><a href=\"https:\/\/www.ealixir.com\/analytics\/\"><br \/>\n\t\t\t\t\t\t\t\t\t\t\t\t\t\t\t\t\t\t\t\t\t\t\t\t\t<img decoding=\"async\" src=\"https:\/\/www.ealixir.com\/wp-content\/uploads\/2021\/07\/analytics-gradient-1.svg\" height=\"118\" width=\"326.64\" \/>\t\t\t\t\t\t\t\t\t\t\t\t\t\t\t\t\t\t\t\t\t\t\t\t\t<\/a><\/p>\n<p>Wir entwickeln f\u00fcr Sie die wirksamste Kommunikations- oder Gesch\u00e4ftsstrategie<\/p>\n<p><a href=\"https:\/\/www.ealixir.com\/event-launch\/\"><br \/>\n\t\t\t\t\t\t\t\t\t\t\t\t\t\t\t\t\t\t\t\t\t\t\t\t\t<img decoding=\"async\" src=\"https:\/\/www.ealixir.com\/wp-content\/uploads\/2021\/09\/events_gradient.svg\" height=\"118\" width=\"326.64\" \/>\t\t\t\t\t\t\t\t\t\t\t\t\t\t\t\t\t\t\t\t\t\t\t\t\t<\/a><\/p>\n<p>Wir f\u00f6rdern Ihre Events weltweit<\/p>\n<p><!-- \/row --><\/p>\n","protected":false},"excerpt":{"rendered":"<p class=\"excerpt\">WIR \u00dcBERPR\u00dcFEN IHRE ONLINE-REPUTATION Wir analysieren Ihre digitale Identit\u00e4t WAS WIR TUNMit WEBiD erstellen wir detaillierte Berichte \u00fcber im Netz kursierende Inhalte und Diskussionen, die Einzelpersonen, Firmen oder Unternehmen betreffen.&nbsp;Die von WEBiD durchgef\u00fchrte Analyse erlaubt den aktuellen Stand der digitalen Reputation zu beurteilen&nbsp;Somit kann ermittelt werden, wie die Positionierung unseres Kunden verbessert oder beeinflusst werden [&hellip;]<\/p>\n","protected":false},"author":24,"featured_media":0,"parent":0,"menu_order":0,"comment_status":"closed","ping_status":"closed","template":"builder.php","meta":{"footnotes":""},"class_list":["post-18100","page","type-page","status-publish","hentry"],"_links":{"self":[{"href":"https:\/\/www.ealixir.com\/de\/wp-json\/wp\/v2\/pages\/18100","targetHints":{"allow":["GET"]}}],"collection":[{"href":"https:\/\/www.ealixir.com\/de\/wp-json\/wp\/v2\/pages"}],"about":[{"href":"https:\/\/www.ealixir.com\/de\/wp-json\/wp\/v2\/types\/page"}],"author":[{"embeddable":true,"href":"https:\/\/www.ealixir.com\/de\/wp-json\/wp\/v2\/users\/24"}],"replies":[{"embeddable":true,"href":"https:\/\/www.ealixir.com\/de\/wp-json\/wp\/v2\/comments?post=18100"}],"version-history":[{"count":128,"href":"https:\/\/www.ealixir.com\/de\/wp-json\/wp\/v2\/pages\/18100\/revisions"}],"predecessor-version":[{"id":50947,"href":"https:\/\/www.ealixir.com\/de\/wp-json\/wp\/v2\/pages\/18100\/revisions\/50947"}],"wp:attachment":[{"href":"https:\/\/www.ealixir.com\/de\/wp-json\/wp\/v2\/media?parent=18100"}],"curies":[{"name":"wp","href":"https:\/\/api.w.org\/{rel}","templated":true}]}}