{"id":17917,"date":"2019-08-20T14:08:26","date_gmt":"2019-08-20T14:08:26","guid":{"rendered":"http:\/\/www.ealixir.com.due-hosting.sq.biz\/removal\/"},"modified":"2020-02-25T16:15:31","modified_gmt":"2020-02-25T16:15:31","slug":"removal","status":"publish","type":"page","link":"https:\/\/www.ealixir.com\/de\/removal\/","title":{"rendered":"Removal"},"content":{"rendered":"<p><img decoding=\"async\" src=\"https:\/\/www-2020.ealixir.com\/wp-content\/uploads\/2019\/08\/removal_white.svg\" width=\"326.64\" height=\"118\" \/><\/p>\n<p>DER WELTWEITE F\u00dcHRER BEI DER L\u00d6SCHUNG VON SCH\u00c4DLICHEN LINKS<br \/>\nWir geben Ihnen oder Ihrem Unternehmen eine zweite Chance<\/p>\n<p><!-- \/row --><\/p>\n<p>Weltweit f\u00fchrend bei der L\u00f6schung von sch\u00e4dlichen LinksMit Ealixir-Removal sch\u00fctzen wir das Internet-Ansehen von Personen sowie Unternehmen und ber\u00fccksichtigen das Recht auf Vergessen* und den Datenschutz durch die Entfernung sch\u00e4dlicher Nachrichten im Internet. Dank einer innovativen technologischen Plattform k\u00f6nnen die Fachleute von Ealixir unzul\u00e4ssige Informationen, die die Glaubw\u00fcrdigkeit seiner Kunden untergraben, l\u00f6schen. Durch eine genaue Suche identifiziert das Ealixir-Team sch\u00e4dliche Inhalte, analysiert diese und l\u00f6scht sie dann endg\u00fcltig. Mit dem Motto \u201czufrieden oder erstattet\u201d garantiert Ealixir Removal effektive Ergebnisse und die Chance auf einen Neuanfang.\u00a0* In L\u00e4ndern, in denen das Recht auf Vergessen nicht existiert, wenden wir die Datenschutzbestimmungen an.<\/p>\n<p>Recherche<br \/>\nAuf Anfrage suchen wir im Internet die Inhalte, die Sie betreffen<\/p>\n<p>Bericht<br \/>\nWir analysieren und bestimmen zusammen mit Ihnen die Inhalte, die Ihnen schaden.<\/p>\n<p>Identifizierung<br \/>\nWir identifizieren die Websites auf denen die zu entfernenden Inhalte erscheinen.<\/p>\n<p>Entfernung<br \/>\nWir kontaktieren die Verantwortlichen der Links und bitten um eine L\u00f6schung<\/p>\n<p>Echtzeit\u00fcberwachung<br \/>\nMit Ealixis k\u00f6nnen Sie jederzeit den Stand der Bearbeitung berwachen<\/p>\n<p>Endergebnis<br \/>\nSch\u00e4dliche Inhalte f\u00fcr Ihr Ansehen werden dauerhaft gel\u00f6scht<\/p>\n<p><!-- \/row --><\/p>\n<p><a href=\"https:\/\/www-2020.ealixir.com\/contacts\/\"><br \/>\nKontaktieren Sie uns f\u00fcr ein Angebot <\/a><\/p>\n<p>Kontaktieren Sie uns, um zus\u00e4tzliche Informationen zu einem Service oder einem benutzerdefinierten Angebot zu erhalten.<br \/>\n<a href=\"https:\/\/www-2020.ealixir.com\/contacts\/\"><br \/>\nKONTAKTIERE UNS <\/a><\/p>\n<p><!-- \/row --><\/p>\n<p>Sonstige Dienstleistungen<\/p>\n<p><a href=\"https:\/\/www-2020.ealixir.com\/newsdelete\/\"><br \/>\n<img decoding=\"async\" src=\"https:\/\/www-2020.ealixir.com\/wp-content\/uploads\/2019\/08\/newsdelete_gradient.svg\" width=\"326.64\" height=\"118\" \/> <\/a><\/p>\n<p>Jeder hat das Recht auf eine zweite Chance<\/p>\n<p><a href=\"https:\/\/www-2020.ealixir.com\/webid\/\"><br \/>\n<img decoding=\"async\" src=\"https:\/\/www-2020.ealixir.com\/wp-content\/uploads\/2019\/08\/webid_gradient.svg\" width=\"326.64\" height=\"118\" \/> <\/a><\/p>\n<p>Wir \u00fcberpr\u00fcfen Ihr Online Ansehen<\/p>\n<p><a href=\"https:\/\/www-2020.ealixir.com\/story\/\"><br \/>\n<img decoding=\"async\" src=\"https:\/\/www-2020.ealixir.com\/wp-content\/uploads\/2019\/08\/story_gradient.svg\" width=\"326.64\" height=\"118\" \/> <\/a><\/p>\n<p>Schreiben Sie Ihre digitale Geschichte mit uns neu<\/p>\n<p><!-- \/row --><\/p>\n","protected":false},"excerpt":{"rendered":"<p class=\"excerpt\">DER WELTWEITE F\u00dcHRER BEI DER L\u00d6SCHUNG VON SCH\u00c4DLICHEN LINKS Wir geben Ihnen oder Ihrem Unternehmen eine zweite Chance Weltweit f\u00fchrend bei der L\u00f6schung von sch\u00e4dlichen LinksMit Ealixir-Removal sch\u00fctzen wir das Internet-Ansehen von Personen sowie Unternehmen und ber\u00fccksichtigen das Recht auf Vergessen* und den Datenschutz durch die Entfernung sch\u00e4dlicher Nachrichten im Internet. Dank einer innovativen technologischen [&hellip;]<\/p>\n","protected":false},"author":24,"featured_media":0,"parent":0,"menu_order":0,"comment_status":"closed","ping_status":"closed","template":"builder.php","meta":{"footnotes":""},"class_list":["post-17917","page","type-page","status-publish","hentry"],"_links":{"self":[{"href":"https:\/\/www.ealixir.com\/de\/wp-json\/wp\/v2\/pages\/17917","targetHints":{"allow":["GET"]}}],"collection":[{"href":"https:\/\/www.ealixir.com\/de\/wp-json\/wp\/v2\/pages"}],"about":[{"href":"https:\/\/www.ealixir.com\/de\/wp-json\/wp\/v2\/types\/page"}],"author":[{"embeddable":true,"href":"https:\/\/www.ealixir.com\/de\/wp-json\/wp\/v2\/users\/24"}],"replies":[{"embeddable":true,"href":"https:\/\/www.ealixir.com\/de\/wp-json\/wp\/v2\/comments?post=17917"}],"version-history":[{"count":33,"href":"https:\/\/www.ealixir.com\/de\/wp-json\/wp\/v2\/pages\/17917\/revisions"}],"predecessor-version":[{"id":41866,"href":"https:\/\/www.ealixir.com\/de\/wp-json\/wp\/v2\/pages\/17917\/revisions\/41866"}],"wp:attachment":[{"href":"https:\/\/www.ealixir.com\/de\/wp-json\/wp\/v2\/media?parent=17917"}],"curies":[{"name":"wp","href":"https:\/\/api.w.org\/{rel}","templated":true}]}}