{"id":17746,"date":"2019-08-30T10:45:51","date_gmt":"2019-08-30T10:45:51","guid":{"rendered":"http:\/\/www.ealixir.com.due-hosting.sq.biz\/newsdelete\/"},"modified":"2024-02-15T23:59:28","modified_gmt":"2024-02-15T23:59:28","slug":"newsdelete","status":"publish","type":"page","link":"https:\/\/www.ealixir.com\/de\/newsdelete\/","title":{"rendered":"Newsdelete ist weltweit f\u00fchrend bei der L\u00f6sung von Problemen im Zusammenhang mit der Reputation von Online-Finanzunternehmen"},"content":{"rendered":"<p><img decoding=\"async\" src=\"https:\/\/www.ealixir.com\/wp-content\/uploads\/2019\/08\/newsdelete_white.svg\" height=\"118\" width=\"326.64\" \/>\t\t\t\t<\/p>\n<p>JEDER HAT DAS RECHT AUF EINE ZWEITE CHANCE<br \/>\n\t\t\t\t\t\t\t\t\t\t\t\t\t\t\t\t\t\t\t\t\t\t\t\t\t\t\t\t\t\t\t\t\t\t\t\t\tAuch Ihr Unternehmen<\/p>\n<p><!-- \/row --><\/p>\n<p>WIE WIR ARBEITENEalixir Newsdelete ist weltweit Marktf\u00fchrer bei der Probleml\u00f6sung im Bereich finanzielle Reputation.&nbsp;Dank unserer nachgewiesenen Erfahrung auf diesem Gebiet finden wir schnell Inhalte auf Black Lists, in Datenbanken und in Auskunfteien, die \u00fcber die Bonit\u00e4t von Personen, Organisationen und Unternehmen Auskunft geben, und entfernen sch\u00e4dliche Informationen in Suchmaschinen.&nbsp;Unsere Werte leiten uns beim Umsetzen von L\u00f6schungen: die Einhaltung geltender Gesetze, der Respekt gegen\u00fcber unseren Kunden, moralische Integrit\u00e4t, effizientes und effektives Vorgehen sowie ein H\u00f6chstma\u00df an Vertraulichkeit.\t\t\t\t\t\t\t\t\t\t\t\t\t<\/p>\n<p>Wir analysieren Ihre finanzielle Reputation online, identifizieren sch\u00e4dliche Inhalte f\u00fcr Sie oder Ihr Unternehmen und gew\u00e4hrleisten h\u00f6chstm\u00f6gliche Diskretion und Vertraulichkeit.<\/p>\n<p>Wir identifizieren Ihre Daten in den Auskunfteien, die von der \u00d6ffentlichkeit oder Finanzinstituten genutzt werden, filtern vorurteilige Informationen heraus und schlagen geeignete und wirksame L\u00f6sungen vor.<\/p>\n<p>Wir untersuchen das Vorhandensein von Berichten auf Black Lists und in internationalen Datenbanken, die Personen und Unternehmen mit finanziellen Unregelm\u00e4\u00dfigkeiten identifizieren, pr\u00fcfen die Zuverl\u00e4ssigkeit der zugrunde liegenden Quellen und Informationen und veranlassen gegebenenfalls eine L\u00f6schung oder Modifikation der Eintr\u00e4ge \u00fcber Sie oder Ihr Unternehmen.<\/p>\n<p><!-- \/row --><\/p>\n<p><a href=\"https:\/\/www.ealixir.com\/contacts\/\"><br \/>\n\t\t\t\t\t\t\t\t\t\t\t\t\t\t\t\t\t\t\t\t\t\t\t\t\t\t\t\t\tKontaktieren Sie uns f\u00fcr ein Angebot\t\t\t\t\t\t\t\t\t\t\t\t\t\t\t\t\t\t\t\t\t\t\t\t\t\t\t\t\t<\/a><\/p>\n<p>Kontaktieren Sie uns, um zus\u00e4tzliche Informationen zu einem Service oder einem benutzerdefinierten Angebot zu erhalten.<br \/>\n\t\t\t\t\t\t\t\t\t\t\t\t\t\t\t\t\t\t\t\t\t\t\t\t\t\t\t\t\t\t\t\t\t\t\t\t\t<a href=\"https:\/\/www.ealixir.com\/contacts\/\"><br \/>\n\t\t\t\t\t\t\t\t\t\t\t\t\t\tKONTAKTIERE UNS\t\t\t\t\t\t\t\t\t\t\t\t\t<\/a><\/p>\n<p><!-- \/row --><\/p>\n<p>Sonstige Dienstleistungen\t\t\t\t\t\t\t\t<\/p>\n<p><a href=\"https:\/\/www.ealixir.com\/removal\/\"><br \/>\n\t\t\t\t\t\t\t\t\t\t\t\t\t\t\t\t\t\t\t\t\t\t\t\t\t<img decoding=\"async\" src=\"https:\/\/www.ealixir.com\/wp-content\/uploads\/2019\/08\/removal_gradient.svg\" height=\"118\" width=\"326.64\" \/>\t\t\t\t\t\t\t\t\t\t\t\t\t\t\t\t\t\t\t\t\t\t\t\t\t<\/a><\/p>\n<p>Der weltweite F\u00fchrer bei der L\u00f6schung von sch\u00e4dlichen Links<\/p>\n<p><a href=\"https:\/\/www.ealixir.com\/webid\/\"><br \/>\n\t\t\t\t\t\t\t\t\t\t\t\t\t\t\t\t\t\t\t\t\t\t\t\t\t<img decoding=\"async\" src=\"https:\/\/www.ealixir.com\/wp-content\/uploads\/2019\/08\/webid_gradient.svg\" height=\"118\" width=\"326.64\" \/>\t\t\t\t\t\t\t\t\t\t\t\t\t\t\t\t\t\t\t\t\t\t\t\t\t<\/a><\/p>\n<p>Wir \u00fcberpr\u00fcfen Ihr Online Ansehen<\/p>\n<p><a href=\"https:\/\/www.ealixir.com\/story\/\"><br \/>\n\t\t\t\t\t\t\t\t\t\t\t\t\t\t\t\t\t\t\t\t\t\t\t\t\t<img decoding=\"async\" src=\"https:\/\/www.ealixir.com\/wp-content\/uploads\/2019\/08\/story_gradient.svg\" height=\"118\" width=\"326.64\" \/>\t\t\t\t\t\t\t\t\t\t\t\t\t\t\t\t\t\t\t\t\t\t\t\t\t<\/a><\/p>\n<p>Schreiben Sie Ihre digitale Geschichte mit uns neu<\/p>\n<p><a href=\"https:\/\/www.ealixir.com\/analytics\/\"><br \/>\n\t\t\t\t\t\t\t\t\t\t\t\t\t\t\t\t\t\t\t\t\t\t\t\t\t<img decoding=\"async\" src=\"https:\/\/www.ealixir.com\/wp-content\/uploads\/2021\/07\/analytics-gradient-1.svg\" height=\"118\" width=\"326.64\" \/>\t\t\t\t\t\t\t\t\t\t\t\t\t\t\t\t\t\t\t\t\t\t\t\t\t<\/a><\/p>\n<p>Wir entwickeln f\u00fcr Sie die wirksamste Kommunikations- oder Gesch\u00e4ftsstrategie<\/p>\n<p><a href=\"https:\/\/www.ealixir.com\/event-launch\/\"><br \/>\n\t\t\t\t\t\t\t\t\t\t\t\t\t\t\t\t\t\t\t\t\t\t\t\t\t<img decoding=\"async\" src=\"https:\/\/www.ealixir.com\/wp-content\/uploads\/2021\/09\/events_gradient.svg\" height=\"118\" width=\"326.64\" \/>\t\t\t\t\t\t\t\t\t\t\t\t\t\t\t\t\t\t\t\t\t\t\t\t\t<\/a><\/p>\n<p>Wir f\u00f6rdern Ihre Events weltweit<\/p>\n<p><!-- \/row --><\/p>\n","protected":false},"excerpt":{"rendered":"<p class=\"excerpt\">JEDER HAT DAS RECHT AUF EINE ZWEITE CHANCE Auch Ihr Unternehmen WIE WIR ARBEITENEalixir Newsdelete ist weltweit Marktf\u00fchrer bei der Probleml\u00f6sung im Bereich finanzielle Reputation.&nbsp;Dank unserer nachgewiesenen Erfahrung auf diesem Gebiet finden wir schnell Inhalte auf Black Lists, in Datenbanken und in Auskunfteien, die \u00fcber die Bonit\u00e4t von Personen, Organisationen und Unternehmen Auskunft geben, und [&hellip;]<\/p>\n","protected":false},"author":24,"featured_media":0,"parent":0,"menu_order":0,"comment_status":"closed","ping_status":"closed","template":"builder.php","meta":{"footnotes":""},"class_list":["post-17746","page","type-page","status-publish","hentry"],"_links":{"self":[{"href":"https:\/\/www.ealixir.com\/de\/wp-json\/wp\/v2\/pages\/17746","targetHints":{"allow":["GET"]}}],"collection":[{"href":"https:\/\/www.ealixir.com\/de\/wp-json\/wp\/v2\/pages"}],"about":[{"href":"https:\/\/www.ealixir.com\/de\/wp-json\/wp\/v2\/types\/page"}],"author":[{"embeddable":true,"href":"https:\/\/www.ealixir.com\/de\/wp-json\/wp\/v2\/users\/24"}],"replies":[{"embeddable":true,"href":"https:\/\/www.ealixir.com\/de\/wp-json\/wp\/v2\/comments?post=17746"}],"version-history":[{"count":74,"href":"https:\/\/www.ealixir.com\/de\/wp-json\/wp\/v2\/pages\/17746\/revisions"}],"predecessor-version":[{"id":50435,"href":"https:\/\/www.ealixir.com\/de\/wp-json\/wp\/v2\/pages\/17746\/revisions\/50435"}],"wp:attachment":[{"href":"https:\/\/www.ealixir.com\/de\/wp-json\/wp\/v2\/media?parent=17746"}],"curies":[{"name":"wp","href":"https:\/\/api.w.org\/{rel}","templated":true}]}}