{"id":13282,"date":"2019-08-06T08:34:49","date_gmt":"2019-08-06T08:34:49","guid":{"rendered":"http:\/\/www.ealixir.com.due-hosting.sq.biz\/home\/"},"modified":"2022-03-29T09:54:04","modified_gmt":"2022-03-29T09:54:04","slug":"home","status":"publish","type":"page","link":"https:\/\/www.ealixir.com\/de\/","title":{"rendered":"Strafen Sie Links ab und entfernen Sie negative Online-Inhalte"},"content":{"rendered":"<p><!-- Start video bg area --><\/p>\n<p><!-- End video bg area --><\/p>\n<p><!-- End apptech bg video--><\/p>\n<p><!-- Start slider button --><\/p>\n<p>&nbsp;<\/p>\n<p>Watch full video<\/p>\n<p>&nbsp;<\/p>\n<p><!-- End Slider Button --><\/p>\n<p><!-- .container --><br \/>\n<!-- .overlay --><\/p>\n<p><a href=\"#our-services\">\u00a0<\/a><\/p>\n<p>&nbsp;<\/p>\n<p>Unsere Leistungen<br \/>\nEntdecken Sie, was wir tun.<\/p>\n<p><a href=\"https:\/\/www-2020.ealixir.com\/de\/removal\/\"><br \/>\n<img decoding=\"async\" src=\"https:\/\/www-2020.ealixir.com\/wp-content\/uploads\/2019\/08\/removal_gradient.svg\" width=\"326.64\" height=\"118\" \/> <\/a><\/p>\n<p>Der weltweite F\u00fchrer bei der L\u00f6schung von sch\u00e4dlichen Links<\/p>\n<p><a href=\"https:\/\/www-2020.ealixir.com\/de\/newsdelete\/\"><br \/>\n<img decoding=\"async\" src=\"https:\/\/www-2020.ealixir.com\/wp-content\/uploads\/2019\/08\/newsdelete_gradient.svg\" width=\"326.64\" height=\"118\" \/> <\/a><\/p>\n<p>Jeder hat das Recht auf eine zweite Chance<\/p>\n<p><a href=\"https:\/\/www-2020.ealixir.com\/de\/webid\/\"><br \/>\n<img decoding=\"async\" src=\"https:\/\/www-2020.ealixir.com\/wp-content\/uploads\/2019\/08\/webid_gradient.svg\" width=\"326.64\" height=\"118\" \/> <\/a><\/p>\n<p>Wir \u00fcberpr\u00fcfen Ihr Online Ansehen<\/p>\n<p><a href=\"https:\/\/www-2020.ealixir.com\/de\/story\/\"><br \/>\n<img decoding=\"async\" src=\"https:\/\/www-2020.ealixir.com\/wp-content\/uploads\/2019\/08\/story_gradient.svg\" width=\"326.64\" height=\"118\" \/> <\/a><\/p>\n<p>Schreiben Sie Ihre digitale Geschichte mit uns neu<\/p>\n<p><!-- \/row --><\/p>\n<p><a href=\"https:\/\/www-2020.ealixir.com\/de\/contacts\/\"><br \/>\nKontaktieren Sie uns f\u00fcr ein Angebot <\/a><\/p>\n<p>Kontaktieren Sie uns, um zus\u00e4tzliche Informationen zu einem Service oder einem benutzerdefinierten Angebot zu erhalten.<br \/>\n<a href=\"https:\/\/www-2020.ealixir.com\/de\/contacts\/\"><br \/>\nKONTAKTIERE UNS <\/a><\/p>\n<p><!-- \/row --><\/p>\n<p><img decoding=\"async\" src=\"https:\/\/www-2020.ealixir.com\/wp-content\/uploads\/2019\/09\/foundation_gradient.svg\" width=\"283.46\" height=\"283.46\" \/><\/p>\n<p>Ealixir Foundation stellt seine Technologie und sein Team aus hochqualifizierten Fachleuten anonym und kostenlos zur Verf\u00fcgung, um Inhalte, die dem Ruf und dem sozialen Ansehen von Personen ohne wirtschaftlichen Freiraum schaden, aus dem Internet zu entfernen. Die Ealixir Foundation l\u00f6scht kompromittierende Videos oder Bilder (die sogenannten Racheporno-F\u00e4lle), die im Internet vorhanden sind und deren Verbreitung schwerwiegende Unannehmlichkeiten oder schreckliche Folgen, darunter Selbstmord, verursachen k\u00f6nnte. Ealixir befolgt einen strengen Verhaltenskodex.<\/p>\n<p><!-- \/row --><\/p>\n<p><!-- Swiper --><\/p>\n<p><a href=\"https:\/\/www.ealixir.com\/2019\/06\/18\/tik-tok-and-the-dangers-of-cyberbullying-and-child-luring\/\"><img loading=\"lazy\" decoding=\"async\" src=\"https:\/\/www-2020.ealixir.com\/wp-content\/uploads\/2019\/10\/TikTok_Cyberbullying.jpg\" width=\"3071\" height=\"3071\" \/><\/a><a href=\"https:\/\/www.ealixir.com\/2019\/06\/18\/tik-tok-and-the-dangers-of-cyberbullying-and-child-luring\/\">TIK TOK and the dangers of cyberbullying and child luring<\/a>2019\/06\/18<a href=\"https:\/\/www-2020.ealixir.com\/de\/category\/news-de\/\">News<\/a>Unknown to many parents and teachers,\u00a0TIK TOK\u00a0is an app developed in China&#8230;<a href=\"https:\/\/www.ealixir.com\/2019\/06\/18\/tik-tok-and-the-dangers-of-cyberbullying-and-child-luring\/\">Read more.<\/a><a href=\"https:\/\/www.ealixir.com\/2019\/05\/28\/gaming-disorder-officially-recognized-as-disease-by-world-health-organization\/\"><img loading=\"lazy\" decoding=\"async\" src=\"https:\/\/www-2020.ealixir.com\/wp-content\/uploads\/2019\/12\/gaming-girl-kids.jpg\" width=\"768\" height=\"512\" \/><\/a><a href=\"https:\/\/www.ealixir.com\/2019\/05\/28\/gaming-disorder-officially-recognized-as-disease-by-world-health-organization\/\">Gaming disorder officially recognized as disease by World Health Organization<\/a>2019\/05\/28<a href=\"https:\/\/www-2020.ealixir.com\/de\/category\/news-de\/\">News<\/a>The 194 members of the World Health Organization have recognised \u2018gaming disorder\u2019&#8230;<a href=\"https:\/\/www.ealixir.com\/2019\/05\/28\/gaming-disorder-officially-recognized-as-disease-by-world-health-organization\/\">Read more.<\/a><a href=\"https:\/\/www.ealixir.com\/2019\/05\/22\/google-collects-all-the-data-about-our-online-purchases-through-gmail\/\"><img loading=\"lazy\" decoding=\"async\" src=\"https:\/\/www-2020.ealixir.com\/wp-content\/uploads\/2019\/10\/google-purchse.jpg\" width=\"5342\" height=\"3561\" \/><\/a><a href=\"https:\/\/www.ealixir.com\/2019\/05\/22\/google-collects-all-the-data-about-our-online-purchases-through-gmail\/\">Google collects all the data about our online purchases through Gmail<\/a>2019\/05\/22<a href=\"https:\/\/www-2020.ealixir.com\/de\/category\/news-de\/\">News<\/a>Google\u00a0declares that it\u2019s not using this information, but many customer ignored even&#8230;<a href=\"https:\/\/www.ealixir.com\/2019\/05\/22\/google-collects-all-the-data-about-our-online-purchases-through-gmail\/\">Read more.<\/a><a href=\"https:\/\/www.ealixir.com\/2019\/05\/09\/cam-card-arrives-on-the-market-the-first-card-that-allows-to-pay-with-likes\/\"><img loading=\"lazy\" decoding=\"async\" src=\"https:\/\/www-2020.ealixir.com\/wp-content\/uploads\/2019\/10\/cam-919436.jpg\" width=\"5435\" height=\"3898\" \/><\/a><a href=\"https:\/\/www.ealixir.com\/2019\/05\/09\/cam-card-arrives-on-the-market-the-first-card-that-allows-to-pay-with-likes\/\">Cam card arrives on the market: the first card that allows to pay with \u201clikes\u201d<\/a>2019\/05\/09<a href=\"https:\/\/www-2020.ealixir.com\/de\/category\/news-de\/\">News<\/a>Earning money with likes is no longer a dystopic reality as in&#8230;<a href=\"https:\/\/www.ealixir.com\/2019\/05\/09\/cam-card-arrives-on-the-market-the-first-card-that-allows-to-pay-with-likes\/\">Read more.<\/a><br \/>\n<!-- Swiper JS --> <!-- Swiper JS --><\/p>\n<p><!-- \/row --><\/p>\n<p><a href=\"https:\/\/www-2020.ealixir.com\/de\/category\/news-de\/\"><br \/>\nZEIG MEHR <\/a><\/p>\n","protected":false},"excerpt":{"rendered":"<p class=\"excerpt\">&nbsp; Watch full video &nbsp; \u00a0 &nbsp; Unsere Leistungen Entdecken Sie, was wir tun. Der weltweite F\u00fchrer bei der L\u00f6schung von sch\u00e4dlichen Links Jeder hat das Recht auf eine zweite Chance Wir \u00fcberpr\u00fcfen Ihr Online Ansehen Schreiben Sie Ihre digitale Geschichte mit uns neu Kontaktieren Sie uns f\u00fcr ein Angebot Kontaktieren Sie uns, um zus\u00e4tzliche [&hellip;]<\/p>\n","protected":false},"author":24,"featured_media":0,"parent":0,"menu_order":0,"comment_status":"closed","ping_status":"closed","template":"builder.php","meta":{"footnotes":""},"class_list":["post-13282","page","type-page","status-publish","hentry"],"_links":{"self":[{"href":"https:\/\/www.ealixir.com\/de\/wp-json\/wp\/v2\/pages\/13282","targetHints":{"allow":["GET"]}}],"collection":[{"href":"https:\/\/www.ealixir.com\/de\/wp-json\/wp\/v2\/pages"}],"about":[{"href":"https:\/\/www.ealixir.com\/de\/wp-json\/wp\/v2\/types\/page"}],"author":[{"embeddable":true,"href":"https:\/\/www.ealixir.com\/de\/wp-json\/wp\/v2\/users\/24"}],"replies":[{"embeddable":true,"href":"https:\/\/www.ealixir.com\/de\/wp-json\/wp\/v2\/comments?post=13282"}],"version-history":[{"count":88,"href":"https:\/\/www.ealixir.com\/de\/wp-json\/wp\/v2\/pages\/13282\/revisions"}],"predecessor-version":[{"id":46963,"href":"https:\/\/www.ealixir.com\/de\/wp-json\/wp\/v2\/pages\/13282\/revisions\/46963"}],"wp:attachment":[{"href":"https:\/\/www.ealixir.com\/de\/wp-json\/wp\/v2\/media?parent=13282"}],"curies":[{"name":"wp","href":"https:\/\/api.w.org\/{rel}","templated":true}]}}